{"id":9210,"date":"2023-05-19T21:57:11","date_gmt":"2023-05-19T21:57:11","guid":{"rendered":"https:\/\/bemonocromo.com\/int\/?page_id=9210"},"modified":"2024-12-05T21:06:09","modified_gmt":"2024-12-05T21:06:09","slug":"circularity","status":"publish","type":"page","link":"https:\/\/bemonocromo.com\/es\/circularity\/","title":{"rendered":"Circularidad"},"content":{"rendered":"\t\t<div data-elementor-type=\"wp-page\" data-elementor-id=\"9210\" class=\"elementor elementor-9210 elementor-8072\" data-elementor-post-type=\"page\">\n\t\t\t\t\t\t<section class=\"elementor-section elementor-top-section elementor-element elementor-element-d87a0d3 elementor-section-stretched elementor-section-full_width elementor-section-height-default elementor-section-height-default\" data-id=\"d87a0d3\" data-element_type=\"section\" data-settings=\"{&quot;stretch_section&quot;:&quot;section-stretched&quot;,&quot;background_background&quot;:&quot;classic&quot;}\">\n\t\t\t\t\t\t<div class=\"elementor-container elementor-column-gap-no\">\n\t\t\t\t\t<div class=\"elementor-column elementor-col-100 elementor-top-column elementor-element elementor-element-dc11a64\" data-id=\"dc11a64\" data-element_type=\"column\" data-settings=\"{&quot;background_background&quot;:&quot;classic&quot;,&quot;background_motion_fx_motion_fx_scrolling&quot;:&quot;yes&quot;,&quot;background_motion_fx_translateY_effect&quot;:&quot;yes&quot;,&quot;background_motion_fx_devices&quot;:[&quot;desktop&quot;,&quot;tablet&quot;],&quot;background_motion_fx_translateY_speed&quot;:{&quot;unit&quot;:&quot;px&quot;,&quot;size&quot;:4,&quot;sizes&quot;:[]},&quot;background_motion_fx_translateY_affectedRange&quot;:{&quot;unit&quot;:&quot;%&quot;,&quot;size&quot;:&quot;&quot;,&quot;sizes&quot;:{&quot;start&quot;:0,&quot;end&quot;:100}}}\">\n\t\t\t<div class=\"elementor-widget-wrap elementor-element-populated\">\n\t\t\t\t\t<div class=\"elementor-background-overlay\"><\/div>\n\t\t\t\t\t\t<section class=\"elementor-section elementor-inner-section elementor-element elementor-element-3f92760 elementor-section-boxed elementor-section-height-default elementor-section-height-default\" data-id=\"3f92760\" data-element_type=\"section\">\n\t\t\t\t\t\t<div class=\"elementor-container elementor-column-gap-default\">\n\t\t\t\t\t<div class=\"elementor-column elementor-col-50 elementor-inner-column elementor-element elementor-element-ca8853f\" data-id=\"ca8853f\" data-element_type=\"column\">\n\t\t\t<div class=\"elementor-widget-wrap elementor-element-populated\">\n\t\t\t\t\t\t<div class=\"elementor-element elementor-element-25f1288 elementor-widget elementor-widget-heading\" data-id=\"25f1288\" data-element_type=\"widget\" data-widget_type=\"heading.default\">\n\t\t\t\t\t<h2 class=\"elementor-heading-title elementor-size-default\">Telas sostenibles<\/h2>\t\t\t\t<\/div>\n\t\t\t\t<div class=\"elementor-element elementor-element-93b81ed elementor-widget elementor-widget-text-editor\" data-id=\"93b81ed\" data-element_type=\"widget\" data-widget_type=\"text-editor.default\">\n\t\t\t\t\t\t\t\t\t<p>Creemos en construir una relaci\u00f3n sagrada con la ropa y respaldamos nuestra visi\u00f3n utilizando materiales certificados org\u00e1nicos y reciclados. Global Recycled Standard, EcoVero y Better Cotton son algunos de los sellos de certificaci\u00f3n sostenible que respaldan las mejores pr\u00e1cticas ambientales en nuestras telas.<\/p>\t\t\t\t\t\t\t\t<\/div>\n\t\t\t\t\t<\/div>\n\t\t<\/div>\n\t\t\t\t<div class=\"elementor-column elementor-col-50 elementor-inner-column elementor-element elementor-element-0b972a1\" data-id=\"0b972a1\" data-element_type=\"column\">\n\t\t\t<div class=\"elementor-widget-wrap\">\n\t\t\t\t\t\t\t<\/div>\n\t\t<\/div>\n\t\t\t\t\t<\/div>\n\t\t<\/section>\n\t\t\t\t\t<\/div>\n\t\t<\/div>\n\t\t\t\t\t<\/div>\n\t\t<\/section>\n\t\t\t\t<section class=\"elementor-section elementor-top-section elementor-element elementor-element-810cd85 elementor-section-stretched elementor-section-boxed elementor-section-height-default elementor-section-height-default\" data-id=\"810cd85\" data-element_type=\"section\" data-settings=\"{&quot;stretch_section&quot;:&quot;section-stretched&quot;}\">\n\t\t\t\t\t\t<div class=\"elementor-container elementor-column-gap-no\">\n\t\t\t\t\t<div class=\"elementor-column elementor-col-50 elementor-top-column elementor-element elementor-element-da86c7a\" data-id=\"da86c7a\" data-element_type=\"column\" data-settings=\"{&quot;background_background&quot;:&quot;classic&quot;,&quot;background_motion_fx_motion_fx_scrolling&quot;:&quot;yes&quot;,&quot;background_motion_fx_translateY_effect&quot;:&quot;yes&quot;,&quot;background_motion_fx_devices&quot;:[&quot;desktop&quot;,&quot;tablet&quot;],&quot;background_motion_fx_translateY_speed&quot;:{&quot;unit&quot;:&quot;px&quot;,&quot;size&quot;:4,&quot;sizes&quot;:[]},&quot;background_motion_fx_translateY_affectedRange&quot;:{&quot;unit&quot;:&quot;%&quot;,&quot;size&quot;:&quot;&quot;,&quot;sizes&quot;:{&quot;start&quot;:0,&quot;end&quot;:100}}}\">\n\t\t\t<div class=\"elementor-widget-wrap elementor-element-populated\">\n\t\t\t\t\t\t<div class=\"elementor-element elementor-element-0bcc2e9 elementor-widget elementor-widget-heading\" data-id=\"0bcc2e9\" data-element_type=\"widget\" data-widget_type=\"heading.default\">\n\t\t\t\t\t<h2 class=\"elementor-heading-title elementor-size-default\">Upcycling<\/h2>\t\t\t\t<\/div>\n\t\t\t\t<section class=\"elementor-section elementor-inner-section elementor-element elementor-element-9b96e92 elementor-section-boxed elementor-section-height-default elementor-section-height-default\" data-id=\"9b96e92\" data-element_type=\"section\">\n\t\t\t\t\t\t<div class=\"elementor-container elementor-column-gap-default\">\n\t\t\t\t\t<div class=\"elementor-column elementor-col-50 elementor-inner-column elementor-element elementor-element-118f343\" data-id=\"118f343\" data-element_type=\"column\">\n\t\t\t<div class=\"elementor-widget-wrap elementor-element-populated\">\n\t\t\t\t\t\t<div class=\"elementor-element elementor-element-c99bf36 elementor-widget elementor-widget-text-editor\" data-id=\"c99bf36\" data-element_type=\"widget\" data-widget_type=\"text-editor.default\">\n\t\t\t\t\t\t\t\t\t<p><span style=\"font-weight: 400;\">Recolectamos aproximadamente el 70% de los remanentes textiles despu\u00e9s de cada colecci\u00f3n o\u00a0 proceso de producci\u00f3n, para crear nuevas piezas \u00fanicas. Hemos creado piezas \u00fanicas a trav\u00e9s de una confecci\u00f3n cuidadosa y consciente, como blusas, shorts y recientemente maletas tipo canguro.<\/span><\/p>\t\t\t\t\t\t\t\t<\/div>\n\t\t\t\t\t<\/div>\n\t\t<\/div>\n\t\t\t\t<div class=\"elementor-column elementor-col-50 elementor-inner-column elementor-element elementor-element-4bb58fa\" data-id=\"4bb58fa\" data-element_type=\"column\">\n\t\t\t<div class=\"elementor-widget-wrap\">\n\t\t\t\t\t\t\t<\/div>\n\t\t<\/div>\n\t\t\t\t\t<\/div>\n\t\t<\/section>\n\t\t\t\t\t<\/div>\n\t\t<\/div>\n\t\t\t\t<div class=\"elementor-column elementor-col-50 elementor-top-column elementor-element elementor-element-78b1a29\" data-id=\"78b1a29\" data-element_type=\"column\" data-settings=\"{&quot;background_background&quot;:&quot;classic&quot;}\">\n\t\t\t<div class=\"elementor-widget-wrap elementor-element-populated\">\n\t\t\t\t\t<div class=\"elementor-background-overlay\"><\/div>\n\t\t\t\t\t\t<div class=\"elementor-element elementor-element-4c08272 elementor-widget elementor-widget-heading\" data-id=\"4c08272\" data-element_type=\"widget\" data-widget_type=\"heading.default\">\n\t\t\t\t\t<h2 class=\"elementor-heading-title elementor-size-default\">Compromiso Social<\/h2>\t\t\t\t<\/div>\n\t\t\t\t<div class=\"elementor-element elementor-element-0a54c76 elementor-widget elementor-widget-text-editor\" data-id=\"0a54c76\" data-element_type=\"widget\" data-widget_type=\"text-editor.default\">\n\t\t\t\t\t\t\t\t\t<p>Nuestros procesos de creaci\u00f3n se llevan a cabo en Colombia en colaboraci\u00f3n con laboratorios de fabricaci\u00f3n de moda para garantizar la formalizaci\u00f3n laboral y altos est\u00e1ndares \u00e9ticos en el entorno laboral para las mujeres jefas de hogar. Tambi\u00e9n les proporcionamos educaci\u00f3n financiera gratuita para asegurar su crecimiento profesional y una mejor calidad de vida.<\/p>\t\t\t\t\t\t\t\t<\/div>\n\t\t\t\t\t<\/div>\n\t\t<\/div>\n\t\t\t\t\t<\/div>\n\t\t<\/section>\n\t\t\t\t<section class=\"elementor-section elementor-top-section elementor-element elementor-element-220d613 elementor-section-stretched elementor-section-height-min-height elementor-section-boxed elementor-section-height-default elementor-section-items-middle\" data-id=\"220d613\" data-element_type=\"section\" data-settings=\"{&quot;stretch_section&quot;:&quot;section-stretched&quot;,&quot;background_background&quot;:&quot;classic&quot;}\">\n\t\t\t\t\t\t<div class=\"elementor-container elementor-column-gap-no\">\n\t\t\t\t\t<div class=\"elementor-column elementor-col-100 elementor-top-column elementor-element elementor-element-47a012b\" data-id=\"47a012b\" data-element_type=\"column\">\n\t\t\t<div class=\"elementor-widget-wrap elementor-element-populated\">\n\t\t\t\t\t\t<section class=\"elementor-section elementor-inner-section elementor-element elementor-element-a587b18 elementor-section-full_width elementor-section-height-default elementor-section-height-default\" data-id=\"a587b18\" data-element_type=\"section\">\n\t\t\t\t\t\t<div class=\"elementor-container elementor-column-gap-default\">\n\t\t\t\t\t<div class=\"elementor-column elementor-col-33 elementor-inner-column elementor-element elementor-element-629e790\" data-id=\"629e790\" data-element_type=\"column\">\n\t\t\t<div class=\"elementor-widget-wrap\">\n\t\t\t\t\t\t\t<\/div>\n\t\t<\/div>\n\t\t\t\t<div class=\"elementor-column elementor-col-33 elementor-inner-column elementor-element elementor-element-94d37aa\" data-id=\"94d37aa\" data-element_type=\"column\">\n\t\t\t<div class=\"elementor-widget-wrap elementor-element-populated\">\n\t\t\t\t\t\t<div class=\"elementor-element elementor-element-f921c41 elementor-widget elementor-widget-heading\" data-id=\"f921c41\" data-element_type=\"widget\" data-widget_type=\"heading.default\">\n\t\t\t\t\t<h2 class=\"elementor-heading-title elementor-size-default\">Sobre Nosotras<\/h2>\t\t\t\t<\/div>\n\t\t\t\t<div class=\"elementor-element elementor-element-5f96c26 elementor-widget elementor-widget-text-editor\" data-id=\"5f96c26\" data-element_type=\"widget\" data-widget_type=\"text-editor.default\">\n\t\t\t\t\t\t\t\t\t<div class=\"gmail_default\"><p><strong>Elevamos tu vibraci\u00f3n a trav\u00e9s de nuestras creaciones.<\/strong> Creemos en el poder transformador del color y la energ\u00eda de las cosas, por eso dise\u00f1amos prendas de alta vibraci\u00f3n que potencian tus objetivos diarios y elevan tu frecuencia. Nuestra misi\u00f3n es combinar elegancia y prop\u00f3sito para crear moda que conecte contigo en un nivel m\u00e1s profundo.<\/p><p>Fundada en 2019 por Maria Clara Villamizar, nuestra marca de moda sostenible se inspira en la geometr\u00eda sagrada, el arte contempor\u00e1neo y la est\u00e9tica asi\u00e1tica. Dise\u00f1amos piezas \u00fanicas, minimalistas y estructuradas que combinan sofisticaci\u00f3n, un ajuste impecable y detalles vanguardistas que trascienden el tiempo.<\/p><\/div>\t\t\t\t\t\t\t\t<\/div>\n\t\t\t\t\t<\/div>\n\t\t<\/div>\n\t\t\t\t<div class=\"elementor-column elementor-col-33 elementor-inner-column elementor-element elementor-element-8093f64\" data-id=\"8093f64\" data-element_type=\"column\">\n\t\t\t<div class=\"elementor-widget-wrap\">\n\t\t\t\t\t\t\t<\/div>\n\t\t<\/div>\n\t\t\t\t\t<\/div>\n\t\t<\/section>\n\t\t\t\t\t<\/div>\n\t\t<\/div>\n\t\t\t\t\t<\/div>\n\t\t<\/section>\n\t\t\t\t<\/div>\n\t\t","protected":false},"excerpt":{"rendered":"<p>Telas sostenibles Creemos en construir una relaci\u00f3n sagrada con la ropa y respaldamos nuestra visi\u00f3n utilizando materiales certificados org\u00e1nicos y reciclados. Global Recycled Standard, EcoVero y Better Cotton son algunos de los sellos de certificaci\u00f3n sostenible que respaldan las mejores pr\u00e1cticas ambientales en nuestras telas. Upcycling Recolectamos aproximadamente el 70% de los remanentes textiles despu\u00e9s [&hellip;]<\/p>\n","protected":false},"author":1,"featured_media":0,"parent":0,"menu_order":0,"comment_status":"closed","ping_status":"closed","template":"","meta":{"footnotes":""},"class_list":["post-9210","page","type-page","status-publish","hentry"],"yoast_head":"<!-- This site is optimized with the Yoast SEO plugin v26.7 - https:\/\/yoast.com\/wordpress\/plugins\/seo\/ -->\n<title>Circularidad - Bemonocromo<\/title>\n<meta name=\"robots\" content=\"index, follow, max-snippet:-1, max-image-preview:large, max-video-preview:-1\" \/>\n<link rel=\"canonical\" href=\"https:\/\/bemonocromo.com\/es\/circularity\/\" \/>\n<meta property=\"og:locale\" content=\"es_ES\" \/>\n<meta property=\"og:type\" content=\"article\" \/>\n<meta property=\"og:title\" content=\"Circularidad - Bemonocromo\" \/>\n<meta property=\"og:description\" content=\"Telas sostenibles Creemos en construir una relaci\u00f3n sagrada con la ropa y respaldamos nuestra visi\u00f3n utilizando materiales certificados org\u00e1nicos y reciclados. Global Recycled Standard, EcoVero y Better Cotton son algunos de los sellos de certificaci\u00f3n sostenible que respaldan las mejores pr\u00e1cticas ambientales en nuestras telas. Upcycling Recolectamos aproximadamente el 70% de los remanentes textiles despu\u00e9s [&hellip;]\" \/>\n<meta property=\"og:url\" content=\"https:\/\/bemonocromo.com\/es\/circularity\/\" \/>\n<meta property=\"og:site_name\" content=\"Bemonocromo\" \/>\n<meta property=\"article:modified_time\" content=\"2024-12-05T21:06:09+00:00\" \/>\n<meta name=\"twitter:card\" content=\"summary_large_image\" \/>\n<meta name=\"twitter:label1\" content=\"Tiempo de lectura\" \/>\n\t<meta name=\"twitter:data1\" content=\"2 minutos\" \/>\n<script type=\"application\/ld+json\" class=\"yoast-schema-graph\">{\"@context\":\"https:\/\/schema.org\",\"@graph\":[{\"@type\":\"WebPage\",\"@id\":\"https:\/\/bemonocromo.com\/es\/circularity\/\",\"url\":\"https:\/\/bemonocromo.com\/es\/circularity\/\",\"name\":\"Circularidad - Bemonocromo\",\"isPartOf\":{\"@id\":\"https:\/\/bemonocromo.com\/es\/#website\"},\"datePublished\":\"2023-05-19T21:57:11+00:00\",\"dateModified\":\"2024-12-05T21:06:09+00:00\",\"breadcrumb\":{\"@id\":\"https:\/\/bemonocromo.com\/es\/circularity\/#breadcrumb\"},\"inLanguage\":\"es\",\"potentialAction\":[{\"@type\":\"ReadAction\",\"target\":[\"https:\/\/bemonocromo.com\/es\/circularity\/\"]}]},{\"@type\":\"BreadcrumbList\",\"@id\":\"https:\/\/bemonocromo.com\/es\/circularity\/#breadcrumb\",\"itemListElement\":[{\"@type\":\"ListItem\",\"position\":1,\"name\":\"Home\",\"item\":\"https:\/\/bemonocromo.com\/es\/\"},{\"@type\":\"ListItem\",\"position\":2,\"name\":\"Circularidad\"}]},{\"@type\":\"WebSite\",\"@id\":\"https:\/\/bemonocromo.com\/es\/#website\",\"url\":\"https:\/\/bemonocromo.com\/es\/\",\"name\":\"Bemonocromo\",\"description\":\"The Power of Color\",\"publisher\":{\"@id\":\"https:\/\/bemonocromo.com\/es\/#organization\"},\"potentialAction\":[{\"@type\":\"SearchAction\",\"target\":{\"@type\":\"EntryPoint\",\"urlTemplate\":\"https:\/\/bemonocromo.com\/es\/?s={search_term_string}\"},\"query-input\":{\"@type\":\"PropertyValueSpecification\",\"valueRequired\":true,\"valueName\":\"search_term_string\"}}],\"inLanguage\":\"es\"},{\"@type\":\"Organization\",\"@id\":\"https:\/\/bemonocromo.com\/es\/#organization\",\"name\":\"Bemonocromo\",\"url\":\"https:\/\/bemonocromo.com\/es\/\",\"logo\":{\"@type\":\"ImageObject\",\"inLanguage\":\"es\",\"@id\":\"https:\/\/bemonocromo.com\/es\/#\/schema\/logo\/image\/\",\"url\":\"https:\/\/bemonocromo.com\/wp-content\/uploads\/2023\/04\/path43.png\",\"contentUrl\":\"https:\/\/bemonocromo.com\/wp-content\/uploads\/2023\/04\/path43.png\",\"width\":341,\"height\":48,\"caption\":\"Bemonocromo\"},\"image\":{\"@id\":\"https:\/\/bemonocromo.com\/es\/#\/schema\/logo\/image\/\"}}]}<\/script>\n<!-- \/ Yoast SEO plugin. -->","yoast_head_json":{"title":"Circularidad - Bemonocromo","robots":{"index":"index","follow":"follow","max-snippet":"max-snippet:-1","max-image-preview":"max-image-preview:large","max-video-preview":"max-video-preview:-1"},"canonical":"https:\/\/bemonocromo.com\/es\/circularity\/","og_locale":"es_ES","og_type":"article","og_title":"Circularidad - Bemonocromo","og_description":"Telas sostenibles Creemos en construir una relaci\u00f3n sagrada con la ropa y respaldamos nuestra visi\u00f3n utilizando materiales certificados org\u00e1nicos y reciclados. Global Recycled Standard, EcoVero y Better Cotton son algunos de los sellos de certificaci\u00f3n sostenible que respaldan las mejores pr\u00e1cticas ambientales en nuestras telas. Upcycling Recolectamos aproximadamente el 70% de los remanentes textiles despu\u00e9s [&hellip;]","og_url":"https:\/\/bemonocromo.com\/es\/circularity\/","og_site_name":"Bemonocromo","article_modified_time":"2024-12-05T21:06:09+00:00","twitter_card":"summary_large_image","twitter_misc":{"Tiempo de lectura":"2 minutos"},"schema":{"@context":"https:\/\/schema.org","@graph":[{"@type":"WebPage","@id":"https:\/\/bemonocromo.com\/es\/circularity\/","url":"https:\/\/bemonocromo.com\/es\/circularity\/","name":"Circularidad - Bemonocromo","isPartOf":{"@id":"https:\/\/bemonocromo.com\/es\/#website"},"datePublished":"2023-05-19T21:57:11+00:00","dateModified":"2024-12-05T21:06:09+00:00","breadcrumb":{"@id":"https:\/\/bemonocromo.com\/es\/circularity\/#breadcrumb"},"inLanguage":"es","potentialAction":[{"@type":"ReadAction","target":["https:\/\/bemonocromo.com\/es\/circularity\/"]}]},{"@type":"BreadcrumbList","@id":"https:\/\/bemonocromo.com\/es\/circularity\/#breadcrumb","itemListElement":[{"@type":"ListItem","position":1,"name":"Home","item":"https:\/\/bemonocromo.com\/es\/"},{"@type":"ListItem","position":2,"name":"Circularidad"}]},{"@type":"WebSite","@id":"https:\/\/bemonocromo.com\/es\/#website","url":"https:\/\/bemonocromo.com\/es\/","name":"Bemonocromo","description":"The Power of Color","publisher":{"@id":"https:\/\/bemonocromo.com\/es\/#organization"},"potentialAction":[{"@type":"SearchAction","target":{"@type":"EntryPoint","urlTemplate":"https:\/\/bemonocromo.com\/es\/?s={search_term_string}"},"query-input":{"@type":"PropertyValueSpecification","valueRequired":true,"valueName":"search_term_string"}}],"inLanguage":"es"},{"@type":"Organization","@id":"https:\/\/bemonocromo.com\/es\/#organization","name":"Bemonocromo","url":"https:\/\/bemonocromo.com\/es\/","logo":{"@type":"ImageObject","inLanguage":"es","@id":"https:\/\/bemonocromo.com\/es\/#\/schema\/logo\/image\/","url":"https:\/\/bemonocromo.com\/wp-content\/uploads\/2023\/04\/path43.png","contentUrl":"https:\/\/bemonocromo.com\/wp-content\/uploads\/2023\/04\/path43.png","width":341,"height":48,"caption":"Bemonocromo"},"image":{"@id":"https:\/\/bemonocromo.com\/es\/#\/schema\/logo\/image\/"}}]}},"_links":{"self":[{"href":"https:\/\/bemonocromo.com\/es\/wp-json\/wp\/v2\/pages\/9210","targetHints":{"allow":["GET"]}}],"collection":[{"href":"https:\/\/bemonocromo.com\/es\/wp-json\/wp\/v2\/pages"}],"about":[{"href":"https:\/\/bemonocromo.com\/es\/wp-json\/wp\/v2\/types\/page"}],"author":[{"embeddable":true,"href":"https:\/\/bemonocromo.com\/es\/wp-json\/wp\/v2\/users\/1"}],"replies":[{"embeddable":true,"href":"https:\/\/bemonocromo.com\/es\/wp-json\/wp\/v2\/comments?post=9210"}],"version-history":[{"count":0,"href":"https:\/\/bemonocromo.com\/es\/wp-json\/wp\/v2\/pages\/9210\/revisions"}],"wp:attachment":[{"href":"https:\/\/bemonocromo.com\/es\/wp-json\/wp\/v2\/media?parent=9210"}],"curies":[{"name":"wp","href":"https:\/\/api.w.org\/{rel}","templated":true}]}}