{"id":9268,"date":"2023-05-25T12:39:03","date_gmt":"2023-05-25T12:39:03","guid":{"rendered":"https:\/\/bemonocromo.com\/int\/?page_id=9268"},"modified":"2023-05-25T12:59:46","modified_gmt":"2023-05-25T12:59:46","slug":"politicas-de-cambios-y-devoluciones","status":"publish","type":"page","link":"https:\/\/bemonocromo.com\/es\/politicas-de-cambios-y-devoluciones\/","title":{"rendered":"Pol\u00edticas de cambios y devoluciones"},"content":{"rendered":"\n<p>Estas son nuestras pol\u00edticas de cambios y devoluciones que aceptas al ingresar y\/o usar el website bemonocromo.com<\/p>\n\n\n\n<p>De acuerdo a la legislaci\u00f3n colombiana, las devoluciones de productos s\u00f3lo se ejecutar\u00e1n en caso de falta de idoneidad del bien, o por garant\u00edas; sin embargo, si cancelas un pedido antes de que \u00e9ste haya sido enviado, se aceptar\u00e1 la devoluci\u00f3n sin gastos de ning\u00fan tipo y en este caso, se descontar\u00e1 de la cifra cancelada, los costos de la transacci\u00f3n bancaria y gastos de devoluci\u00f3n del dinero. Si se cancel\u00f3 con tarjeta de cr\u00e9dito, deber\u00e1 descontarse el valor de la tasa de intermediaci\u00f3n que cobran los bancos o entidades financieras a BeMonocromo.<\/p>\n\n\n\n<p>BeMonocromo realizar\u00e1 cambios o devoluciones siempre que se nos d\u00e9 comunicaci\u00f3n previa al respecto. Este paso es indispensable sea cual sea el motivo que provoca la devoluci\u00f3n. Podr\u00e1s hacerlo envi\u00e1ndonos un correo electr\u00f3nico o llam\u00e1ndonos, ten en cuenta que las condiciones deben ajustarse a lo establecido en la legislaci\u00f3n colombiana (art\u00edculo defectuoso de f\u00e1brica) y en un m\u00e1ximo de 5 (cinco) d\u00edas h\u00e1biles a partir de la fecha de entrega. Nosotros indicaremos c\u00f3mo puedes actuar para la devoluci\u00f3n del art\u00edculo y confirmaremos si procede la misma.<\/p>\n\n\n\n<p>El art\u00edculo a devolver deber\u00e1 estar correctamente embalado para su devoluci\u00f3n. BeMonocromo no se har\u00e1 cargo de devoluciones sobre productos manipulados por el cliente, aquellos devueltos sin el embalaje original de f\u00e1brica, o aquellas mercanc\u00edas que se devuelvan incompletas tanto en sus elementos principales como accesorios.<\/p>\n\n\n\n<p>El producto deber\u00e1 ser devuelto por el consumidor en las mismas condiciones en que lo recibi\u00f3, es decir, deber\u00e1 cumplir entre otras, las siguientes condiciones:&nbsp;<\/p>\n\n\n\n<p>No haber usado la prenda.<\/p>\n\n\n\n<p>Contar con todas sus etiquetas.<\/p>\n\n\n\n<p>No encontrarse sucia.<\/p>\n\n\n\n<p>No tener rastros de uso de desodorantes o maquillaje con qu\u00edmicos que decoloren o deterioren las telas.<\/p>\n\n\n\n<p>No tener rastros de uso de qu\u00edmicos o blanqueador.<\/p>\n\n\n\n<p>No presentar deste\u00f1ido.<\/p>\n\n\n\n<p>No estar alterada o modificada por el consumidor.<\/p>\n\n\n\n<p>La horma de la prenda debe encontrarse perfecta.<\/p>\n\n\n\n<p>El estampado, apliques o bordados no deben tener inconsistencias por lavado, planchado o adulteraci\u00f3n.<\/p>\n\n\n\n<p>Encontrarse en perfectas condiciones para su posterior venta a otro consumidor.<\/p>\n\n\n\n<p>BeMonocromo no devolver\u00e1 el importe o realizar\u00e1 ning\u00fan reenv\u00edo de mercanc\u00eda mientras no se haya verificado la recepci\u00f3n y estado de embalaje y accesorios del art\u00edculo objeto de la devoluci\u00f3n.<\/p>\n\n\n\n<p>El precio a devolver es el que originalmente figuraba en el pedido, menos en caso de devoluciones por cambio del producto. Para hacer un cambio, debes traer o enviar el producto en perfecto estado, con sellos intactos y la correspondiente factura de compra (los costos de env\u00edo hacia BeMonocromo ser\u00e1n asumidos por el cliente).<\/p>\n\n\n\n<h2 class=\"wp-block-heading\"><strong>Devoluciones<\/strong><\/h2>\n\n\n\n<p>En caso de recibir las prendas y que \u00e9stas cumplan todas las condiciones mencionadas anteriormente, BeMonocromo devolver\u00e1 la suma total pagada por la prenda, sin que se procedan a hacer descuentos o retenciones, en un t\u00e9rmino no mayor a los 30 d\u00edas calendario siguientes, contados a partir de la fecha de recepci\u00f3n de las prendas en el lugar indicado previamente.&nbsp;<\/p>\n\n\n\n<p>Nota: Recuerda que para la devoluci\u00f3n de tu dinero requerimos tu informaci\u00f3n bancaria.<\/p>\n\n\n\n<p>Realizada la devoluci\u00f3n del dinero y una vez la Empresa cuente con el soporte de la transacci\u00f3n, env\u00eda un comunicado al cliente confirmando la devoluci\u00f3n de su dinero. Cabe mencionar que, la devoluci\u00f3n del dinero se realiza dentro de los 30 d\u00edas calendario siguientes a la fecha en que se tuvo informaci\u00f3n bancaria, sin embargo, la fecha en que la Compa\u00f1\u00eda le env\u00eda copia del comprobante puede ser en una fecha posterior.<\/p>\n\n\n\n<h2 class=\"wp-block-heading\"><strong>Errores en pedidos y defectos de origen<\/strong><\/h2>\n\n\n\n<p>BeMonocromo correr\u00e1 con los gastos de recogida del producto equivocado y entrega del correspondiente al del pedido realizado.<\/p>\n\n\n\n<h2 class=\"wp-block-heading\"><strong>Para productos defectuosos de origen<\/strong><\/h2>\n\n\n\n<p>BeMonocromo gestionar\u00e1 el cambio y\/o la reparaci\u00f3n del aparato de forma inmediata. El cambio se efectuar\u00e1 siempre por el mismo art\u00edculo o referencia (seg\u00fan disponibilidad). Solamente te ser\u00e1 facturado el primer env\u00edo, haci\u00e9ndose cargo BeMonocromo de los costos correspondientes al nuevo env\u00edo.<\/p>\n\n\n\n<p>Si deseas efectuar un cambio por otro art\u00edculo y el producto est\u00e1 en \u00f3ptimo estado, los gastos de devoluci\u00f3n y nuevo env\u00edo tendr\u00e1n que ser asumidos por el cliente, previo consentimiento expreso de BeMonocromo por correo electr\u00f3nico.<\/p>\n","protected":false},"excerpt":{"rendered":"<p>Estas son nuestras pol\u00edticas de cambios y devoluciones que aceptas al ingresar y\/o usar el website bemonocromo.com De acuerdo a la legislaci\u00f3n colombiana, las devoluciones de productos s\u00f3lo se ejecutar\u00e1n en caso de falta de idoneidad del bien, o por garant\u00edas; sin embargo, si cancelas un pedido antes de que \u00e9ste haya sido enviado, se [&hellip;]<\/p>\n","protected":false},"author":1,"featured_media":0,"parent":0,"menu_order":0,"comment_status":"closed","ping_status":"closed","template":"","meta":{"footnotes":""},"class_list":["post-9268","page","type-page","status-publish","hentry"],"yoast_head":"<!-- This site is optimized with the Yoast SEO plugin v26.7 - https:\/\/yoast.com\/wordpress\/plugins\/seo\/ -->\n<title>Pol\u00edticas de cambios y devoluciones - Bemonocromo<\/title>\n<meta name=\"robots\" content=\"index, follow, max-snippet:-1, max-image-preview:large, max-video-preview:-1\" \/>\n<link rel=\"canonical\" href=\"https:\/\/bemonocromo.com\/es\/politicas-de-cambios-y-devoluciones\/\" \/>\n<meta property=\"og:locale\" content=\"es_ES\" \/>\n<meta property=\"og:type\" content=\"article\" \/>\n<meta property=\"og:title\" content=\"Pol\u00edticas de cambios y devoluciones - Bemonocromo\" \/>\n<meta property=\"og:description\" content=\"Estas son nuestras pol\u00edticas de cambios y devoluciones que aceptas al ingresar y\/o usar el website bemonocromo.com De acuerdo a la legislaci\u00f3n colombiana, las devoluciones de productos s\u00f3lo se ejecutar\u00e1n en caso de falta de idoneidad del bien, o por garant\u00edas; sin embargo, si cancelas un pedido antes de que \u00e9ste haya sido enviado, se [&hellip;]\" \/>\n<meta property=\"og:url\" content=\"https:\/\/bemonocromo.com\/es\/politicas-de-cambios-y-devoluciones\/\" \/>\n<meta property=\"og:site_name\" content=\"Bemonocromo\" \/>\n<meta property=\"article:modified_time\" content=\"2023-05-25T12:59:46+00:00\" \/>\n<meta name=\"twitter:card\" content=\"summary_large_image\" \/>\n<meta name=\"twitter:label1\" content=\"Tiempo de lectura\" \/>\n\t<meta name=\"twitter:data1\" content=\"4 minutos\" \/>\n<script type=\"application\/ld+json\" class=\"yoast-schema-graph\">{\"@context\":\"https:\/\/schema.org\",\"@graph\":[{\"@type\":\"WebPage\",\"@id\":\"https:\/\/bemonocromo.com\/es\/politicas-de-cambios-y-devoluciones\/\",\"url\":\"https:\/\/bemonocromo.com\/es\/politicas-de-cambios-y-devoluciones\/\",\"name\":\"Pol\u00edticas de cambios y devoluciones - Bemonocromo\",\"isPartOf\":{\"@id\":\"https:\/\/bemonocromo.com\/es\/#website\"},\"datePublished\":\"2023-05-25T12:39:03+00:00\",\"dateModified\":\"2023-05-25T12:59:46+00:00\",\"breadcrumb\":{\"@id\":\"https:\/\/bemonocromo.com\/es\/politicas-de-cambios-y-devoluciones\/#breadcrumb\"},\"inLanguage\":\"es\",\"potentialAction\":[{\"@type\":\"ReadAction\",\"target\":[\"https:\/\/bemonocromo.com\/es\/politicas-de-cambios-y-devoluciones\/\"]}]},{\"@type\":\"BreadcrumbList\",\"@id\":\"https:\/\/bemonocromo.com\/es\/politicas-de-cambios-y-devoluciones\/#breadcrumb\",\"itemListElement\":[{\"@type\":\"ListItem\",\"position\":1,\"name\":\"Home\",\"item\":\"https:\/\/bemonocromo.com\/es\/\"},{\"@type\":\"ListItem\",\"position\":2,\"name\":\"Pol\u00edticas de cambios y devoluciones\"}]},{\"@type\":\"WebSite\",\"@id\":\"https:\/\/bemonocromo.com\/es\/#website\",\"url\":\"https:\/\/bemonocromo.com\/es\/\",\"name\":\"Bemonocromo\",\"description\":\"The Power of Color\",\"publisher\":{\"@id\":\"https:\/\/bemonocromo.com\/es\/#organization\"},\"potentialAction\":[{\"@type\":\"SearchAction\",\"target\":{\"@type\":\"EntryPoint\",\"urlTemplate\":\"https:\/\/bemonocromo.com\/es\/?s={search_term_string}\"},\"query-input\":{\"@type\":\"PropertyValueSpecification\",\"valueRequired\":true,\"valueName\":\"search_term_string\"}}],\"inLanguage\":\"es\"},{\"@type\":\"Organization\",\"@id\":\"https:\/\/bemonocromo.com\/es\/#organization\",\"name\":\"Bemonocromo\",\"url\":\"https:\/\/bemonocromo.com\/es\/\",\"logo\":{\"@type\":\"ImageObject\",\"inLanguage\":\"es\",\"@id\":\"https:\/\/bemonocromo.com\/es\/#\/schema\/logo\/image\/\",\"url\":\"https:\/\/bemonocromo.com\/wp-content\/uploads\/2023\/04\/path43.png\",\"contentUrl\":\"https:\/\/bemonocromo.com\/wp-content\/uploads\/2023\/04\/path43.png\",\"width\":341,\"height\":48,\"caption\":\"Bemonocromo\"},\"image\":{\"@id\":\"https:\/\/bemonocromo.com\/es\/#\/schema\/logo\/image\/\"}}]}<\/script>\n<!-- \/ Yoast SEO plugin. -->","yoast_head_json":{"title":"Pol\u00edticas de cambios y devoluciones - Bemonocromo","robots":{"index":"index","follow":"follow","max-snippet":"max-snippet:-1","max-image-preview":"max-image-preview:large","max-video-preview":"max-video-preview:-1"},"canonical":"https:\/\/bemonocromo.com\/es\/politicas-de-cambios-y-devoluciones\/","og_locale":"es_ES","og_type":"article","og_title":"Pol\u00edticas de cambios y devoluciones - Bemonocromo","og_description":"Estas son nuestras pol\u00edticas de cambios y devoluciones que aceptas al ingresar y\/o usar el website bemonocromo.com De acuerdo a la legislaci\u00f3n colombiana, las devoluciones de productos s\u00f3lo se ejecutar\u00e1n en caso de falta de idoneidad del bien, o por garant\u00edas; sin embargo, si cancelas un pedido antes de que \u00e9ste haya sido enviado, se [&hellip;]","og_url":"https:\/\/bemonocromo.com\/es\/politicas-de-cambios-y-devoluciones\/","og_site_name":"Bemonocromo","article_modified_time":"2023-05-25T12:59:46+00:00","twitter_card":"summary_large_image","twitter_misc":{"Tiempo de lectura":"4 minutos"},"schema":{"@context":"https:\/\/schema.org","@graph":[{"@type":"WebPage","@id":"https:\/\/bemonocromo.com\/es\/politicas-de-cambios-y-devoluciones\/","url":"https:\/\/bemonocromo.com\/es\/politicas-de-cambios-y-devoluciones\/","name":"Pol\u00edticas de cambios y devoluciones - Bemonocromo","isPartOf":{"@id":"https:\/\/bemonocromo.com\/es\/#website"},"datePublished":"2023-05-25T12:39:03+00:00","dateModified":"2023-05-25T12:59:46+00:00","breadcrumb":{"@id":"https:\/\/bemonocromo.com\/es\/politicas-de-cambios-y-devoluciones\/#breadcrumb"},"inLanguage":"es","potentialAction":[{"@type":"ReadAction","target":["https:\/\/bemonocromo.com\/es\/politicas-de-cambios-y-devoluciones\/"]}]},{"@type":"BreadcrumbList","@id":"https:\/\/bemonocromo.com\/es\/politicas-de-cambios-y-devoluciones\/#breadcrumb","itemListElement":[{"@type":"ListItem","position":1,"name":"Home","item":"https:\/\/bemonocromo.com\/es\/"},{"@type":"ListItem","position":2,"name":"Pol\u00edticas de cambios y devoluciones"}]},{"@type":"WebSite","@id":"https:\/\/bemonocromo.com\/es\/#website","url":"https:\/\/bemonocromo.com\/es\/","name":"Bemonocromo","description":"The Power of Color","publisher":{"@id":"https:\/\/bemonocromo.com\/es\/#organization"},"potentialAction":[{"@type":"SearchAction","target":{"@type":"EntryPoint","urlTemplate":"https:\/\/bemonocromo.com\/es\/?s={search_term_string}"},"query-input":{"@type":"PropertyValueSpecification","valueRequired":true,"valueName":"search_term_string"}}],"inLanguage":"es"},{"@type":"Organization","@id":"https:\/\/bemonocromo.com\/es\/#organization","name":"Bemonocromo","url":"https:\/\/bemonocromo.com\/es\/","logo":{"@type":"ImageObject","inLanguage":"es","@id":"https:\/\/bemonocromo.com\/es\/#\/schema\/logo\/image\/","url":"https:\/\/bemonocromo.com\/wp-content\/uploads\/2023\/04\/path43.png","contentUrl":"https:\/\/bemonocromo.com\/wp-content\/uploads\/2023\/04\/path43.png","width":341,"height":48,"caption":"Bemonocromo"},"image":{"@id":"https:\/\/bemonocromo.com\/es\/#\/schema\/logo\/image\/"}}]}},"_links":{"self":[{"href":"https:\/\/bemonocromo.com\/es\/wp-json\/wp\/v2\/pages\/9268","targetHints":{"allow":["GET"]}}],"collection":[{"href":"https:\/\/bemonocromo.com\/es\/wp-json\/wp\/v2\/pages"}],"about":[{"href":"https:\/\/bemonocromo.com\/es\/wp-json\/wp\/v2\/types\/page"}],"author":[{"embeddable":true,"href":"https:\/\/bemonocromo.com\/es\/wp-json\/wp\/v2\/users\/1"}],"replies":[{"embeddable":true,"href":"https:\/\/bemonocromo.com\/es\/wp-json\/wp\/v2\/comments?post=9268"}],"version-history":[{"count":0,"href":"https:\/\/bemonocromo.com\/es\/wp-json\/wp\/v2\/pages\/9268\/revisions"}],"wp:attachment":[{"href":"https:\/\/bemonocromo.com\/es\/wp-json\/wp\/v2\/media?parent=9268"}],"curies":[{"name":"wp","href":"https:\/\/api.w.org\/{rel}","templated":true}]}}