{"id":9270,"date":"2023-05-25T12:39:57","date_gmt":"2023-05-25T12:39:57","guid":{"rendered":"https:\/\/bemonocromo.com\/int\/?page_id=9270"},"modified":"2023-05-25T13:01:00","modified_gmt":"2023-05-25T13:01:00","slug":"terminos-de-servicio","status":"publish","type":"page","link":"https:\/\/bemonocromo.com\/es\/terminos-de-servicio\/","title":{"rendered":"T\u00e9rminos de Servicio"},"content":{"rendered":"\n<p>Bienvenido a BeMonocromo. Bemonocromo.com (El \u201cWebsite\u201d) se ofrece como un servicio para las personas. Por favor revisa las siguientes reglas b\u00e1sicas que gobiernan el uso de este \u201cWebsite\u201d. Por favor recuerda que al usar Bemonocromo.com o al realizar un pedido est\u00e1s aceptando seguir y limitarte por estos t\u00e9rminos. Si no est\u00e1s de acuerdo con estos t\u00e9rminos, por favor no uses este \u201cWebsite\u201d.<\/p>\n\n\n\n<p>BeMonocromo y sus servicios se regir\u00e1n por las leyes colombianas. Cuando se realice un pedido a trav\u00e9s de nuestra plataforma, se entiende que has dado consentimiento como cliente para la validez y eficacia del contrato de compraventa que obliga a las partes involucradas.<br><\/p>\n\n\n\n<h2 class=\"wp-block-heading\"><strong>Contenido del Sitio<\/strong><\/h2>\n\n\n\n<p>Ocasionalmente, podr\u00eda existir informaci\u00f3n en el \u201cWebsite\u201d con errores tipogr\u00e1ficos, inexactitudes u omisiones que puedan relacionarse con las descripciones de producto, precios y disponibilidad. Nosotros nos reservamos el derecho de corregir cualquier error, inexactitud u omisi\u00f3n y de cambiar o actualizar informaci\u00f3n en cualquier momento sin notificaci\u00f3n previa (incluso despu\u00e9s de que se haya recibido una orden). De antemano ofrecemos disculpas por cualquier inconveniente que esto pueda ocasionar.<\/p>\n\n\n\n<p>As\u00ed mismo, los usuarios podr\u00e1n utilizar el \u201cWebsite\u201d para escribir rese\u00f1as sobre los productos o servicios que BeMonocromo ofrece; estas rese\u00f1as estar\u00e1n sometidas a aprobaci\u00f3n por parte de los administradores del \u201cWebsite\u201d para su publicaci\u00f3n, BeMonocromo no publicar\u00e1 rese\u00f1as que contengan contenido ofensivo para cualquier usuario o persona, que incite a la violencia, que figure como autopromoci\u00f3n para otro tipo de productos o servicios, y en general que sea considerado \u201cIlegal\u201d por las leyes Colombianas.<\/p>\n\n\n\n<h2 class=\"wp-block-heading\"><strong>Informaci\u00f3n de los Productos y Servicios<\/strong><\/h2>\n\n\n\n<p>BeMonocromo no es responsable de los cambios en las especificaciones y caracter\u00edsticas de productos o servicios por parte del fabricante, dise\u00f1ador o desarrollador, ni de la salida de cat\u00e1logo o portafolio de un producto o servicio por decisi\u00f3n del mismo. Nuestros servicios se presentan bajo la modalidad SaaS (software as a service, \u201csoftware como servicio\u201d) las especificaciones t\u00e9cnicas pueden cambiar sin previo aviso.<\/p>\n\n\n\n<p>Adem\u00e1s, BeMonocromo no tiene ning\u00fan tipo de responsabilidad en cuanto al contenido de las fichas t\u00e9cnicas, a las descripciones y explicaciones de uso o empleo de los productos procedentes de nuestros proveedores o fabricantes. El producto o servicio adquirido podr\u00e1 sufrir, por disponibilidades del fabricante, dise\u00f1ador o desarrollador, modificaciones no sustanciales en los componentes, caracter\u00edsticas o prestaciones del lote que lo integren, siempre y cuando no supongan un dem\u00e9rito de las calidades y prestaciones publicitadas.<\/p>\n\n\n\n<h2 class=\"wp-block-heading\"><strong>Precios<\/strong><\/h2>\n\n\n\n<p>Los precios mostrados en el \u201cWebsite\u201d est\u00e1n expresados en pesos colombianos (COP $), e incluyen el I.V.A. Estos precios podr\u00e1n ser revisados y modificados por BeMonocromo, si las condiciones lo requieren en cualquier momento y son v\u00e1lidos solamente en Colombia.<\/p>\n\n\n\n<p>Los precios son v\u00e1lidos salvo error tipogr\u00e1fico o agotamiento de existencias. Nosotros nos reservamos en cada momento y unilateralmente la modificaci\u00f3n del precio de los productos y servicios ofertados a trav\u00e9s del \u201cWebsite\u201d. Para garantizar al cliente la certeza y seguridad del precio de sus productos, \u00e9ste ser\u00e1 el expuesto en el momento de formalizar el pedido.<\/p>\n\n\n\n<h2 class=\"wp-block-heading\"><strong>Colores y Fotograf\u00edas<\/strong><\/h2>\n\n\n\n<p>Las fotograf\u00edas que ilustran los productos no entran en el campo contractual, no son vinculantes por s\u00ed mismas y no podr\u00e1n dar lugar a ning\u00fan tipo de compromiso por parte de BeMonocromo , ya que los colores y las formas pueden cambiar.<\/p>\n\n\n\n<p>Hemos hecho nuestro mejor esfuerzo por mostrar los colores de los productos que aparecen en el \u201cWebsite\u201d lo m\u00e1s cercano posible a la realidad. Sin embargo, debido a que los colores que ves dependen de tu monitor, no podemos garantizar la exactitud de los colores que t\u00fa observes.<\/p>\n\n\n\n<h2 class=\"wp-block-heading\"><strong>Seguridad de los datos<\/strong><\/h2>\n\n\n\n<p>Registrarse en Bemonocromo.com es gratuito y voluntario. Las personas, si desean, tendr\u00e1n acceso a una cuenta mediante una contrase\u00f1a, en esta cuenta podr\u00e1n registrar sus datos. El usuario de la cuenta podr\u00e1 modificar la informaci\u00f3n suministrada en cualquier momento. La finalidad primordial de la creaci\u00f3n de cuentas es la de conocer los detalles sobre el lugar de destino de los productos y\/o servicios adquiridos, la facturaci\u00f3n de los mismos y la comunicaci\u00f3n de ofertas y nuevos productos al cliente, tal y como se establece en las pol\u00edticas de privacidad de BeMonocromo. El cliente o usuario del \u201cWebsite\u201d luego de introducir sus datos puede eliminar su registro en cualquier momento. La informaci\u00f3n que recibimos cuando se registre ser\u00e1 completamente confidencial y no tendr\u00e1n acceso alguno a esta informaci\u00f3n personas ajenas a BeMonocromo. (ver pol\u00edticas de privacidad).<\/p>\n\n\n\n<p>Nos comprometemos a no utilizar los datos personales de sus clientes o usuarios para fines distintos al objeto de la contrataci\u00f3n de los servicios que presta, asegurando mediante medidas apropiadas la confidencialidad de los mismos, su p\u00e9rdida o alteraci\u00f3n y el acceso no autorizado a dichos datos.<\/p>\n\n\n\n<p>Mediante la modalidad de \u201cNewsletter\u201d utilizaremos la direcci\u00f3n de correo electr\u00f3nico del cliente, para informar y promocionar nuestros servicios y\/o productos siempre y cuando el cliente, con car\u00e1cter previo, acepte esta modalidad que expresamente se solicitar\u00e1 en el proceso de registro de cliente.<\/p>\n\n\n\n<h2 class=\"wp-block-heading\"><strong>Jurisdicci\u00f3n y resoluci\u00f3n de controversias<\/strong><\/h2>\n\n\n\n<p>Ambas partes, con expresa renuncia al fuero que pudiera corresponderles, se acogen expresamente a un organismo como la C\u00e1mara de Comercio de Bogot\u00e1 D.C., para dirimir las controversias que se susciten entre las partes, a partir de las transacciones y relaciones contractuales sometidas a las presentes condiciones Generales.<\/p>\n\n\n\n<p>NOTA: Los t\u00e9rminos \u201c Empresa\u201d y \u201cCompa\u00f1\u00eda\u201d se usan de manera indiferenciada para referirse a BeMonocromo.<\/p>\n","protected":false},"excerpt":{"rendered":"<p>Bienvenido a BeMonocromo. Bemonocromo.com (El \u201cWebsite\u201d) se ofrece como un servicio para las personas. Por favor revisa las siguientes reglas b\u00e1sicas que gobiernan el uso de este \u201cWebsite\u201d. Por favor recuerda que al usar Bemonocromo.com o al realizar un pedido est\u00e1s aceptando seguir y limitarte por estos t\u00e9rminos. Si no est\u00e1s de acuerdo con estos [&hellip;]<\/p>\n","protected":false},"author":1,"featured_media":0,"parent":0,"menu_order":0,"comment_status":"closed","ping_status":"closed","template":"","meta":{"footnotes":""},"class_list":["post-9270","page","type-page","status-publish","hentry"],"yoast_head":"<!-- This site is optimized with the Yoast SEO plugin v26.7 - https:\/\/yoast.com\/wordpress\/plugins\/seo\/ -->\n<title>T\u00e9rminos de Servicio - Bemonocromo<\/title>\n<meta name=\"robots\" content=\"index, follow, max-snippet:-1, max-image-preview:large, max-video-preview:-1\" \/>\n<link rel=\"canonical\" href=\"https:\/\/bemonocromo.com\/es\/terminos-de-servicio\/\" \/>\n<meta property=\"og:locale\" content=\"es_ES\" \/>\n<meta property=\"og:type\" content=\"article\" \/>\n<meta property=\"og:title\" content=\"T\u00e9rminos de Servicio - Bemonocromo\" \/>\n<meta property=\"og:description\" content=\"Bienvenido a BeMonocromo. Bemonocromo.com (El \u201cWebsite\u201d) se ofrece como un servicio para las personas. Por favor revisa las siguientes reglas b\u00e1sicas que gobiernan el uso de este \u201cWebsite\u201d. Por favor recuerda que al usar Bemonocromo.com o al realizar un pedido est\u00e1s aceptando seguir y limitarte por estos t\u00e9rminos. Si no est\u00e1s de acuerdo con estos [&hellip;]\" \/>\n<meta property=\"og:url\" content=\"https:\/\/bemonocromo.com\/es\/terminos-de-servicio\/\" \/>\n<meta property=\"og:site_name\" content=\"Bemonocromo\" \/>\n<meta property=\"article:modified_time\" content=\"2023-05-25T13:01:00+00:00\" \/>\n<meta name=\"twitter:card\" content=\"summary_large_image\" \/>\n<meta name=\"twitter:label1\" content=\"Tiempo de lectura\" \/>\n\t<meta name=\"twitter:data1\" content=\"4 minutos\" \/>\n<script type=\"application\/ld+json\" class=\"yoast-schema-graph\">{\"@context\":\"https:\/\/schema.org\",\"@graph\":[{\"@type\":\"WebPage\",\"@id\":\"https:\/\/bemonocromo.com\/es\/terminos-de-servicio\/\",\"url\":\"https:\/\/bemonocromo.com\/es\/terminos-de-servicio\/\",\"name\":\"T\u00e9rminos de Servicio - Bemonocromo\",\"isPartOf\":{\"@id\":\"https:\/\/bemonocromo.com\/es\/#website\"},\"datePublished\":\"2023-05-25T12:39:57+00:00\",\"dateModified\":\"2023-05-25T13:01:00+00:00\",\"breadcrumb\":{\"@id\":\"https:\/\/bemonocromo.com\/es\/terminos-de-servicio\/#breadcrumb\"},\"inLanguage\":\"es\",\"potentialAction\":[{\"@type\":\"ReadAction\",\"target\":[\"https:\/\/bemonocromo.com\/es\/terminos-de-servicio\/\"]}]},{\"@type\":\"BreadcrumbList\",\"@id\":\"https:\/\/bemonocromo.com\/es\/terminos-de-servicio\/#breadcrumb\",\"itemListElement\":[{\"@type\":\"ListItem\",\"position\":1,\"name\":\"Home\",\"item\":\"https:\/\/bemonocromo.com\/es\/\"},{\"@type\":\"ListItem\",\"position\":2,\"name\":\"T\u00e9rminos de Servicio\"}]},{\"@type\":\"WebSite\",\"@id\":\"https:\/\/bemonocromo.com\/es\/#website\",\"url\":\"https:\/\/bemonocromo.com\/es\/\",\"name\":\"Bemonocromo\",\"description\":\"The Power of Color\",\"publisher\":{\"@id\":\"https:\/\/bemonocromo.com\/es\/#organization\"},\"potentialAction\":[{\"@type\":\"SearchAction\",\"target\":{\"@type\":\"EntryPoint\",\"urlTemplate\":\"https:\/\/bemonocromo.com\/es\/?s={search_term_string}\"},\"query-input\":{\"@type\":\"PropertyValueSpecification\",\"valueRequired\":true,\"valueName\":\"search_term_string\"}}],\"inLanguage\":\"es\"},{\"@type\":\"Organization\",\"@id\":\"https:\/\/bemonocromo.com\/es\/#organization\",\"name\":\"Bemonocromo\",\"url\":\"https:\/\/bemonocromo.com\/es\/\",\"logo\":{\"@type\":\"ImageObject\",\"inLanguage\":\"es\",\"@id\":\"https:\/\/bemonocromo.com\/es\/#\/schema\/logo\/image\/\",\"url\":\"https:\/\/bemonocromo.com\/wp-content\/uploads\/2023\/04\/path43.png\",\"contentUrl\":\"https:\/\/bemonocromo.com\/wp-content\/uploads\/2023\/04\/path43.png\",\"width\":341,\"height\":48,\"caption\":\"Bemonocromo\"},\"image\":{\"@id\":\"https:\/\/bemonocromo.com\/es\/#\/schema\/logo\/image\/\"}}]}<\/script>\n<!-- \/ Yoast SEO plugin. -->","yoast_head_json":{"title":"T\u00e9rminos de Servicio - Bemonocromo","robots":{"index":"index","follow":"follow","max-snippet":"max-snippet:-1","max-image-preview":"max-image-preview:large","max-video-preview":"max-video-preview:-1"},"canonical":"https:\/\/bemonocromo.com\/es\/terminos-de-servicio\/","og_locale":"es_ES","og_type":"article","og_title":"T\u00e9rminos de Servicio - Bemonocromo","og_description":"Bienvenido a BeMonocromo. Bemonocromo.com (El \u201cWebsite\u201d) se ofrece como un servicio para las personas. Por favor revisa las siguientes reglas b\u00e1sicas que gobiernan el uso de este \u201cWebsite\u201d. Por favor recuerda que al usar Bemonocromo.com o al realizar un pedido est\u00e1s aceptando seguir y limitarte por estos t\u00e9rminos. Si no est\u00e1s de acuerdo con estos [&hellip;]","og_url":"https:\/\/bemonocromo.com\/es\/terminos-de-servicio\/","og_site_name":"Bemonocromo","article_modified_time":"2023-05-25T13:01:00+00:00","twitter_card":"summary_large_image","twitter_misc":{"Tiempo de lectura":"4 minutos"},"schema":{"@context":"https:\/\/schema.org","@graph":[{"@type":"WebPage","@id":"https:\/\/bemonocromo.com\/es\/terminos-de-servicio\/","url":"https:\/\/bemonocromo.com\/es\/terminos-de-servicio\/","name":"T\u00e9rminos de Servicio - Bemonocromo","isPartOf":{"@id":"https:\/\/bemonocromo.com\/es\/#website"},"datePublished":"2023-05-25T12:39:57+00:00","dateModified":"2023-05-25T13:01:00+00:00","breadcrumb":{"@id":"https:\/\/bemonocromo.com\/es\/terminos-de-servicio\/#breadcrumb"},"inLanguage":"es","potentialAction":[{"@type":"ReadAction","target":["https:\/\/bemonocromo.com\/es\/terminos-de-servicio\/"]}]},{"@type":"BreadcrumbList","@id":"https:\/\/bemonocromo.com\/es\/terminos-de-servicio\/#breadcrumb","itemListElement":[{"@type":"ListItem","position":1,"name":"Home","item":"https:\/\/bemonocromo.com\/es\/"},{"@type":"ListItem","position":2,"name":"T\u00e9rminos de Servicio"}]},{"@type":"WebSite","@id":"https:\/\/bemonocromo.com\/es\/#website","url":"https:\/\/bemonocromo.com\/es\/","name":"Bemonocromo","description":"The Power of Color","publisher":{"@id":"https:\/\/bemonocromo.com\/es\/#organization"},"potentialAction":[{"@type":"SearchAction","target":{"@type":"EntryPoint","urlTemplate":"https:\/\/bemonocromo.com\/es\/?s={search_term_string}"},"query-input":{"@type":"PropertyValueSpecification","valueRequired":true,"valueName":"search_term_string"}}],"inLanguage":"es"},{"@type":"Organization","@id":"https:\/\/bemonocromo.com\/es\/#organization","name":"Bemonocromo","url":"https:\/\/bemonocromo.com\/es\/","logo":{"@type":"ImageObject","inLanguage":"es","@id":"https:\/\/bemonocromo.com\/es\/#\/schema\/logo\/image\/","url":"https:\/\/bemonocromo.com\/wp-content\/uploads\/2023\/04\/path43.png","contentUrl":"https:\/\/bemonocromo.com\/wp-content\/uploads\/2023\/04\/path43.png","width":341,"height":48,"caption":"Bemonocromo"},"image":{"@id":"https:\/\/bemonocromo.com\/es\/#\/schema\/logo\/image\/"}}]}},"_links":{"self":[{"href":"https:\/\/bemonocromo.com\/es\/wp-json\/wp\/v2\/pages\/9270","targetHints":{"allow":["GET"]}}],"collection":[{"href":"https:\/\/bemonocromo.com\/es\/wp-json\/wp\/v2\/pages"}],"about":[{"href":"https:\/\/bemonocromo.com\/es\/wp-json\/wp\/v2\/types\/page"}],"author":[{"embeddable":true,"href":"https:\/\/bemonocromo.com\/es\/wp-json\/wp\/v2\/users\/1"}],"replies":[{"embeddable":true,"href":"https:\/\/bemonocromo.com\/es\/wp-json\/wp\/v2\/comments?post=9270"}],"version-history":[{"count":0,"href":"https:\/\/bemonocromo.com\/es\/wp-json\/wp\/v2\/pages\/9270\/revisions"}],"wp:attachment":[{"href":"https:\/\/bemonocromo.com\/es\/wp-json\/wp\/v2\/media?parent=9270"}],"curies":[{"name":"wp","href":"https:\/\/api.w.org\/{rel}","templated":true}]}}