{"id":10041,"date":"2023-09-08T23:13:28","date_gmt":"2023-09-08T23:13:28","guid":{"rendered":"https:\/\/bemonocromo.com\/?post_type=product&#038;p=10041"},"modified":"2025-11-27T21:49:53","modified_gmt":"2025-11-27T21:49:53","slug":"loving-top","status":"publish","type":"product","link":"https:\/\/bemonocromo.com\/es\/product\/loving-top\/","title":{"rendered":"Loving Top"},"content":{"rendered":"<p>Hecho con telas recicladas certificadas.<\/p>\n<p>La modelo usa talla S.<\/p>\n","protected":false},"excerpt":{"rendered":"<p><strong>Nuestra Loving Top tiene cuello redondo y un corte frontal geom\u00e9trico, que expresa nuestra amor hacia el equilibrio y la fluidez.<\/strong><\/p>\n<ul>\n<li>Elaborada con nuestro compromiso con la sostenibilidad, esta blusa est\u00e1 confeccionada con tejidos reciclados certificados. Compuesta por un 68% de poli\u00e9ster, un 29% de viscosa y un 3% de elast\u00e1no..<\/li>\n<li>Nuestra blusa se fabrica con orgullo en Colombia. Cada pieza se confecciona cuidadosamente prestando atenci\u00f3n a los detalles, lo que garantiza altos est\u00e1ndares de calidad.<\/li>\n<\/ul>\n","protected":false},"featured_media":10062,"comment_status":"open","ping_status":"closed","template":"","meta":[],"product_brand":[],"product_cat":[170,231],"product_tag":[],"class_list":{"0":"post-10041","1":"product","2":"type-product","3":"status-publish","4":"has-post-thumbnail","6":"product_cat-blusas-es","7":"product_cat-sale","9":"first","10":"instock","11":"sale","12":"featured","13":"shipping-taxable","14":"purchasable","15":"product-type-variable"},"yoast_head":"<!-- This site is optimized with the Yoast SEO plugin v27.3 - https:\/\/yoast.com\/product\/yoast-seo-wordpress\/ -->\n<title>Loving Top - Bemonocromo<\/title>\n<meta name=\"robots\" content=\"index, follow, max-snippet:-1, max-image-preview:large, max-video-preview:-1\" \/>\n<link rel=\"canonical\" href=\"https:\/\/bemonocromo.com\/es\/product\/loving-top\/\" \/>\n<meta property=\"og:locale\" content=\"es_ES\" \/>\n<meta property=\"og:type\" content=\"article\" \/>\n<meta property=\"og:title\" content=\"Loving Top - Bemonocromo\" \/>\n<meta property=\"og:description\" content=\"Nuestra Loving Top tiene cuello redondo y un corte frontal geom\u00e9trico, que expresa nuestra amor hacia el equilibrio y la fluidez.   Elaborada con nuestro compromiso con la sostenibilidad, esta blusa est\u00e1 confeccionada con tejidos reciclados certificados. Compuesta por un 68% de poli\u00e9ster, un 29% de viscosa y un 3% de elast\u00e1no..  Nuestra blusa se fabrica con orgullo en Colombia. Cada pieza se confecciona cuidadosamente prestando atenci\u00f3n a los detalles, lo que garantiza altos est\u00e1ndares de calidad.\" \/>\n<meta property=\"og:url\" content=\"https:\/\/bemonocromo.com\/es\/product\/loving-top\/\" \/>\n<meta property=\"og:site_name\" content=\"Bemonocromo\" \/>\n<meta property=\"article:modified_time\" content=\"2025-11-27T21:49:53+00:00\" \/>\n<meta property=\"og:image\" content=\"https:\/\/bemonocromo.com\/wp-content\/uploads\/2023\/09\/BeMonocromo9938-2-scaled.jpg\" \/>\n\t<meta property=\"og:image:width\" content=\"1707\" \/>\n\t<meta property=\"og:image:height\" content=\"2560\" \/>\n\t<meta property=\"og:image:type\" content=\"image\/jpeg\" \/>\n<meta name=\"twitter:card\" content=\"summary_large_image\" \/>\n<meta name=\"twitter:label1\" content=\"Tiempo de lectura\" \/>\n\t<meta name=\"twitter:data1\" content=\"1 minuto\" \/>\n<script type=\"application\/ld+json\" class=\"yoast-schema-graph\">{\"@context\":\"https:\\\/\\\/schema.org\",\"@graph\":[{\"@type\":\"WebPage\",\"@id\":\"https:\\\/\\\/bemonocromo.com\\\/es\\\/product\\\/loving-top\\\/\",\"url\":\"https:\\\/\\\/bemonocromo.com\\\/es\\\/product\\\/loving-top\\\/\",\"name\":\"Loving Top - Bemonocromo\",\"isPartOf\":{\"@id\":\"https:\\\/\\\/bemonocromo.com\\\/es\\\/#website\"},\"primaryImageOfPage\":{\"@id\":\"https:\\\/\\\/bemonocromo.com\\\/es\\\/product\\\/loving-top\\\/#primaryimage\"},\"image\":{\"@id\":\"https:\\\/\\\/bemonocromo.com\\\/es\\\/product\\\/loving-top\\\/#primaryimage\"},\"thumbnailUrl\":\"https:\\\/\\\/bemonocromo.com\\\/wp-content\\\/uploads\\\/2023\\\/09\\\/BeMonocromo9938-2-scaled.jpg\",\"datePublished\":\"2023-09-08T23:13:28+00:00\",\"dateModified\":\"2025-11-27T21:49:53+00:00\",\"breadcrumb\":{\"@id\":\"https:\\\/\\\/bemonocromo.com\\\/es\\\/product\\\/loving-top\\\/#breadcrumb\"},\"inLanguage\":\"es\",\"potentialAction\":[{\"@type\":\"ReadAction\",\"target\":[\"https:\\\/\\\/bemonocromo.com\\\/es\\\/product\\\/loving-top\\\/\"]}]},{\"@type\":\"ImageObject\",\"inLanguage\":\"es\",\"@id\":\"https:\\\/\\\/bemonocromo.com\\\/es\\\/product\\\/loving-top\\\/#primaryimage\",\"url\":\"https:\\\/\\\/bemonocromo.com\\\/wp-content\\\/uploads\\\/2023\\\/09\\\/BeMonocromo9938-2-scaled.jpg\",\"contentUrl\":\"https:\\\/\\\/bemonocromo.com\\\/wp-content\\\/uploads\\\/2023\\\/09\\\/BeMonocromo9938-2-scaled.jpg\",\"width\":1707,\"height\":2560},{\"@type\":\"BreadcrumbList\",\"@id\":\"https:\\\/\\\/bemonocromo.com\\\/es\\\/product\\\/loving-top\\\/#breadcrumb\",\"itemListElement\":[{\"@type\":\"ListItem\",\"position\":1,\"name\":\"Home\",\"item\":\"https:\\\/\\\/bemonocromo.com\\\/es\\\/\"},{\"@type\":\"ListItem\",\"position\":2,\"name\":\"Tienda\",\"item\":\"https:\\\/\\\/bemonocromo.com\\\/es\\\/tienda\\\/\"},{\"@type\":\"ListItem\",\"position\":3,\"name\":\"Loving Top\"}]},{\"@type\":\"WebSite\",\"@id\":\"https:\\\/\\\/bemonocromo.com\\\/es\\\/#website\",\"url\":\"https:\\\/\\\/bemonocromo.com\\\/es\\\/\",\"name\":\"Bemonocromo\",\"description\":\"The Power of Color\",\"publisher\":{\"@id\":\"https:\\\/\\\/bemonocromo.com\\\/es\\\/#organization\"},\"potentialAction\":[{\"@type\":\"SearchAction\",\"target\":{\"@type\":\"EntryPoint\",\"urlTemplate\":\"https:\\\/\\\/bemonocromo.com\\\/es\\\/?s={search_term_string}\"},\"query-input\":{\"@type\":\"PropertyValueSpecification\",\"valueRequired\":true,\"valueName\":\"search_term_string\"}}],\"inLanguage\":\"es\"},{\"@type\":\"Organization\",\"@id\":\"https:\\\/\\\/bemonocromo.com\\\/es\\\/#organization\",\"name\":\"Bemonocromo\",\"url\":\"https:\\\/\\\/bemonocromo.com\\\/es\\\/\",\"logo\":{\"@type\":\"ImageObject\",\"inLanguage\":\"es\",\"@id\":\"https:\\\/\\\/bemonocromo.com\\\/es\\\/#\\\/schema\\\/logo\\\/image\\\/\",\"url\":\"https:\\\/\\\/bemonocromo.com\\\/wp-content\\\/uploads\\\/2023\\\/04\\\/path43.png\",\"contentUrl\":\"https:\\\/\\\/bemonocromo.com\\\/wp-content\\\/uploads\\\/2023\\\/04\\\/path43.png\",\"width\":341,\"height\":48,\"caption\":\"Bemonocromo\"},\"image\":{\"@id\":\"https:\\\/\\\/bemonocromo.com\\\/es\\\/#\\\/schema\\\/logo\\\/image\\\/\"}}]}<\/script>\n<!-- \/ Yoast SEO plugin. -->","yoast_head_json":{"title":"Loving Top - Bemonocromo","robots":{"index":"index","follow":"follow","max-snippet":"max-snippet:-1","max-image-preview":"max-image-preview:large","max-video-preview":"max-video-preview:-1"},"canonical":"https:\/\/bemonocromo.com\/es\/product\/loving-top\/","og_locale":"es_ES","og_type":"article","og_title":"Loving Top - Bemonocromo","og_description":"Nuestra Loving Top tiene cuello redondo y un corte frontal geom\u00e9trico, que expresa nuestra amor hacia el equilibrio y la fluidez.   Elaborada con nuestro compromiso con la sostenibilidad, esta blusa est\u00e1 confeccionada con tejidos reciclados certificados. Compuesta por un 68% de poli\u00e9ster, un 29% de viscosa y un 3% de elast\u00e1no..  Nuestra blusa se fabrica con orgullo en Colombia. Cada pieza se confecciona cuidadosamente prestando atenci\u00f3n a los detalles, lo que garantiza altos est\u00e1ndares de calidad.","og_url":"https:\/\/bemonocromo.com\/es\/product\/loving-top\/","og_site_name":"Bemonocromo","article_modified_time":"2025-11-27T21:49:53+00:00","og_image":[{"width":1707,"height":2560,"url":"https:\/\/bemonocromo.com\/wp-content\/uploads\/2023\/09\/BeMonocromo9938-2-scaled.jpg","type":"image\/jpeg"}],"twitter_card":"summary_large_image","twitter_misc":{"Tiempo de lectura":"1 minuto"},"schema":{"@context":"https:\/\/schema.org","@graph":[{"@type":"WebPage","@id":"https:\/\/bemonocromo.com\/es\/product\/loving-top\/","url":"https:\/\/bemonocromo.com\/es\/product\/loving-top\/","name":"Loving Top - Bemonocromo","isPartOf":{"@id":"https:\/\/bemonocromo.com\/es\/#website"},"primaryImageOfPage":{"@id":"https:\/\/bemonocromo.com\/es\/product\/loving-top\/#primaryimage"},"image":{"@id":"https:\/\/bemonocromo.com\/es\/product\/loving-top\/#primaryimage"},"thumbnailUrl":"https:\/\/bemonocromo.com\/wp-content\/uploads\/2023\/09\/BeMonocromo9938-2-scaled.jpg","datePublished":"2023-09-08T23:13:28+00:00","dateModified":"2025-11-27T21:49:53+00:00","breadcrumb":{"@id":"https:\/\/bemonocromo.com\/es\/product\/loving-top\/#breadcrumb"},"inLanguage":"es","potentialAction":[{"@type":"ReadAction","target":["https:\/\/bemonocromo.com\/es\/product\/loving-top\/"]}]},{"@type":"ImageObject","inLanguage":"es","@id":"https:\/\/bemonocromo.com\/es\/product\/loving-top\/#primaryimage","url":"https:\/\/bemonocromo.com\/wp-content\/uploads\/2023\/09\/BeMonocromo9938-2-scaled.jpg","contentUrl":"https:\/\/bemonocromo.com\/wp-content\/uploads\/2023\/09\/BeMonocromo9938-2-scaled.jpg","width":1707,"height":2560},{"@type":"BreadcrumbList","@id":"https:\/\/bemonocromo.com\/es\/product\/loving-top\/#breadcrumb","itemListElement":[{"@type":"ListItem","position":1,"name":"Home","item":"https:\/\/bemonocromo.com\/es\/"},{"@type":"ListItem","position":2,"name":"Tienda","item":"https:\/\/bemonocromo.com\/es\/tienda\/"},{"@type":"ListItem","position":3,"name":"Loving Top"}]},{"@type":"WebSite","@id":"https:\/\/bemonocromo.com\/es\/#website","url":"https:\/\/bemonocromo.com\/es\/","name":"Bemonocromo","description":"The Power of Color","publisher":{"@id":"https:\/\/bemonocromo.com\/es\/#organization"},"potentialAction":[{"@type":"SearchAction","target":{"@type":"EntryPoint","urlTemplate":"https:\/\/bemonocromo.com\/es\/?s={search_term_string}"},"query-input":{"@type":"PropertyValueSpecification","valueRequired":true,"valueName":"search_term_string"}}],"inLanguage":"es"},{"@type":"Organization","@id":"https:\/\/bemonocromo.com\/es\/#organization","name":"Bemonocromo","url":"https:\/\/bemonocromo.com\/es\/","logo":{"@type":"ImageObject","inLanguage":"es","@id":"https:\/\/bemonocromo.com\/es\/#\/schema\/logo\/image\/","url":"https:\/\/bemonocromo.com\/wp-content\/uploads\/2023\/04\/path43.png","contentUrl":"https:\/\/bemonocromo.com\/wp-content\/uploads\/2023\/04\/path43.png","width":341,"height":48,"caption":"Bemonocromo"},"image":{"@id":"https:\/\/bemonocromo.com\/es\/#\/schema\/logo\/image\/"}}]}},"_links":{"self":[{"href":"https:\/\/bemonocromo.com\/es\/wp-json\/wp\/v2\/product\/10041","targetHints":{"allow":["GET"]}}],"collection":[{"href":"https:\/\/bemonocromo.com\/es\/wp-json\/wp\/v2\/product"}],"about":[{"href":"https:\/\/bemonocromo.com\/es\/wp-json\/wp\/v2\/types\/product"}],"replies":[{"embeddable":true,"href":"https:\/\/bemonocromo.com\/es\/wp-json\/wp\/v2\/comments?post=10041"}],"version-history":[{"count":1,"href":"https:\/\/bemonocromo.com\/es\/wp-json\/wp\/v2\/product\/10041\/revisions"}],"predecessor-version":[{"id":13051,"href":"https:\/\/bemonocromo.com\/es\/wp-json\/wp\/v2\/product\/10041\/revisions\/13051"}],"wp:featuredmedia":[{"embeddable":true,"href":"https:\/\/bemonocromo.com\/es\/wp-json\/wp\/v2\/media\/10062"}],"wp:attachment":[{"href":"https:\/\/bemonocromo.com\/es\/wp-json\/wp\/v2\/media?parent=10041"}],"wp:term":[{"taxonomy":"product_brand","embeddable":true,"href":"https:\/\/bemonocromo.com\/es\/wp-json\/wp\/v2\/product_brand?post=10041"},{"taxonomy":"product_cat","embeddable":true,"href":"https:\/\/bemonocromo.com\/es\/wp-json\/wp\/v2\/product_cat?post=10041"},{"taxonomy":"product_tag","embeddable":true,"href":"https:\/\/bemonocromo.com\/es\/wp-json\/wp\/v2\/product_tag?post=10041"}],"curies":[{"name":"wp","href":"https:\/\/api.w.org\/{rel}","templated":true}]}}