{"id":10451,"date":"2023-12-06T16:57:15","date_gmt":"2023-12-06T16:57:15","guid":{"rendered":"https:\/\/bemonocromo.com\/?post_type=product&#038;p=10451"},"modified":"2024-11-26T22:59:05","modified_gmt":"2024-11-26T22:59:05","slug":"heart-top-copy","status":"publish","type":"product","link":"https:\/\/bemonocromo.com\/es\/product\/heart-top-copy\/","title":{"rendered":"Bikini Connect"},"content":{"rendered":"<p>La modelo est\u00e1 usando talla Small en ambas piezas.<\/p>\n<p>Telas recicladas colombianas.<\/p>\n","protected":false},"excerpt":{"rendered":"<p><strong>Nuestro estampado azul nos hace conscientes del poder azul y la arquitectura art\u00edstica de nuestra ropa. Este bikini tiene la parte de abajo con tiro alto y un top que est\u00e1 dise\u00f1ado para todo tipo de cuerpo. Los puedes usa con m\u00faltiples outfits, porque el print regala un toque \u00fanico que te exalta en cualquier ocasi\u00f3n.<\/strong><\/p>\n<ul>\n<li>Hecho con 81% Polyester y 19% lycra reciclada, tiene una tela que no solo aporta al medio ambiente, sino que sus tintes <strong>son hechos de manera responsable y est\u00e1 cuidadosamente hecha para ajustarse al cuerpo con facilidad.<\/strong><\/li>\n<li>Nuestra manufactura es colombiana porque apoyamos la <strong>formalizaci\u00f3n laboral de las mujeres<\/strong> que con toda su experiencia y cari\u00f1o, entregan lo mejor de ellas mismas en cada una de nuestras creaciones.<\/li>\n<\/ul>\n<p>\u00bfCu\u00e1l es mi talla?<\/p>\n<p><img decoding=\"async\" class=\"alignnone wp-image-11426 size-full\" src=\"https:\/\/bemonocromo.com\/wp-content\/uploads\/2024\/11\/Screen-Shot-2024-11-26-at-17.54.32.png\" alt=\"\" width=\"672\" height=\"110\" srcset=\"https:\/\/bemonocromo.com\/wp-content\/uploads\/2024\/11\/Screen-Shot-2024-11-26-at-17.54.32.png 672w, https:\/\/bemonocromo.com\/wp-content\/uploads\/2024\/11\/Screen-Shot-2024-11-26-at-17.54.32-300x49.png 300w, https:\/\/bemonocromo.com\/wp-content\/uploads\/2024\/11\/Screen-Shot-2024-11-26-at-17.54.32-400x65.png 400w, https:\/\/bemonocromo.com\/wp-content\/uploads\/2024\/11\/Screen-Shot-2024-11-26-at-17.54.32-600x98.png 600w\" sizes=\"(max-width: 672px) 100vw, 672px\" \/><\/p>\n","protected":false},"featured_media":10480,"comment_status":"open","ping_status":"closed","template":"","meta":[],"product_brand":[],"product_cat":[220],"product_tag":[],"class_list":{"0":"post-10451","1":"product","2":"type-product","3":"status-publish","4":"has-post-thumbnail","6":"product_cat-vestidos-de-bano","8":"first","9":"instock","10":"shipping-taxable","11":"purchasable","12":"product-type-variable","13":"has-default-attributes"},"yoast_head":"<!-- This site is optimized with the Yoast SEO plugin v27.3 - https:\/\/yoast.com\/product\/yoast-seo-wordpress\/ -->\n<title>Bikini Connect - Bemonocromo<\/title>\n<meta name=\"robots\" content=\"index, follow, max-snippet:-1, max-image-preview:large, max-video-preview:-1\" \/>\n<link rel=\"canonical\" href=\"https:\/\/bemonocromo.com\/es\/product\/heart-top-copy\/\" \/>\n<meta property=\"og:locale\" content=\"es_ES\" \/>\n<meta property=\"og:type\" content=\"article\" \/>\n<meta property=\"og:title\" content=\"Bikini Connect - Bemonocromo\" \/>\n<meta property=\"og:description\" content=\"Nuestro estampado azul nos hace conscientes del poder azul y la arquitectura art\u00edstica de nuestra ropa. Este bikini tiene la parte de abajo con tiro alto y un top que est\u00e1 dise\u00f1ado para todo tipo de cuerpo. Los puedes usa con m\u00faltiples outfits, porque el print regala un toque \u00fanico que te exalta en cualquier ocasi\u00f3n.   Hecho con 81% Polyester y 19% lycra reciclada, tiene una tela que no solo aporta al medio ambiente, sino que sus tintes son hechos de manera responsable y est\u00e1 cuidadosamente hecha para ajustarse al cuerpo con facilidad.  Nuestra manufactura es colombiana porque apoyamos la formalizaci\u00f3n laboral de las mujeres que con toda su experiencia y cari\u00f1o, entregan lo mejor de ellas mismas en cada una de nuestras creaciones.  \u00bfCu\u00e1l es mi talla?\" \/>\n<meta property=\"og:url\" content=\"https:\/\/bemonocromo.com\/es\/product\/heart-top-copy\/\" \/>\n<meta property=\"og:site_name\" content=\"Bemonocromo\" \/>\n<meta property=\"article:modified_time\" content=\"2024-11-26T22:59:05+00:00\" \/>\n<meta property=\"og:image\" content=\"https:\/\/bemonocromo.com\/wp-content\/uploads\/2023\/12\/866A0353-scaled.jpg\" \/>\n\t<meta property=\"og:image:width\" content=\"1707\" \/>\n\t<meta property=\"og:image:height\" content=\"2560\" \/>\n\t<meta property=\"og:image:type\" content=\"image\/jpeg\" \/>\n<meta name=\"twitter:card\" content=\"summary_large_image\" \/>\n<meta name=\"twitter:label1\" content=\"Tiempo de lectura\" \/>\n\t<meta name=\"twitter:data1\" content=\"1 minuto\" \/>\n<script type=\"application\/ld+json\" class=\"yoast-schema-graph\">{\"@context\":\"https:\\\/\\\/schema.org\",\"@graph\":[{\"@type\":\"WebPage\",\"@id\":\"https:\\\/\\\/bemonocromo.com\\\/es\\\/product\\\/heart-top-copy\\\/\",\"url\":\"https:\\\/\\\/bemonocromo.com\\\/es\\\/product\\\/heart-top-copy\\\/\",\"name\":\"Bikini Connect - Bemonocromo\",\"isPartOf\":{\"@id\":\"https:\\\/\\\/bemonocromo.com\\\/es\\\/#website\"},\"primaryImageOfPage\":{\"@id\":\"https:\\\/\\\/bemonocromo.com\\\/es\\\/product\\\/heart-top-copy\\\/#primaryimage\"},\"image\":{\"@id\":\"https:\\\/\\\/bemonocromo.com\\\/es\\\/product\\\/heart-top-copy\\\/#primaryimage\"},\"thumbnailUrl\":\"https:\\\/\\\/bemonocromo.com\\\/wp-content\\\/uploads\\\/2023\\\/12\\\/866A0353-scaled.jpg\",\"datePublished\":\"2023-12-06T16:57:15+00:00\",\"dateModified\":\"2024-11-26T22:59:05+00:00\",\"breadcrumb\":{\"@id\":\"https:\\\/\\\/bemonocromo.com\\\/es\\\/product\\\/heart-top-copy\\\/#breadcrumb\"},\"inLanguage\":\"es\",\"potentialAction\":[{\"@type\":\"ReadAction\",\"target\":[\"https:\\\/\\\/bemonocromo.com\\\/es\\\/product\\\/heart-top-copy\\\/\"]}]},{\"@type\":\"ImageObject\",\"inLanguage\":\"es\",\"@id\":\"https:\\\/\\\/bemonocromo.com\\\/es\\\/product\\\/heart-top-copy\\\/#primaryimage\",\"url\":\"https:\\\/\\\/bemonocromo.com\\\/wp-content\\\/uploads\\\/2023\\\/12\\\/866A0353-scaled.jpg\",\"contentUrl\":\"https:\\\/\\\/bemonocromo.com\\\/wp-content\\\/uploads\\\/2023\\\/12\\\/866A0353-scaled.jpg\",\"width\":1707,\"height\":2560},{\"@type\":\"BreadcrumbList\",\"@id\":\"https:\\\/\\\/bemonocromo.com\\\/es\\\/product\\\/heart-top-copy\\\/#breadcrumb\",\"itemListElement\":[{\"@type\":\"ListItem\",\"position\":1,\"name\":\"Home\",\"item\":\"https:\\\/\\\/bemonocromo.com\\\/es\\\/\"},{\"@type\":\"ListItem\",\"position\":2,\"name\":\"Tienda\",\"item\":\"https:\\\/\\\/bemonocromo.com\\\/es\\\/tienda\\\/\"},{\"@type\":\"ListItem\",\"position\":3,\"name\":\"Bikini Connect\"}]},{\"@type\":\"WebSite\",\"@id\":\"https:\\\/\\\/bemonocromo.com\\\/es\\\/#website\",\"url\":\"https:\\\/\\\/bemonocromo.com\\\/es\\\/\",\"name\":\"Bemonocromo\",\"description\":\"The Power of Color\",\"publisher\":{\"@id\":\"https:\\\/\\\/bemonocromo.com\\\/es\\\/#organization\"},\"potentialAction\":[{\"@type\":\"SearchAction\",\"target\":{\"@type\":\"EntryPoint\",\"urlTemplate\":\"https:\\\/\\\/bemonocromo.com\\\/es\\\/?s={search_term_string}\"},\"query-input\":{\"@type\":\"PropertyValueSpecification\",\"valueRequired\":true,\"valueName\":\"search_term_string\"}}],\"inLanguage\":\"es\"},{\"@type\":\"Organization\",\"@id\":\"https:\\\/\\\/bemonocromo.com\\\/es\\\/#organization\",\"name\":\"Bemonocromo\",\"url\":\"https:\\\/\\\/bemonocromo.com\\\/es\\\/\",\"logo\":{\"@type\":\"ImageObject\",\"inLanguage\":\"es\",\"@id\":\"https:\\\/\\\/bemonocromo.com\\\/es\\\/#\\\/schema\\\/logo\\\/image\\\/\",\"url\":\"https:\\\/\\\/bemonocromo.com\\\/wp-content\\\/uploads\\\/2023\\\/04\\\/path43.png\",\"contentUrl\":\"https:\\\/\\\/bemonocromo.com\\\/wp-content\\\/uploads\\\/2023\\\/04\\\/path43.png\",\"width\":341,\"height\":48,\"caption\":\"Bemonocromo\"},\"image\":{\"@id\":\"https:\\\/\\\/bemonocromo.com\\\/es\\\/#\\\/schema\\\/logo\\\/image\\\/\"}}]}<\/script>\n<!-- \/ Yoast SEO plugin. -->","yoast_head_json":{"title":"Bikini Connect - Bemonocromo","robots":{"index":"index","follow":"follow","max-snippet":"max-snippet:-1","max-image-preview":"max-image-preview:large","max-video-preview":"max-video-preview:-1"},"canonical":"https:\/\/bemonocromo.com\/es\/product\/heart-top-copy\/","og_locale":"es_ES","og_type":"article","og_title":"Bikini Connect - Bemonocromo","og_description":"Nuestro estampado azul nos hace conscientes del poder azul y la arquitectura art\u00edstica de nuestra ropa. Este bikini tiene la parte de abajo con tiro alto y un top que est\u00e1 dise\u00f1ado para todo tipo de cuerpo. Los puedes usa con m\u00faltiples outfits, porque el print regala un toque \u00fanico que te exalta en cualquier ocasi\u00f3n.   Hecho con 81% Polyester y 19% lycra reciclada, tiene una tela que no solo aporta al medio ambiente, sino que sus tintes son hechos de manera responsable y est\u00e1 cuidadosamente hecha para ajustarse al cuerpo con facilidad.  Nuestra manufactura es colombiana porque apoyamos la formalizaci\u00f3n laboral de las mujeres que con toda su experiencia y cari\u00f1o, entregan lo mejor de ellas mismas en cada una de nuestras creaciones.  \u00bfCu\u00e1l es mi talla?","og_url":"https:\/\/bemonocromo.com\/es\/product\/heart-top-copy\/","og_site_name":"Bemonocromo","article_modified_time":"2024-11-26T22:59:05+00:00","og_image":[{"width":1707,"height":2560,"url":"https:\/\/bemonocromo.com\/wp-content\/uploads\/2023\/12\/866A0353-scaled.jpg","type":"image\/jpeg"}],"twitter_card":"summary_large_image","twitter_misc":{"Tiempo de lectura":"1 minuto"},"schema":{"@context":"https:\/\/schema.org","@graph":[{"@type":"WebPage","@id":"https:\/\/bemonocromo.com\/es\/product\/heart-top-copy\/","url":"https:\/\/bemonocromo.com\/es\/product\/heart-top-copy\/","name":"Bikini Connect - Bemonocromo","isPartOf":{"@id":"https:\/\/bemonocromo.com\/es\/#website"},"primaryImageOfPage":{"@id":"https:\/\/bemonocromo.com\/es\/product\/heart-top-copy\/#primaryimage"},"image":{"@id":"https:\/\/bemonocromo.com\/es\/product\/heart-top-copy\/#primaryimage"},"thumbnailUrl":"https:\/\/bemonocromo.com\/wp-content\/uploads\/2023\/12\/866A0353-scaled.jpg","datePublished":"2023-12-06T16:57:15+00:00","dateModified":"2024-11-26T22:59:05+00:00","breadcrumb":{"@id":"https:\/\/bemonocromo.com\/es\/product\/heart-top-copy\/#breadcrumb"},"inLanguage":"es","potentialAction":[{"@type":"ReadAction","target":["https:\/\/bemonocromo.com\/es\/product\/heart-top-copy\/"]}]},{"@type":"ImageObject","inLanguage":"es","@id":"https:\/\/bemonocromo.com\/es\/product\/heart-top-copy\/#primaryimage","url":"https:\/\/bemonocromo.com\/wp-content\/uploads\/2023\/12\/866A0353-scaled.jpg","contentUrl":"https:\/\/bemonocromo.com\/wp-content\/uploads\/2023\/12\/866A0353-scaled.jpg","width":1707,"height":2560},{"@type":"BreadcrumbList","@id":"https:\/\/bemonocromo.com\/es\/product\/heart-top-copy\/#breadcrumb","itemListElement":[{"@type":"ListItem","position":1,"name":"Home","item":"https:\/\/bemonocromo.com\/es\/"},{"@type":"ListItem","position":2,"name":"Tienda","item":"https:\/\/bemonocromo.com\/es\/tienda\/"},{"@type":"ListItem","position":3,"name":"Bikini Connect"}]},{"@type":"WebSite","@id":"https:\/\/bemonocromo.com\/es\/#website","url":"https:\/\/bemonocromo.com\/es\/","name":"Bemonocromo","description":"The Power of Color","publisher":{"@id":"https:\/\/bemonocromo.com\/es\/#organization"},"potentialAction":[{"@type":"SearchAction","target":{"@type":"EntryPoint","urlTemplate":"https:\/\/bemonocromo.com\/es\/?s={search_term_string}"},"query-input":{"@type":"PropertyValueSpecification","valueRequired":true,"valueName":"search_term_string"}}],"inLanguage":"es"},{"@type":"Organization","@id":"https:\/\/bemonocromo.com\/es\/#organization","name":"Bemonocromo","url":"https:\/\/bemonocromo.com\/es\/","logo":{"@type":"ImageObject","inLanguage":"es","@id":"https:\/\/bemonocromo.com\/es\/#\/schema\/logo\/image\/","url":"https:\/\/bemonocromo.com\/wp-content\/uploads\/2023\/04\/path43.png","contentUrl":"https:\/\/bemonocromo.com\/wp-content\/uploads\/2023\/04\/path43.png","width":341,"height":48,"caption":"Bemonocromo"},"image":{"@id":"https:\/\/bemonocromo.com\/es\/#\/schema\/logo\/image\/"}}]}},"_links":{"self":[{"href":"https:\/\/bemonocromo.com\/es\/wp-json\/wp\/v2\/product\/10451","targetHints":{"allow":["GET"]}}],"collection":[{"href":"https:\/\/bemonocromo.com\/es\/wp-json\/wp\/v2\/product"}],"about":[{"href":"https:\/\/bemonocromo.com\/es\/wp-json\/wp\/v2\/types\/product"}],"replies":[{"embeddable":true,"href":"https:\/\/bemonocromo.com\/es\/wp-json\/wp\/v2\/comments?post=10451"}],"version-history":[{"count":0,"href":"https:\/\/bemonocromo.com\/es\/wp-json\/wp\/v2\/product\/10451\/revisions"}],"wp:featuredmedia":[{"embeddable":true,"href":"https:\/\/bemonocromo.com\/es\/wp-json\/wp\/v2\/media\/10480"}],"wp:attachment":[{"href":"https:\/\/bemonocromo.com\/es\/wp-json\/wp\/v2\/media?parent=10451"}],"wp:term":[{"taxonomy":"product_brand","embeddable":true,"href":"https:\/\/bemonocromo.com\/es\/wp-json\/wp\/v2\/product_brand?post=10451"},{"taxonomy":"product_cat","embeddable":true,"href":"https:\/\/bemonocromo.com\/es\/wp-json\/wp\/v2\/product_cat?post=10451"},{"taxonomy":"product_tag","embeddable":true,"href":"https:\/\/bemonocromo.com\/es\/wp-json\/wp\/v2\/product_tag?post=10451"}],"curies":[{"name":"wp","href":"https:\/\/api.w.org\/{rel}","templated":true}]}}