{"id":10513,"date":"2023-12-06T17:53:16","date_gmt":"2023-12-06T17:53:16","guid":{"rendered":"https:\/\/bemonocromo.com\/?post_type=product&#038;p=10513"},"modified":"2024-11-26T22:40:57","modified_gmt":"2024-11-26T22:40:57","slug":"heart-top-copy-copy-copy","status":"publish","type":"product","link":"https:\/\/bemonocromo.com\/es\/product\/heart-top-copy-copy-copy\/","title":{"rendered":"Lux Swimwear"},"content":{"rendered":"<p>Telas recicladas certificadas. Hechas en Colombia.<\/p>\n<p>La modelo est\u00e1 usando talla S.<\/p>\n","protected":false},"excerpt":{"rendered":"<p><strong>Confeccionada con lycra reciclada y un dise\u00f1o geom\u00e9trico que combina naranja, amarillo y blanco, esta pieza refleja nuestra pasi\u00f3n por la elegancia atemporal y el dise\u00f1o contempor\u00e1neo. Representa nuestra creencia en la energ\u00eda transformadora de lo que vestimos, elevando tanto el estilo como el esp\u00edritu.<\/strong><\/p>\n<ul>\n<li>Hecho con 81% Polyester y 19% lycra reciclada, tiene una tela que no solo aporta al medio ambiente, sino que sus tintes <strong>son hechos de manera responsable y est\u00e1 cuidadosamente hecha para ajustarse al cuerpo con facilidad.<\/strong><\/li>\n<li>Nuestra manufactura es colombiana porque apoyamos la <strong>formalizaci\u00f3n laboral de las mujeres<\/strong> que con toda su experiencia y cari\u00f1o, entregan lo mejor de ellas mismas en cada una de nuestras creaciones.<\/li>\n<\/ul>\n<p>\u00bfCu\u00e1l es mi talla?<\/p>\n<p><img decoding=\"async\" class=\"alignnone size-full wp-image-9668\" src=\"https:\/\/bemonocromo.com\/\/wp-content\/uploads\/2023\/06\/heart.jpg\" alt=\"\" width=\"1180\" height=\"199\" srcset=\"https:\/\/bemonocromo.com\/wp-content\/uploads\/2023\/06\/heart.jpg 1180w, https:\/\/bemonocromo.com\/wp-content\/uploads\/2023\/06\/heart-300x51.jpg 300w, https:\/\/bemonocromo.com\/wp-content\/uploads\/2023\/06\/heart-1024x173.jpg 1024w, https:\/\/bemonocromo.com\/wp-content\/uploads\/2023\/06\/heart-768x130.jpg 768w, https:\/\/bemonocromo.com\/wp-content\/uploads\/2023\/06\/heart-600x101.jpg 600w\" sizes=\"(max-width: 1180px) 100vw, 1180px\" \/><\/p>\n","protected":false},"featured_media":10523,"comment_status":"open","ping_status":"closed","template":"","meta":[],"product_brand":[],"product_cat":[220],"product_tag":[],"class_list":{"0":"post-10513","1":"product","2":"type-product","3":"status-publish","4":"has-post-thumbnail","6":"product_cat-vestidos-de-bano","8":"first","9":"outofstock","10":"shipping-taxable","11":"purchasable","12":"product-type-variable","13":"has-default-attributes"},"yoast_head":"<!-- This site is optimized with the Yoast SEO plugin v27.3 - https:\/\/yoast.com\/product\/yoast-seo-wordpress\/ -->\n<title>Lux Swimwear - Bemonocromo<\/title>\n<meta name=\"robots\" content=\"index, follow, max-snippet:-1, max-image-preview:large, max-video-preview:-1\" \/>\n<link rel=\"canonical\" href=\"https:\/\/bemonocromo.com\/es\/product\/heart-top-copy-copy-copy\/\" \/>\n<meta property=\"og:locale\" content=\"es_ES\" \/>\n<meta property=\"og:type\" content=\"article\" \/>\n<meta property=\"og:title\" content=\"Lux Swimwear - Bemonocromo\" \/>\n<meta property=\"og:description\" content=\"Confeccionada con lycra reciclada y un dise\u00f1o geom\u00e9trico que combina naranja, amarillo y blanco, esta pieza refleja nuestra pasi\u00f3n por la elegancia atemporal y el dise\u00f1o contempor\u00e1neo. Representa nuestra creencia en la energ\u00eda transformadora de lo que vestimos, elevando tanto el estilo como el esp\u00edritu.   Hecho con 81% Polyester y 19% lycra reciclada, tiene una tela que no solo aporta al medio ambiente, sino que sus tintes son hechos de manera responsable y est\u00e1 cuidadosamente hecha para ajustarse al cuerpo con facilidad.  Nuestra manufactura es colombiana porque apoyamos la formalizaci\u00f3n laboral de las mujeres que con toda su experiencia y cari\u00f1o, entregan lo mejor de ellas mismas en cada una de nuestras creaciones.  \u00bfCu\u00e1l es mi talla?\" \/>\n<meta property=\"og:url\" content=\"https:\/\/bemonocromo.com\/es\/product\/heart-top-copy-copy-copy\/\" \/>\n<meta property=\"og:site_name\" content=\"Bemonocromo\" \/>\n<meta property=\"article:modified_time\" content=\"2024-11-26T22:40:57+00:00\" \/>\n<meta property=\"og:image\" content=\"https:\/\/bemonocromo.com\/wp-content\/uploads\/2023\/12\/866A0487-scaled.jpg\" \/>\n\t<meta property=\"og:image:width\" content=\"1707\" \/>\n\t<meta property=\"og:image:height\" content=\"2560\" \/>\n\t<meta property=\"og:image:type\" content=\"image\/jpeg\" \/>\n<meta name=\"twitter:card\" content=\"summary_large_image\" \/>\n<script type=\"application\/ld+json\" class=\"yoast-schema-graph\">{\"@context\":\"https:\\\/\\\/schema.org\",\"@graph\":[{\"@type\":\"WebPage\",\"@id\":\"https:\\\/\\\/bemonocromo.com\\\/es\\\/product\\\/heart-top-copy-copy-copy\\\/\",\"url\":\"https:\\\/\\\/bemonocromo.com\\\/es\\\/product\\\/heart-top-copy-copy-copy\\\/\",\"name\":\"Lux Swimwear - Bemonocromo\",\"isPartOf\":{\"@id\":\"https:\\\/\\\/bemonocromo.com\\\/es\\\/#website\"},\"primaryImageOfPage\":{\"@id\":\"https:\\\/\\\/bemonocromo.com\\\/es\\\/product\\\/heart-top-copy-copy-copy\\\/#primaryimage\"},\"image\":{\"@id\":\"https:\\\/\\\/bemonocromo.com\\\/es\\\/product\\\/heart-top-copy-copy-copy\\\/#primaryimage\"},\"thumbnailUrl\":\"https:\\\/\\\/bemonocromo.com\\\/wp-content\\\/uploads\\\/2023\\\/12\\\/866A0487-scaled.jpg\",\"datePublished\":\"2023-12-06T17:53:16+00:00\",\"dateModified\":\"2024-11-26T22:40:57+00:00\",\"breadcrumb\":{\"@id\":\"https:\\\/\\\/bemonocromo.com\\\/es\\\/product\\\/heart-top-copy-copy-copy\\\/#breadcrumb\"},\"inLanguage\":\"es\",\"potentialAction\":[{\"@type\":\"ReadAction\",\"target\":[\"https:\\\/\\\/bemonocromo.com\\\/es\\\/product\\\/heart-top-copy-copy-copy\\\/\"]}]},{\"@type\":\"ImageObject\",\"inLanguage\":\"es\",\"@id\":\"https:\\\/\\\/bemonocromo.com\\\/es\\\/product\\\/heart-top-copy-copy-copy\\\/#primaryimage\",\"url\":\"https:\\\/\\\/bemonocromo.com\\\/wp-content\\\/uploads\\\/2023\\\/12\\\/866A0487-scaled.jpg\",\"contentUrl\":\"https:\\\/\\\/bemonocromo.com\\\/wp-content\\\/uploads\\\/2023\\\/12\\\/866A0487-scaled.jpg\",\"width\":1707,\"height\":2560},{\"@type\":\"BreadcrumbList\",\"@id\":\"https:\\\/\\\/bemonocromo.com\\\/es\\\/product\\\/heart-top-copy-copy-copy\\\/#breadcrumb\",\"itemListElement\":[{\"@type\":\"ListItem\",\"position\":1,\"name\":\"Home\",\"item\":\"https:\\\/\\\/bemonocromo.com\\\/es\\\/\"},{\"@type\":\"ListItem\",\"position\":2,\"name\":\"Tienda\",\"item\":\"https:\\\/\\\/bemonocromo.com\\\/es\\\/tienda\\\/\"},{\"@type\":\"ListItem\",\"position\":3,\"name\":\"Lux Swimwear\"}]},{\"@type\":\"WebSite\",\"@id\":\"https:\\\/\\\/bemonocromo.com\\\/es\\\/#website\",\"url\":\"https:\\\/\\\/bemonocromo.com\\\/es\\\/\",\"name\":\"Bemonocromo\",\"description\":\"The Power of Color\",\"publisher\":{\"@id\":\"https:\\\/\\\/bemonocromo.com\\\/es\\\/#organization\"},\"potentialAction\":[{\"@type\":\"SearchAction\",\"target\":{\"@type\":\"EntryPoint\",\"urlTemplate\":\"https:\\\/\\\/bemonocromo.com\\\/es\\\/?s={search_term_string}\"},\"query-input\":{\"@type\":\"PropertyValueSpecification\",\"valueRequired\":true,\"valueName\":\"search_term_string\"}}],\"inLanguage\":\"es\"},{\"@type\":\"Organization\",\"@id\":\"https:\\\/\\\/bemonocromo.com\\\/es\\\/#organization\",\"name\":\"Bemonocromo\",\"url\":\"https:\\\/\\\/bemonocromo.com\\\/es\\\/\",\"logo\":{\"@type\":\"ImageObject\",\"inLanguage\":\"es\",\"@id\":\"https:\\\/\\\/bemonocromo.com\\\/es\\\/#\\\/schema\\\/logo\\\/image\\\/\",\"url\":\"https:\\\/\\\/bemonocromo.com\\\/wp-content\\\/uploads\\\/2023\\\/04\\\/path43.png\",\"contentUrl\":\"https:\\\/\\\/bemonocromo.com\\\/wp-content\\\/uploads\\\/2023\\\/04\\\/path43.png\",\"width\":341,\"height\":48,\"caption\":\"Bemonocromo\"},\"image\":{\"@id\":\"https:\\\/\\\/bemonocromo.com\\\/es\\\/#\\\/schema\\\/logo\\\/image\\\/\"}}]}<\/script>\n<!-- \/ Yoast SEO plugin. -->","yoast_head_json":{"title":"Lux Swimwear - Bemonocromo","robots":{"index":"index","follow":"follow","max-snippet":"max-snippet:-1","max-image-preview":"max-image-preview:large","max-video-preview":"max-video-preview:-1"},"canonical":"https:\/\/bemonocromo.com\/es\/product\/heart-top-copy-copy-copy\/","og_locale":"es_ES","og_type":"article","og_title":"Lux Swimwear - Bemonocromo","og_description":"Confeccionada con lycra reciclada y un dise\u00f1o geom\u00e9trico que combina naranja, amarillo y blanco, esta pieza refleja nuestra pasi\u00f3n por la elegancia atemporal y el dise\u00f1o contempor\u00e1neo. Representa nuestra creencia en la energ\u00eda transformadora de lo que vestimos, elevando tanto el estilo como el esp\u00edritu.   Hecho con 81% Polyester y 19% lycra reciclada, tiene una tela que no solo aporta al medio ambiente, sino que sus tintes son hechos de manera responsable y est\u00e1 cuidadosamente hecha para ajustarse al cuerpo con facilidad.  Nuestra manufactura es colombiana porque apoyamos la formalizaci\u00f3n laboral de las mujeres que con toda su experiencia y cari\u00f1o, entregan lo mejor de ellas mismas en cada una de nuestras creaciones.  \u00bfCu\u00e1l es mi talla?","og_url":"https:\/\/bemonocromo.com\/es\/product\/heart-top-copy-copy-copy\/","og_site_name":"Bemonocromo","article_modified_time":"2024-11-26T22:40:57+00:00","og_image":[{"width":1707,"height":2560,"url":"https:\/\/bemonocromo.com\/wp-content\/uploads\/2023\/12\/866A0487-scaled.jpg","type":"image\/jpeg"}],"twitter_card":"summary_large_image","schema":{"@context":"https:\/\/schema.org","@graph":[{"@type":"WebPage","@id":"https:\/\/bemonocromo.com\/es\/product\/heart-top-copy-copy-copy\/","url":"https:\/\/bemonocromo.com\/es\/product\/heart-top-copy-copy-copy\/","name":"Lux Swimwear - Bemonocromo","isPartOf":{"@id":"https:\/\/bemonocromo.com\/es\/#website"},"primaryImageOfPage":{"@id":"https:\/\/bemonocromo.com\/es\/product\/heart-top-copy-copy-copy\/#primaryimage"},"image":{"@id":"https:\/\/bemonocromo.com\/es\/product\/heart-top-copy-copy-copy\/#primaryimage"},"thumbnailUrl":"https:\/\/bemonocromo.com\/wp-content\/uploads\/2023\/12\/866A0487-scaled.jpg","datePublished":"2023-12-06T17:53:16+00:00","dateModified":"2024-11-26T22:40:57+00:00","breadcrumb":{"@id":"https:\/\/bemonocromo.com\/es\/product\/heart-top-copy-copy-copy\/#breadcrumb"},"inLanguage":"es","potentialAction":[{"@type":"ReadAction","target":["https:\/\/bemonocromo.com\/es\/product\/heart-top-copy-copy-copy\/"]}]},{"@type":"ImageObject","inLanguage":"es","@id":"https:\/\/bemonocromo.com\/es\/product\/heart-top-copy-copy-copy\/#primaryimage","url":"https:\/\/bemonocromo.com\/wp-content\/uploads\/2023\/12\/866A0487-scaled.jpg","contentUrl":"https:\/\/bemonocromo.com\/wp-content\/uploads\/2023\/12\/866A0487-scaled.jpg","width":1707,"height":2560},{"@type":"BreadcrumbList","@id":"https:\/\/bemonocromo.com\/es\/product\/heart-top-copy-copy-copy\/#breadcrumb","itemListElement":[{"@type":"ListItem","position":1,"name":"Home","item":"https:\/\/bemonocromo.com\/es\/"},{"@type":"ListItem","position":2,"name":"Tienda","item":"https:\/\/bemonocromo.com\/es\/tienda\/"},{"@type":"ListItem","position":3,"name":"Lux Swimwear"}]},{"@type":"WebSite","@id":"https:\/\/bemonocromo.com\/es\/#website","url":"https:\/\/bemonocromo.com\/es\/","name":"Bemonocromo","description":"The Power of Color","publisher":{"@id":"https:\/\/bemonocromo.com\/es\/#organization"},"potentialAction":[{"@type":"SearchAction","target":{"@type":"EntryPoint","urlTemplate":"https:\/\/bemonocromo.com\/es\/?s={search_term_string}"},"query-input":{"@type":"PropertyValueSpecification","valueRequired":true,"valueName":"search_term_string"}}],"inLanguage":"es"},{"@type":"Organization","@id":"https:\/\/bemonocromo.com\/es\/#organization","name":"Bemonocromo","url":"https:\/\/bemonocromo.com\/es\/","logo":{"@type":"ImageObject","inLanguage":"es","@id":"https:\/\/bemonocromo.com\/es\/#\/schema\/logo\/image\/","url":"https:\/\/bemonocromo.com\/wp-content\/uploads\/2023\/04\/path43.png","contentUrl":"https:\/\/bemonocromo.com\/wp-content\/uploads\/2023\/04\/path43.png","width":341,"height":48,"caption":"Bemonocromo"},"image":{"@id":"https:\/\/bemonocromo.com\/es\/#\/schema\/logo\/image\/"}}]}},"_links":{"self":[{"href":"https:\/\/bemonocromo.com\/es\/wp-json\/wp\/v2\/product\/10513","targetHints":{"allow":["GET"]}}],"collection":[{"href":"https:\/\/bemonocromo.com\/es\/wp-json\/wp\/v2\/product"}],"about":[{"href":"https:\/\/bemonocromo.com\/es\/wp-json\/wp\/v2\/types\/product"}],"replies":[{"embeddable":true,"href":"https:\/\/bemonocromo.com\/es\/wp-json\/wp\/v2\/comments?post=10513"}],"version-history":[{"count":0,"href":"https:\/\/bemonocromo.com\/es\/wp-json\/wp\/v2\/product\/10513\/revisions"}],"wp:featuredmedia":[{"embeddable":true,"href":"https:\/\/bemonocromo.com\/es\/wp-json\/wp\/v2\/media\/10523"}],"wp:attachment":[{"href":"https:\/\/bemonocromo.com\/es\/wp-json\/wp\/v2\/media?parent=10513"}],"wp:term":[{"taxonomy":"product_brand","embeddable":true,"href":"https:\/\/bemonocromo.com\/es\/wp-json\/wp\/v2\/product_brand?post=10513"},{"taxonomy":"product_cat","embeddable":true,"href":"https:\/\/bemonocromo.com\/es\/wp-json\/wp\/v2\/product_cat?post=10513"},{"taxonomy":"product_tag","embeddable":true,"href":"https:\/\/bemonocromo.com\/es\/wp-json\/wp\/v2\/product_tag?post=10513"}],"curies":[{"name":"wp","href":"https:\/\/api.w.org\/{rel}","templated":true}]}}