{"id":10857,"date":"2024-06-05T15:04:31","date_gmt":"2024-06-05T15:04:31","guid":{"rendered":"https:\/\/bemonocromo.com\/?post_type=product&#038;p=10857"},"modified":"2024-11-26T22:25:06","modified_gmt":"2024-11-26T22:25:06","slug":"live-strapless-copy","status":"publish","type":"product","link":"https:\/\/bemonocromo.com\/es\/product\/live-strapless-copy\/","title":{"rendered":"Evolution Kimono"},"content":{"rendered":"<p>Telas Org\u00e1nicas.<\/p>\n<p>El modelo est\u00e1 usando talla \u00fanica.<\/p>\n","protected":false},"excerpt":{"rendered":"<p><strong>Presentamos nuestro Evolution Kimono, una versi\u00f3n vanguardista de una incre\u00edble pieza asi\u00e1tica que nos encanta, inspirada en la geometr\u00eda sagrada y nuestra conexi\u00f3n espiritual con lo que usamos.<\/strong><\/p>\n<ul>\n<li>Esta pieza est\u00e1 confeccionada en Colombia con <strong>tejidos org\u00e1nicos<\/strong> compuestos por un 87% de Ecovero y un 13% de Poli\u00e9ster, y un forro 100% de ray\u00f3n azul, con un dise\u00f1o \u00fanico bordado en la espalda.<\/li>\n<li>Hecho a mano, comprometidos con nuestros <strong>procesos circulares<\/strong>, nuestro Kimono Evolution se fabrica con orgullo en Colombia, <strong>prestando atenci\u00f3n a todos los detalles lo que garantiza una calidad excepcional.<\/strong><\/li>\n<\/ul>\n<p>\u00bfCu\u00e1l es mi talla?<\/p>\n<p><img decoding=\"async\" class=\"alignnone wp-image-10895 size-full\" src=\"https:\/\/bemonocromo.com\/wp-content\/uploads\/2024\/06\/Screen-Shot-2024-06-05-at-11.21.19.png\" alt=\"\" width=\"270\" height=\"118\" \/>Tabla de medidas en Cms*<\/p>\n<p>&nbsp;<\/p>\n","protected":false},"featured_media":11047,"comment_status":"open","ping_status":"closed","template":"","meta":[],"product_brand":[],"product_cat":[151,223],"product_tag":[],"class_list":{"0":"post-10857","1":"product","2":"type-product","3":"status-publish","4":"has-post-thumbnail","6":"product_cat-chaquetas-abrigos-chalecos","7":"product_cat-nueva-coleccion-es","9":"first","10":"outofstock","11":"shipping-taxable","12":"purchasable","13":"product-type-variable"},"yoast_head":"<!-- This site is optimized with the Yoast SEO plugin v27.3 - https:\/\/yoast.com\/product\/yoast-seo-wordpress\/ -->\n<title>Evolution Kimono - Bemonocromo<\/title>\n<meta name=\"robots\" content=\"index, follow, max-snippet:-1, max-image-preview:large, max-video-preview:-1\" \/>\n<link rel=\"canonical\" href=\"https:\/\/bemonocromo.com\/es\/product\/live-strapless-copy\/\" \/>\n<meta property=\"og:locale\" content=\"es_ES\" \/>\n<meta property=\"og:type\" content=\"article\" \/>\n<meta property=\"og:title\" content=\"Evolution Kimono - Bemonocromo\" \/>\n<meta property=\"og:description\" content=\"Presentamos nuestro Evolution Kimono, una versi\u00f3n vanguardista de una incre\u00edble pieza asi\u00e1tica que nos encanta, inspirada en la geometr\u00eda sagrada y nuestra conexi\u00f3n espiritual con lo que usamos.   Esta pieza est\u00e1 confeccionada en Colombia con tejidos org\u00e1nicos compuestos por un 87% de Ecovero y un 13% de Poli\u00e9ster, y un forro 100% de ray\u00f3n azul, con un dise\u00f1o \u00fanico bordado en la espalda.  Hecho a mano, comprometidos con nuestros procesos circulares, nuestro Kimono Evolution se fabrica con orgullo en Colombia, prestando atenci\u00f3n a todos los detalles lo que garantiza una calidad excepcional.  \u00bfCu\u00e1l es mi talla?  Tabla de medidas en Cms*  &nbsp;\" \/>\n<meta property=\"og:url\" content=\"https:\/\/bemonocromo.com\/es\/product\/live-strapless-copy\/\" \/>\n<meta property=\"og:site_name\" content=\"Bemonocromo\" \/>\n<meta property=\"article:modified_time\" content=\"2024-11-26T22:25:06+00:00\" \/>\n<meta property=\"og:image\" content=\"https:\/\/bemonocromo.com\/wp-content\/uploads\/2024\/06\/BeMonocromo-3-1-scaled.jpg\" \/>\n\t<meta property=\"og:image:width\" content=\"1707\" \/>\n\t<meta property=\"og:image:height\" content=\"2560\" \/>\n\t<meta property=\"og:image:type\" content=\"image\/jpeg\" \/>\n<meta name=\"twitter:card\" content=\"summary_large_image\" \/>\n<script type=\"application\/ld+json\" class=\"yoast-schema-graph\">{\"@context\":\"https:\\\/\\\/schema.org\",\"@graph\":[{\"@type\":\"WebPage\",\"@id\":\"https:\\\/\\\/bemonocromo.com\\\/es\\\/product\\\/live-strapless-copy\\\/\",\"url\":\"https:\\\/\\\/bemonocromo.com\\\/es\\\/product\\\/live-strapless-copy\\\/\",\"name\":\"Evolution Kimono - Bemonocromo\",\"isPartOf\":{\"@id\":\"https:\\\/\\\/bemonocromo.com\\\/es\\\/#website\"},\"primaryImageOfPage\":{\"@id\":\"https:\\\/\\\/bemonocromo.com\\\/es\\\/product\\\/live-strapless-copy\\\/#primaryimage\"},\"image\":{\"@id\":\"https:\\\/\\\/bemonocromo.com\\\/es\\\/product\\\/live-strapless-copy\\\/#primaryimage\"},\"thumbnailUrl\":\"https:\\\/\\\/bemonocromo.com\\\/wp-content\\\/uploads\\\/2024\\\/06\\\/BeMonocromo-3-1-scaled.jpg\",\"datePublished\":\"2024-06-05T15:04:31+00:00\",\"dateModified\":\"2024-11-26T22:25:06+00:00\",\"breadcrumb\":{\"@id\":\"https:\\\/\\\/bemonocromo.com\\\/es\\\/product\\\/live-strapless-copy\\\/#breadcrumb\"},\"inLanguage\":\"es\",\"potentialAction\":[{\"@type\":\"ReadAction\",\"target\":[\"https:\\\/\\\/bemonocromo.com\\\/es\\\/product\\\/live-strapless-copy\\\/\"]}]},{\"@type\":\"ImageObject\",\"inLanguage\":\"es\",\"@id\":\"https:\\\/\\\/bemonocromo.com\\\/es\\\/product\\\/live-strapless-copy\\\/#primaryimage\",\"url\":\"https:\\\/\\\/bemonocromo.com\\\/wp-content\\\/uploads\\\/2024\\\/06\\\/BeMonocromo-3-1-scaled.jpg\",\"contentUrl\":\"https:\\\/\\\/bemonocromo.com\\\/wp-content\\\/uploads\\\/2024\\\/06\\\/BeMonocromo-3-1-scaled.jpg\",\"width\":1707,\"height\":2560,\"caption\":\"Evoto\"},{\"@type\":\"BreadcrumbList\",\"@id\":\"https:\\\/\\\/bemonocromo.com\\\/es\\\/product\\\/live-strapless-copy\\\/#breadcrumb\",\"itemListElement\":[{\"@type\":\"ListItem\",\"position\":1,\"name\":\"Home\",\"item\":\"https:\\\/\\\/bemonocromo.com\\\/es\\\/\"},{\"@type\":\"ListItem\",\"position\":2,\"name\":\"Tienda\",\"item\":\"https:\\\/\\\/bemonocromo.com\\\/es\\\/tienda\\\/\"},{\"@type\":\"ListItem\",\"position\":3,\"name\":\"Evolution Kimono\"}]},{\"@type\":\"WebSite\",\"@id\":\"https:\\\/\\\/bemonocromo.com\\\/es\\\/#website\",\"url\":\"https:\\\/\\\/bemonocromo.com\\\/es\\\/\",\"name\":\"Bemonocromo\",\"description\":\"The Power of Color\",\"publisher\":{\"@id\":\"https:\\\/\\\/bemonocromo.com\\\/es\\\/#organization\"},\"potentialAction\":[{\"@type\":\"SearchAction\",\"target\":{\"@type\":\"EntryPoint\",\"urlTemplate\":\"https:\\\/\\\/bemonocromo.com\\\/es\\\/?s={search_term_string}\"},\"query-input\":{\"@type\":\"PropertyValueSpecification\",\"valueRequired\":true,\"valueName\":\"search_term_string\"}}],\"inLanguage\":\"es\"},{\"@type\":\"Organization\",\"@id\":\"https:\\\/\\\/bemonocromo.com\\\/es\\\/#organization\",\"name\":\"Bemonocromo\",\"url\":\"https:\\\/\\\/bemonocromo.com\\\/es\\\/\",\"logo\":{\"@type\":\"ImageObject\",\"inLanguage\":\"es\",\"@id\":\"https:\\\/\\\/bemonocromo.com\\\/es\\\/#\\\/schema\\\/logo\\\/image\\\/\",\"url\":\"https:\\\/\\\/bemonocromo.com\\\/wp-content\\\/uploads\\\/2023\\\/04\\\/path43.png\",\"contentUrl\":\"https:\\\/\\\/bemonocromo.com\\\/wp-content\\\/uploads\\\/2023\\\/04\\\/path43.png\",\"width\":341,\"height\":48,\"caption\":\"Bemonocromo\"},\"image\":{\"@id\":\"https:\\\/\\\/bemonocromo.com\\\/es\\\/#\\\/schema\\\/logo\\\/image\\\/\"}}]}<\/script>\n<!-- \/ Yoast SEO plugin. -->","yoast_head_json":{"title":"Evolution Kimono - Bemonocromo","robots":{"index":"index","follow":"follow","max-snippet":"max-snippet:-1","max-image-preview":"max-image-preview:large","max-video-preview":"max-video-preview:-1"},"canonical":"https:\/\/bemonocromo.com\/es\/product\/live-strapless-copy\/","og_locale":"es_ES","og_type":"article","og_title":"Evolution Kimono - Bemonocromo","og_description":"Presentamos nuestro Evolution Kimono, una versi\u00f3n vanguardista de una incre\u00edble pieza asi\u00e1tica que nos encanta, inspirada en la geometr\u00eda sagrada y nuestra conexi\u00f3n espiritual con lo que usamos.   Esta pieza est\u00e1 confeccionada en Colombia con tejidos org\u00e1nicos compuestos por un 87% de Ecovero y un 13% de Poli\u00e9ster, y un forro 100% de ray\u00f3n azul, con un dise\u00f1o \u00fanico bordado en la espalda.  Hecho a mano, comprometidos con nuestros procesos circulares, nuestro Kimono Evolution se fabrica con orgullo en Colombia, prestando atenci\u00f3n a todos los detalles lo que garantiza una calidad excepcional.  \u00bfCu\u00e1l es mi talla?  Tabla de medidas en Cms*  &nbsp;","og_url":"https:\/\/bemonocromo.com\/es\/product\/live-strapless-copy\/","og_site_name":"Bemonocromo","article_modified_time":"2024-11-26T22:25:06+00:00","og_image":[{"width":1707,"height":2560,"url":"https:\/\/bemonocromo.com\/wp-content\/uploads\/2024\/06\/BeMonocromo-3-1-scaled.jpg","type":"image\/jpeg"}],"twitter_card":"summary_large_image","schema":{"@context":"https:\/\/schema.org","@graph":[{"@type":"WebPage","@id":"https:\/\/bemonocromo.com\/es\/product\/live-strapless-copy\/","url":"https:\/\/bemonocromo.com\/es\/product\/live-strapless-copy\/","name":"Evolution Kimono - Bemonocromo","isPartOf":{"@id":"https:\/\/bemonocromo.com\/es\/#website"},"primaryImageOfPage":{"@id":"https:\/\/bemonocromo.com\/es\/product\/live-strapless-copy\/#primaryimage"},"image":{"@id":"https:\/\/bemonocromo.com\/es\/product\/live-strapless-copy\/#primaryimage"},"thumbnailUrl":"https:\/\/bemonocromo.com\/wp-content\/uploads\/2024\/06\/BeMonocromo-3-1-scaled.jpg","datePublished":"2024-06-05T15:04:31+00:00","dateModified":"2024-11-26T22:25:06+00:00","breadcrumb":{"@id":"https:\/\/bemonocromo.com\/es\/product\/live-strapless-copy\/#breadcrumb"},"inLanguage":"es","potentialAction":[{"@type":"ReadAction","target":["https:\/\/bemonocromo.com\/es\/product\/live-strapless-copy\/"]}]},{"@type":"ImageObject","inLanguage":"es","@id":"https:\/\/bemonocromo.com\/es\/product\/live-strapless-copy\/#primaryimage","url":"https:\/\/bemonocromo.com\/wp-content\/uploads\/2024\/06\/BeMonocromo-3-1-scaled.jpg","contentUrl":"https:\/\/bemonocromo.com\/wp-content\/uploads\/2024\/06\/BeMonocromo-3-1-scaled.jpg","width":1707,"height":2560,"caption":"Evoto"},{"@type":"BreadcrumbList","@id":"https:\/\/bemonocromo.com\/es\/product\/live-strapless-copy\/#breadcrumb","itemListElement":[{"@type":"ListItem","position":1,"name":"Home","item":"https:\/\/bemonocromo.com\/es\/"},{"@type":"ListItem","position":2,"name":"Tienda","item":"https:\/\/bemonocromo.com\/es\/tienda\/"},{"@type":"ListItem","position":3,"name":"Evolution Kimono"}]},{"@type":"WebSite","@id":"https:\/\/bemonocromo.com\/es\/#website","url":"https:\/\/bemonocromo.com\/es\/","name":"Bemonocromo","description":"The Power of Color","publisher":{"@id":"https:\/\/bemonocromo.com\/es\/#organization"},"potentialAction":[{"@type":"SearchAction","target":{"@type":"EntryPoint","urlTemplate":"https:\/\/bemonocromo.com\/es\/?s={search_term_string}"},"query-input":{"@type":"PropertyValueSpecification","valueRequired":true,"valueName":"search_term_string"}}],"inLanguage":"es"},{"@type":"Organization","@id":"https:\/\/bemonocromo.com\/es\/#organization","name":"Bemonocromo","url":"https:\/\/bemonocromo.com\/es\/","logo":{"@type":"ImageObject","inLanguage":"es","@id":"https:\/\/bemonocromo.com\/es\/#\/schema\/logo\/image\/","url":"https:\/\/bemonocromo.com\/wp-content\/uploads\/2023\/04\/path43.png","contentUrl":"https:\/\/bemonocromo.com\/wp-content\/uploads\/2023\/04\/path43.png","width":341,"height":48,"caption":"Bemonocromo"},"image":{"@id":"https:\/\/bemonocromo.com\/es\/#\/schema\/logo\/image\/"}}]}},"_links":{"self":[{"href":"https:\/\/bemonocromo.com\/es\/wp-json\/wp\/v2\/product\/10857","targetHints":{"allow":["GET"]}}],"collection":[{"href":"https:\/\/bemonocromo.com\/es\/wp-json\/wp\/v2\/product"}],"about":[{"href":"https:\/\/bemonocromo.com\/es\/wp-json\/wp\/v2\/types\/product"}],"replies":[{"embeddable":true,"href":"https:\/\/bemonocromo.com\/es\/wp-json\/wp\/v2\/comments?post=10857"}],"version-history":[{"count":0,"href":"https:\/\/bemonocromo.com\/es\/wp-json\/wp\/v2\/product\/10857\/revisions"}],"wp:featuredmedia":[{"embeddable":true,"href":"https:\/\/bemonocromo.com\/es\/wp-json\/wp\/v2\/media\/11047"}],"wp:attachment":[{"href":"https:\/\/bemonocromo.com\/es\/wp-json\/wp\/v2\/media?parent=10857"}],"wp:term":[{"taxonomy":"product_brand","embeddable":true,"href":"https:\/\/bemonocromo.com\/es\/wp-json\/wp\/v2\/product_brand?post=10857"},{"taxonomy":"product_cat","embeddable":true,"href":"https:\/\/bemonocromo.com\/es\/wp-json\/wp\/v2\/product_cat?post=10857"},{"taxonomy":"product_tag","embeddable":true,"href":"https:\/\/bemonocromo.com\/es\/wp-json\/wp\/v2\/product_tag?post=10857"}],"curies":[{"name":"wp","href":"https:\/\/api.w.org\/{rel}","templated":true}]}}