{"id":10972,"date":"2024-06-06T18:17:01","date_gmt":"2024-06-06T18:17:01","guid":{"rendered":"https:\/\/bemonocromo.com\/?post_type=product&#038;p=10972"},"modified":"2024-11-26T21:45:42","modified_gmt":"2024-11-26T21:45:42","slug":"heaven-pants-copy-copy","status":"publish","type":"product","link":"https:\/\/bemonocromo.com\/es\/product\/heaven-pants-copy-copy\/","title":{"rendered":"Fractal Skirt"},"content":{"rendered":"<p>Telas org\u00e1nicas certificadas.<\/p>\n<p>La modelo est\u00e1 usando talla S.<\/p>\n","protected":false},"excerpt":{"rendered":"<p><strong>Presentamos nuestra Falda Fractal, un dise\u00f1o incre\u00edble que muestra toda la inspiraci\u00f3n de nuestra colecci\u00f3n de Fractals. La falda midi con cintura alta, est\u00e1 construida con capas cuadradas, bordes reflectivos y un lazo lateral ajustable que fluye en el cuerpo.<\/strong><\/p>\n<ul>\n<li>Nuestra pieza est\u00e1 fabricada con un 74% de viscosa (EcoVero), un 24% de lyocell y un 2% de spandex para conseguir un tejido <strong>sostenible suave y de alta calidad.<\/strong><\/li>\n<li>Se fabrica con orgullo en Colombia, prestando atenci\u00f3n a los detalles, lo que garantiza una calidad excepcional y <strong>una prenda que resistir\u00e1 el paso del tiempo.<\/strong><\/li>\n<\/ul>\n<p>\u00bfCu\u00e1l es mi talla?<\/p>\n<p><img decoding=\"async\" class=\"alignnone wp-image-10999 size-full\" src=\"https:\/\/bemonocromo.com\/wp-content\/uploads\/2024\/06\/Screen-Shot-2024-06-06-at-14.03.12.png\" alt=\"\" width=\"668\" height=\"110\" srcset=\"https:\/\/bemonocromo.com\/wp-content\/uploads\/2024\/06\/Screen-Shot-2024-06-06-at-14.03.12.png 668w, https:\/\/bemonocromo.com\/wp-content\/uploads\/2024\/06\/Screen-Shot-2024-06-06-at-14.03.12-300x49.png 300w, https:\/\/bemonocromo.com\/wp-content\/uploads\/2024\/06\/Screen-Shot-2024-06-06-at-14.03.12-400x66.png 400w, https:\/\/bemonocromo.com\/wp-content\/uploads\/2024\/06\/Screen-Shot-2024-06-06-at-14.03.12-600x99.png 600w\" sizes=\"(max-width: 668px) 100vw, 668px\" \/>Tabla de medidas en Cms*<\/p>\n<p>&nbsp;<\/p>\n","protected":false},"featured_media":11336,"comment_status":"open","ping_status":"closed","template":"","meta":[],"product_brand":[],"product_cat":[223,150],"product_tag":[],"class_list":{"0":"post-10972","1":"product","2":"type-product","3":"status-publish","4":"has-post-thumbnail","6":"product_cat-nueva-coleccion-es","7":"product_cat-vestidos","9":"first","10":"outofstock","11":"shipping-taxable","12":"purchasable","13":"product-type-variable"},"yoast_head":"<!-- This site is optimized with the Yoast SEO plugin v27.3 - https:\/\/yoast.com\/product\/yoast-seo-wordpress\/ -->\n<title>Fractal Skirt - Bemonocromo<\/title>\n<meta name=\"robots\" content=\"index, follow, max-snippet:-1, max-image-preview:large, max-video-preview:-1\" \/>\n<link rel=\"canonical\" href=\"https:\/\/bemonocromo.com\/es\/product\/heaven-pants-copy-copy\/\" \/>\n<meta property=\"og:locale\" content=\"es_ES\" \/>\n<meta property=\"og:type\" content=\"article\" \/>\n<meta property=\"og:title\" content=\"Fractal Skirt - Bemonocromo\" \/>\n<meta property=\"og:description\" content=\"Presentamos nuestra Falda Fractal, un dise\u00f1o incre\u00edble que muestra toda la inspiraci\u00f3n de nuestra colecci\u00f3n de Fractals. La falda midi con cintura alta, est\u00e1 construida con capas cuadradas, bordes reflectivos y un lazo lateral ajustable que fluye en el cuerpo.   Nuestra pieza est\u00e1 fabricada con un 74% de viscosa (EcoVero), un 24% de lyocell y un 2% de spandex para conseguir un tejido sostenible suave y de alta calidad.  Se fabrica con orgullo en Colombia, prestando atenci\u00f3n a los detalles, lo que garantiza una calidad excepcional y una prenda que resistir\u00e1 el paso del tiempo.  \u00bfCu\u00e1l es mi talla?  Tabla de medidas en Cms*  &nbsp;\" \/>\n<meta property=\"og:url\" content=\"https:\/\/bemonocromo.com\/es\/product\/heaven-pants-copy-copy\/\" \/>\n<meta property=\"og:site_name\" content=\"Bemonocromo\" \/>\n<meta property=\"article:modified_time\" content=\"2024-11-26T21:45:42+00:00\" \/>\n<meta property=\"og:image\" content=\"https:\/\/bemonocromo.com\/wp-content\/uploads\/2024\/06\/866A1808-scaled.jpeg\" \/>\n\t<meta property=\"og:image:width\" content=\"1706\" \/>\n\t<meta property=\"og:image:height\" content=\"2560\" \/>\n\t<meta property=\"og:image:type\" content=\"image\/jpeg\" \/>\n<meta name=\"twitter:card\" content=\"summary_large_image\" \/>\n<script type=\"application\/ld+json\" class=\"yoast-schema-graph\">{\"@context\":\"https:\\\/\\\/schema.org\",\"@graph\":[{\"@type\":\"WebPage\",\"@id\":\"https:\\\/\\\/bemonocromo.com\\\/es\\\/product\\\/heaven-pants-copy-copy\\\/\",\"url\":\"https:\\\/\\\/bemonocromo.com\\\/es\\\/product\\\/heaven-pants-copy-copy\\\/\",\"name\":\"Fractal Skirt - Bemonocromo\",\"isPartOf\":{\"@id\":\"https:\\\/\\\/bemonocromo.com\\\/es\\\/#website\"},\"primaryImageOfPage\":{\"@id\":\"https:\\\/\\\/bemonocromo.com\\\/es\\\/product\\\/heaven-pants-copy-copy\\\/#primaryimage\"},\"image\":{\"@id\":\"https:\\\/\\\/bemonocromo.com\\\/es\\\/product\\\/heaven-pants-copy-copy\\\/#primaryimage\"},\"thumbnailUrl\":\"https:\\\/\\\/bemonocromo.com\\\/wp-content\\\/uploads\\\/2024\\\/06\\\/866A1808-scaled.jpeg\",\"datePublished\":\"2024-06-06T18:17:01+00:00\",\"dateModified\":\"2024-11-26T21:45:42+00:00\",\"breadcrumb\":{\"@id\":\"https:\\\/\\\/bemonocromo.com\\\/es\\\/product\\\/heaven-pants-copy-copy\\\/#breadcrumb\"},\"inLanguage\":\"es\",\"potentialAction\":[{\"@type\":\"ReadAction\",\"target\":[\"https:\\\/\\\/bemonocromo.com\\\/es\\\/product\\\/heaven-pants-copy-copy\\\/\"]}]},{\"@type\":\"ImageObject\",\"inLanguage\":\"es\",\"@id\":\"https:\\\/\\\/bemonocromo.com\\\/es\\\/product\\\/heaven-pants-copy-copy\\\/#primaryimage\",\"url\":\"https:\\\/\\\/bemonocromo.com\\\/wp-content\\\/uploads\\\/2024\\\/06\\\/866A1808-scaled.jpeg\",\"contentUrl\":\"https:\\\/\\\/bemonocromo.com\\\/wp-content\\\/uploads\\\/2024\\\/06\\\/866A1808-scaled.jpeg\",\"width\":1706,\"height\":2560},{\"@type\":\"BreadcrumbList\",\"@id\":\"https:\\\/\\\/bemonocromo.com\\\/es\\\/product\\\/heaven-pants-copy-copy\\\/#breadcrumb\",\"itemListElement\":[{\"@type\":\"ListItem\",\"position\":1,\"name\":\"Home\",\"item\":\"https:\\\/\\\/bemonocromo.com\\\/es\\\/\"},{\"@type\":\"ListItem\",\"position\":2,\"name\":\"Tienda\",\"item\":\"https:\\\/\\\/bemonocromo.com\\\/es\\\/tienda\\\/\"},{\"@type\":\"ListItem\",\"position\":3,\"name\":\"Fractal Skirt\"}]},{\"@type\":\"WebSite\",\"@id\":\"https:\\\/\\\/bemonocromo.com\\\/es\\\/#website\",\"url\":\"https:\\\/\\\/bemonocromo.com\\\/es\\\/\",\"name\":\"Bemonocromo\",\"description\":\"The Power of Color\",\"publisher\":{\"@id\":\"https:\\\/\\\/bemonocromo.com\\\/es\\\/#organization\"},\"potentialAction\":[{\"@type\":\"SearchAction\",\"target\":{\"@type\":\"EntryPoint\",\"urlTemplate\":\"https:\\\/\\\/bemonocromo.com\\\/es\\\/?s={search_term_string}\"},\"query-input\":{\"@type\":\"PropertyValueSpecification\",\"valueRequired\":true,\"valueName\":\"search_term_string\"}}],\"inLanguage\":\"es\"},{\"@type\":\"Organization\",\"@id\":\"https:\\\/\\\/bemonocromo.com\\\/es\\\/#organization\",\"name\":\"Bemonocromo\",\"url\":\"https:\\\/\\\/bemonocromo.com\\\/es\\\/\",\"logo\":{\"@type\":\"ImageObject\",\"inLanguage\":\"es\",\"@id\":\"https:\\\/\\\/bemonocromo.com\\\/es\\\/#\\\/schema\\\/logo\\\/image\\\/\",\"url\":\"https:\\\/\\\/bemonocromo.com\\\/wp-content\\\/uploads\\\/2023\\\/04\\\/path43.png\",\"contentUrl\":\"https:\\\/\\\/bemonocromo.com\\\/wp-content\\\/uploads\\\/2023\\\/04\\\/path43.png\",\"width\":341,\"height\":48,\"caption\":\"Bemonocromo\"},\"image\":{\"@id\":\"https:\\\/\\\/bemonocromo.com\\\/es\\\/#\\\/schema\\\/logo\\\/image\\\/\"}}]}<\/script>\n<!-- \/ Yoast SEO plugin. -->","yoast_head_json":{"title":"Fractal Skirt - Bemonocromo","robots":{"index":"index","follow":"follow","max-snippet":"max-snippet:-1","max-image-preview":"max-image-preview:large","max-video-preview":"max-video-preview:-1"},"canonical":"https:\/\/bemonocromo.com\/es\/product\/heaven-pants-copy-copy\/","og_locale":"es_ES","og_type":"article","og_title":"Fractal Skirt - Bemonocromo","og_description":"Presentamos nuestra Falda Fractal, un dise\u00f1o incre\u00edble que muestra toda la inspiraci\u00f3n de nuestra colecci\u00f3n de Fractals. La falda midi con cintura alta, est\u00e1 construida con capas cuadradas, bordes reflectivos y un lazo lateral ajustable que fluye en el cuerpo.   Nuestra pieza est\u00e1 fabricada con un 74% de viscosa (EcoVero), un 24% de lyocell y un 2% de spandex para conseguir un tejido sostenible suave y de alta calidad.  Se fabrica con orgullo en Colombia, prestando atenci\u00f3n a los detalles, lo que garantiza una calidad excepcional y una prenda que resistir\u00e1 el paso del tiempo.  \u00bfCu\u00e1l es mi talla?  Tabla de medidas en Cms*  &nbsp;","og_url":"https:\/\/bemonocromo.com\/es\/product\/heaven-pants-copy-copy\/","og_site_name":"Bemonocromo","article_modified_time":"2024-11-26T21:45:42+00:00","og_image":[{"width":1706,"height":2560,"url":"https:\/\/bemonocromo.com\/wp-content\/uploads\/2024\/06\/866A1808-scaled.jpeg","type":"image\/jpeg"}],"twitter_card":"summary_large_image","schema":{"@context":"https:\/\/schema.org","@graph":[{"@type":"WebPage","@id":"https:\/\/bemonocromo.com\/es\/product\/heaven-pants-copy-copy\/","url":"https:\/\/bemonocromo.com\/es\/product\/heaven-pants-copy-copy\/","name":"Fractal Skirt - Bemonocromo","isPartOf":{"@id":"https:\/\/bemonocromo.com\/es\/#website"},"primaryImageOfPage":{"@id":"https:\/\/bemonocromo.com\/es\/product\/heaven-pants-copy-copy\/#primaryimage"},"image":{"@id":"https:\/\/bemonocromo.com\/es\/product\/heaven-pants-copy-copy\/#primaryimage"},"thumbnailUrl":"https:\/\/bemonocromo.com\/wp-content\/uploads\/2024\/06\/866A1808-scaled.jpeg","datePublished":"2024-06-06T18:17:01+00:00","dateModified":"2024-11-26T21:45:42+00:00","breadcrumb":{"@id":"https:\/\/bemonocromo.com\/es\/product\/heaven-pants-copy-copy\/#breadcrumb"},"inLanguage":"es","potentialAction":[{"@type":"ReadAction","target":["https:\/\/bemonocromo.com\/es\/product\/heaven-pants-copy-copy\/"]}]},{"@type":"ImageObject","inLanguage":"es","@id":"https:\/\/bemonocromo.com\/es\/product\/heaven-pants-copy-copy\/#primaryimage","url":"https:\/\/bemonocromo.com\/wp-content\/uploads\/2024\/06\/866A1808-scaled.jpeg","contentUrl":"https:\/\/bemonocromo.com\/wp-content\/uploads\/2024\/06\/866A1808-scaled.jpeg","width":1706,"height":2560},{"@type":"BreadcrumbList","@id":"https:\/\/bemonocromo.com\/es\/product\/heaven-pants-copy-copy\/#breadcrumb","itemListElement":[{"@type":"ListItem","position":1,"name":"Home","item":"https:\/\/bemonocromo.com\/es\/"},{"@type":"ListItem","position":2,"name":"Tienda","item":"https:\/\/bemonocromo.com\/es\/tienda\/"},{"@type":"ListItem","position":3,"name":"Fractal Skirt"}]},{"@type":"WebSite","@id":"https:\/\/bemonocromo.com\/es\/#website","url":"https:\/\/bemonocromo.com\/es\/","name":"Bemonocromo","description":"The Power of Color","publisher":{"@id":"https:\/\/bemonocromo.com\/es\/#organization"},"potentialAction":[{"@type":"SearchAction","target":{"@type":"EntryPoint","urlTemplate":"https:\/\/bemonocromo.com\/es\/?s={search_term_string}"},"query-input":{"@type":"PropertyValueSpecification","valueRequired":true,"valueName":"search_term_string"}}],"inLanguage":"es"},{"@type":"Organization","@id":"https:\/\/bemonocromo.com\/es\/#organization","name":"Bemonocromo","url":"https:\/\/bemonocromo.com\/es\/","logo":{"@type":"ImageObject","inLanguage":"es","@id":"https:\/\/bemonocromo.com\/es\/#\/schema\/logo\/image\/","url":"https:\/\/bemonocromo.com\/wp-content\/uploads\/2023\/04\/path43.png","contentUrl":"https:\/\/bemonocromo.com\/wp-content\/uploads\/2023\/04\/path43.png","width":341,"height":48,"caption":"Bemonocromo"},"image":{"@id":"https:\/\/bemonocromo.com\/es\/#\/schema\/logo\/image\/"}}]}},"_links":{"self":[{"href":"https:\/\/bemonocromo.com\/es\/wp-json\/wp\/v2\/product\/10972","targetHints":{"allow":["GET"]}}],"collection":[{"href":"https:\/\/bemonocromo.com\/es\/wp-json\/wp\/v2\/product"}],"about":[{"href":"https:\/\/bemonocromo.com\/es\/wp-json\/wp\/v2\/types\/product"}],"replies":[{"embeddable":true,"href":"https:\/\/bemonocromo.com\/es\/wp-json\/wp\/v2\/comments?post=10972"}],"version-history":[{"count":0,"href":"https:\/\/bemonocromo.com\/es\/wp-json\/wp\/v2\/product\/10972\/revisions"}],"wp:featuredmedia":[{"embeddable":true,"href":"https:\/\/bemonocromo.com\/es\/wp-json\/wp\/v2\/media\/11336"}],"wp:attachment":[{"href":"https:\/\/bemonocromo.com\/es\/wp-json\/wp\/v2\/media?parent=10972"}],"wp:term":[{"taxonomy":"product_brand","embeddable":true,"href":"https:\/\/bemonocromo.com\/es\/wp-json\/wp\/v2\/product_brand?post=10972"},{"taxonomy":"product_cat","embeddable":true,"href":"https:\/\/bemonocromo.com\/es\/wp-json\/wp\/v2\/product_cat?post=10972"},{"taxonomy":"product_tag","embeddable":true,"href":"https:\/\/bemonocromo.com\/es\/wp-json\/wp\/v2\/product_tag?post=10972"}],"curies":[{"name":"wp","href":"https:\/\/api.w.org\/{rel}","templated":true}]}}