{"id":11008,"date":"2024-06-06T20:10:12","date_gmt":"2024-06-06T20:10:12","guid":{"rendered":"https:\/\/bemonocromo.com\/?post_type=product&#038;p=11008"},"modified":"2024-11-26T20:31:49","modified_gmt":"2024-11-26T20:31:49","slug":"fractal-skirt-copy","status":"publish","type":"product","link":"https:\/\/bemonocromo.com\/es\/product\/fractal-skirt-copy\/","title":{"rendered":"Infinite Blazer"},"content":{"rendered":"<p>Telas org\u00e1nicas certificadas.<\/p>\n<p>La modelo usa talla S.<\/p>\n","protected":false},"excerpt":{"rendered":"<p><strong>Lanzamos nuestro blazer Infinite, una mezcla de dise\u00f1o cl\u00e1sico con detalles vanguardistas. Este blazer tiene una sola solapa de color, un bot\u00f3n frontal y un corte holgado que combina a la perfecci\u00f3n con todas las formas del cuerpo.<\/strong><\/p>\n<ul>\n<li>Nuestra prenda est\u00e1 confeccionada con un 74% de viscosa (EcoVero), un 24% de lyocell y un 2% de elastano para lograr un<strong> tejido sostenible fluido y de alta calidad.<\/strong><\/li>\n<li>Se fabrica con orgullo en Colombia, prestando atenci\u00f3n a los detalles, <strong>lo que garantiza una calidad excepcional y una prenda que perdurar\u00e1 en el tiempo.<\/strong><\/li>\n<\/ul>\n<p>\u00bfCu\u00e1l es mi talla?<\/p>\n<p><img decoding=\"async\" class=\"alignnone wp-image-11036 size-full\" src=\"https:\/\/bemonocromo.com\/wp-content\/uploads\/2024\/06\/Screen-Shot-2024-06-06-at-15.56.33.png\" alt=\"\" width=\"666\" height=\"111\" srcset=\"https:\/\/bemonocromo.com\/wp-content\/uploads\/2024\/06\/Screen-Shot-2024-06-06-at-15.56.33.png 666w, https:\/\/bemonocromo.com\/wp-content\/uploads\/2024\/06\/Screen-Shot-2024-06-06-at-15.56.33-300x50.png 300w, https:\/\/bemonocromo.com\/wp-content\/uploads\/2024\/06\/Screen-Shot-2024-06-06-at-15.56.33-400x67.png 400w, https:\/\/bemonocromo.com\/wp-content\/uploads\/2024\/06\/Screen-Shot-2024-06-06-at-15.56.33-600x100.png 600w\" sizes=\"(max-width: 666px) 100vw, 666px\" \/>Tabla de medida en Cms*<\/p>\n<p>&nbsp;<\/p>\n","protected":false},"featured_media":11018,"comment_status":"open","ping_status":"closed","template":"","meta":[],"product_brand":[],"product_cat":[151,223],"product_tag":[],"class_list":{"0":"post-11008","1":"product","2":"type-product","3":"status-publish","4":"has-post-thumbnail","6":"product_cat-chaquetas-abrigos-chalecos","7":"product_cat-nueva-coleccion-es","9":"first","10":"outofstock","11":"shipping-taxable","12":"purchasable","13":"product-type-variable"},"yoast_head":"<!-- This site is optimized with the Yoast SEO plugin v27.3 - https:\/\/yoast.com\/product\/yoast-seo-wordpress\/ -->\n<title>Infinite Blazer - Bemonocromo<\/title>\n<meta name=\"robots\" content=\"index, follow, max-snippet:-1, max-image-preview:large, max-video-preview:-1\" \/>\n<link rel=\"canonical\" href=\"https:\/\/bemonocromo.com\/es\/product\/fractal-skirt-copy\/\" \/>\n<meta property=\"og:locale\" content=\"es_ES\" \/>\n<meta property=\"og:type\" content=\"article\" \/>\n<meta property=\"og:title\" content=\"Infinite Blazer - Bemonocromo\" \/>\n<meta property=\"og:description\" content=\"Lanzamos nuestro blazer Infinite, una mezcla de dise\u00f1o cl\u00e1sico con detalles vanguardistas. Este blazer tiene una sola solapa de color, un bot\u00f3n frontal y un corte holgado que combina a la perfecci\u00f3n con todas las formas del cuerpo.   Nuestra prenda est\u00e1 confeccionada con un 74% de viscosa (EcoVero), un 24% de lyocell y un 2% de elastano para lograr un tejido sostenible fluido y de alta calidad.  Se fabrica con orgullo en Colombia, prestando atenci\u00f3n a los detalles, lo que garantiza una calidad excepcional y una prenda que perdurar\u00e1 en el tiempo.  \u00bfCu\u00e1l es mi talla?  Tabla de medida en Cms*  &nbsp;\" \/>\n<meta property=\"og:url\" content=\"https:\/\/bemonocromo.com\/es\/product\/fractal-skirt-copy\/\" \/>\n<meta property=\"og:site_name\" content=\"Bemonocromo\" \/>\n<meta property=\"article:modified_time\" content=\"2024-11-26T20:31:49+00:00\" \/>\n<meta property=\"og:image\" content=\"https:\/\/bemonocromo.com\/wp-content\/uploads\/2024\/06\/BeMonocromo-92-1-scaled.jpg\" \/>\n\t<meta property=\"og:image:width\" content=\"1707\" \/>\n\t<meta property=\"og:image:height\" content=\"2560\" \/>\n\t<meta property=\"og:image:type\" content=\"image\/jpeg\" \/>\n<meta name=\"twitter:card\" content=\"summary_large_image\" \/>\n<script type=\"application\/ld+json\" class=\"yoast-schema-graph\">{\"@context\":\"https:\\\/\\\/schema.org\",\"@graph\":[{\"@type\":\"WebPage\",\"@id\":\"https:\\\/\\\/bemonocromo.com\\\/es\\\/product\\\/fractal-skirt-copy\\\/\",\"url\":\"https:\\\/\\\/bemonocromo.com\\\/es\\\/product\\\/fractal-skirt-copy\\\/\",\"name\":\"Infinite Blazer - Bemonocromo\",\"isPartOf\":{\"@id\":\"https:\\\/\\\/bemonocromo.com\\\/es\\\/#website\"},\"primaryImageOfPage\":{\"@id\":\"https:\\\/\\\/bemonocromo.com\\\/es\\\/product\\\/fractal-skirt-copy\\\/#primaryimage\"},\"image\":{\"@id\":\"https:\\\/\\\/bemonocromo.com\\\/es\\\/product\\\/fractal-skirt-copy\\\/#primaryimage\"},\"thumbnailUrl\":\"https:\\\/\\\/bemonocromo.com\\\/wp-content\\\/uploads\\\/2024\\\/06\\\/BeMonocromo-92-1-scaled.jpg\",\"datePublished\":\"2024-06-06T20:10:12+00:00\",\"dateModified\":\"2024-11-26T20:31:49+00:00\",\"breadcrumb\":{\"@id\":\"https:\\\/\\\/bemonocromo.com\\\/es\\\/product\\\/fractal-skirt-copy\\\/#breadcrumb\"},\"inLanguage\":\"es\",\"potentialAction\":[{\"@type\":\"ReadAction\",\"target\":[\"https:\\\/\\\/bemonocromo.com\\\/es\\\/product\\\/fractal-skirt-copy\\\/\"]}]},{\"@type\":\"ImageObject\",\"inLanguage\":\"es\",\"@id\":\"https:\\\/\\\/bemonocromo.com\\\/es\\\/product\\\/fractal-skirt-copy\\\/#primaryimage\",\"url\":\"https:\\\/\\\/bemonocromo.com\\\/wp-content\\\/uploads\\\/2024\\\/06\\\/BeMonocromo-92-1-scaled.jpg\",\"contentUrl\":\"https:\\\/\\\/bemonocromo.com\\\/wp-content\\\/uploads\\\/2024\\\/06\\\/BeMonocromo-92-1-scaled.jpg\",\"width\":1707,\"height\":2560},{\"@type\":\"BreadcrumbList\",\"@id\":\"https:\\\/\\\/bemonocromo.com\\\/es\\\/product\\\/fractal-skirt-copy\\\/#breadcrumb\",\"itemListElement\":[{\"@type\":\"ListItem\",\"position\":1,\"name\":\"Home\",\"item\":\"https:\\\/\\\/bemonocromo.com\\\/es\\\/\"},{\"@type\":\"ListItem\",\"position\":2,\"name\":\"Tienda\",\"item\":\"https:\\\/\\\/bemonocromo.com\\\/es\\\/tienda\\\/\"},{\"@type\":\"ListItem\",\"position\":3,\"name\":\"Infinite Blazer\"}]},{\"@type\":\"WebSite\",\"@id\":\"https:\\\/\\\/bemonocromo.com\\\/es\\\/#website\",\"url\":\"https:\\\/\\\/bemonocromo.com\\\/es\\\/\",\"name\":\"Bemonocromo\",\"description\":\"The Power of Color\",\"publisher\":{\"@id\":\"https:\\\/\\\/bemonocromo.com\\\/es\\\/#organization\"},\"potentialAction\":[{\"@type\":\"SearchAction\",\"target\":{\"@type\":\"EntryPoint\",\"urlTemplate\":\"https:\\\/\\\/bemonocromo.com\\\/es\\\/?s={search_term_string}\"},\"query-input\":{\"@type\":\"PropertyValueSpecification\",\"valueRequired\":true,\"valueName\":\"search_term_string\"}}],\"inLanguage\":\"es\"},{\"@type\":\"Organization\",\"@id\":\"https:\\\/\\\/bemonocromo.com\\\/es\\\/#organization\",\"name\":\"Bemonocromo\",\"url\":\"https:\\\/\\\/bemonocromo.com\\\/es\\\/\",\"logo\":{\"@type\":\"ImageObject\",\"inLanguage\":\"es\",\"@id\":\"https:\\\/\\\/bemonocromo.com\\\/es\\\/#\\\/schema\\\/logo\\\/image\\\/\",\"url\":\"https:\\\/\\\/bemonocromo.com\\\/wp-content\\\/uploads\\\/2023\\\/04\\\/path43.png\",\"contentUrl\":\"https:\\\/\\\/bemonocromo.com\\\/wp-content\\\/uploads\\\/2023\\\/04\\\/path43.png\",\"width\":341,\"height\":48,\"caption\":\"Bemonocromo\"},\"image\":{\"@id\":\"https:\\\/\\\/bemonocromo.com\\\/es\\\/#\\\/schema\\\/logo\\\/image\\\/\"}}]}<\/script>\n<!-- \/ Yoast SEO plugin. -->","yoast_head_json":{"title":"Infinite Blazer - Bemonocromo","robots":{"index":"index","follow":"follow","max-snippet":"max-snippet:-1","max-image-preview":"max-image-preview:large","max-video-preview":"max-video-preview:-1"},"canonical":"https:\/\/bemonocromo.com\/es\/product\/fractal-skirt-copy\/","og_locale":"es_ES","og_type":"article","og_title":"Infinite Blazer - Bemonocromo","og_description":"Lanzamos nuestro blazer Infinite, una mezcla de dise\u00f1o cl\u00e1sico con detalles vanguardistas. Este blazer tiene una sola solapa de color, un bot\u00f3n frontal y un corte holgado que combina a la perfecci\u00f3n con todas las formas del cuerpo.   Nuestra prenda est\u00e1 confeccionada con un 74% de viscosa (EcoVero), un 24% de lyocell y un 2% de elastano para lograr un tejido sostenible fluido y de alta calidad.  Se fabrica con orgullo en Colombia, prestando atenci\u00f3n a los detalles, lo que garantiza una calidad excepcional y una prenda que perdurar\u00e1 en el tiempo.  \u00bfCu\u00e1l es mi talla?  Tabla de medida en Cms*  &nbsp;","og_url":"https:\/\/bemonocromo.com\/es\/product\/fractal-skirt-copy\/","og_site_name":"Bemonocromo","article_modified_time":"2024-11-26T20:31:49+00:00","og_image":[{"width":1707,"height":2560,"url":"https:\/\/bemonocromo.com\/wp-content\/uploads\/2024\/06\/BeMonocromo-92-1-scaled.jpg","type":"image\/jpeg"}],"twitter_card":"summary_large_image","schema":{"@context":"https:\/\/schema.org","@graph":[{"@type":"WebPage","@id":"https:\/\/bemonocromo.com\/es\/product\/fractal-skirt-copy\/","url":"https:\/\/bemonocromo.com\/es\/product\/fractal-skirt-copy\/","name":"Infinite Blazer - Bemonocromo","isPartOf":{"@id":"https:\/\/bemonocromo.com\/es\/#website"},"primaryImageOfPage":{"@id":"https:\/\/bemonocromo.com\/es\/product\/fractal-skirt-copy\/#primaryimage"},"image":{"@id":"https:\/\/bemonocromo.com\/es\/product\/fractal-skirt-copy\/#primaryimage"},"thumbnailUrl":"https:\/\/bemonocromo.com\/wp-content\/uploads\/2024\/06\/BeMonocromo-92-1-scaled.jpg","datePublished":"2024-06-06T20:10:12+00:00","dateModified":"2024-11-26T20:31:49+00:00","breadcrumb":{"@id":"https:\/\/bemonocromo.com\/es\/product\/fractal-skirt-copy\/#breadcrumb"},"inLanguage":"es","potentialAction":[{"@type":"ReadAction","target":["https:\/\/bemonocromo.com\/es\/product\/fractal-skirt-copy\/"]}]},{"@type":"ImageObject","inLanguage":"es","@id":"https:\/\/bemonocromo.com\/es\/product\/fractal-skirt-copy\/#primaryimage","url":"https:\/\/bemonocromo.com\/wp-content\/uploads\/2024\/06\/BeMonocromo-92-1-scaled.jpg","contentUrl":"https:\/\/bemonocromo.com\/wp-content\/uploads\/2024\/06\/BeMonocromo-92-1-scaled.jpg","width":1707,"height":2560},{"@type":"BreadcrumbList","@id":"https:\/\/bemonocromo.com\/es\/product\/fractal-skirt-copy\/#breadcrumb","itemListElement":[{"@type":"ListItem","position":1,"name":"Home","item":"https:\/\/bemonocromo.com\/es\/"},{"@type":"ListItem","position":2,"name":"Tienda","item":"https:\/\/bemonocromo.com\/es\/tienda\/"},{"@type":"ListItem","position":3,"name":"Infinite Blazer"}]},{"@type":"WebSite","@id":"https:\/\/bemonocromo.com\/es\/#website","url":"https:\/\/bemonocromo.com\/es\/","name":"Bemonocromo","description":"The Power of Color","publisher":{"@id":"https:\/\/bemonocromo.com\/es\/#organization"},"potentialAction":[{"@type":"SearchAction","target":{"@type":"EntryPoint","urlTemplate":"https:\/\/bemonocromo.com\/es\/?s={search_term_string}"},"query-input":{"@type":"PropertyValueSpecification","valueRequired":true,"valueName":"search_term_string"}}],"inLanguage":"es"},{"@type":"Organization","@id":"https:\/\/bemonocromo.com\/es\/#organization","name":"Bemonocromo","url":"https:\/\/bemonocromo.com\/es\/","logo":{"@type":"ImageObject","inLanguage":"es","@id":"https:\/\/bemonocromo.com\/es\/#\/schema\/logo\/image\/","url":"https:\/\/bemonocromo.com\/wp-content\/uploads\/2023\/04\/path43.png","contentUrl":"https:\/\/bemonocromo.com\/wp-content\/uploads\/2023\/04\/path43.png","width":341,"height":48,"caption":"Bemonocromo"},"image":{"@id":"https:\/\/bemonocromo.com\/es\/#\/schema\/logo\/image\/"}}]}},"_links":{"self":[{"href":"https:\/\/bemonocromo.com\/es\/wp-json\/wp\/v2\/product\/11008","targetHints":{"allow":["GET"]}}],"collection":[{"href":"https:\/\/bemonocromo.com\/es\/wp-json\/wp\/v2\/product"}],"about":[{"href":"https:\/\/bemonocromo.com\/es\/wp-json\/wp\/v2\/types\/product"}],"replies":[{"embeddable":true,"href":"https:\/\/bemonocromo.com\/es\/wp-json\/wp\/v2\/comments?post=11008"}],"version-history":[{"count":0,"href":"https:\/\/bemonocromo.com\/es\/wp-json\/wp\/v2\/product\/11008\/revisions"}],"wp:featuredmedia":[{"embeddable":true,"href":"https:\/\/bemonocromo.com\/es\/wp-json\/wp\/v2\/media\/11018"}],"wp:attachment":[{"href":"https:\/\/bemonocromo.com\/es\/wp-json\/wp\/v2\/media?parent=11008"}],"wp:term":[{"taxonomy":"product_brand","embeddable":true,"href":"https:\/\/bemonocromo.com\/es\/wp-json\/wp\/v2\/product_brand?post=11008"},{"taxonomy":"product_cat","embeddable":true,"href":"https:\/\/bemonocromo.com\/es\/wp-json\/wp\/v2\/product_cat?post=11008"},{"taxonomy":"product_tag","embeddable":true,"href":"https:\/\/bemonocromo.com\/es\/wp-json\/wp\/v2\/product_tag?post=11008"}],"curies":[{"name":"wp","href":"https:\/\/api.w.org\/{rel}","templated":true}]}}