{"id":11079,"date":"2024-06-06T22:31:58","date_gmt":"2024-06-06T22:31:58","guid":{"rendered":"https:\/\/bemonocromo.com\/?post_type=product&#038;p=11079"},"modified":"2025-11-27T21:49:54","modified_gmt":"2025-11-27T21:49:54","slug":"spiral-pants-copy","status":"publish","type":"product","link":"https:\/\/bemonocromo.com\/es\/product\/spiral-pants-copy\/","title":{"rendered":"Dimensions Jumpsuit"},"content":{"rendered":"<p>Telas org\u00e1nicas.<\/p>\n<p>La modelo est\u00e1 usando talla S.<\/p>\n","protected":false},"excerpt":{"rendered":"<p><strong>Presentamos nuestro enterizo Dimensions, con un bordado frontal que se relaciona con el movimiento de nuestra energ\u00eda, un bot\u00f3n de cierre en la nuca y bota recta.<\/strong><\/p>\n<ul>\n<li>Nuestra pieza est\u00e1 hecha de 88% poliamida y 12% elastano, <strong>un tejido con un proceso sostenible certificado que garantiza el ahorro de agua y energ\u00eda.<\/strong><\/li>\n<li>Nuestra pieza se fabrica con orgullo en <strong>Colombia<\/strong>. Cada pieza se fabrica cuidadosamente prestando atenci\u00f3n a los detalles, <strong>lo que garantiza una calidad excepcional.<\/strong><\/li>\n<\/ul>\n<p><img decoding=\"async\" class=\"alignnone wp-image-11101 size-full\" src=\"https:\/\/bemonocromo.com\/wp-content\/uploads\/2024\/06\/Screen-Shot-2024-06-06-at-18.17.18.png\" alt=\"\" width=\"669\" height=\"112\" srcset=\"https:\/\/bemonocromo.com\/wp-content\/uploads\/2024\/06\/Screen-Shot-2024-06-06-at-18.17.18.png 669w, https:\/\/bemonocromo.com\/wp-content\/uploads\/2024\/06\/Screen-Shot-2024-06-06-at-18.17.18-300x50.png 300w, https:\/\/bemonocromo.com\/wp-content\/uploads\/2024\/06\/Screen-Shot-2024-06-06-at-18.17.18-400x67.png 400w, https:\/\/bemonocromo.com\/wp-content\/uploads\/2024\/06\/Screen-Shot-2024-06-06-at-18.17.18-600x100.png 600w\" sizes=\"(max-width: 669px) 100vw, 669px\" \/>Tabla de medidas en Cms*<\/p>\n<p>&nbsp;<\/p>\n","protected":false},"featured_media":11086,"comment_status":"open","ping_status":"closed","template":"","meta":[],"product_brand":[],"product_cat":[223,152],"product_tag":[],"class_list":{"0":"post-11079","1":"product","2":"type-product","3":"status-publish","4":"has-post-thumbnail","6":"product_cat-nueva-coleccion-es","7":"product_cat-pantalones-monos","9":"first","10":"instock","11":"sale","12":"shipping-taxable","13":"purchasable","14":"product-type-variable"},"yoast_head":"<!-- This site is optimized with the Yoast SEO plugin v26.7 - https:\/\/yoast.com\/wordpress\/plugins\/seo\/ -->\n<title>Dimensions Jumpsuit - Bemonocromo<\/title>\n<meta name=\"robots\" content=\"index, follow, max-snippet:-1, max-image-preview:large, max-video-preview:-1\" \/>\n<link rel=\"canonical\" href=\"https:\/\/bemonocromo.com\/es\/product\/spiral-pants-copy\/\" \/>\n<meta property=\"og:locale\" content=\"es_ES\" \/>\n<meta property=\"og:type\" content=\"article\" \/>\n<meta property=\"og:title\" content=\"Dimensions Jumpsuit - Bemonocromo\" \/>\n<meta property=\"og:description\" content=\"Presentamos nuestro enterizo Dimensions, con un bordado frontal que se relaciona con el movimiento de nuestra energ\u00eda, un bot\u00f3n de cierre en la nuca y bota recta.   Nuestra pieza est\u00e1 hecha de 88% poliamida y 12% elastano, un tejido con un proceso sostenible certificado que garantiza el ahorro de agua y energ\u00eda.  Nuestra pieza se fabrica con orgullo en Colombia. Cada pieza se fabrica cuidadosamente prestando atenci\u00f3n a los detalles, lo que garantiza una calidad excepcional.  Tabla de medidas en Cms*  &nbsp;\" \/>\n<meta property=\"og:url\" content=\"https:\/\/bemonocromo.com\/es\/product\/spiral-pants-copy\/\" \/>\n<meta property=\"og:site_name\" content=\"Bemonocromo\" \/>\n<meta property=\"article:modified_time\" content=\"2025-11-27T21:49:54+00:00\" \/>\n<meta property=\"og:image\" content=\"https:\/\/bemonocromo.com\/wp-content\/uploads\/2024\/06\/BeMonocromo-122-1-scaled.jpg\" \/>\n\t<meta property=\"og:image:width\" content=\"1707\" \/>\n\t<meta property=\"og:image:height\" content=\"2560\" \/>\n\t<meta property=\"og:image:type\" content=\"image\/jpeg\" \/>\n<meta name=\"twitter:card\" content=\"summary_large_image\" \/>\n<script type=\"application\/ld+json\" class=\"yoast-schema-graph\">{\"@context\":\"https:\/\/schema.org\",\"@graph\":[{\"@type\":\"WebPage\",\"@id\":\"https:\/\/bemonocromo.com\/es\/product\/spiral-pants-copy\/\",\"url\":\"https:\/\/bemonocromo.com\/es\/product\/spiral-pants-copy\/\",\"name\":\"Dimensions Jumpsuit - Bemonocromo\",\"isPartOf\":{\"@id\":\"https:\/\/bemonocromo.com\/es\/#website\"},\"primaryImageOfPage\":{\"@id\":\"https:\/\/bemonocromo.com\/es\/product\/spiral-pants-copy\/#primaryimage\"},\"image\":{\"@id\":\"https:\/\/bemonocromo.com\/es\/product\/spiral-pants-copy\/#primaryimage\"},\"thumbnailUrl\":\"https:\/\/bemonocromo.com\/wp-content\/uploads\/2024\/06\/BeMonocromo-122-1-scaled.jpg\",\"datePublished\":\"2024-06-06T22:31:58+00:00\",\"dateModified\":\"2025-11-27T21:49:54+00:00\",\"breadcrumb\":{\"@id\":\"https:\/\/bemonocromo.com\/es\/product\/spiral-pants-copy\/#breadcrumb\"},\"inLanguage\":\"es\",\"potentialAction\":[{\"@type\":\"ReadAction\",\"target\":[\"https:\/\/bemonocromo.com\/es\/product\/spiral-pants-copy\/\"]}]},{\"@type\":\"ImageObject\",\"inLanguage\":\"es\",\"@id\":\"https:\/\/bemonocromo.com\/es\/product\/spiral-pants-copy\/#primaryimage\",\"url\":\"https:\/\/bemonocromo.com\/wp-content\/uploads\/2024\/06\/BeMonocromo-122-1-scaled.jpg\",\"contentUrl\":\"https:\/\/bemonocromo.com\/wp-content\/uploads\/2024\/06\/BeMonocromo-122-1-scaled.jpg\",\"width\":1707,\"height\":2560},{\"@type\":\"BreadcrumbList\",\"@id\":\"https:\/\/bemonocromo.com\/es\/product\/spiral-pants-copy\/#breadcrumb\",\"itemListElement\":[{\"@type\":\"ListItem\",\"position\":1,\"name\":\"Home\",\"item\":\"https:\/\/bemonocromo.com\/es\/\"},{\"@type\":\"ListItem\",\"position\":2,\"name\":\"Tienda\",\"item\":\"https:\/\/bemonocromo.com\/es\/tienda\/\"},{\"@type\":\"ListItem\",\"position\":3,\"name\":\"Dimensions Jumpsuit\"}]},{\"@type\":\"WebSite\",\"@id\":\"https:\/\/bemonocromo.com\/es\/#website\",\"url\":\"https:\/\/bemonocromo.com\/es\/\",\"name\":\"Bemonocromo\",\"description\":\"The Power of Color\",\"publisher\":{\"@id\":\"https:\/\/bemonocromo.com\/es\/#organization\"},\"potentialAction\":[{\"@type\":\"SearchAction\",\"target\":{\"@type\":\"EntryPoint\",\"urlTemplate\":\"https:\/\/bemonocromo.com\/es\/?s={search_term_string}\"},\"query-input\":{\"@type\":\"PropertyValueSpecification\",\"valueRequired\":true,\"valueName\":\"search_term_string\"}}],\"inLanguage\":\"es\"},{\"@type\":\"Organization\",\"@id\":\"https:\/\/bemonocromo.com\/es\/#organization\",\"name\":\"Bemonocromo\",\"url\":\"https:\/\/bemonocromo.com\/es\/\",\"logo\":{\"@type\":\"ImageObject\",\"inLanguage\":\"es\",\"@id\":\"https:\/\/bemonocromo.com\/es\/#\/schema\/logo\/image\/\",\"url\":\"https:\/\/bemonocromo.com\/wp-content\/uploads\/2023\/04\/path43.png\",\"contentUrl\":\"https:\/\/bemonocromo.com\/wp-content\/uploads\/2023\/04\/path43.png\",\"width\":341,\"height\":48,\"caption\":\"Bemonocromo\"},\"image\":{\"@id\":\"https:\/\/bemonocromo.com\/es\/#\/schema\/logo\/image\/\"}}]}<\/script>\n<!-- \/ Yoast SEO plugin. -->","yoast_head_json":{"title":"Dimensions Jumpsuit - Bemonocromo","robots":{"index":"index","follow":"follow","max-snippet":"max-snippet:-1","max-image-preview":"max-image-preview:large","max-video-preview":"max-video-preview:-1"},"canonical":"https:\/\/bemonocromo.com\/es\/product\/spiral-pants-copy\/","og_locale":"es_ES","og_type":"article","og_title":"Dimensions Jumpsuit - Bemonocromo","og_description":"Presentamos nuestro enterizo Dimensions, con un bordado frontal que se relaciona con el movimiento de nuestra energ\u00eda, un bot\u00f3n de cierre en la nuca y bota recta.   Nuestra pieza est\u00e1 hecha de 88% poliamida y 12% elastano, un tejido con un proceso sostenible certificado que garantiza el ahorro de agua y energ\u00eda.  Nuestra pieza se fabrica con orgullo en Colombia. Cada pieza se fabrica cuidadosamente prestando atenci\u00f3n a los detalles, lo que garantiza una calidad excepcional.  Tabla de medidas en Cms*  &nbsp;","og_url":"https:\/\/bemonocromo.com\/es\/product\/spiral-pants-copy\/","og_site_name":"Bemonocromo","article_modified_time":"2025-11-27T21:49:54+00:00","og_image":[{"width":1707,"height":2560,"url":"https:\/\/bemonocromo.com\/wp-content\/uploads\/2024\/06\/BeMonocromo-122-1-scaled.jpg","type":"image\/jpeg"}],"twitter_card":"summary_large_image","schema":{"@context":"https:\/\/schema.org","@graph":[{"@type":"WebPage","@id":"https:\/\/bemonocromo.com\/es\/product\/spiral-pants-copy\/","url":"https:\/\/bemonocromo.com\/es\/product\/spiral-pants-copy\/","name":"Dimensions Jumpsuit - Bemonocromo","isPartOf":{"@id":"https:\/\/bemonocromo.com\/es\/#website"},"primaryImageOfPage":{"@id":"https:\/\/bemonocromo.com\/es\/product\/spiral-pants-copy\/#primaryimage"},"image":{"@id":"https:\/\/bemonocromo.com\/es\/product\/spiral-pants-copy\/#primaryimage"},"thumbnailUrl":"https:\/\/bemonocromo.com\/wp-content\/uploads\/2024\/06\/BeMonocromo-122-1-scaled.jpg","datePublished":"2024-06-06T22:31:58+00:00","dateModified":"2025-11-27T21:49:54+00:00","breadcrumb":{"@id":"https:\/\/bemonocromo.com\/es\/product\/spiral-pants-copy\/#breadcrumb"},"inLanguage":"es","potentialAction":[{"@type":"ReadAction","target":["https:\/\/bemonocromo.com\/es\/product\/spiral-pants-copy\/"]}]},{"@type":"ImageObject","inLanguage":"es","@id":"https:\/\/bemonocromo.com\/es\/product\/spiral-pants-copy\/#primaryimage","url":"https:\/\/bemonocromo.com\/wp-content\/uploads\/2024\/06\/BeMonocromo-122-1-scaled.jpg","contentUrl":"https:\/\/bemonocromo.com\/wp-content\/uploads\/2024\/06\/BeMonocromo-122-1-scaled.jpg","width":1707,"height":2560},{"@type":"BreadcrumbList","@id":"https:\/\/bemonocromo.com\/es\/product\/spiral-pants-copy\/#breadcrumb","itemListElement":[{"@type":"ListItem","position":1,"name":"Home","item":"https:\/\/bemonocromo.com\/es\/"},{"@type":"ListItem","position":2,"name":"Tienda","item":"https:\/\/bemonocromo.com\/es\/tienda\/"},{"@type":"ListItem","position":3,"name":"Dimensions Jumpsuit"}]},{"@type":"WebSite","@id":"https:\/\/bemonocromo.com\/es\/#website","url":"https:\/\/bemonocromo.com\/es\/","name":"Bemonocromo","description":"The Power of Color","publisher":{"@id":"https:\/\/bemonocromo.com\/es\/#organization"},"potentialAction":[{"@type":"SearchAction","target":{"@type":"EntryPoint","urlTemplate":"https:\/\/bemonocromo.com\/es\/?s={search_term_string}"},"query-input":{"@type":"PropertyValueSpecification","valueRequired":true,"valueName":"search_term_string"}}],"inLanguage":"es"},{"@type":"Organization","@id":"https:\/\/bemonocromo.com\/es\/#organization","name":"Bemonocromo","url":"https:\/\/bemonocromo.com\/es\/","logo":{"@type":"ImageObject","inLanguage":"es","@id":"https:\/\/bemonocromo.com\/es\/#\/schema\/logo\/image\/","url":"https:\/\/bemonocromo.com\/wp-content\/uploads\/2023\/04\/path43.png","contentUrl":"https:\/\/bemonocromo.com\/wp-content\/uploads\/2023\/04\/path43.png","width":341,"height":48,"caption":"Bemonocromo"},"image":{"@id":"https:\/\/bemonocromo.com\/es\/#\/schema\/logo\/image\/"}}]}},"_links":{"self":[{"href":"https:\/\/bemonocromo.com\/es\/wp-json\/wp\/v2\/product\/11079","targetHints":{"allow":["GET"]}}],"collection":[{"href":"https:\/\/bemonocromo.com\/es\/wp-json\/wp\/v2\/product"}],"about":[{"href":"https:\/\/bemonocromo.com\/es\/wp-json\/wp\/v2\/types\/product"}],"replies":[{"embeddable":true,"href":"https:\/\/bemonocromo.com\/es\/wp-json\/wp\/v2\/comments?post=11079"}],"version-history":[{"count":1,"href":"https:\/\/bemonocromo.com\/es\/wp-json\/wp\/v2\/product\/11079\/revisions"}],"predecessor-version":[{"id":13098,"href":"https:\/\/bemonocromo.com\/es\/wp-json\/wp\/v2\/product\/11079\/revisions\/13098"}],"wp:featuredmedia":[{"embeddable":true,"href":"https:\/\/bemonocromo.com\/es\/wp-json\/wp\/v2\/media\/11086"}],"wp:attachment":[{"href":"https:\/\/bemonocromo.com\/es\/wp-json\/wp\/v2\/media?parent=11079"}],"wp:term":[{"taxonomy":"product_brand","embeddable":true,"href":"https:\/\/bemonocromo.com\/es\/wp-json\/wp\/v2\/product_brand?post=11079"},{"taxonomy":"product_cat","embeddable":true,"href":"https:\/\/bemonocromo.com\/es\/wp-json\/wp\/v2\/product_cat?post=11079"},{"taxonomy":"product_tag","embeddable":true,"href":"https:\/\/bemonocromo.com\/es\/wp-json\/wp\/v2\/product_tag?post=11079"}],"curies":[{"name":"wp","href":"https:\/\/api.w.org\/{rel}","templated":true}]}}