{"id":11153,"date":"2024-06-19T20:45:58","date_gmt":"2024-06-19T20:45:58","guid":{"rendered":"https:\/\/bemonocromo.com\/?post_type=product&#038;p=11153"},"modified":"2024-11-26T14:54:38","modified_gmt":"2024-11-26T14:54:38","slug":"dimensions-jumpsuit-copy-2","status":"publish","type":"product","link":"https:\/\/bemonocromo.com\/es\/product\/dimensions-jumpsuit-copy-2\/","title":{"rendered":"Symmetry Shirt"},"content":{"rendered":"<p>Telas recicladas certificadas.<\/p>\n<p>La moda est\u00e1 usando talla S.<\/p>\n","protected":false},"excerpt":{"rendered":"<p><strong>Presentamos nuestra camisa Symmetry, con un bordado frontal inspirado en la geometr\u00eda sagrada, botones frontales y aberturas laterales.<\/strong><\/p>\n<ul>\n<li>Est\u00e1 confeccionada en 63% algod\u00f3n y 37% poli\u00e9ster, un tejido con un proceso de <strong>reciclado certificado que garantiza el uso de remanentes textiles.<\/strong><\/li>\n<li>Nuestra pieza se fabrica bajo est\u00e1ndares \u00e9ticos,\u00a0 cuidadosamente prestando atenci\u00f3n a los detalles, lo que garantiza <strong>una calidad excepcional y una prenda con alta durabilidad.<\/strong><\/li>\n<\/ul>\n<p>\u00bfCu\u00e1l es mi talla?<\/p>\n<p><img decoding=\"async\" class=\"alignnone wp-image-11175 size-full\" src=\"https:\/\/bemonocromo.com\/wp-content\/uploads\/2024\/06\/Screen-Shot-2024-06-19-at-16.30.24.png\" alt=\"\" width=\"671\" height=\"116\" srcset=\"https:\/\/bemonocromo.com\/wp-content\/uploads\/2024\/06\/Screen-Shot-2024-06-19-at-16.30.24.png 671w, https:\/\/bemonocromo.com\/wp-content\/uploads\/2024\/06\/Screen-Shot-2024-06-19-at-16.30.24-300x52.png 300w, https:\/\/bemonocromo.com\/wp-content\/uploads\/2024\/06\/Screen-Shot-2024-06-19-at-16.30.24-400x69.png 400w, https:\/\/bemonocromo.com\/wp-content\/uploads\/2024\/06\/Screen-Shot-2024-06-19-at-16.30.24-600x104.png 600w\" sizes=\"(max-width: 671px) 100vw, 671px\" \/>Tabla de medida en Cms*<\/p>\n<p>&nbsp;<\/p>\n","protected":false},"featured_media":11167,"comment_status":"open","ping_status":"closed","template":"","meta":[],"product_brand":[],"product_cat":[169,223],"product_tag":[],"class_list":{"0":"post-11153","1":"product","2":"type-product","3":"status-publish","4":"has-post-thumbnail","6":"product_cat-camisas","7":"product_cat-nueva-coleccion-es","9":"first","10":"outofstock","11":"shipping-taxable","12":"purchasable","13":"product-type-variable"},"yoast_head":"<!-- This site is optimized with the Yoast SEO plugin v27.3 - https:\/\/yoast.com\/product\/yoast-seo-wordpress\/ -->\n<title>Symmetry Shirt - Bemonocromo<\/title>\n<meta name=\"robots\" content=\"index, follow, max-snippet:-1, max-image-preview:large, max-video-preview:-1\" \/>\n<link rel=\"canonical\" href=\"https:\/\/bemonocromo.com\/es\/product\/dimensions-jumpsuit-copy-2\/\" \/>\n<meta property=\"og:locale\" content=\"es_ES\" \/>\n<meta property=\"og:type\" content=\"article\" \/>\n<meta property=\"og:title\" content=\"Symmetry Shirt - Bemonocromo\" \/>\n<meta property=\"og:description\" content=\"Presentamos nuestra camisa Symmetry, con un bordado frontal inspirado en la geometr\u00eda sagrada, botones frontales y aberturas laterales.   Est\u00e1 confeccionada en 63% algod\u00f3n y 37% poli\u00e9ster, un tejido con un proceso de reciclado certificado que garantiza el uso de remanentes textiles.  Nuestra pieza se fabrica bajo est\u00e1ndares \u00e9ticos,\u00a0 cuidadosamente prestando atenci\u00f3n a los detalles, lo que garantiza una calidad excepcional y una prenda con alta durabilidad.  \u00bfCu\u00e1l es mi talla?  Tabla de medida en Cms*  &nbsp;\" \/>\n<meta property=\"og:url\" content=\"https:\/\/bemonocromo.com\/es\/product\/dimensions-jumpsuit-copy-2\/\" \/>\n<meta property=\"og:site_name\" content=\"Bemonocromo\" \/>\n<meta property=\"article:modified_time\" content=\"2024-11-26T14:54:38+00:00\" \/>\n<meta property=\"og:image\" content=\"https:\/\/bemonocromo.com\/wp-content\/uploads\/2024\/06\/BeMonocromo-127-1-scaled.jpg\" \/>\n\t<meta property=\"og:image:width\" content=\"1707\" \/>\n\t<meta property=\"og:image:height\" content=\"2560\" \/>\n\t<meta property=\"og:image:type\" content=\"image\/jpeg\" \/>\n<meta name=\"twitter:card\" content=\"summary_large_image\" \/>\n<script type=\"application\/ld+json\" class=\"yoast-schema-graph\">{\"@context\":\"https:\\\/\\\/schema.org\",\"@graph\":[{\"@type\":\"WebPage\",\"@id\":\"https:\\\/\\\/bemonocromo.com\\\/es\\\/product\\\/dimensions-jumpsuit-copy-2\\\/\",\"url\":\"https:\\\/\\\/bemonocromo.com\\\/es\\\/product\\\/dimensions-jumpsuit-copy-2\\\/\",\"name\":\"Symmetry Shirt - Bemonocromo\",\"isPartOf\":{\"@id\":\"https:\\\/\\\/bemonocromo.com\\\/es\\\/#website\"},\"primaryImageOfPage\":{\"@id\":\"https:\\\/\\\/bemonocromo.com\\\/es\\\/product\\\/dimensions-jumpsuit-copy-2\\\/#primaryimage\"},\"image\":{\"@id\":\"https:\\\/\\\/bemonocromo.com\\\/es\\\/product\\\/dimensions-jumpsuit-copy-2\\\/#primaryimage\"},\"thumbnailUrl\":\"https:\\\/\\\/bemonocromo.com\\\/wp-content\\\/uploads\\\/2024\\\/06\\\/BeMonocromo-127-1-scaled.jpg\",\"datePublished\":\"2024-06-19T20:45:58+00:00\",\"dateModified\":\"2024-11-26T14:54:38+00:00\",\"breadcrumb\":{\"@id\":\"https:\\\/\\\/bemonocromo.com\\\/es\\\/product\\\/dimensions-jumpsuit-copy-2\\\/#breadcrumb\"},\"inLanguage\":\"es\",\"potentialAction\":[{\"@type\":\"ReadAction\",\"target\":[\"https:\\\/\\\/bemonocromo.com\\\/es\\\/product\\\/dimensions-jumpsuit-copy-2\\\/\"]}]},{\"@type\":\"ImageObject\",\"inLanguage\":\"es\",\"@id\":\"https:\\\/\\\/bemonocromo.com\\\/es\\\/product\\\/dimensions-jumpsuit-copy-2\\\/#primaryimage\",\"url\":\"https:\\\/\\\/bemonocromo.com\\\/wp-content\\\/uploads\\\/2024\\\/06\\\/BeMonocromo-127-1-scaled.jpg\",\"contentUrl\":\"https:\\\/\\\/bemonocromo.com\\\/wp-content\\\/uploads\\\/2024\\\/06\\\/BeMonocromo-127-1-scaled.jpg\",\"width\":1707,\"height\":2560},{\"@type\":\"BreadcrumbList\",\"@id\":\"https:\\\/\\\/bemonocromo.com\\\/es\\\/product\\\/dimensions-jumpsuit-copy-2\\\/#breadcrumb\",\"itemListElement\":[{\"@type\":\"ListItem\",\"position\":1,\"name\":\"Home\",\"item\":\"https:\\\/\\\/bemonocromo.com\\\/es\\\/\"},{\"@type\":\"ListItem\",\"position\":2,\"name\":\"Tienda\",\"item\":\"https:\\\/\\\/bemonocromo.com\\\/es\\\/tienda\\\/\"},{\"@type\":\"ListItem\",\"position\":3,\"name\":\"Symmetry Shirt\"}]},{\"@type\":\"WebSite\",\"@id\":\"https:\\\/\\\/bemonocromo.com\\\/es\\\/#website\",\"url\":\"https:\\\/\\\/bemonocromo.com\\\/es\\\/\",\"name\":\"Bemonocromo\",\"description\":\"The Power of Color\",\"publisher\":{\"@id\":\"https:\\\/\\\/bemonocromo.com\\\/es\\\/#organization\"},\"potentialAction\":[{\"@type\":\"SearchAction\",\"target\":{\"@type\":\"EntryPoint\",\"urlTemplate\":\"https:\\\/\\\/bemonocromo.com\\\/es\\\/?s={search_term_string}\"},\"query-input\":{\"@type\":\"PropertyValueSpecification\",\"valueRequired\":true,\"valueName\":\"search_term_string\"}}],\"inLanguage\":\"es\"},{\"@type\":\"Organization\",\"@id\":\"https:\\\/\\\/bemonocromo.com\\\/es\\\/#organization\",\"name\":\"Bemonocromo\",\"url\":\"https:\\\/\\\/bemonocromo.com\\\/es\\\/\",\"logo\":{\"@type\":\"ImageObject\",\"inLanguage\":\"es\",\"@id\":\"https:\\\/\\\/bemonocromo.com\\\/es\\\/#\\\/schema\\\/logo\\\/image\\\/\",\"url\":\"https:\\\/\\\/bemonocromo.com\\\/wp-content\\\/uploads\\\/2023\\\/04\\\/path43.png\",\"contentUrl\":\"https:\\\/\\\/bemonocromo.com\\\/wp-content\\\/uploads\\\/2023\\\/04\\\/path43.png\",\"width\":341,\"height\":48,\"caption\":\"Bemonocromo\"},\"image\":{\"@id\":\"https:\\\/\\\/bemonocromo.com\\\/es\\\/#\\\/schema\\\/logo\\\/image\\\/\"}}]}<\/script>\n<!-- \/ Yoast SEO plugin. -->","yoast_head_json":{"title":"Symmetry Shirt - Bemonocromo","robots":{"index":"index","follow":"follow","max-snippet":"max-snippet:-1","max-image-preview":"max-image-preview:large","max-video-preview":"max-video-preview:-1"},"canonical":"https:\/\/bemonocromo.com\/es\/product\/dimensions-jumpsuit-copy-2\/","og_locale":"es_ES","og_type":"article","og_title":"Symmetry Shirt - Bemonocromo","og_description":"Presentamos nuestra camisa Symmetry, con un bordado frontal inspirado en la geometr\u00eda sagrada, botones frontales y aberturas laterales.   Est\u00e1 confeccionada en 63% algod\u00f3n y 37% poli\u00e9ster, un tejido con un proceso de reciclado certificado que garantiza el uso de remanentes textiles.  Nuestra pieza se fabrica bajo est\u00e1ndares \u00e9ticos,\u00a0 cuidadosamente prestando atenci\u00f3n a los detalles, lo que garantiza una calidad excepcional y una prenda con alta durabilidad.  \u00bfCu\u00e1l es mi talla?  Tabla de medida en Cms*  &nbsp;","og_url":"https:\/\/bemonocromo.com\/es\/product\/dimensions-jumpsuit-copy-2\/","og_site_name":"Bemonocromo","article_modified_time":"2024-11-26T14:54:38+00:00","og_image":[{"width":1707,"height":2560,"url":"https:\/\/bemonocromo.com\/wp-content\/uploads\/2024\/06\/BeMonocromo-127-1-scaled.jpg","type":"image\/jpeg"}],"twitter_card":"summary_large_image","schema":{"@context":"https:\/\/schema.org","@graph":[{"@type":"WebPage","@id":"https:\/\/bemonocromo.com\/es\/product\/dimensions-jumpsuit-copy-2\/","url":"https:\/\/bemonocromo.com\/es\/product\/dimensions-jumpsuit-copy-2\/","name":"Symmetry Shirt - Bemonocromo","isPartOf":{"@id":"https:\/\/bemonocromo.com\/es\/#website"},"primaryImageOfPage":{"@id":"https:\/\/bemonocromo.com\/es\/product\/dimensions-jumpsuit-copy-2\/#primaryimage"},"image":{"@id":"https:\/\/bemonocromo.com\/es\/product\/dimensions-jumpsuit-copy-2\/#primaryimage"},"thumbnailUrl":"https:\/\/bemonocromo.com\/wp-content\/uploads\/2024\/06\/BeMonocromo-127-1-scaled.jpg","datePublished":"2024-06-19T20:45:58+00:00","dateModified":"2024-11-26T14:54:38+00:00","breadcrumb":{"@id":"https:\/\/bemonocromo.com\/es\/product\/dimensions-jumpsuit-copy-2\/#breadcrumb"},"inLanguage":"es","potentialAction":[{"@type":"ReadAction","target":["https:\/\/bemonocromo.com\/es\/product\/dimensions-jumpsuit-copy-2\/"]}]},{"@type":"ImageObject","inLanguage":"es","@id":"https:\/\/bemonocromo.com\/es\/product\/dimensions-jumpsuit-copy-2\/#primaryimage","url":"https:\/\/bemonocromo.com\/wp-content\/uploads\/2024\/06\/BeMonocromo-127-1-scaled.jpg","contentUrl":"https:\/\/bemonocromo.com\/wp-content\/uploads\/2024\/06\/BeMonocromo-127-1-scaled.jpg","width":1707,"height":2560},{"@type":"BreadcrumbList","@id":"https:\/\/bemonocromo.com\/es\/product\/dimensions-jumpsuit-copy-2\/#breadcrumb","itemListElement":[{"@type":"ListItem","position":1,"name":"Home","item":"https:\/\/bemonocromo.com\/es\/"},{"@type":"ListItem","position":2,"name":"Tienda","item":"https:\/\/bemonocromo.com\/es\/tienda\/"},{"@type":"ListItem","position":3,"name":"Symmetry Shirt"}]},{"@type":"WebSite","@id":"https:\/\/bemonocromo.com\/es\/#website","url":"https:\/\/bemonocromo.com\/es\/","name":"Bemonocromo","description":"The Power of Color","publisher":{"@id":"https:\/\/bemonocromo.com\/es\/#organization"},"potentialAction":[{"@type":"SearchAction","target":{"@type":"EntryPoint","urlTemplate":"https:\/\/bemonocromo.com\/es\/?s={search_term_string}"},"query-input":{"@type":"PropertyValueSpecification","valueRequired":true,"valueName":"search_term_string"}}],"inLanguage":"es"},{"@type":"Organization","@id":"https:\/\/bemonocromo.com\/es\/#organization","name":"Bemonocromo","url":"https:\/\/bemonocromo.com\/es\/","logo":{"@type":"ImageObject","inLanguage":"es","@id":"https:\/\/bemonocromo.com\/es\/#\/schema\/logo\/image\/","url":"https:\/\/bemonocromo.com\/wp-content\/uploads\/2023\/04\/path43.png","contentUrl":"https:\/\/bemonocromo.com\/wp-content\/uploads\/2023\/04\/path43.png","width":341,"height":48,"caption":"Bemonocromo"},"image":{"@id":"https:\/\/bemonocromo.com\/es\/#\/schema\/logo\/image\/"}}]}},"_links":{"self":[{"href":"https:\/\/bemonocromo.com\/es\/wp-json\/wp\/v2\/product\/11153","targetHints":{"allow":["GET"]}}],"collection":[{"href":"https:\/\/bemonocromo.com\/es\/wp-json\/wp\/v2\/product"}],"about":[{"href":"https:\/\/bemonocromo.com\/es\/wp-json\/wp\/v2\/types\/product"}],"replies":[{"embeddable":true,"href":"https:\/\/bemonocromo.com\/es\/wp-json\/wp\/v2\/comments?post=11153"}],"version-history":[{"count":0,"href":"https:\/\/bemonocromo.com\/es\/wp-json\/wp\/v2\/product\/11153\/revisions"}],"wp:featuredmedia":[{"embeddable":true,"href":"https:\/\/bemonocromo.com\/es\/wp-json\/wp\/v2\/media\/11167"}],"wp:attachment":[{"href":"https:\/\/bemonocromo.com\/es\/wp-json\/wp\/v2\/media?parent=11153"}],"wp:term":[{"taxonomy":"product_brand","embeddable":true,"href":"https:\/\/bemonocromo.com\/es\/wp-json\/wp\/v2\/product_brand?post=11153"},{"taxonomy":"product_cat","embeddable":true,"href":"https:\/\/bemonocromo.com\/es\/wp-json\/wp\/v2\/product_cat?post=11153"},{"taxonomy":"product_tag","embeddable":true,"href":"https:\/\/bemonocromo.com\/es\/wp-json\/wp\/v2\/product_tag?post=11153"}],"curies":[{"name":"wp","href":"https:\/\/api.w.org\/{rel}","templated":true}]}}