{"id":11744,"date":"2024-12-06T19:29:31","date_gmt":"2024-12-06T19:29:31","guid":{"rendered":"https:\/\/bemonocromo.com\/?post_type=product&#038;p=11744"},"modified":"2024-12-06T20:38:53","modified_gmt":"2024-12-06T20:38:53","slug":"loving-top-copy-2","status":"publish","type":"product","link":"https:\/\/bemonocromo.com\/es\/product\/loving-top-copy-2\/","title":{"rendered":"Blusa Ethereal"},"content":{"rendered":"<p>Hecho con telas recicladas certificadas.<\/p>\n<p>La modelo usa talla S.<\/p>\n","protected":false},"excerpt":{"rendered":"<p><strong>Nuestra Blusa Ethereal tiene cuello redondo y un corte frontal geom\u00e9trico, que expresa nuestra amor hacia el equilibrio y la fluidez.<\/strong><\/p>\n<ul>\n<li>Elaborada con nuestro compromiso con la sostenibilidad, esta blusa est\u00e1 confeccionada con <strong>tejidos reciclados certificados<\/strong>. Compuesta por un 68% de poli\u00e9ster, un 29% de viscosa y un 3% de elast\u00e1no..<\/li>\n<li><strong>Nuestra blusa se fabrica con orgullo en Colombia. <\/strong>Cada pieza se confecciona cuidadosamente prestando atenci\u00f3n a los detalles, lo que garantiza altos est\u00e1ndares de calidad.<\/li>\n<\/ul>\n<p>\u00bfCu\u00e1l es mi talla?<\/p>\n<p><img decoding=\"async\" class=\"alignnone wp-image-9668 size-full\" src=\"https:\/\/bemonocromo.com\/wp-content\/uploads\/2023\/06\/heart.jpg\" alt=\"\" width=\"1180\" height=\"199\" srcset=\"https:\/\/bemonocromo.com\/wp-content\/uploads\/2023\/06\/heart.jpg 1180w, https:\/\/bemonocromo.com\/wp-content\/uploads\/2023\/06\/heart-300x51.jpg 300w, https:\/\/bemonocromo.com\/wp-content\/uploads\/2023\/06\/heart-1024x173.jpg 1024w, https:\/\/bemonocromo.com\/wp-content\/uploads\/2023\/06\/heart-768x130.jpg 768w, https:\/\/bemonocromo.com\/wp-content\/uploads\/2023\/06\/heart-600x101.jpg 600w\" sizes=\"(max-width: 1180px) 100vw, 1180px\" \/><\/p>\n","protected":false},"featured_media":11813,"comment_status":"open","ping_status":"closed","template":"","meta":[],"product_brand":[],"product_cat":[],"product_tag":[],"class_list":{"0":"post-11744","1":"product","2":"type-product","3":"status-publish","4":"has-post-thumbnail","7":"first","8":"instock","9":"featured","10":"shipping-taxable","11":"purchasable","12":"product-type-variable"},"yoast_head":"<!-- This site is optimized with the Yoast SEO plugin v27.3 - https:\/\/yoast.com\/product\/yoast-seo-wordpress\/ -->\n<title>Blusa Ethereal - Bemonocromo<\/title>\n<meta name=\"robots\" content=\"index, follow, max-snippet:-1, max-image-preview:large, max-video-preview:-1\" \/>\n<link rel=\"canonical\" href=\"https:\/\/bemonocromo.com\/es\/product\/loving-top-copy-2\/\" \/>\n<meta property=\"og:locale\" content=\"es_ES\" \/>\n<meta property=\"og:type\" content=\"article\" \/>\n<meta property=\"og:title\" content=\"Blusa Ethereal - Bemonocromo\" \/>\n<meta property=\"og:description\" content=\"Nuestra Blusa Ethereal tiene cuello redondo y un corte frontal geom\u00e9trico, que expresa nuestra amor hacia el equilibrio y la fluidez.   Elaborada con nuestro compromiso con la sostenibilidad, esta blusa est\u00e1 confeccionada con tejidos reciclados certificados. Compuesta por un 68% de poli\u00e9ster, un 29% de viscosa y un 3% de elast\u00e1no..  Nuestra blusa se fabrica con orgullo en Colombia. Cada pieza se confecciona cuidadosamente prestando atenci\u00f3n a los detalles, lo que garantiza altos est\u00e1ndares de calidad.  \u00bfCu\u00e1l es mi talla?\" \/>\n<meta property=\"og:url\" content=\"https:\/\/bemonocromo.com\/es\/product\/loving-top-copy-2\/\" \/>\n<meta property=\"og:site_name\" content=\"Bemonocromo\" \/>\n<meta property=\"article:modified_time\" content=\"2024-12-06T20:38:53+00:00\" \/>\n<meta property=\"og:image\" content=\"https:\/\/bemonocromo.com\/wp-content\/uploads\/2024\/12\/dreameco7.jpg\" \/>\n\t<meta property=\"og:image:width\" content=\"1707\" \/>\n\t<meta property=\"og:image:height\" content=\"2560\" \/>\n\t<meta property=\"og:image:type\" content=\"image\/jpeg\" \/>\n<meta name=\"twitter:card\" content=\"summary_large_image\" \/>\n<script type=\"application\/ld+json\" class=\"yoast-schema-graph\">{\"@context\":\"https:\\\/\\\/schema.org\",\"@graph\":[{\"@type\":\"WebPage\",\"@id\":\"https:\\\/\\\/bemonocromo.com\\\/es\\\/product\\\/loving-top-copy-2\\\/\",\"url\":\"https:\\\/\\\/bemonocromo.com\\\/es\\\/product\\\/loving-top-copy-2\\\/\",\"name\":\"Blusa Ethereal - Bemonocromo\",\"isPartOf\":{\"@id\":\"https:\\\/\\\/bemonocromo.com\\\/es\\\/#website\"},\"primaryImageOfPage\":{\"@id\":\"https:\\\/\\\/bemonocromo.com\\\/es\\\/product\\\/loving-top-copy-2\\\/#primaryimage\"},\"image\":{\"@id\":\"https:\\\/\\\/bemonocromo.com\\\/es\\\/product\\\/loving-top-copy-2\\\/#primaryimage\"},\"thumbnailUrl\":\"https:\\\/\\\/bemonocromo.com\\\/wp-content\\\/uploads\\\/2024\\\/12\\\/dreameco7.jpg\",\"datePublished\":\"2024-12-06T19:29:31+00:00\",\"dateModified\":\"2024-12-06T20:38:53+00:00\",\"breadcrumb\":{\"@id\":\"https:\\\/\\\/bemonocromo.com\\\/es\\\/product\\\/loving-top-copy-2\\\/#breadcrumb\"},\"inLanguage\":\"es\",\"potentialAction\":[{\"@type\":\"ReadAction\",\"target\":[\"https:\\\/\\\/bemonocromo.com\\\/es\\\/product\\\/loving-top-copy-2\\\/\"]}]},{\"@type\":\"ImageObject\",\"inLanguage\":\"es\",\"@id\":\"https:\\\/\\\/bemonocromo.com\\\/es\\\/product\\\/loving-top-copy-2\\\/#primaryimage\",\"url\":\"https:\\\/\\\/bemonocromo.com\\\/wp-content\\\/uploads\\\/2024\\\/12\\\/dreameco7.jpg\",\"contentUrl\":\"https:\\\/\\\/bemonocromo.com\\\/wp-content\\\/uploads\\\/2024\\\/12\\\/dreameco7.jpg\",\"width\":1707,\"height\":2560},{\"@type\":\"BreadcrumbList\",\"@id\":\"https:\\\/\\\/bemonocromo.com\\\/es\\\/product\\\/loving-top-copy-2\\\/#breadcrumb\",\"itemListElement\":[{\"@type\":\"ListItem\",\"position\":1,\"name\":\"Home\",\"item\":\"https:\\\/\\\/bemonocromo.com\\\/es\\\/\"},{\"@type\":\"ListItem\",\"position\":2,\"name\":\"Tienda\",\"item\":\"https:\\\/\\\/bemonocromo.com\\\/es\\\/tienda\\\/\"},{\"@type\":\"ListItem\",\"position\":3,\"name\":\"Blusa Ethereal\"}]},{\"@type\":\"WebSite\",\"@id\":\"https:\\\/\\\/bemonocromo.com\\\/es\\\/#website\",\"url\":\"https:\\\/\\\/bemonocromo.com\\\/es\\\/\",\"name\":\"Bemonocromo\",\"description\":\"The Power of Color\",\"publisher\":{\"@id\":\"https:\\\/\\\/bemonocromo.com\\\/es\\\/#organization\"},\"potentialAction\":[{\"@type\":\"SearchAction\",\"target\":{\"@type\":\"EntryPoint\",\"urlTemplate\":\"https:\\\/\\\/bemonocromo.com\\\/es\\\/?s={search_term_string}\"},\"query-input\":{\"@type\":\"PropertyValueSpecification\",\"valueRequired\":true,\"valueName\":\"search_term_string\"}}],\"inLanguage\":\"es\"},{\"@type\":\"Organization\",\"@id\":\"https:\\\/\\\/bemonocromo.com\\\/es\\\/#organization\",\"name\":\"Bemonocromo\",\"url\":\"https:\\\/\\\/bemonocromo.com\\\/es\\\/\",\"logo\":{\"@type\":\"ImageObject\",\"inLanguage\":\"es\",\"@id\":\"https:\\\/\\\/bemonocromo.com\\\/es\\\/#\\\/schema\\\/logo\\\/image\\\/\",\"url\":\"https:\\\/\\\/bemonocromo.com\\\/wp-content\\\/uploads\\\/2023\\\/04\\\/path43.png\",\"contentUrl\":\"https:\\\/\\\/bemonocromo.com\\\/wp-content\\\/uploads\\\/2023\\\/04\\\/path43.png\",\"width\":341,\"height\":48,\"caption\":\"Bemonocromo\"},\"image\":{\"@id\":\"https:\\\/\\\/bemonocromo.com\\\/es\\\/#\\\/schema\\\/logo\\\/image\\\/\"}}]}<\/script>\n<!-- \/ Yoast SEO plugin. -->","yoast_head_json":{"title":"Blusa Ethereal - Bemonocromo","robots":{"index":"index","follow":"follow","max-snippet":"max-snippet:-1","max-image-preview":"max-image-preview:large","max-video-preview":"max-video-preview:-1"},"canonical":"https:\/\/bemonocromo.com\/es\/product\/loving-top-copy-2\/","og_locale":"es_ES","og_type":"article","og_title":"Blusa Ethereal - Bemonocromo","og_description":"Nuestra Blusa Ethereal tiene cuello redondo y un corte frontal geom\u00e9trico, que expresa nuestra amor hacia el equilibrio y la fluidez.   Elaborada con nuestro compromiso con la sostenibilidad, esta blusa est\u00e1 confeccionada con tejidos reciclados certificados. Compuesta por un 68% de poli\u00e9ster, un 29% de viscosa y un 3% de elast\u00e1no..  Nuestra blusa se fabrica con orgullo en Colombia. Cada pieza se confecciona cuidadosamente prestando atenci\u00f3n a los detalles, lo que garantiza altos est\u00e1ndares de calidad.  \u00bfCu\u00e1l es mi talla?","og_url":"https:\/\/bemonocromo.com\/es\/product\/loving-top-copy-2\/","og_site_name":"Bemonocromo","article_modified_time":"2024-12-06T20:38:53+00:00","og_image":[{"width":1707,"height":2560,"url":"https:\/\/bemonocromo.com\/wp-content\/uploads\/2024\/12\/dreameco7.jpg","type":"image\/jpeg"}],"twitter_card":"summary_large_image","schema":{"@context":"https:\/\/schema.org","@graph":[{"@type":"WebPage","@id":"https:\/\/bemonocromo.com\/es\/product\/loving-top-copy-2\/","url":"https:\/\/bemonocromo.com\/es\/product\/loving-top-copy-2\/","name":"Blusa Ethereal - Bemonocromo","isPartOf":{"@id":"https:\/\/bemonocromo.com\/es\/#website"},"primaryImageOfPage":{"@id":"https:\/\/bemonocromo.com\/es\/product\/loving-top-copy-2\/#primaryimage"},"image":{"@id":"https:\/\/bemonocromo.com\/es\/product\/loving-top-copy-2\/#primaryimage"},"thumbnailUrl":"https:\/\/bemonocromo.com\/wp-content\/uploads\/2024\/12\/dreameco7.jpg","datePublished":"2024-12-06T19:29:31+00:00","dateModified":"2024-12-06T20:38:53+00:00","breadcrumb":{"@id":"https:\/\/bemonocromo.com\/es\/product\/loving-top-copy-2\/#breadcrumb"},"inLanguage":"es","potentialAction":[{"@type":"ReadAction","target":["https:\/\/bemonocromo.com\/es\/product\/loving-top-copy-2\/"]}]},{"@type":"ImageObject","inLanguage":"es","@id":"https:\/\/bemonocromo.com\/es\/product\/loving-top-copy-2\/#primaryimage","url":"https:\/\/bemonocromo.com\/wp-content\/uploads\/2024\/12\/dreameco7.jpg","contentUrl":"https:\/\/bemonocromo.com\/wp-content\/uploads\/2024\/12\/dreameco7.jpg","width":1707,"height":2560},{"@type":"BreadcrumbList","@id":"https:\/\/bemonocromo.com\/es\/product\/loving-top-copy-2\/#breadcrumb","itemListElement":[{"@type":"ListItem","position":1,"name":"Home","item":"https:\/\/bemonocromo.com\/es\/"},{"@type":"ListItem","position":2,"name":"Tienda","item":"https:\/\/bemonocromo.com\/es\/tienda\/"},{"@type":"ListItem","position":3,"name":"Blusa Ethereal"}]},{"@type":"WebSite","@id":"https:\/\/bemonocromo.com\/es\/#website","url":"https:\/\/bemonocromo.com\/es\/","name":"Bemonocromo","description":"The Power of Color","publisher":{"@id":"https:\/\/bemonocromo.com\/es\/#organization"},"potentialAction":[{"@type":"SearchAction","target":{"@type":"EntryPoint","urlTemplate":"https:\/\/bemonocromo.com\/es\/?s={search_term_string}"},"query-input":{"@type":"PropertyValueSpecification","valueRequired":true,"valueName":"search_term_string"}}],"inLanguage":"es"},{"@type":"Organization","@id":"https:\/\/bemonocromo.com\/es\/#organization","name":"Bemonocromo","url":"https:\/\/bemonocromo.com\/es\/","logo":{"@type":"ImageObject","inLanguage":"es","@id":"https:\/\/bemonocromo.com\/es\/#\/schema\/logo\/image\/","url":"https:\/\/bemonocromo.com\/wp-content\/uploads\/2023\/04\/path43.png","contentUrl":"https:\/\/bemonocromo.com\/wp-content\/uploads\/2023\/04\/path43.png","width":341,"height":48,"caption":"Bemonocromo"},"image":{"@id":"https:\/\/bemonocromo.com\/es\/#\/schema\/logo\/image\/"}}]}},"_links":{"self":[{"href":"https:\/\/bemonocromo.com\/es\/wp-json\/wp\/v2\/product\/11744","targetHints":{"allow":["GET"]}}],"collection":[{"href":"https:\/\/bemonocromo.com\/es\/wp-json\/wp\/v2\/product"}],"about":[{"href":"https:\/\/bemonocromo.com\/es\/wp-json\/wp\/v2\/types\/product"}],"replies":[{"embeddable":true,"href":"https:\/\/bemonocromo.com\/es\/wp-json\/wp\/v2\/comments?post=11744"}],"version-history":[{"count":0,"href":"https:\/\/bemonocromo.com\/es\/wp-json\/wp\/v2\/product\/11744\/revisions"}],"wp:featuredmedia":[{"embeddable":true,"href":"https:\/\/bemonocromo.com\/es\/wp-json\/wp\/v2\/media\/11813"}],"wp:attachment":[{"href":"https:\/\/bemonocromo.com\/es\/wp-json\/wp\/v2\/media?parent=11744"}],"wp:term":[{"taxonomy":"product_brand","embeddable":true,"href":"https:\/\/bemonocromo.com\/es\/wp-json\/wp\/v2\/product_brand?post=11744"},{"taxonomy":"product_cat","embeddable":true,"href":"https:\/\/bemonocromo.com\/es\/wp-json\/wp\/v2\/product_cat?post=11744"},{"taxonomy":"product_tag","embeddable":true,"href":"https:\/\/bemonocromo.com\/es\/wp-json\/wp\/v2\/product_tag?post=11744"}],"curies":[{"name":"wp","href":"https:\/\/api.w.org\/{rel}","templated":true}]}}