{"id":11937,"date":"2024-12-12T16:57:11","date_gmt":"2024-12-12T16:57:11","guid":{"rendered":"https:\/\/bemonocromo.com\/?post_type=product&#038;p=11937"},"modified":"2024-12-12T18:06:16","modified_gmt":"2024-12-12T18:06:16","slug":"infinitegeometryaplique","status":"publish","type":"product","link":"https:\/\/bemonocromo.com\/es\/product\/infinitegeometryaplique\/","title":{"rendered":"Infinite Geometry aplique"},"content":{"rendered":"<p>Hecho con telas recicladas.<\/p>\n","protected":false},"excerpt":{"rendered":"<p><strong>Presentamos nuestra colaboraci\u00f3n con la incre\u00edble marca colombiana INFINITA, creando un accesorio multifuncional y vers\u00e1til -Infinita Geometr\u00eda.<\/strong> Elaborado con una mezcla de textiles reciclados creando un terminado textil tipo Lino, este accesorio no solo agrega un toque \u00fanico a lo que uses, sino que tambi\u00e9n contribuye a reducir residuos y a promover un entorno m\u00e1s sostenible.<\/p>\n<ul>\n<li><strong>La construcci\u00f3n de este accesorio doble faz, asegura un uso vers\u00e1til mientras te permite usarlo como bolso.<\/strong> Cuenta con un compartimento principal y tiras que permiten llevarlo de diferentes formas.<\/li>\n<li><strong>Cada pieza se confecciona meticulosamente en Colombia dentro de nuestros altos est\u00e1ndares \u00e9ticos<\/strong> que promueven la formalizaci\u00f3n laboral de mujeres.<\/li>\n<\/ul>\n","protected":false},"featured_media":11943,"comment_status":"open","ping_status":"closed","template":"","meta":[],"product_brand":[],"product_cat":[],"product_tag":[],"class_list":{"0":"post-11937","1":"product","2":"type-product","3":"status-publish","4":"has-post-thumbnail","7":"first","8":"instock","9":"featured","10":"shipping-taxable","11":"purchasable","12":"product-type-variable"},"yoast_head":"<!-- This site is optimized with the Yoast SEO plugin v27.3 - https:\/\/yoast.com\/product\/yoast-seo-wordpress\/ -->\n<title>Infinite Geometry aplique - Bemonocromo<\/title>\n<meta name=\"robots\" content=\"index, follow, max-snippet:-1, max-image-preview:large, max-video-preview:-1\" \/>\n<link rel=\"canonical\" href=\"https:\/\/bemonocromo.com\/es\/product\/infinitegeometryaplique\/\" \/>\n<meta property=\"og:locale\" content=\"es_ES\" \/>\n<meta property=\"og:type\" content=\"article\" \/>\n<meta property=\"og:title\" content=\"Infinite Geometry aplique - Bemonocromo\" \/>\n<meta property=\"og:description\" content=\"Presentamos nuestra colaboraci\u00f3n con la incre\u00edble marca colombiana INFINITA, creando un accesorio multifuncional y vers\u00e1til -Infinita Geometr\u00eda. Elaborado con una mezcla de textiles reciclados creando un terminado textil tipo Lino, este accesorio no solo agrega un toque \u00fanico a lo que uses, sino que tambi\u00e9n contribuye a reducir residuos y a promover un entorno m\u00e1s sostenible.   La construcci\u00f3n de este accesorio doble faz, asegura un uso vers\u00e1til mientras te permite usarlo como bolso. Cuenta con un compartimento principal y tiras que permiten llevarlo de diferentes formas.  Cada pieza se confecciona meticulosamente en Colombia dentro de nuestros altos est\u00e1ndares \u00e9ticos que promueven la formalizaci\u00f3n laboral de mujeres.\" \/>\n<meta property=\"og:url\" content=\"https:\/\/bemonocromo.com\/es\/product\/infinitegeometryaplique\/\" \/>\n<meta property=\"og:site_name\" content=\"Bemonocromo\" \/>\n<meta property=\"article:modified_time\" content=\"2024-12-12T18:06:16+00:00\" \/>\n<meta property=\"og:image\" content=\"https:\/\/bemonocromo.com\/wp-content\/uploads\/2024\/12\/web4.jpg\" \/>\n\t<meta property=\"og:image:width\" content=\"1707\" \/>\n\t<meta property=\"og:image:height\" content=\"2560\" \/>\n\t<meta property=\"og:image:type\" content=\"image\/jpeg\" \/>\n<meta name=\"twitter:card\" content=\"summary_large_image\" \/>\n<meta name=\"twitter:label1\" content=\"Tiempo de lectura\" \/>\n\t<meta name=\"twitter:data1\" content=\"1 minuto\" \/>\n<script type=\"application\/ld+json\" class=\"yoast-schema-graph\">{\"@context\":\"https:\\\/\\\/schema.org\",\"@graph\":[{\"@type\":\"WebPage\",\"@id\":\"https:\\\/\\\/bemonocromo.com\\\/es\\\/product\\\/infinitegeometryaplique\\\/\",\"url\":\"https:\\\/\\\/bemonocromo.com\\\/es\\\/product\\\/infinitegeometryaplique\\\/\",\"name\":\"Infinite Geometry aplique - Bemonocromo\",\"isPartOf\":{\"@id\":\"https:\\\/\\\/bemonocromo.com\\\/es\\\/#website\"},\"primaryImageOfPage\":{\"@id\":\"https:\\\/\\\/bemonocromo.com\\\/es\\\/product\\\/infinitegeometryaplique\\\/#primaryimage\"},\"image\":{\"@id\":\"https:\\\/\\\/bemonocromo.com\\\/es\\\/product\\\/infinitegeometryaplique\\\/#primaryimage\"},\"thumbnailUrl\":\"https:\\\/\\\/bemonocromo.com\\\/wp-content\\\/uploads\\\/2024\\\/12\\\/web4.jpg\",\"datePublished\":\"2024-12-12T16:57:11+00:00\",\"dateModified\":\"2024-12-12T18:06:16+00:00\",\"breadcrumb\":{\"@id\":\"https:\\\/\\\/bemonocromo.com\\\/es\\\/product\\\/infinitegeometryaplique\\\/#breadcrumb\"},\"inLanguage\":\"es\",\"potentialAction\":[{\"@type\":\"ReadAction\",\"target\":[\"https:\\\/\\\/bemonocromo.com\\\/es\\\/product\\\/infinitegeometryaplique\\\/\"]}]},{\"@type\":\"ImageObject\",\"inLanguage\":\"es\",\"@id\":\"https:\\\/\\\/bemonocromo.com\\\/es\\\/product\\\/infinitegeometryaplique\\\/#primaryimage\",\"url\":\"https:\\\/\\\/bemonocromo.com\\\/wp-content\\\/uploads\\\/2024\\\/12\\\/web4.jpg\",\"contentUrl\":\"https:\\\/\\\/bemonocromo.com\\\/wp-content\\\/uploads\\\/2024\\\/12\\\/web4.jpg\",\"width\":1707,\"height\":2560},{\"@type\":\"BreadcrumbList\",\"@id\":\"https:\\\/\\\/bemonocromo.com\\\/es\\\/product\\\/infinitegeometryaplique\\\/#breadcrumb\",\"itemListElement\":[{\"@type\":\"ListItem\",\"position\":1,\"name\":\"Home\",\"item\":\"https:\\\/\\\/bemonocromo.com\\\/es\\\/\"},{\"@type\":\"ListItem\",\"position\":2,\"name\":\"Tienda\",\"item\":\"https:\\\/\\\/bemonocromo.com\\\/es\\\/tienda\\\/\"},{\"@type\":\"ListItem\",\"position\":3,\"name\":\"Infinite Geometry aplique\"}]},{\"@type\":\"WebSite\",\"@id\":\"https:\\\/\\\/bemonocromo.com\\\/es\\\/#website\",\"url\":\"https:\\\/\\\/bemonocromo.com\\\/es\\\/\",\"name\":\"Bemonocromo\",\"description\":\"The Power of Color\",\"publisher\":{\"@id\":\"https:\\\/\\\/bemonocromo.com\\\/es\\\/#organization\"},\"potentialAction\":[{\"@type\":\"SearchAction\",\"target\":{\"@type\":\"EntryPoint\",\"urlTemplate\":\"https:\\\/\\\/bemonocromo.com\\\/es\\\/?s={search_term_string}\"},\"query-input\":{\"@type\":\"PropertyValueSpecification\",\"valueRequired\":true,\"valueName\":\"search_term_string\"}}],\"inLanguage\":\"es\"},{\"@type\":\"Organization\",\"@id\":\"https:\\\/\\\/bemonocromo.com\\\/es\\\/#organization\",\"name\":\"Bemonocromo\",\"url\":\"https:\\\/\\\/bemonocromo.com\\\/es\\\/\",\"logo\":{\"@type\":\"ImageObject\",\"inLanguage\":\"es\",\"@id\":\"https:\\\/\\\/bemonocromo.com\\\/es\\\/#\\\/schema\\\/logo\\\/image\\\/\",\"url\":\"https:\\\/\\\/bemonocromo.com\\\/wp-content\\\/uploads\\\/2023\\\/04\\\/path43.png\",\"contentUrl\":\"https:\\\/\\\/bemonocromo.com\\\/wp-content\\\/uploads\\\/2023\\\/04\\\/path43.png\",\"width\":341,\"height\":48,\"caption\":\"Bemonocromo\"},\"image\":{\"@id\":\"https:\\\/\\\/bemonocromo.com\\\/es\\\/#\\\/schema\\\/logo\\\/image\\\/\"}}]}<\/script>\n<!-- \/ Yoast SEO plugin. -->","yoast_head_json":{"title":"Infinite Geometry aplique - Bemonocromo","robots":{"index":"index","follow":"follow","max-snippet":"max-snippet:-1","max-image-preview":"max-image-preview:large","max-video-preview":"max-video-preview:-1"},"canonical":"https:\/\/bemonocromo.com\/es\/product\/infinitegeometryaplique\/","og_locale":"es_ES","og_type":"article","og_title":"Infinite Geometry aplique - Bemonocromo","og_description":"Presentamos nuestra colaboraci\u00f3n con la incre\u00edble marca colombiana INFINITA, creando un accesorio multifuncional y vers\u00e1til -Infinita Geometr\u00eda. Elaborado con una mezcla de textiles reciclados creando un terminado textil tipo Lino, este accesorio no solo agrega un toque \u00fanico a lo que uses, sino que tambi\u00e9n contribuye a reducir residuos y a promover un entorno m\u00e1s sostenible.   La construcci\u00f3n de este accesorio doble faz, asegura un uso vers\u00e1til mientras te permite usarlo como bolso. Cuenta con un compartimento principal y tiras que permiten llevarlo de diferentes formas.  Cada pieza se confecciona meticulosamente en Colombia dentro de nuestros altos est\u00e1ndares \u00e9ticos que promueven la formalizaci\u00f3n laboral de mujeres.","og_url":"https:\/\/bemonocromo.com\/es\/product\/infinitegeometryaplique\/","og_site_name":"Bemonocromo","article_modified_time":"2024-12-12T18:06:16+00:00","og_image":[{"width":1707,"height":2560,"url":"https:\/\/bemonocromo.com\/wp-content\/uploads\/2024\/12\/web4.jpg","type":"image\/jpeg"}],"twitter_card":"summary_large_image","twitter_misc":{"Tiempo de lectura":"1 minuto"},"schema":{"@context":"https:\/\/schema.org","@graph":[{"@type":"WebPage","@id":"https:\/\/bemonocromo.com\/es\/product\/infinitegeometryaplique\/","url":"https:\/\/bemonocromo.com\/es\/product\/infinitegeometryaplique\/","name":"Infinite Geometry aplique - Bemonocromo","isPartOf":{"@id":"https:\/\/bemonocromo.com\/es\/#website"},"primaryImageOfPage":{"@id":"https:\/\/bemonocromo.com\/es\/product\/infinitegeometryaplique\/#primaryimage"},"image":{"@id":"https:\/\/bemonocromo.com\/es\/product\/infinitegeometryaplique\/#primaryimage"},"thumbnailUrl":"https:\/\/bemonocromo.com\/wp-content\/uploads\/2024\/12\/web4.jpg","datePublished":"2024-12-12T16:57:11+00:00","dateModified":"2024-12-12T18:06:16+00:00","breadcrumb":{"@id":"https:\/\/bemonocromo.com\/es\/product\/infinitegeometryaplique\/#breadcrumb"},"inLanguage":"es","potentialAction":[{"@type":"ReadAction","target":["https:\/\/bemonocromo.com\/es\/product\/infinitegeometryaplique\/"]}]},{"@type":"ImageObject","inLanguage":"es","@id":"https:\/\/bemonocromo.com\/es\/product\/infinitegeometryaplique\/#primaryimage","url":"https:\/\/bemonocromo.com\/wp-content\/uploads\/2024\/12\/web4.jpg","contentUrl":"https:\/\/bemonocromo.com\/wp-content\/uploads\/2024\/12\/web4.jpg","width":1707,"height":2560},{"@type":"BreadcrumbList","@id":"https:\/\/bemonocromo.com\/es\/product\/infinitegeometryaplique\/#breadcrumb","itemListElement":[{"@type":"ListItem","position":1,"name":"Home","item":"https:\/\/bemonocromo.com\/es\/"},{"@type":"ListItem","position":2,"name":"Tienda","item":"https:\/\/bemonocromo.com\/es\/tienda\/"},{"@type":"ListItem","position":3,"name":"Infinite Geometry aplique"}]},{"@type":"WebSite","@id":"https:\/\/bemonocromo.com\/es\/#website","url":"https:\/\/bemonocromo.com\/es\/","name":"Bemonocromo","description":"The Power of Color","publisher":{"@id":"https:\/\/bemonocromo.com\/es\/#organization"},"potentialAction":[{"@type":"SearchAction","target":{"@type":"EntryPoint","urlTemplate":"https:\/\/bemonocromo.com\/es\/?s={search_term_string}"},"query-input":{"@type":"PropertyValueSpecification","valueRequired":true,"valueName":"search_term_string"}}],"inLanguage":"es"},{"@type":"Organization","@id":"https:\/\/bemonocromo.com\/es\/#organization","name":"Bemonocromo","url":"https:\/\/bemonocromo.com\/es\/","logo":{"@type":"ImageObject","inLanguage":"es","@id":"https:\/\/bemonocromo.com\/es\/#\/schema\/logo\/image\/","url":"https:\/\/bemonocromo.com\/wp-content\/uploads\/2023\/04\/path43.png","contentUrl":"https:\/\/bemonocromo.com\/wp-content\/uploads\/2023\/04\/path43.png","width":341,"height":48,"caption":"Bemonocromo"},"image":{"@id":"https:\/\/bemonocromo.com\/es\/#\/schema\/logo\/image\/"}}]}},"_links":{"self":[{"href":"https:\/\/bemonocromo.com\/es\/wp-json\/wp\/v2\/product\/11937","targetHints":{"allow":["GET"]}}],"collection":[{"href":"https:\/\/bemonocromo.com\/es\/wp-json\/wp\/v2\/product"}],"about":[{"href":"https:\/\/bemonocromo.com\/es\/wp-json\/wp\/v2\/types\/product"}],"replies":[{"embeddable":true,"href":"https:\/\/bemonocromo.com\/es\/wp-json\/wp\/v2\/comments?post=11937"}],"version-history":[{"count":0,"href":"https:\/\/bemonocromo.com\/es\/wp-json\/wp\/v2\/product\/11937\/revisions"}],"wp:featuredmedia":[{"embeddable":true,"href":"https:\/\/bemonocromo.com\/es\/wp-json\/wp\/v2\/media\/11943"}],"wp:attachment":[{"href":"https:\/\/bemonocromo.com\/es\/wp-json\/wp\/v2\/media?parent=11937"}],"wp:term":[{"taxonomy":"product_brand","embeddable":true,"href":"https:\/\/bemonocromo.com\/es\/wp-json\/wp\/v2\/product_brand?post=11937"},{"taxonomy":"product_cat","embeddable":true,"href":"https:\/\/bemonocromo.com\/es\/wp-json\/wp\/v2\/product_cat?post=11937"},{"taxonomy":"product_tag","embeddable":true,"href":"https:\/\/bemonocromo.com\/es\/wp-json\/wp\/v2\/product_tag?post=11937"}],"curies":[{"name":"wp","href":"https:\/\/api.w.org\/{rel}","templated":true}]}}