{"id":12271,"date":"2025-06-04T14:50:15","date_gmt":"2025-06-04T14:50:15","guid":{"rendered":"https:\/\/bemonocromo.com\/?post_type=product&#038;p=12271"},"modified":"2025-06-04T16:24:25","modified_gmt":"2025-06-04T16:24:25","slug":"celestial-blazer-copy-2","status":"publish","type":"product","link":"https:\/\/bemonocromo.com\/es\/product\/celestial-blazer-copy-2\/","title":{"rendered":"Phoenix Blazer"},"content":{"rendered":"<p>Telas Org\u00e1nicas Certificadas.<\/p>\n<p>La modelo lleva talla S (corte semioversize)<\/p>\n","protected":false},"excerpt":{"rendered":"<p><strong>Presentamos nuestro blazer degradado de edici\u00f3n limitada en tonos rosa claro y naranja, con un corte semioversize: \u00a1otra de nuestras piezas ic\u00f3nicas dise\u00f1adas para ser una declaraci\u00f3n elegante y de alta vibraci\u00f3n!<\/strong><\/p>\n<ul>\n<li>Como creamos piezas dise\u00f1adas para elevar tu energ\u00eda, <strong>nuestro Blazer est\u00e1 hecho en 100% de ray\u00f3n con fibras biodegradables de alta calidad, lo que la convierte en una elecci\u00f3n consciente para los que apoyamos la moda con un prop\u00f3sito.<\/strong><\/li>\n<li>Est\u00e1 orgullosamente fabricado en Colombia, cuidadosamente confeccionado con atenci\u00f3n al detalle, lo <strong>que garantiza una calidad excepcional y una prenda que resistir\u00e1 el paso del tiempo.<\/strong><\/li>\n<\/ul>\n<p>\u00bfCu\u00e1l es mi talla?<\/p>\n<p><img decoding=\"async\" class=\"alignnone wp-image-12283 size-full\" src=\"https:\/\/bemonocromo.com\/wp-content\/uploads\/2025\/06\/Screen-Shot-2025-06-04-at-10.04.24.png\" alt=\"\" width=\"686\" height=\"113\" srcset=\"https:\/\/bemonocromo.com\/wp-content\/uploads\/2025\/06\/Screen-Shot-2025-06-04-at-10.04.24.png 686w, https:\/\/bemonocromo.com\/wp-content\/uploads\/2025\/06\/Screen-Shot-2025-06-04-at-10.04.24-300x49.png 300w, https:\/\/bemonocromo.com\/wp-content\/uploads\/2025\/06\/Screen-Shot-2025-06-04-at-10.04.24-400x66.png 400w, https:\/\/bemonocromo.com\/wp-content\/uploads\/2025\/06\/Screen-Shot-2025-06-04-at-10.04.24-600x99.png 600w\" sizes=\"(max-width: 686px) 100vw, 686px\" \/><\/p>\n<p>En cms*<\/p>\n<p>&nbsp;<\/p>\n","protected":false},"featured_media":12295,"comment_status":"open","ping_status":"closed","template":"","meta":[],"product_brand":[],"product_cat":[151,227],"product_tag":[],"class_list":{"0":"post-12271","1":"product","2":"type-product","3":"status-publish","4":"has-post-thumbnail","6":"product_cat-chaquetas-abrigos-chalecos","7":"product_cat-coleccion-reborn-nuevo","9":"first","10":"instock","11":"shipping-taxable","12":"purchasable","13":"product-type-variable","14":"has-default-attributes"},"yoast_head":"<!-- This site is optimized with the Yoast SEO plugin v27.3 - https:\/\/yoast.com\/product\/yoast-seo-wordpress\/ -->\n<title>Phoenix Blazer - Bemonocromo<\/title>\n<meta name=\"description\" content=\"Descubre nuestro blazer atemporal, confeccionado por expertos para vibrar m\u00e1s alto. Combinando la elegancia cl\u00e1sica con la sofisticaci\u00f3n moderna y el dise\u00f1o sostenible.\" \/>\n<meta name=\"robots\" content=\"index, follow, max-snippet:-1, max-image-preview:large, max-video-preview:-1\" \/>\n<link rel=\"canonical\" href=\"https:\/\/bemonocromo.com\/es\/product\/celestial-blazer-copy-2\/\" \/>\n<meta property=\"og:locale\" content=\"es_ES\" \/>\n<meta property=\"og:type\" content=\"article\" \/>\n<meta property=\"og:title\" content=\"Phoenix Blazer - Bemonocromo\" \/>\n<meta property=\"og:description\" content=\"Descubre nuestro blazer atemporal, confeccionado por expertos para vibrar m\u00e1s alto. Combinando la elegancia cl\u00e1sica con la sofisticaci\u00f3n moderna y el dise\u00f1o sostenible.\" \/>\n<meta property=\"og:url\" content=\"https:\/\/bemonocromo.com\/es\/product\/celestial-blazer-copy-2\/\" \/>\n<meta property=\"og:site_name\" content=\"Bemonocromo\" \/>\n<meta property=\"article:modified_time\" content=\"2025-06-04T16:24:25+00:00\" \/>\n<meta property=\"og:image\" content=\"https:\/\/bemonocromo.com\/wp-content\/uploads\/2025\/06\/REBORN40934-1.jpg\" \/>\n\t<meta property=\"og:image:width\" content=\"1575\" \/>\n\t<meta property=\"og:image:height\" content=\"2362\" \/>\n\t<meta property=\"og:image:type\" content=\"image\/jpeg\" \/>\n<meta name=\"twitter:card\" content=\"summary_large_image\" \/>\n<meta name=\"twitter:label1\" content=\"Tiempo de lectura\" \/>\n\t<meta name=\"twitter:data1\" content=\"1 minuto\" \/>\n<script type=\"application\/ld+json\" class=\"yoast-schema-graph\">{\"@context\":\"https:\\\/\\\/schema.org\",\"@graph\":[{\"@type\":\"WebPage\",\"@id\":\"https:\\\/\\\/bemonocromo.com\\\/es\\\/product\\\/celestial-blazer-copy-2\\\/\",\"url\":\"https:\\\/\\\/bemonocromo.com\\\/es\\\/product\\\/celestial-blazer-copy-2\\\/\",\"name\":\"Phoenix Blazer - Bemonocromo\",\"isPartOf\":{\"@id\":\"https:\\\/\\\/bemonocromo.com\\\/es\\\/#website\"},\"primaryImageOfPage\":{\"@id\":\"https:\\\/\\\/bemonocromo.com\\\/es\\\/product\\\/celestial-blazer-copy-2\\\/#primaryimage\"},\"image\":{\"@id\":\"https:\\\/\\\/bemonocromo.com\\\/es\\\/product\\\/celestial-blazer-copy-2\\\/#primaryimage\"},\"thumbnailUrl\":\"https:\\\/\\\/bemonocromo.com\\\/wp-content\\\/uploads\\\/2025\\\/06\\\/REBORN40934-1.jpg\",\"datePublished\":\"2025-06-04T14:50:15+00:00\",\"dateModified\":\"2025-06-04T16:24:25+00:00\",\"description\":\"Descubre nuestro blazer atemporal, confeccionado por expertos para vibrar m\u00e1s alto. Combinando la elegancia cl\u00e1sica con la sofisticaci\u00f3n moderna y el dise\u00f1o sostenible.\",\"breadcrumb\":{\"@id\":\"https:\\\/\\\/bemonocromo.com\\\/es\\\/product\\\/celestial-blazer-copy-2\\\/#breadcrumb\"},\"inLanguage\":\"es\",\"potentialAction\":[{\"@type\":\"ReadAction\",\"target\":[\"https:\\\/\\\/bemonocromo.com\\\/es\\\/product\\\/celestial-blazer-copy-2\\\/\"]}]},{\"@type\":\"ImageObject\",\"inLanguage\":\"es\",\"@id\":\"https:\\\/\\\/bemonocromo.com\\\/es\\\/product\\\/celestial-blazer-copy-2\\\/#primaryimage\",\"url\":\"https:\\\/\\\/bemonocromo.com\\\/wp-content\\\/uploads\\\/2025\\\/06\\\/REBORN40934-1.jpg\",\"contentUrl\":\"https:\\\/\\\/bemonocromo.com\\\/wp-content\\\/uploads\\\/2025\\\/06\\\/REBORN40934-1.jpg\",\"width\":1575,\"height\":2362,\"caption\":\"Evoto\"},{\"@type\":\"BreadcrumbList\",\"@id\":\"https:\\\/\\\/bemonocromo.com\\\/es\\\/product\\\/celestial-blazer-copy-2\\\/#breadcrumb\",\"itemListElement\":[{\"@type\":\"ListItem\",\"position\":1,\"name\":\"Home\",\"item\":\"https:\\\/\\\/bemonocromo.com\\\/es\\\/\"},{\"@type\":\"ListItem\",\"position\":2,\"name\":\"Tienda\",\"item\":\"https:\\\/\\\/bemonocromo.com\\\/es\\\/tienda\\\/\"},{\"@type\":\"ListItem\",\"position\":3,\"name\":\"Phoenix Blazer\"}]},{\"@type\":\"WebSite\",\"@id\":\"https:\\\/\\\/bemonocromo.com\\\/es\\\/#website\",\"url\":\"https:\\\/\\\/bemonocromo.com\\\/es\\\/\",\"name\":\"Bemonocromo\",\"description\":\"The Power of Color\",\"publisher\":{\"@id\":\"https:\\\/\\\/bemonocromo.com\\\/es\\\/#organization\"},\"potentialAction\":[{\"@type\":\"SearchAction\",\"target\":{\"@type\":\"EntryPoint\",\"urlTemplate\":\"https:\\\/\\\/bemonocromo.com\\\/es\\\/?s={search_term_string}\"},\"query-input\":{\"@type\":\"PropertyValueSpecification\",\"valueRequired\":true,\"valueName\":\"search_term_string\"}}],\"inLanguage\":\"es\"},{\"@type\":\"Organization\",\"@id\":\"https:\\\/\\\/bemonocromo.com\\\/es\\\/#organization\",\"name\":\"Bemonocromo\",\"url\":\"https:\\\/\\\/bemonocromo.com\\\/es\\\/\",\"logo\":{\"@type\":\"ImageObject\",\"inLanguage\":\"es\",\"@id\":\"https:\\\/\\\/bemonocromo.com\\\/es\\\/#\\\/schema\\\/logo\\\/image\\\/\",\"url\":\"https:\\\/\\\/bemonocromo.com\\\/wp-content\\\/uploads\\\/2023\\\/04\\\/path43.png\",\"contentUrl\":\"https:\\\/\\\/bemonocromo.com\\\/wp-content\\\/uploads\\\/2023\\\/04\\\/path43.png\",\"width\":341,\"height\":48,\"caption\":\"Bemonocromo\"},\"image\":{\"@id\":\"https:\\\/\\\/bemonocromo.com\\\/es\\\/#\\\/schema\\\/logo\\\/image\\\/\"}}]}<\/script>\n<!-- \/ Yoast SEO plugin. -->","yoast_head_json":{"title":"Phoenix Blazer - Bemonocromo","description":"Descubre nuestro blazer atemporal, confeccionado por expertos para vibrar m\u00e1s alto. Combinando la elegancia cl\u00e1sica con la sofisticaci\u00f3n moderna y el dise\u00f1o sostenible.","robots":{"index":"index","follow":"follow","max-snippet":"max-snippet:-1","max-image-preview":"max-image-preview:large","max-video-preview":"max-video-preview:-1"},"canonical":"https:\/\/bemonocromo.com\/es\/product\/celestial-blazer-copy-2\/","og_locale":"es_ES","og_type":"article","og_title":"Phoenix Blazer - Bemonocromo","og_description":"Descubre nuestro blazer atemporal, confeccionado por expertos para vibrar m\u00e1s alto. Combinando la elegancia cl\u00e1sica con la sofisticaci\u00f3n moderna y el dise\u00f1o sostenible.","og_url":"https:\/\/bemonocromo.com\/es\/product\/celestial-blazer-copy-2\/","og_site_name":"Bemonocromo","article_modified_time":"2025-06-04T16:24:25+00:00","og_image":[{"width":1575,"height":2362,"url":"https:\/\/bemonocromo.com\/wp-content\/uploads\/2025\/06\/REBORN40934-1.jpg","type":"image\/jpeg"}],"twitter_card":"summary_large_image","twitter_misc":{"Tiempo de lectura":"1 minuto"},"schema":{"@context":"https:\/\/schema.org","@graph":[{"@type":"WebPage","@id":"https:\/\/bemonocromo.com\/es\/product\/celestial-blazer-copy-2\/","url":"https:\/\/bemonocromo.com\/es\/product\/celestial-blazer-copy-2\/","name":"Phoenix Blazer - Bemonocromo","isPartOf":{"@id":"https:\/\/bemonocromo.com\/es\/#website"},"primaryImageOfPage":{"@id":"https:\/\/bemonocromo.com\/es\/product\/celestial-blazer-copy-2\/#primaryimage"},"image":{"@id":"https:\/\/bemonocromo.com\/es\/product\/celestial-blazer-copy-2\/#primaryimage"},"thumbnailUrl":"https:\/\/bemonocromo.com\/wp-content\/uploads\/2025\/06\/REBORN40934-1.jpg","datePublished":"2025-06-04T14:50:15+00:00","dateModified":"2025-06-04T16:24:25+00:00","description":"Descubre nuestro blazer atemporal, confeccionado por expertos para vibrar m\u00e1s alto. Combinando la elegancia cl\u00e1sica con la sofisticaci\u00f3n moderna y el dise\u00f1o sostenible.","breadcrumb":{"@id":"https:\/\/bemonocromo.com\/es\/product\/celestial-blazer-copy-2\/#breadcrumb"},"inLanguage":"es","potentialAction":[{"@type":"ReadAction","target":["https:\/\/bemonocromo.com\/es\/product\/celestial-blazer-copy-2\/"]}]},{"@type":"ImageObject","inLanguage":"es","@id":"https:\/\/bemonocromo.com\/es\/product\/celestial-blazer-copy-2\/#primaryimage","url":"https:\/\/bemonocromo.com\/wp-content\/uploads\/2025\/06\/REBORN40934-1.jpg","contentUrl":"https:\/\/bemonocromo.com\/wp-content\/uploads\/2025\/06\/REBORN40934-1.jpg","width":1575,"height":2362,"caption":"Evoto"},{"@type":"BreadcrumbList","@id":"https:\/\/bemonocromo.com\/es\/product\/celestial-blazer-copy-2\/#breadcrumb","itemListElement":[{"@type":"ListItem","position":1,"name":"Home","item":"https:\/\/bemonocromo.com\/es\/"},{"@type":"ListItem","position":2,"name":"Tienda","item":"https:\/\/bemonocromo.com\/es\/tienda\/"},{"@type":"ListItem","position":3,"name":"Phoenix Blazer"}]},{"@type":"WebSite","@id":"https:\/\/bemonocromo.com\/es\/#website","url":"https:\/\/bemonocromo.com\/es\/","name":"Bemonocromo","description":"The Power of Color","publisher":{"@id":"https:\/\/bemonocromo.com\/es\/#organization"},"potentialAction":[{"@type":"SearchAction","target":{"@type":"EntryPoint","urlTemplate":"https:\/\/bemonocromo.com\/es\/?s={search_term_string}"},"query-input":{"@type":"PropertyValueSpecification","valueRequired":true,"valueName":"search_term_string"}}],"inLanguage":"es"},{"@type":"Organization","@id":"https:\/\/bemonocromo.com\/es\/#organization","name":"Bemonocromo","url":"https:\/\/bemonocromo.com\/es\/","logo":{"@type":"ImageObject","inLanguage":"es","@id":"https:\/\/bemonocromo.com\/es\/#\/schema\/logo\/image\/","url":"https:\/\/bemonocromo.com\/wp-content\/uploads\/2023\/04\/path43.png","contentUrl":"https:\/\/bemonocromo.com\/wp-content\/uploads\/2023\/04\/path43.png","width":341,"height":48,"caption":"Bemonocromo"},"image":{"@id":"https:\/\/bemonocromo.com\/es\/#\/schema\/logo\/image\/"}}]}},"_links":{"self":[{"href":"https:\/\/bemonocromo.com\/es\/wp-json\/wp\/v2\/product\/12271","targetHints":{"allow":["GET"]}}],"collection":[{"href":"https:\/\/bemonocromo.com\/es\/wp-json\/wp\/v2\/product"}],"about":[{"href":"https:\/\/bemonocromo.com\/es\/wp-json\/wp\/v2\/types\/product"}],"replies":[{"embeddable":true,"href":"https:\/\/bemonocromo.com\/es\/wp-json\/wp\/v2\/comments?post=12271"}],"version-history":[{"count":3,"href":"https:\/\/bemonocromo.com\/es\/wp-json\/wp\/v2\/product\/12271\/revisions"}],"predecessor-version":[{"id":12302,"href":"https:\/\/bemonocromo.com\/es\/wp-json\/wp\/v2\/product\/12271\/revisions\/12302"}],"wp:featuredmedia":[{"embeddable":true,"href":"https:\/\/bemonocromo.com\/es\/wp-json\/wp\/v2\/media\/12295"}],"wp:attachment":[{"href":"https:\/\/bemonocromo.com\/es\/wp-json\/wp\/v2\/media?parent=12271"}],"wp:term":[{"taxonomy":"product_brand","embeddable":true,"href":"https:\/\/bemonocromo.com\/es\/wp-json\/wp\/v2\/product_brand?post=12271"},{"taxonomy":"product_cat","embeddable":true,"href":"https:\/\/bemonocromo.com\/es\/wp-json\/wp\/v2\/product_cat?post=12271"},{"taxonomy":"product_tag","embeddable":true,"href":"https:\/\/bemonocromo.com\/es\/wp-json\/wp\/v2\/product_tag?post=12271"}],"curies":[{"name":"wp","href":"https:\/\/api.w.org\/{rel}","templated":true}]}}