{"id":12363,"date":"2025-06-04T20:27:38","date_gmt":"2025-06-04T20:27:38","guid":{"rendered":"https:\/\/bemonocromo.com\/?post_type=product&#038;p=12363"},"modified":"2025-06-04T21:04:48","modified_gmt":"2025-06-04T21:04:48","slug":"journey-turtleneck-copy","status":"publish","type":"product","link":"https:\/\/bemonocromo.com\/es\/product\/journey-turtleneck-copy\/","title":{"rendered":"Root Turtleneck"},"content":{"rendered":"<p>Tejidos ecol\u00f3gicos.<\/p>\n<p>La modelo lleva la talla S como referencia.<\/p>\n","protected":false},"excerpt":{"rendered":"<p><strong>Nuestro saco de cuello alto, confeccionado en fibras org\u00e1nicas, tiene un dise\u00f1o frontal estampado que combina inspiraci\u00f3n en la geometr\u00eda sagrada con l\u00edneas arquitect\u00f3nicas. Tiene un ajuste ce\u00f1ido y con ca\u00edda. Largo al inicio de la cadera.<\/strong><\/p>\n<ul>\n<li>Nuestra pieza est\u00e1 fabricada con un 96% de algod\u00f3n peruano y un 4% de elastano <strong>para reducir nuestro impacto medioambiental.<\/strong><\/li>\n<li>Cada pieza se fabrica cuidadosamente prestando atenci\u00f3n a los detalles, lo que <strong>garantiza una calidad excepcional y una prenda que resistir\u00e1 el paso del tiempo.<\/strong><\/li>\n<\/ul>\n<p>\u00bfCu\u00e1l es mi talla?<\/p>\n<p><img decoding=\"async\" class=\"alignnone wp-image-12376 size-full\" src=\"https:\/\/bemonocromo.com\/wp-content\/uploads\/2025\/06\/Screen-Shot-2025-06-04-at-15.41.45.png\" alt=\"\" width=\"682\" height=\"107\" srcset=\"https:\/\/bemonocromo.com\/wp-content\/uploads\/2025\/06\/Screen-Shot-2025-06-04-at-15.41.45.png 682w, https:\/\/bemonocromo.com\/wp-content\/uploads\/2025\/06\/Screen-Shot-2025-06-04-at-15.41.45-300x47.png 300w, https:\/\/bemonocromo.com\/wp-content\/uploads\/2025\/06\/Screen-Shot-2025-06-04-at-15.41.45-400x63.png 400w, https:\/\/bemonocromo.com\/wp-content\/uploads\/2025\/06\/Screen-Shot-2025-06-04-at-15.41.45-600x94.png 600w\" sizes=\"(max-width: 682px) 100vw, 682px\" \/>En cms*<\/p>\n<p>&nbsp;<\/p>\n","protected":false},"featured_media":12379,"comment_status":"open","ping_status":"closed","template":"","meta":[],"product_brand":[],"product_cat":[151,227],"product_tag":[],"class_list":{"0":"post-12363","1":"product","2":"type-product","3":"status-publish","4":"has-post-thumbnail","6":"product_cat-chaquetas-abrigos-chalecos","7":"product_cat-coleccion-reborn-nuevo","9":"first","10":"instock","11":"shipping-taxable","12":"purchasable","13":"product-type-variable","14":"has-default-attributes"},"yoast_head":"<!-- This site is optimized with the Yoast SEO plugin v27.3 - https:\/\/yoast.com\/product\/yoast-seo-wordpress\/ -->\n<title>Root Turtleneck - Bemonocromo<\/title>\n<meta name=\"robots\" content=\"index, follow, max-snippet:-1, max-image-preview:large, max-video-preview:-1\" \/>\n<link rel=\"canonical\" href=\"https:\/\/bemonocromo.com\/es\/product\/journey-turtleneck-copy\/\" \/>\n<meta property=\"og:locale\" content=\"es_ES\" \/>\n<meta property=\"og:type\" content=\"article\" \/>\n<meta property=\"og:title\" content=\"Root Turtleneck - Bemonocromo\" \/>\n<meta property=\"og:description\" content=\"Nuestro saco de cuello alto, confeccionado en fibras org\u00e1nicas, tiene un dise\u00f1o frontal estampado que combina inspiraci\u00f3n en la geometr\u00eda sagrada con l\u00edneas arquitect\u00f3nicas. Tiene un ajuste ce\u00f1ido y con ca\u00edda. Largo al inicio de la cadera.   Nuestra pieza est\u00e1 fabricada con un 96% de algod\u00f3n peruano y un 4% de elastano para reducir nuestro impacto medioambiental.  Cada pieza se fabrica cuidadosamente prestando atenci\u00f3n a los detalles, lo que garantiza una calidad excepcional y una prenda que resistir\u00e1 el paso del tiempo.  \u00bfCu\u00e1l es mi talla?  En cms*  &nbsp;\" \/>\n<meta property=\"og:url\" content=\"https:\/\/bemonocromo.com\/es\/product\/journey-turtleneck-copy\/\" \/>\n<meta property=\"og:site_name\" content=\"Bemonocromo\" \/>\n<meta property=\"article:modified_time\" content=\"2025-06-04T21:04:48+00:00\" \/>\n<meta property=\"og:image\" content=\"https:\/\/bemonocromo.com\/wp-content\/uploads\/2025\/06\/REBORN41980.jpg\" \/>\n\t<meta property=\"og:image:width\" content=\"1575\" \/>\n\t<meta property=\"og:image:height\" content=\"2362\" \/>\n\t<meta property=\"og:image:type\" content=\"image\/jpeg\" \/>\n<meta name=\"twitter:card\" content=\"summary_large_image\" \/>\n<meta name=\"twitter:label1\" content=\"Tiempo de lectura\" \/>\n\t<meta name=\"twitter:data1\" content=\"1 minuto\" \/>\n<script type=\"application\/ld+json\" class=\"yoast-schema-graph\">{\"@context\":\"https:\\\/\\\/schema.org\",\"@graph\":[{\"@type\":\"WebPage\",\"@id\":\"https:\\\/\\\/bemonocromo.com\\\/es\\\/product\\\/journey-turtleneck-copy\\\/\",\"url\":\"https:\\\/\\\/bemonocromo.com\\\/es\\\/product\\\/journey-turtleneck-copy\\\/\",\"name\":\"Root Turtleneck - Bemonocromo\",\"isPartOf\":{\"@id\":\"https:\\\/\\\/bemonocromo.com\\\/es\\\/#website\"},\"primaryImageOfPage\":{\"@id\":\"https:\\\/\\\/bemonocromo.com\\\/es\\\/product\\\/journey-turtleneck-copy\\\/#primaryimage\"},\"image\":{\"@id\":\"https:\\\/\\\/bemonocromo.com\\\/es\\\/product\\\/journey-turtleneck-copy\\\/#primaryimage\"},\"thumbnailUrl\":\"https:\\\/\\\/bemonocromo.com\\\/wp-content\\\/uploads\\\/2025\\\/06\\\/REBORN41980.jpg\",\"datePublished\":\"2025-06-04T20:27:38+00:00\",\"dateModified\":\"2025-06-04T21:04:48+00:00\",\"breadcrumb\":{\"@id\":\"https:\\\/\\\/bemonocromo.com\\\/es\\\/product\\\/journey-turtleneck-copy\\\/#breadcrumb\"},\"inLanguage\":\"es\",\"potentialAction\":[{\"@type\":\"ReadAction\",\"target\":[\"https:\\\/\\\/bemonocromo.com\\\/es\\\/product\\\/journey-turtleneck-copy\\\/\"]}]},{\"@type\":\"ImageObject\",\"inLanguage\":\"es\",\"@id\":\"https:\\\/\\\/bemonocromo.com\\\/es\\\/product\\\/journey-turtleneck-copy\\\/#primaryimage\",\"url\":\"https:\\\/\\\/bemonocromo.com\\\/wp-content\\\/uploads\\\/2025\\\/06\\\/REBORN41980.jpg\",\"contentUrl\":\"https:\\\/\\\/bemonocromo.com\\\/wp-content\\\/uploads\\\/2025\\\/06\\\/REBORN41980.jpg\",\"width\":1575,\"height\":2362,\"caption\":\"Evoto\"},{\"@type\":\"BreadcrumbList\",\"@id\":\"https:\\\/\\\/bemonocromo.com\\\/es\\\/product\\\/journey-turtleneck-copy\\\/#breadcrumb\",\"itemListElement\":[{\"@type\":\"ListItem\",\"position\":1,\"name\":\"Home\",\"item\":\"https:\\\/\\\/bemonocromo.com\\\/es\\\/\"},{\"@type\":\"ListItem\",\"position\":2,\"name\":\"Tienda\",\"item\":\"https:\\\/\\\/bemonocromo.com\\\/es\\\/tienda\\\/\"},{\"@type\":\"ListItem\",\"position\":3,\"name\":\"Root Turtleneck\"}]},{\"@type\":\"WebSite\",\"@id\":\"https:\\\/\\\/bemonocromo.com\\\/es\\\/#website\",\"url\":\"https:\\\/\\\/bemonocromo.com\\\/es\\\/\",\"name\":\"Bemonocromo\",\"description\":\"The Power of Color\",\"publisher\":{\"@id\":\"https:\\\/\\\/bemonocromo.com\\\/es\\\/#organization\"},\"potentialAction\":[{\"@type\":\"SearchAction\",\"target\":{\"@type\":\"EntryPoint\",\"urlTemplate\":\"https:\\\/\\\/bemonocromo.com\\\/es\\\/?s={search_term_string}\"},\"query-input\":{\"@type\":\"PropertyValueSpecification\",\"valueRequired\":true,\"valueName\":\"search_term_string\"}}],\"inLanguage\":\"es\"},{\"@type\":\"Organization\",\"@id\":\"https:\\\/\\\/bemonocromo.com\\\/es\\\/#organization\",\"name\":\"Bemonocromo\",\"url\":\"https:\\\/\\\/bemonocromo.com\\\/es\\\/\",\"logo\":{\"@type\":\"ImageObject\",\"inLanguage\":\"es\",\"@id\":\"https:\\\/\\\/bemonocromo.com\\\/es\\\/#\\\/schema\\\/logo\\\/image\\\/\",\"url\":\"https:\\\/\\\/bemonocromo.com\\\/wp-content\\\/uploads\\\/2023\\\/04\\\/path43.png\",\"contentUrl\":\"https:\\\/\\\/bemonocromo.com\\\/wp-content\\\/uploads\\\/2023\\\/04\\\/path43.png\",\"width\":341,\"height\":48,\"caption\":\"Bemonocromo\"},\"image\":{\"@id\":\"https:\\\/\\\/bemonocromo.com\\\/es\\\/#\\\/schema\\\/logo\\\/image\\\/\"}}]}<\/script>\n<!-- \/ Yoast SEO plugin. -->","yoast_head_json":{"title":"Root Turtleneck - Bemonocromo","robots":{"index":"index","follow":"follow","max-snippet":"max-snippet:-1","max-image-preview":"max-image-preview:large","max-video-preview":"max-video-preview:-1"},"canonical":"https:\/\/bemonocromo.com\/es\/product\/journey-turtleneck-copy\/","og_locale":"es_ES","og_type":"article","og_title":"Root Turtleneck - Bemonocromo","og_description":"Nuestro saco de cuello alto, confeccionado en fibras org\u00e1nicas, tiene un dise\u00f1o frontal estampado que combina inspiraci\u00f3n en la geometr\u00eda sagrada con l\u00edneas arquitect\u00f3nicas. Tiene un ajuste ce\u00f1ido y con ca\u00edda. Largo al inicio de la cadera.   Nuestra pieza est\u00e1 fabricada con un 96% de algod\u00f3n peruano y un 4% de elastano para reducir nuestro impacto medioambiental.  Cada pieza se fabrica cuidadosamente prestando atenci\u00f3n a los detalles, lo que garantiza una calidad excepcional y una prenda que resistir\u00e1 el paso del tiempo.  \u00bfCu\u00e1l es mi talla?  En cms*  &nbsp;","og_url":"https:\/\/bemonocromo.com\/es\/product\/journey-turtleneck-copy\/","og_site_name":"Bemonocromo","article_modified_time":"2025-06-04T21:04:48+00:00","og_image":[{"width":1575,"height":2362,"url":"https:\/\/bemonocromo.com\/wp-content\/uploads\/2025\/06\/REBORN41980.jpg","type":"image\/jpeg"}],"twitter_card":"summary_large_image","twitter_misc":{"Tiempo de lectura":"1 minuto"},"schema":{"@context":"https:\/\/schema.org","@graph":[{"@type":"WebPage","@id":"https:\/\/bemonocromo.com\/es\/product\/journey-turtleneck-copy\/","url":"https:\/\/bemonocromo.com\/es\/product\/journey-turtleneck-copy\/","name":"Root Turtleneck - Bemonocromo","isPartOf":{"@id":"https:\/\/bemonocromo.com\/es\/#website"},"primaryImageOfPage":{"@id":"https:\/\/bemonocromo.com\/es\/product\/journey-turtleneck-copy\/#primaryimage"},"image":{"@id":"https:\/\/bemonocromo.com\/es\/product\/journey-turtleneck-copy\/#primaryimage"},"thumbnailUrl":"https:\/\/bemonocromo.com\/wp-content\/uploads\/2025\/06\/REBORN41980.jpg","datePublished":"2025-06-04T20:27:38+00:00","dateModified":"2025-06-04T21:04:48+00:00","breadcrumb":{"@id":"https:\/\/bemonocromo.com\/es\/product\/journey-turtleneck-copy\/#breadcrumb"},"inLanguage":"es","potentialAction":[{"@type":"ReadAction","target":["https:\/\/bemonocromo.com\/es\/product\/journey-turtleneck-copy\/"]}]},{"@type":"ImageObject","inLanguage":"es","@id":"https:\/\/bemonocromo.com\/es\/product\/journey-turtleneck-copy\/#primaryimage","url":"https:\/\/bemonocromo.com\/wp-content\/uploads\/2025\/06\/REBORN41980.jpg","contentUrl":"https:\/\/bemonocromo.com\/wp-content\/uploads\/2025\/06\/REBORN41980.jpg","width":1575,"height":2362,"caption":"Evoto"},{"@type":"BreadcrumbList","@id":"https:\/\/bemonocromo.com\/es\/product\/journey-turtleneck-copy\/#breadcrumb","itemListElement":[{"@type":"ListItem","position":1,"name":"Home","item":"https:\/\/bemonocromo.com\/es\/"},{"@type":"ListItem","position":2,"name":"Tienda","item":"https:\/\/bemonocromo.com\/es\/tienda\/"},{"@type":"ListItem","position":3,"name":"Root Turtleneck"}]},{"@type":"WebSite","@id":"https:\/\/bemonocromo.com\/es\/#website","url":"https:\/\/bemonocromo.com\/es\/","name":"Bemonocromo","description":"The Power of Color","publisher":{"@id":"https:\/\/bemonocromo.com\/es\/#organization"},"potentialAction":[{"@type":"SearchAction","target":{"@type":"EntryPoint","urlTemplate":"https:\/\/bemonocromo.com\/es\/?s={search_term_string}"},"query-input":{"@type":"PropertyValueSpecification","valueRequired":true,"valueName":"search_term_string"}}],"inLanguage":"es"},{"@type":"Organization","@id":"https:\/\/bemonocromo.com\/es\/#organization","name":"Bemonocromo","url":"https:\/\/bemonocromo.com\/es\/","logo":{"@type":"ImageObject","inLanguage":"es","@id":"https:\/\/bemonocromo.com\/es\/#\/schema\/logo\/image\/","url":"https:\/\/bemonocromo.com\/wp-content\/uploads\/2023\/04\/path43.png","contentUrl":"https:\/\/bemonocromo.com\/wp-content\/uploads\/2023\/04\/path43.png","width":341,"height":48,"caption":"Bemonocromo"},"image":{"@id":"https:\/\/bemonocromo.com\/es\/#\/schema\/logo\/image\/"}}]}},"_links":{"self":[{"href":"https:\/\/bemonocromo.com\/es\/wp-json\/wp\/v2\/product\/12363","targetHints":{"allow":["GET"]}}],"collection":[{"href":"https:\/\/bemonocromo.com\/es\/wp-json\/wp\/v2\/product"}],"about":[{"href":"https:\/\/bemonocromo.com\/es\/wp-json\/wp\/v2\/types\/product"}],"replies":[{"embeddable":true,"href":"https:\/\/bemonocromo.com\/es\/wp-json\/wp\/v2\/comments?post=12363"}],"version-history":[{"count":2,"href":"https:\/\/bemonocromo.com\/es\/wp-json\/wp\/v2\/product\/12363\/revisions"}],"predecessor-version":[{"id":12389,"href":"https:\/\/bemonocromo.com\/es\/wp-json\/wp\/v2\/product\/12363\/revisions\/12389"}],"wp:featuredmedia":[{"embeddable":true,"href":"https:\/\/bemonocromo.com\/es\/wp-json\/wp\/v2\/media\/12379"}],"wp:attachment":[{"href":"https:\/\/bemonocromo.com\/es\/wp-json\/wp\/v2\/media?parent=12363"}],"wp:term":[{"taxonomy":"product_brand","embeddable":true,"href":"https:\/\/bemonocromo.com\/es\/wp-json\/wp\/v2\/product_brand?post=12363"},{"taxonomy":"product_cat","embeddable":true,"href":"https:\/\/bemonocromo.com\/es\/wp-json\/wp\/v2\/product_cat?post=12363"},{"taxonomy":"product_tag","embeddable":true,"href":"https:\/\/bemonocromo.com\/es\/wp-json\/wp\/v2\/product_tag?post=12363"}],"curies":[{"name":"wp","href":"https:\/\/api.w.org\/{rel}","templated":true}]}}