{"id":12424,"date":"2025-06-04T21:38:21","date_gmt":"2025-06-04T21:38:21","guid":{"rendered":"https:\/\/bemonocromo.com\/?post_type=product&#038;p=12424"},"modified":"2025-06-06T15:26:35","modified_gmt":"2025-06-06T15:26:35","slug":"unlimited-top-copy","status":"publish","type":"product","link":"https:\/\/bemonocromo.com\/es\/product\/unlimited-top-copy\/","title":{"rendered":"Skin Aurora Blouse"},"content":{"rendered":"<p>La modelo utiliza la talla S.<\/p>\n<p>&nbsp;<\/p>\n","protected":false},"excerpt":{"rendered":"<p><strong>Presentamos el Skin Aurora Blouse de BeMonocromo \u2014 una prenda esencial y refinada que se ajusta al cuerpo con precisi\u00f3n y elegancia. Dise\u00f1ada con un sutil cuello alto y mangas largas, esta blusa de malla suave y transpirable ofrece comodidad y sofisticaci\u00f3n. Su silueta ce\u00f1ida la convierte en la pieza perfecta para usar como capa base o como protagonista de cualquier look \u2014 un b\u00e1sico atemporal para el armario contempor\u00e1neo. <\/strong><\/p>\n<ul>\n<li><strong>Confeccionado con pr\u00e1cticas de fabricaci\u00f3n \u00e9ticas<\/strong> en Colombia, apoyamos la formalizaci\u00f3n laboral. Eleva tu vibraci\u00f3n con esta prenda de alta vibraci\u00f3n.<\/li>\n<\/ul>\n<p>\u00bfCu\u00e1l es mi talla?<\/p>\n<p><img decoding=\"async\" class=\"alignnone wp-image-12445 size-full\" src=\"https:\/\/bemonocromo.com\/wp-content\/uploads\/2025\/06\/Screen-Shot-2025-06-06-at-10.14.54.png\" alt=\"\" width=\"685\" height=\"110\" srcset=\"https:\/\/bemonocromo.com\/wp-content\/uploads\/2025\/06\/Screen-Shot-2025-06-06-at-10.14.54.png 685w, https:\/\/bemonocromo.com\/wp-content\/uploads\/2025\/06\/Screen-Shot-2025-06-06-at-10.14.54-300x48.png 300w, https:\/\/bemonocromo.com\/wp-content\/uploads\/2025\/06\/Screen-Shot-2025-06-06-at-10.14.54-400x64.png 400w, https:\/\/bemonocromo.com\/wp-content\/uploads\/2025\/06\/Screen-Shot-2025-06-06-at-10.14.54-600x96.png 600w\" sizes=\"(max-width: 685px) 100vw, 685px\" \/><\/p>\n","protected":false},"featured_media":12440,"comment_status":"open","ping_status":"closed","template":"","meta":[],"product_brand":[],"product_cat":[227,170],"product_tag":[],"class_list":{"0":"post-12424","1":"product","2":"type-product","3":"status-publish","4":"has-post-thumbnail","6":"product_cat-coleccion-reborn-nuevo","7":"product_cat-blusas-es","9":"first","10":"instock","11":"featured","12":"shipping-taxable","13":"purchasable","14":"product-type-variable","15":"has-default-attributes"},"yoast_head":"<!-- This site is optimized with the Yoast SEO plugin v26.7 - https:\/\/yoast.com\/wordpress\/plugins\/seo\/ -->\n<title>Skin Aurora Blouse - Bemonocromo<\/title>\n<meta name=\"description\" content=\"Descubre el Top Skin Aurora de BeMonocromo, una pieza de inspiraci\u00f3n asi\u00e1tica con un corte estructurado y elegante.\" \/>\n<meta name=\"robots\" content=\"index, follow, max-snippet:-1, max-image-preview:large, max-video-preview:-1\" \/>\n<link rel=\"canonical\" href=\"https:\/\/bemonocromo.com\/es\/product\/unlimited-top-copy\/\" \/>\n<meta property=\"og:locale\" content=\"es_ES\" \/>\n<meta property=\"og:type\" content=\"article\" \/>\n<meta property=\"og:title\" content=\"Skin Aurora Blouse - Bemonocromo\" \/>\n<meta property=\"og:description\" content=\"Descubre el Top Skin Aurora de BeMonocromo, una pieza de inspiraci\u00f3n asi\u00e1tica con un corte estructurado y elegante.\" \/>\n<meta property=\"og:url\" content=\"https:\/\/bemonocromo.com\/es\/product\/unlimited-top-copy\/\" \/>\n<meta property=\"og:site_name\" content=\"Bemonocromo\" \/>\n<meta property=\"article:modified_time\" content=\"2025-06-06T15:26:35+00:00\" \/>\n<meta property=\"og:image\" content=\"https:\/\/bemonocromo.com\/wp-content\/uploads\/2025\/06\/REBORN41422-683x1024.jpg\" \/>\n\t<meta property=\"og:image:width\" content=\"683\" \/>\n\t<meta property=\"og:image:height\" content=\"1024\" \/>\n\t<meta property=\"og:image:type\" content=\"image\/jpeg\" \/>\n<meta name=\"twitter:card\" content=\"summary_large_image\" \/>\n<meta name=\"twitter:label1\" content=\"Tiempo de lectura\" \/>\n\t<meta name=\"twitter:data1\" content=\"1 minuto\" \/>\n<script type=\"application\/ld+json\" class=\"yoast-schema-graph\">{\"@context\":\"https:\/\/schema.org\",\"@graph\":[{\"@type\":\"WebPage\",\"@id\":\"https:\/\/bemonocromo.com\/es\/product\/unlimited-top-copy\/\",\"url\":\"https:\/\/bemonocromo.com\/es\/product\/unlimited-top-copy\/\",\"name\":\"Skin Aurora Blouse - Bemonocromo\",\"isPartOf\":{\"@id\":\"https:\/\/bemonocromo.com\/es\/#website\"},\"primaryImageOfPage\":{\"@id\":\"https:\/\/bemonocromo.com\/es\/product\/unlimited-top-copy\/#primaryimage\"},\"image\":{\"@id\":\"https:\/\/bemonocromo.com\/es\/product\/unlimited-top-copy\/#primaryimage\"},\"thumbnailUrl\":\"https:\/\/bemonocromo.com\/wp-content\/uploads\/2025\/06\/REBORN41422.jpg\",\"datePublished\":\"2025-06-04T21:38:21+00:00\",\"dateModified\":\"2025-06-06T15:26:35+00:00\",\"description\":\"Descubre el Top Skin Aurora de BeMonocromo, una pieza de inspiraci\u00f3n asi\u00e1tica con un corte estructurado y elegante.\",\"breadcrumb\":{\"@id\":\"https:\/\/bemonocromo.com\/es\/product\/unlimited-top-copy\/#breadcrumb\"},\"inLanguage\":\"es\",\"potentialAction\":[{\"@type\":\"ReadAction\",\"target\":[\"https:\/\/bemonocromo.com\/es\/product\/unlimited-top-copy\/\"]}]},{\"@type\":\"ImageObject\",\"inLanguage\":\"es\",\"@id\":\"https:\/\/bemonocromo.com\/es\/product\/unlimited-top-copy\/#primaryimage\",\"url\":\"https:\/\/bemonocromo.com\/wp-content\/uploads\/2025\/06\/REBORN41422.jpg\",\"contentUrl\":\"https:\/\/bemonocromo.com\/wp-content\/uploads\/2025\/06\/REBORN41422.jpg\",\"width\":1575,\"height\":2362,\"caption\":\"Evoto\"},{\"@type\":\"BreadcrumbList\",\"@id\":\"https:\/\/bemonocromo.com\/es\/product\/unlimited-top-copy\/#breadcrumb\",\"itemListElement\":[{\"@type\":\"ListItem\",\"position\":1,\"name\":\"Home\",\"item\":\"https:\/\/bemonocromo.com\/es\/\"},{\"@type\":\"ListItem\",\"position\":2,\"name\":\"Tienda\",\"item\":\"https:\/\/bemonocromo.com\/es\/tienda\/\"},{\"@type\":\"ListItem\",\"position\":3,\"name\":\"Skin Aurora Blouse\"}]},{\"@type\":\"WebSite\",\"@id\":\"https:\/\/bemonocromo.com\/es\/#website\",\"url\":\"https:\/\/bemonocromo.com\/es\/\",\"name\":\"Bemonocromo\",\"description\":\"The Power of Color\",\"publisher\":{\"@id\":\"https:\/\/bemonocromo.com\/es\/#organization\"},\"potentialAction\":[{\"@type\":\"SearchAction\",\"target\":{\"@type\":\"EntryPoint\",\"urlTemplate\":\"https:\/\/bemonocromo.com\/es\/?s={search_term_string}\"},\"query-input\":{\"@type\":\"PropertyValueSpecification\",\"valueRequired\":true,\"valueName\":\"search_term_string\"}}],\"inLanguage\":\"es\"},{\"@type\":\"Organization\",\"@id\":\"https:\/\/bemonocromo.com\/es\/#organization\",\"name\":\"Bemonocromo\",\"url\":\"https:\/\/bemonocromo.com\/es\/\",\"logo\":{\"@type\":\"ImageObject\",\"inLanguage\":\"es\",\"@id\":\"https:\/\/bemonocromo.com\/es\/#\/schema\/logo\/image\/\",\"url\":\"https:\/\/bemonocromo.com\/wp-content\/uploads\/2023\/04\/path43.png\",\"contentUrl\":\"https:\/\/bemonocromo.com\/wp-content\/uploads\/2023\/04\/path43.png\",\"width\":341,\"height\":48,\"caption\":\"Bemonocromo\"},\"image\":{\"@id\":\"https:\/\/bemonocromo.com\/es\/#\/schema\/logo\/image\/\"}}]}<\/script>\n<!-- \/ Yoast SEO plugin. -->","yoast_head_json":{"title":"Skin Aurora Blouse - Bemonocromo","description":"Descubre el Top Skin Aurora de BeMonocromo, una pieza de inspiraci\u00f3n asi\u00e1tica con un corte estructurado y elegante.","robots":{"index":"index","follow":"follow","max-snippet":"max-snippet:-1","max-image-preview":"max-image-preview:large","max-video-preview":"max-video-preview:-1"},"canonical":"https:\/\/bemonocromo.com\/es\/product\/unlimited-top-copy\/","og_locale":"es_ES","og_type":"article","og_title":"Skin Aurora Blouse - Bemonocromo","og_description":"Descubre el Top Skin Aurora de BeMonocromo, una pieza de inspiraci\u00f3n asi\u00e1tica con un corte estructurado y elegante.","og_url":"https:\/\/bemonocromo.com\/es\/product\/unlimited-top-copy\/","og_site_name":"Bemonocromo","article_modified_time":"2025-06-06T15:26:35+00:00","og_image":[{"width":683,"height":1024,"url":"https:\/\/bemonocromo.com\/wp-content\/uploads\/2025\/06\/REBORN41422-683x1024.jpg","type":"image\/jpeg"}],"twitter_card":"summary_large_image","twitter_misc":{"Tiempo de lectura":"1 minuto"},"schema":{"@context":"https:\/\/schema.org","@graph":[{"@type":"WebPage","@id":"https:\/\/bemonocromo.com\/es\/product\/unlimited-top-copy\/","url":"https:\/\/bemonocromo.com\/es\/product\/unlimited-top-copy\/","name":"Skin Aurora Blouse - Bemonocromo","isPartOf":{"@id":"https:\/\/bemonocromo.com\/es\/#website"},"primaryImageOfPage":{"@id":"https:\/\/bemonocromo.com\/es\/product\/unlimited-top-copy\/#primaryimage"},"image":{"@id":"https:\/\/bemonocromo.com\/es\/product\/unlimited-top-copy\/#primaryimage"},"thumbnailUrl":"https:\/\/bemonocromo.com\/wp-content\/uploads\/2025\/06\/REBORN41422.jpg","datePublished":"2025-06-04T21:38:21+00:00","dateModified":"2025-06-06T15:26:35+00:00","description":"Descubre el Top Skin Aurora de BeMonocromo, una pieza de inspiraci\u00f3n asi\u00e1tica con un corte estructurado y elegante.","breadcrumb":{"@id":"https:\/\/bemonocromo.com\/es\/product\/unlimited-top-copy\/#breadcrumb"},"inLanguage":"es","potentialAction":[{"@type":"ReadAction","target":["https:\/\/bemonocromo.com\/es\/product\/unlimited-top-copy\/"]}]},{"@type":"ImageObject","inLanguage":"es","@id":"https:\/\/bemonocromo.com\/es\/product\/unlimited-top-copy\/#primaryimage","url":"https:\/\/bemonocromo.com\/wp-content\/uploads\/2025\/06\/REBORN41422.jpg","contentUrl":"https:\/\/bemonocromo.com\/wp-content\/uploads\/2025\/06\/REBORN41422.jpg","width":1575,"height":2362,"caption":"Evoto"},{"@type":"BreadcrumbList","@id":"https:\/\/bemonocromo.com\/es\/product\/unlimited-top-copy\/#breadcrumb","itemListElement":[{"@type":"ListItem","position":1,"name":"Home","item":"https:\/\/bemonocromo.com\/es\/"},{"@type":"ListItem","position":2,"name":"Tienda","item":"https:\/\/bemonocromo.com\/es\/tienda\/"},{"@type":"ListItem","position":3,"name":"Skin Aurora Blouse"}]},{"@type":"WebSite","@id":"https:\/\/bemonocromo.com\/es\/#website","url":"https:\/\/bemonocromo.com\/es\/","name":"Bemonocromo","description":"The Power of Color","publisher":{"@id":"https:\/\/bemonocromo.com\/es\/#organization"},"potentialAction":[{"@type":"SearchAction","target":{"@type":"EntryPoint","urlTemplate":"https:\/\/bemonocromo.com\/es\/?s={search_term_string}"},"query-input":{"@type":"PropertyValueSpecification","valueRequired":true,"valueName":"search_term_string"}}],"inLanguage":"es"},{"@type":"Organization","@id":"https:\/\/bemonocromo.com\/es\/#organization","name":"Bemonocromo","url":"https:\/\/bemonocromo.com\/es\/","logo":{"@type":"ImageObject","inLanguage":"es","@id":"https:\/\/bemonocromo.com\/es\/#\/schema\/logo\/image\/","url":"https:\/\/bemonocromo.com\/wp-content\/uploads\/2023\/04\/path43.png","contentUrl":"https:\/\/bemonocromo.com\/wp-content\/uploads\/2023\/04\/path43.png","width":341,"height":48,"caption":"Bemonocromo"},"image":{"@id":"https:\/\/bemonocromo.com\/es\/#\/schema\/logo\/image\/"}}]}},"_links":{"self":[{"href":"https:\/\/bemonocromo.com\/es\/wp-json\/wp\/v2\/product\/12424","targetHints":{"allow":["GET"]}}],"collection":[{"href":"https:\/\/bemonocromo.com\/es\/wp-json\/wp\/v2\/product"}],"about":[{"href":"https:\/\/bemonocromo.com\/es\/wp-json\/wp\/v2\/types\/product"}],"replies":[{"embeddable":true,"href":"https:\/\/bemonocromo.com\/es\/wp-json\/wp\/v2\/comments?post=12424"}],"version-history":[{"count":2,"href":"https:\/\/bemonocromo.com\/es\/wp-json\/wp\/v2\/product\/12424\/revisions"}],"predecessor-version":[{"id":12450,"href":"https:\/\/bemonocromo.com\/es\/wp-json\/wp\/v2\/product\/12424\/revisions\/12450"}],"wp:featuredmedia":[{"embeddable":true,"href":"https:\/\/bemonocromo.com\/es\/wp-json\/wp\/v2\/media\/12440"}],"wp:attachment":[{"href":"https:\/\/bemonocromo.com\/es\/wp-json\/wp\/v2\/media?parent=12424"}],"wp:term":[{"taxonomy":"product_brand","embeddable":true,"href":"https:\/\/bemonocromo.com\/es\/wp-json\/wp\/v2\/product_brand?post=12424"},{"taxonomy":"product_cat","embeddable":true,"href":"https:\/\/bemonocromo.com\/es\/wp-json\/wp\/v2\/product_cat?post=12424"},{"taxonomy":"product_tag","embeddable":true,"href":"https:\/\/bemonocromo.com\/es\/wp-json\/wp\/v2\/product_tag?post=12424"}],"curies":[{"name":"wp","href":"https:\/\/api.w.org\/{rel}","templated":true}]}}