{"id":12476,"date":"2025-06-09T19:33:38","date_gmt":"2025-06-09T19:33:38","guid":{"rendered":"https:\/\/bemonocromo.com\/?post_type=product&#038;p=12476"},"modified":"2025-11-27T21:49:54","modified_gmt":"2025-11-27T21:49:54","slug":"satori-jumpsui","status":"publish","type":"product","link":"https:\/\/bemonocromo.com\/es\/product\/satori-jumpsui\/","title":{"rendered":"Satori Jumpsuit"},"content":{"rendered":"<p>La modelo lleva la talla M.<\/p>\n<p>Tejidos org\u00e1nicos certificados.<\/p>\n","protected":false},"excerpt":{"rendered":"<p><strong>Presentamos nuestro elegante jumpsuit, con escote semi en V y dise\u00f1o monocrom\u00e1tico. Est\u00e1 dise\u00f1ado con bota recta ancha, ofreciendo una silueta con movimiento. <\/strong><\/p>\n<ul>\n<li>Elaborado con un compromiso de sostenibilidad, este mono est\u00e1 hecho con tejidos org\u00e1nicos certificados. Est\u00e1 compuesto en su mayor parte de EcoVero, que garantiza tanto la comodidad como la durabilidad.<\/li>\n<li>Cada jumpsuit se confecciona en Colombia con una meticulosa atenci\u00f3n al detalle, lo que garantiza una calidad superior.<\/li>\n<\/ul>\n","protected":false},"featured_media":12893,"comment_status":"open","ping_status":"closed","template":"","meta":[],"product_brand":[],"product_cat":[227,152],"product_tag":[],"class_list":{"0":"post-12476","1":"product","2":"type-product","3":"status-publish","4":"has-post-thumbnail","6":"product_cat-coleccion-reborn-nuevo","7":"product_cat-pantalones-monos","9":"first","10":"instock","11":"sale","12":"shipping-taxable","13":"purchasable","14":"product-type-variable"},"yoast_head":"<!-- This site is optimized with the Yoast SEO plugin v26.7 - https:\/\/yoast.com\/wordpress\/plugins\/seo\/ -->\n<title>Satori Jumpsuit - Bemonocromo<\/title>\n<meta name=\"robots\" content=\"index, follow, max-snippet:-1, max-image-preview:large, max-video-preview:-1\" \/>\n<link rel=\"canonical\" href=\"https:\/\/bemonocromo.com\/es\/product\/satori-jumpsui\/\" \/>\n<meta property=\"og:locale\" content=\"es_ES\" \/>\n<meta property=\"og:type\" content=\"article\" \/>\n<meta property=\"og:title\" content=\"Satori Jumpsuit - Bemonocromo\" \/>\n<meta property=\"og:description\" content=\"Presentamos nuestro elegante jumpsuit, con escote semi en V y dise\u00f1o monocrom\u00e1tico. Est\u00e1 dise\u00f1ado con bota recta ancha, ofreciendo una silueta con movimiento.    Elaborado con un compromiso de sostenibilidad, este mono est\u00e1 hecho con tejidos org\u00e1nicos certificados. Est\u00e1 compuesto en su mayor parte de EcoVero, que garantiza tanto la comodidad como la durabilidad.  Cada jumpsuit se confecciona en Colombia con una meticulosa atenci\u00f3n al detalle, lo que garantiza una calidad superior.\" \/>\n<meta property=\"og:url\" content=\"https:\/\/bemonocromo.com\/es\/product\/satori-jumpsui\/\" \/>\n<meta property=\"og:site_name\" content=\"Bemonocromo\" \/>\n<meta property=\"article:modified_time\" content=\"2025-11-27T21:49:54+00:00\" \/>\n<meta property=\"og:image\" content=\"https:\/\/bemonocromo.com\/wp-content\/uploads\/2025\/06\/REBORN42537-1.jpg\" \/>\n\t<meta property=\"og:image:width\" content=\"1575\" \/>\n\t<meta property=\"og:image:height\" content=\"2362\" \/>\n\t<meta property=\"og:image:type\" content=\"image\/jpeg\" \/>\n<meta name=\"twitter:card\" content=\"summary_large_image\" \/>\n<meta name=\"twitter:label1\" content=\"Tiempo de lectura\" \/>\n\t<meta name=\"twitter:data1\" content=\"1 minuto\" \/>\n<script type=\"application\/ld+json\" class=\"yoast-schema-graph\">{\"@context\":\"https:\/\/schema.org\",\"@graph\":[{\"@type\":\"WebPage\",\"@id\":\"https:\/\/bemonocromo.com\/es\/product\/satori-jumpsui\/\",\"url\":\"https:\/\/bemonocromo.com\/es\/product\/satori-jumpsui\/\",\"name\":\"Satori Jumpsuit - Bemonocromo\",\"isPartOf\":{\"@id\":\"https:\/\/bemonocromo.com\/es\/#website\"},\"primaryImageOfPage\":{\"@id\":\"https:\/\/bemonocromo.com\/es\/product\/satori-jumpsui\/#primaryimage\"},\"image\":{\"@id\":\"https:\/\/bemonocromo.com\/es\/product\/satori-jumpsui\/#primaryimage\"},\"thumbnailUrl\":\"https:\/\/bemonocromo.com\/wp-content\/uploads\/2025\/06\/REBORN42537-1.jpg\",\"datePublished\":\"2025-06-09T19:33:38+00:00\",\"dateModified\":\"2025-11-27T21:49:54+00:00\",\"breadcrumb\":{\"@id\":\"https:\/\/bemonocromo.com\/es\/product\/satori-jumpsui\/#breadcrumb\"},\"inLanguage\":\"es\",\"potentialAction\":[{\"@type\":\"ReadAction\",\"target\":[\"https:\/\/bemonocromo.com\/es\/product\/satori-jumpsui\/\"]}]},{\"@type\":\"ImageObject\",\"inLanguage\":\"es\",\"@id\":\"https:\/\/bemonocromo.com\/es\/product\/satori-jumpsui\/#primaryimage\",\"url\":\"https:\/\/bemonocromo.com\/wp-content\/uploads\/2025\/06\/REBORN42537-1.jpg\",\"contentUrl\":\"https:\/\/bemonocromo.com\/wp-content\/uploads\/2025\/06\/REBORN42537-1.jpg\",\"width\":1575,\"height\":2362,\"caption\":\"Evoto\"},{\"@type\":\"BreadcrumbList\",\"@id\":\"https:\/\/bemonocromo.com\/es\/product\/satori-jumpsui\/#breadcrumb\",\"itemListElement\":[{\"@type\":\"ListItem\",\"position\":1,\"name\":\"Home\",\"item\":\"https:\/\/bemonocromo.com\/es\/\"},{\"@type\":\"ListItem\",\"position\":2,\"name\":\"Tienda\",\"item\":\"https:\/\/bemonocromo.com\/es\/tienda\/\"},{\"@type\":\"ListItem\",\"position\":3,\"name\":\"Satori Jumpsuit\"}]},{\"@type\":\"WebSite\",\"@id\":\"https:\/\/bemonocromo.com\/es\/#website\",\"url\":\"https:\/\/bemonocromo.com\/es\/\",\"name\":\"Bemonocromo\",\"description\":\"The Power of Color\",\"publisher\":{\"@id\":\"https:\/\/bemonocromo.com\/es\/#organization\"},\"potentialAction\":[{\"@type\":\"SearchAction\",\"target\":{\"@type\":\"EntryPoint\",\"urlTemplate\":\"https:\/\/bemonocromo.com\/es\/?s={search_term_string}\"},\"query-input\":{\"@type\":\"PropertyValueSpecification\",\"valueRequired\":true,\"valueName\":\"search_term_string\"}}],\"inLanguage\":\"es\"},{\"@type\":\"Organization\",\"@id\":\"https:\/\/bemonocromo.com\/es\/#organization\",\"name\":\"Bemonocromo\",\"url\":\"https:\/\/bemonocromo.com\/es\/\",\"logo\":{\"@type\":\"ImageObject\",\"inLanguage\":\"es\",\"@id\":\"https:\/\/bemonocromo.com\/es\/#\/schema\/logo\/image\/\",\"url\":\"https:\/\/bemonocromo.com\/wp-content\/uploads\/2023\/04\/path43.png\",\"contentUrl\":\"https:\/\/bemonocromo.com\/wp-content\/uploads\/2023\/04\/path43.png\",\"width\":341,\"height\":48,\"caption\":\"Bemonocromo\"},\"image\":{\"@id\":\"https:\/\/bemonocromo.com\/es\/#\/schema\/logo\/image\/\"}}]}<\/script>\n<!-- \/ Yoast SEO plugin. -->","yoast_head_json":{"title":"Satori Jumpsuit - Bemonocromo","robots":{"index":"index","follow":"follow","max-snippet":"max-snippet:-1","max-image-preview":"max-image-preview:large","max-video-preview":"max-video-preview:-1"},"canonical":"https:\/\/bemonocromo.com\/es\/product\/satori-jumpsui\/","og_locale":"es_ES","og_type":"article","og_title":"Satori Jumpsuit - Bemonocromo","og_description":"Presentamos nuestro elegante jumpsuit, con escote semi en V y dise\u00f1o monocrom\u00e1tico. Est\u00e1 dise\u00f1ado con bota recta ancha, ofreciendo una silueta con movimiento.    Elaborado con un compromiso de sostenibilidad, este mono est\u00e1 hecho con tejidos org\u00e1nicos certificados. Est\u00e1 compuesto en su mayor parte de EcoVero, que garantiza tanto la comodidad como la durabilidad.  Cada jumpsuit se confecciona en Colombia con una meticulosa atenci\u00f3n al detalle, lo que garantiza una calidad superior.","og_url":"https:\/\/bemonocromo.com\/es\/product\/satori-jumpsui\/","og_site_name":"Bemonocromo","article_modified_time":"2025-11-27T21:49:54+00:00","og_image":[{"width":1575,"height":2362,"url":"https:\/\/bemonocromo.com\/wp-content\/uploads\/2025\/06\/REBORN42537-1.jpg","type":"image\/jpeg"}],"twitter_card":"summary_large_image","twitter_misc":{"Tiempo de lectura":"1 minuto"},"schema":{"@context":"https:\/\/schema.org","@graph":[{"@type":"WebPage","@id":"https:\/\/bemonocromo.com\/es\/product\/satori-jumpsui\/","url":"https:\/\/bemonocromo.com\/es\/product\/satori-jumpsui\/","name":"Satori Jumpsuit - Bemonocromo","isPartOf":{"@id":"https:\/\/bemonocromo.com\/es\/#website"},"primaryImageOfPage":{"@id":"https:\/\/bemonocromo.com\/es\/product\/satori-jumpsui\/#primaryimage"},"image":{"@id":"https:\/\/bemonocromo.com\/es\/product\/satori-jumpsui\/#primaryimage"},"thumbnailUrl":"https:\/\/bemonocromo.com\/wp-content\/uploads\/2025\/06\/REBORN42537-1.jpg","datePublished":"2025-06-09T19:33:38+00:00","dateModified":"2025-11-27T21:49:54+00:00","breadcrumb":{"@id":"https:\/\/bemonocromo.com\/es\/product\/satori-jumpsui\/#breadcrumb"},"inLanguage":"es","potentialAction":[{"@type":"ReadAction","target":["https:\/\/bemonocromo.com\/es\/product\/satori-jumpsui\/"]}]},{"@type":"ImageObject","inLanguage":"es","@id":"https:\/\/bemonocromo.com\/es\/product\/satori-jumpsui\/#primaryimage","url":"https:\/\/bemonocromo.com\/wp-content\/uploads\/2025\/06\/REBORN42537-1.jpg","contentUrl":"https:\/\/bemonocromo.com\/wp-content\/uploads\/2025\/06\/REBORN42537-1.jpg","width":1575,"height":2362,"caption":"Evoto"},{"@type":"BreadcrumbList","@id":"https:\/\/bemonocromo.com\/es\/product\/satori-jumpsui\/#breadcrumb","itemListElement":[{"@type":"ListItem","position":1,"name":"Home","item":"https:\/\/bemonocromo.com\/es\/"},{"@type":"ListItem","position":2,"name":"Tienda","item":"https:\/\/bemonocromo.com\/es\/tienda\/"},{"@type":"ListItem","position":3,"name":"Satori Jumpsuit"}]},{"@type":"WebSite","@id":"https:\/\/bemonocromo.com\/es\/#website","url":"https:\/\/bemonocromo.com\/es\/","name":"Bemonocromo","description":"The Power of Color","publisher":{"@id":"https:\/\/bemonocromo.com\/es\/#organization"},"potentialAction":[{"@type":"SearchAction","target":{"@type":"EntryPoint","urlTemplate":"https:\/\/bemonocromo.com\/es\/?s={search_term_string}"},"query-input":{"@type":"PropertyValueSpecification","valueRequired":true,"valueName":"search_term_string"}}],"inLanguage":"es"},{"@type":"Organization","@id":"https:\/\/bemonocromo.com\/es\/#organization","name":"Bemonocromo","url":"https:\/\/bemonocromo.com\/es\/","logo":{"@type":"ImageObject","inLanguage":"es","@id":"https:\/\/bemonocromo.com\/es\/#\/schema\/logo\/image\/","url":"https:\/\/bemonocromo.com\/wp-content\/uploads\/2023\/04\/path43.png","contentUrl":"https:\/\/bemonocromo.com\/wp-content\/uploads\/2023\/04\/path43.png","width":341,"height":48,"caption":"Bemonocromo"},"image":{"@id":"https:\/\/bemonocromo.com\/es\/#\/schema\/logo\/image\/"}}]}},"_links":{"self":[{"href":"https:\/\/bemonocromo.com\/es\/wp-json\/wp\/v2\/product\/12476","targetHints":{"allow":["GET"]}}],"collection":[{"href":"https:\/\/bemonocromo.com\/es\/wp-json\/wp\/v2\/product"}],"about":[{"href":"https:\/\/bemonocromo.com\/es\/wp-json\/wp\/v2\/types\/product"}],"replies":[{"embeddable":true,"href":"https:\/\/bemonocromo.com\/es\/wp-json\/wp\/v2\/comments?post=12476"}],"version-history":[{"count":3,"href":"https:\/\/bemonocromo.com\/es\/wp-json\/wp\/v2\/product\/12476\/revisions"}],"predecessor-version":[{"id":13044,"href":"https:\/\/bemonocromo.com\/es\/wp-json\/wp\/v2\/product\/12476\/revisions\/13044"}],"wp:featuredmedia":[{"embeddable":true,"href":"https:\/\/bemonocromo.com\/es\/wp-json\/wp\/v2\/media\/12893"}],"wp:attachment":[{"href":"https:\/\/bemonocromo.com\/es\/wp-json\/wp\/v2\/media?parent=12476"}],"wp:term":[{"taxonomy":"product_brand","embeddable":true,"href":"https:\/\/bemonocromo.com\/es\/wp-json\/wp\/v2\/product_brand?post=12476"},{"taxonomy":"product_cat","embeddable":true,"href":"https:\/\/bemonocromo.com\/es\/wp-json\/wp\/v2\/product_cat?post=12476"},{"taxonomy":"product_tag","embeddable":true,"href":"https:\/\/bemonocromo.com\/es\/wp-json\/wp\/v2\/product_tag?post=12476"}],"curies":[{"name":"wp","href":"https:\/\/api.w.org\/{rel}","templated":true}]}}