{"id":12513,"date":"2025-06-09T21:48:56","date_gmt":"2025-06-09T21:48:56","guid":{"rendered":"https:\/\/bemonocromo.com\/?post_type=product&#038;p=12513"},"modified":"2025-06-09T22:23:27","modified_gmt":"2025-06-09T22:23:27","slug":"vectorshirt","status":"publish","type":"product","link":"https:\/\/bemonocromo.com\/es\/product\/vectorshirt\/","title":{"rendered":"Vector Shirt"},"content":{"rendered":"<p>Telas recicladas certificadas.<\/p>\n<p>La modelo est\u00e1 usando la talla S.<\/p>\n","protected":false},"excerpt":{"rendered":"<p><strong>Camisa de cuello ner\u00fa con Bordado Geom\u00e9trico &#8211; Donde el Estilo se Une a la Intenci\u00f3n<\/strong><\/p>\n<p>Nuestra camisa es un b\u00e1sico atemporal reimaginado, combina elegancia, comodidad y prop\u00f3sito. Esta camisa tiene detalle de color distintivo en el cuello y <strong>un exclusivo detalle bordado en la manga izquierda: rect\u00e1ngulos inspirados en la geometr\u00eda sagrada<\/strong>, que reflejan nuestra profunda conexi\u00f3n con la estructura, la armon\u00eda y la belleza.<\/p>\n<ul>\n<li><strong>Confeccionada en Colombia con tejidos reciclados certificados (63% algod\u00f3n, 37% poli\u00e9ster)<\/strong>, ofrece un tacto suave y duradero a la vez que <strong>cumple nuestro compromiso con la sostenibilidad<\/strong>. El cl\u00e1sico cierre de botones delantero aumenta su versatilidad, perfecto tanto para looks elegantes como informales.<\/li>\n<li><strong>M\u00e1s que una camisa, es una declaraci\u00f3n de dise\u00f1o consciente<\/strong>, artesan\u00eda \u00e9tica y estilo atemporal.<\/li>\n<\/ul>\n<p>\u00bfCu\u00e1l es mi talla?<\/p>\n<p><img decoding=\"async\" class=\"alignnone wp-image-12522 size-full\" src=\"https:\/\/bemonocromo.com\/wp-content\/uploads\/2025\/06\/Screen-Shot-2025-06-09-at-17.07.02.png\" alt=\"\" width=\"687\" height=\"109\" srcset=\"https:\/\/bemonocromo.com\/wp-content\/uploads\/2025\/06\/Screen-Shot-2025-06-09-at-17.07.02.png 687w, https:\/\/bemonocromo.com\/wp-content\/uploads\/2025\/06\/Screen-Shot-2025-06-09-at-17.07.02-300x48.png 300w, https:\/\/bemonocromo.com\/wp-content\/uploads\/2025\/06\/Screen-Shot-2025-06-09-at-17.07.02-400x63.png 400w, https:\/\/bemonocromo.com\/wp-content\/uploads\/2025\/06\/Screen-Shot-2025-06-09-at-17.07.02-600x95.png 600w\" sizes=\"(max-width: 687px) 100vw, 687px\" \/><\/p>\n","protected":false},"featured_media":12886,"comment_status":"open","ping_status":"closed","template":"","meta":[],"product_brand":[],"product_cat":[227,169],"product_tag":[],"class_list":{"0":"post-12513","1":"product","2":"type-product","3":"status-publish","4":"has-post-thumbnail","6":"product_cat-coleccion-reborn-nuevo","7":"product_cat-camisas","9":"first","10":"instock","11":"shipping-taxable","12":"purchasable","13":"product-type-variable"},"yoast_head":"<!-- This site is optimized with the Yoast SEO plugin v26.7 - https:\/\/yoast.com\/wordpress\/plugins\/seo\/ -->\n<title>Vector Shirt - Bemonocromo<\/title>\n<meta name=\"robots\" content=\"index, follow, max-snippet:-1, max-image-preview:large, max-video-preview:-1\" \/>\n<link rel=\"canonical\" href=\"https:\/\/bemonocromo.com\/es\/product\/vectorshirt\/\" \/>\n<meta property=\"og:locale\" content=\"es_ES\" \/>\n<meta property=\"og:type\" content=\"article\" \/>\n<meta property=\"og:title\" content=\"Vector Shirt - Bemonocromo\" \/>\n<meta property=\"og:description\" content=\"Camisa de cuello ner\u00fa con Bordado Geom\u00e9trico - Donde el Estilo se Une a la Intenci\u00f3n  Nuestra camisa es un b\u00e1sico atemporal reimaginado, combina elegancia, comodidad y prop\u00f3sito. Esta camisa tiene detalle de color distintivo en el cuello y un exclusivo detalle bordado en la manga izquierda: rect\u00e1ngulos inspirados en la geometr\u00eda sagrada, que reflejan nuestra profunda conexi\u00f3n con la estructura, la armon\u00eda y la belleza.   Confeccionada en Colombia con tejidos reciclados certificados (63% algod\u00f3n, 37% poli\u00e9ster), ofrece un tacto suave y duradero a la vez que cumple nuestro compromiso con la sostenibilidad. El cl\u00e1sico cierre de botones delantero aumenta su versatilidad, perfecto tanto para looks elegantes como informales.  M\u00e1s que una camisa, es una declaraci\u00f3n de dise\u00f1o consciente, artesan\u00eda \u00e9tica y estilo atemporal.  \u00bfCu\u00e1l es mi talla?\" \/>\n<meta property=\"og:url\" content=\"https:\/\/bemonocromo.com\/es\/product\/vectorshirt\/\" \/>\n<meta property=\"og:site_name\" content=\"Bemonocromo\" \/>\n<meta property=\"article:modified_time\" content=\"2025-06-09T22:23:27+00:00\" \/>\n<meta property=\"og:image\" content=\"https:\/\/bemonocromo.com\/wp-content\/uploads\/2025\/06\/REBORN41598-683x1024.jpg\" \/>\n\t<meta property=\"og:image:width\" content=\"683\" \/>\n\t<meta property=\"og:image:height\" content=\"1024\" \/>\n\t<meta property=\"og:image:type\" content=\"image\/jpeg\" \/>\n<meta name=\"twitter:card\" content=\"summary_large_image\" \/>\n<meta name=\"twitter:label1\" content=\"Tiempo de lectura\" \/>\n\t<meta name=\"twitter:data1\" content=\"1 minuto\" \/>\n<script type=\"application\/ld+json\" class=\"yoast-schema-graph\">{\"@context\":\"https:\/\/schema.org\",\"@graph\":[{\"@type\":\"WebPage\",\"@id\":\"https:\/\/bemonocromo.com\/es\/product\/vectorshirt\/\",\"url\":\"https:\/\/bemonocromo.com\/es\/product\/vectorshirt\/\",\"name\":\"Vector Shirt - Bemonocromo\",\"isPartOf\":{\"@id\":\"https:\/\/bemonocromo.com\/es\/#website\"},\"primaryImageOfPage\":{\"@id\":\"https:\/\/bemonocromo.com\/es\/product\/vectorshirt\/#primaryimage\"},\"image\":{\"@id\":\"https:\/\/bemonocromo.com\/es\/product\/vectorshirt\/#primaryimage\"},\"thumbnailUrl\":\"https:\/\/bemonocromo.com\/wp-content\/uploads\/2025\/06\/REBORN41555-1.jpg\",\"datePublished\":\"2025-06-09T21:48:56+00:00\",\"dateModified\":\"2025-06-09T22:23:27+00:00\",\"breadcrumb\":{\"@id\":\"https:\/\/bemonocromo.com\/es\/product\/vectorshirt\/#breadcrumb\"},\"inLanguage\":\"es\",\"potentialAction\":[{\"@type\":\"ReadAction\",\"target\":[\"https:\/\/bemonocromo.com\/es\/product\/vectorshirt\/\"]}]},{\"@type\":\"ImageObject\",\"inLanguage\":\"es\",\"@id\":\"https:\/\/bemonocromo.com\/es\/product\/vectorshirt\/#primaryimage\",\"url\":\"https:\/\/bemonocromo.com\/wp-content\/uploads\/2025\/06\/REBORN41555-1.jpg\",\"contentUrl\":\"https:\/\/bemonocromo.com\/wp-content\/uploads\/2025\/06\/REBORN41555-1.jpg\",\"width\":1575,\"height\":2362,\"caption\":\"Evoto\"},{\"@type\":\"BreadcrumbList\",\"@id\":\"https:\/\/bemonocromo.com\/es\/product\/vectorshirt\/#breadcrumb\",\"itemListElement\":[{\"@type\":\"ListItem\",\"position\":1,\"name\":\"Home\",\"item\":\"https:\/\/bemonocromo.com\/es\/\"},{\"@type\":\"ListItem\",\"position\":2,\"name\":\"Tienda\",\"item\":\"https:\/\/bemonocromo.com\/es\/tienda\/\"},{\"@type\":\"ListItem\",\"position\":3,\"name\":\"Vector Shirt\"}]},{\"@type\":\"WebSite\",\"@id\":\"https:\/\/bemonocromo.com\/es\/#website\",\"url\":\"https:\/\/bemonocromo.com\/es\/\",\"name\":\"Bemonocromo\",\"description\":\"The Power of Color\",\"publisher\":{\"@id\":\"https:\/\/bemonocromo.com\/es\/#organization\"},\"potentialAction\":[{\"@type\":\"SearchAction\",\"target\":{\"@type\":\"EntryPoint\",\"urlTemplate\":\"https:\/\/bemonocromo.com\/es\/?s={search_term_string}\"},\"query-input\":{\"@type\":\"PropertyValueSpecification\",\"valueRequired\":true,\"valueName\":\"search_term_string\"}}],\"inLanguage\":\"es\"},{\"@type\":\"Organization\",\"@id\":\"https:\/\/bemonocromo.com\/es\/#organization\",\"name\":\"Bemonocromo\",\"url\":\"https:\/\/bemonocromo.com\/es\/\",\"logo\":{\"@type\":\"ImageObject\",\"inLanguage\":\"es\",\"@id\":\"https:\/\/bemonocromo.com\/es\/#\/schema\/logo\/image\/\",\"url\":\"https:\/\/bemonocromo.com\/wp-content\/uploads\/2023\/04\/path43.png\",\"contentUrl\":\"https:\/\/bemonocromo.com\/wp-content\/uploads\/2023\/04\/path43.png\",\"width\":341,\"height\":48,\"caption\":\"Bemonocromo\"},\"image\":{\"@id\":\"https:\/\/bemonocromo.com\/es\/#\/schema\/logo\/image\/\"}}]}<\/script>\n<!-- \/ Yoast SEO plugin. -->","yoast_head_json":{"title":"Vector Shirt - Bemonocromo","robots":{"index":"index","follow":"follow","max-snippet":"max-snippet:-1","max-image-preview":"max-image-preview:large","max-video-preview":"max-video-preview:-1"},"canonical":"https:\/\/bemonocromo.com\/es\/product\/vectorshirt\/","og_locale":"es_ES","og_type":"article","og_title":"Vector Shirt - Bemonocromo","og_description":"Camisa de cuello ner\u00fa con Bordado Geom\u00e9trico - Donde el Estilo se Une a la Intenci\u00f3n  Nuestra camisa es un b\u00e1sico atemporal reimaginado, combina elegancia, comodidad y prop\u00f3sito. Esta camisa tiene detalle de color distintivo en el cuello y un exclusivo detalle bordado en la manga izquierda: rect\u00e1ngulos inspirados en la geometr\u00eda sagrada, que reflejan nuestra profunda conexi\u00f3n con la estructura, la armon\u00eda y la belleza.   Confeccionada en Colombia con tejidos reciclados certificados (63% algod\u00f3n, 37% poli\u00e9ster), ofrece un tacto suave y duradero a la vez que cumple nuestro compromiso con la sostenibilidad. El cl\u00e1sico cierre de botones delantero aumenta su versatilidad, perfecto tanto para looks elegantes como informales.  M\u00e1s que una camisa, es una declaraci\u00f3n de dise\u00f1o consciente, artesan\u00eda \u00e9tica y estilo atemporal.  \u00bfCu\u00e1l es mi talla?","og_url":"https:\/\/bemonocromo.com\/es\/product\/vectorshirt\/","og_site_name":"Bemonocromo","article_modified_time":"2025-06-09T22:23:27+00:00","og_image":[{"width":683,"height":1024,"url":"https:\/\/bemonocromo.com\/wp-content\/uploads\/2025\/06\/REBORN41598-683x1024.jpg","type":"image\/jpeg"}],"twitter_card":"summary_large_image","twitter_misc":{"Tiempo de lectura":"1 minuto"},"schema":{"@context":"https:\/\/schema.org","@graph":[{"@type":"WebPage","@id":"https:\/\/bemonocromo.com\/es\/product\/vectorshirt\/","url":"https:\/\/bemonocromo.com\/es\/product\/vectorshirt\/","name":"Vector Shirt - Bemonocromo","isPartOf":{"@id":"https:\/\/bemonocromo.com\/es\/#website"},"primaryImageOfPage":{"@id":"https:\/\/bemonocromo.com\/es\/product\/vectorshirt\/#primaryimage"},"image":{"@id":"https:\/\/bemonocromo.com\/es\/product\/vectorshirt\/#primaryimage"},"thumbnailUrl":"https:\/\/bemonocromo.com\/wp-content\/uploads\/2025\/06\/REBORN41555-1.jpg","datePublished":"2025-06-09T21:48:56+00:00","dateModified":"2025-06-09T22:23:27+00:00","breadcrumb":{"@id":"https:\/\/bemonocromo.com\/es\/product\/vectorshirt\/#breadcrumb"},"inLanguage":"es","potentialAction":[{"@type":"ReadAction","target":["https:\/\/bemonocromo.com\/es\/product\/vectorshirt\/"]}]},{"@type":"ImageObject","inLanguage":"es","@id":"https:\/\/bemonocromo.com\/es\/product\/vectorshirt\/#primaryimage","url":"https:\/\/bemonocromo.com\/wp-content\/uploads\/2025\/06\/REBORN41555-1.jpg","contentUrl":"https:\/\/bemonocromo.com\/wp-content\/uploads\/2025\/06\/REBORN41555-1.jpg","width":1575,"height":2362,"caption":"Evoto"},{"@type":"BreadcrumbList","@id":"https:\/\/bemonocromo.com\/es\/product\/vectorshirt\/#breadcrumb","itemListElement":[{"@type":"ListItem","position":1,"name":"Home","item":"https:\/\/bemonocromo.com\/es\/"},{"@type":"ListItem","position":2,"name":"Tienda","item":"https:\/\/bemonocromo.com\/es\/tienda\/"},{"@type":"ListItem","position":3,"name":"Vector Shirt"}]},{"@type":"WebSite","@id":"https:\/\/bemonocromo.com\/es\/#website","url":"https:\/\/bemonocromo.com\/es\/","name":"Bemonocromo","description":"The Power of Color","publisher":{"@id":"https:\/\/bemonocromo.com\/es\/#organization"},"potentialAction":[{"@type":"SearchAction","target":{"@type":"EntryPoint","urlTemplate":"https:\/\/bemonocromo.com\/es\/?s={search_term_string}"},"query-input":{"@type":"PropertyValueSpecification","valueRequired":true,"valueName":"search_term_string"}}],"inLanguage":"es"},{"@type":"Organization","@id":"https:\/\/bemonocromo.com\/es\/#organization","name":"Bemonocromo","url":"https:\/\/bemonocromo.com\/es\/","logo":{"@type":"ImageObject","inLanguage":"es","@id":"https:\/\/bemonocromo.com\/es\/#\/schema\/logo\/image\/","url":"https:\/\/bemonocromo.com\/wp-content\/uploads\/2023\/04\/path43.png","contentUrl":"https:\/\/bemonocromo.com\/wp-content\/uploads\/2023\/04\/path43.png","width":341,"height":48,"caption":"Bemonocromo"},"image":{"@id":"https:\/\/bemonocromo.com\/es\/#\/schema\/logo\/image\/"}}]}},"_links":{"self":[{"href":"https:\/\/bemonocromo.com\/es\/wp-json\/wp\/v2\/product\/12513","targetHints":{"allow":["GET"]}}],"collection":[{"href":"https:\/\/bemonocromo.com\/es\/wp-json\/wp\/v2\/product"}],"about":[{"href":"https:\/\/bemonocromo.com\/es\/wp-json\/wp\/v2\/types\/product"}],"replies":[{"embeddable":true,"href":"https:\/\/bemonocromo.com\/es\/wp-json\/wp\/v2\/comments?post=12513"}],"version-history":[{"count":3,"href":"https:\/\/bemonocromo.com\/es\/wp-json\/wp\/v2\/product\/12513\/revisions"}],"predecessor-version":[{"id":12543,"href":"https:\/\/bemonocromo.com\/es\/wp-json\/wp\/v2\/product\/12513\/revisions\/12543"}],"wp:featuredmedia":[{"embeddable":true,"href":"https:\/\/bemonocromo.com\/es\/wp-json\/wp\/v2\/media\/12886"}],"wp:attachment":[{"href":"https:\/\/bemonocromo.com\/es\/wp-json\/wp\/v2\/media?parent=12513"}],"wp:term":[{"taxonomy":"product_brand","embeddable":true,"href":"https:\/\/bemonocromo.com\/es\/wp-json\/wp\/v2\/product_brand?post=12513"},{"taxonomy":"product_cat","embeddable":true,"href":"https:\/\/bemonocromo.com\/es\/wp-json\/wp\/v2\/product_cat?post=12513"},{"taxonomy":"product_tag","embeddable":true,"href":"https:\/\/bemonocromo.com\/es\/wp-json\/wp\/v2\/product_tag?post=12513"}],"curies":[{"name":"wp","href":"https:\/\/api.w.org\/{rel}","templated":true}]}}