{"id":12593,"date":"2025-06-10T13:27:57","date_gmt":"2025-06-10T13:27:57","guid":{"rendered":"https:\/\/bemonocromo.com\/?post_type=product&#038;p=12593"},"modified":"2025-06-10T13:47:27","modified_gmt":"2025-06-10T13:47:27","slug":"vector-shirt-copy","status":"publish","type":"product","link":"https:\/\/bemonocromo.com\/es\/product\/vector-shirt-copy\/","title":{"rendered":"Metamorphosis Shirt"},"content":{"rendered":"<p>Telas recicladas certificadas.<\/p>\n<p>La modelo est\u00e1 usando la talla S.<\/p>\n","protected":false},"excerpt":{"rendered":"<p><strong>Camisa de cuello alto con bordado de mariposa geom\u00e9trico &#8211; Honrando nuestros procesos.<\/strong><\/p>\n<p>Una pieza atemporal reimaginada, nuestra camisa de cuello alto refleja nuestra est\u00e9tica elegante, c\u00f3moda y vanguardista. Esta camisa larga lleva una mariposa geom\u00e9trica bordada en la espalda,<strong>s\u00edmbolo de transformaci\u00f3n y equilibrio sagrado.<\/strong><\/p>\n<ul>\n<li><strong>Confeccionada en Colombia con tejidos reciclados certificados (63% algod\u00f3n, 37% poli\u00e9ster)<\/strong>, ofrece un tacto suave y duradero a la vez que <strong>cumple nuestro compromiso con la sostenibilidad<\/strong>. El cl\u00e1sico cierre de botones delantero aumenta su versatilidad, perfecto tanto para looks elegantes como informales.<\/li>\n<li><strong>M\u00e1s que una camisa, es una declaraci\u00f3n de dise\u00f1o consciente<\/strong>, artesan\u00eda \u00e9tica y estilo atemporal.<\/li>\n<\/ul>\n<p>\u00bfCu\u00e1l es mi talla?<\/p>\n<p><img decoding=\"async\" class=\"alignnone wp-image-12612 size-full\" src=\"https:\/\/bemonocromo.com\/wp-content\/uploads\/2025\/06\/Screen-Shot-2025-06-10-at-08.41.18.png\" alt=\"\" width=\"687\" height=\"114\" srcset=\"https:\/\/bemonocromo.com\/wp-content\/uploads\/2025\/06\/Screen-Shot-2025-06-10-at-08.41.18.png 687w, https:\/\/bemonocromo.com\/wp-content\/uploads\/2025\/06\/Screen-Shot-2025-06-10-at-08.41.18-300x50.png 300w, https:\/\/bemonocromo.com\/wp-content\/uploads\/2025\/06\/Screen-Shot-2025-06-10-at-08.41.18-400x66.png 400w, https:\/\/bemonocromo.com\/wp-content\/uploads\/2025\/06\/Screen-Shot-2025-06-10-at-08.41.18-600x100.png 600w\" sizes=\"(max-width: 687px) 100vw, 687px\" \/><\/p>\n","protected":false},"featured_media":12607,"comment_status":"open","ping_status":"closed","template":"","meta":[],"product_brand":[],"product_cat":[169,227],"product_tag":[],"class_list":{"0":"post-12593","1":"product","2":"type-product","3":"status-publish","4":"has-post-thumbnail","6":"product_cat-camisas","7":"product_cat-coleccion-reborn-nuevo","9":"first","10":"instock","11":"shipping-taxable","12":"purchasable","13":"product-type-variable"},"yoast_head":"<!-- This site is optimized with the Yoast SEO plugin v27.3 - https:\/\/yoast.com\/product\/yoast-seo-wordpress\/ -->\n<title>Metamorphosis Shirt - Bemonocromo<\/title>\n<meta name=\"robots\" content=\"index, follow, max-snippet:-1, max-image-preview:large, max-video-preview:-1\" \/>\n<link rel=\"canonical\" href=\"https:\/\/bemonocromo.com\/es\/product\/vector-shirt-copy\/\" \/>\n<meta property=\"og:locale\" content=\"es_ES\" \/>\n<meta property=\"og:type\" content=\"article\" \/>\n<meta property=\"og:title\" content=\"Metamorphosis Shirt - Bemonocromo\" \/>\n<meta property=\"og:description\" content=\"Camisa de cuello alto con bordado de mariposa geom\u00e9trico - Honrando nuestros procesos.  Una pieza atemporal reimaginada, nuestra camisa de cuello alto refleja nuestra est\u00e9tica elegante, c\u00f3moda y vanguardista. Esta camisa larga lleva una mariposa geom\u00e9trica bordada en la espalda,s\u00edmbolo de transformaci\u00f3n y equilibrio sagrado.   Confeccionada en Colombia con tejidos reciclados certificados (63% algod\u00f3n, 37% poli\u00e9ster), ofrece un tacto suave y duradero a la vez que cumple nuestro compromiso con la sostenibilidad. El cl\u00e1sico cierre de botones delantero aumenta su versatilidad, perfecto tanto para looks elegantes como informales.  M\u00e1s que una camisa, es una declaraci\u00f3n de dise\u00f1o consciente, artesan\u00eda \u00e9tica y estilo atemporal.  \u00bfCu\u00e1l es mi talla?\" \/>\n<meta property=\"og:url\" content=\"https:\/\/bemonocromo.com\/es\/product\/vector-shirt-copy\/\" \/>\n<meta property=\"og:site_name\" content=\"Bemonocromo\" \/>\n<meta property=\"article:modified_time\" content=\"2025-06-10T13:47:27+00:00\" \/>\n<meta property=\"og:image\" content=\"https:\/\/bemonocromo.com\/wp-content\/uploads\/2025\/06\/REBORN41936_a-683x1024.jpg\" \/>\n\t<meta property=\"og:image:width\" content=\"683\" \/>\n\t<meta property=\"og:image:height\" content=\"1024\" \/>\n\t<meta property=\"og:image:type\" content=\"image\/jpeg\" \/>\n<meta name=\"twitter:card\" content=\"summary_large_image\" \/>\n<meta name=\"twitter:label1\" content=\"Tiempo de lectura\" \/>\n\t<meta name=\"twitter:data1\" content=\"1 minuto\" \/>\n<script type=\"application\/ld+json\" class=\"yoast-schema-graph\">{\"@context\":\"https:\\\/\\\/schema.org\",\"@graph\":[{\"@type\":\"WebPage\",\"@id\":\"https:\\\/\\\/bemonocromo.com\\\/es\\\/product\\\/vector-shirt-copy\\\/\",\"url\":\"https:\\\/\\\/bemonocromo.com\\\/es\\\/product\\\/vector-shirt-copy\\\/\",\"name\":\"Metamorphosis Shirt - Bemonocromo\",\"isPartOf\":{\"@id\":\"https:\\\/\\\/bemonocromo.com\\\/es\\\/#website\"},\"primaryImageOfPage\":{\"@id\":\"https:\\\/\\\/bemonocromo.com\\\/es\\\/product\\\/vector-shirt-copy\\\/#primaryimage\"},\"image\":{\"@id\":\"https:\\\/\\\/bemonocromo.com\\\/es\\\/product\\\/vector-shirt-copy\\\/#primaryimage\"},\"thumbnailUrl\":\"https:\\\/\\\/bemonocromo.com\\\/wp-content\\\/uploads\\\/2025\\\/06\\\/REBORN41893_a.jpg\",\"datePublished\":\"2025-06-10T13:27:57+00:00\",\"dateModified\":\"2025-06-10T13:47:27+00:00\",\"breadcrumb\":{\"@id\":\"https:\\\/\\\/bemonocromo.com\\\/es\\\/product\\\/vector-shirt-copy\\\/#breadcrumb\"},\"inLanguage\":\"es\",\"potentialAction\":[{\"@type\":\"ReadAction\",\"target\":[\"https:\\\/\\\/bemonocromo.com\\\/es\\\/product\\\/vector-shirt-copy\\\/\"]}]},{\"@type\":\"ImageObject\",\"inLanguage\":\"es\",\"@id\":\"https:\\\/\\\/bemonocromo.com\\\/es\\\/product\\\/vector-shirt-copy\\\/#primaryimage\",\"url\":\"https:\\\/\\\/bemonocromo.com\\\/wp-content\\\/uploads\\\/2025\\\/06\\\/REBORN41893_a.jpg\",\"contentUrl\":\"https:\\\/\\\/bemonocromo.com\\\/wp-content\\\/uploads\\\/2025\\\/06\\\/REBORN41893_a.jpg\",\"width\":1575,\"height\":2362,\"caption\":\"Evoto\"},{\"@type\":\"BreadcrumbList\",\"@id\":\"https:\\\/\\\/bemonocromo.com\\\/es\\\/product\\\/vector-shirt-copy\\\/#breadcrumb\",\"itemListElement\":[{\"@type\":\"ListItem\",\"position\":1,\"name\":\"Home\",\"item\":\"https:\\\/\\\/bemonocromo.com\\\/es\\\/\"},{\"@type\":\"ListItem\",\"position\":2,\"name\":\"Tienda\",\"item\":\"https:\\\/\\\/bemonocromo.com\\\/es\\\/tienda\\\/\"},{\"@type\":\"ListItem\",\"position\":3,\"name\":\"Metamorphosis Shirt\"}]},{\"@type\":\"WebSite\",\"@id\":\"https:\\\/\\\/bemonocromo.com\\\/es\\\/#website\",\"url\":\"https:\\\/\\\/bemonocromo.com\\\/es\\\/\",\"name\":\"Bemonocromo\",\"description\":\"The Power of Color\",\"publisher\":{\"@id\":\"https:\\\/\\\/bemonocromo.com\\\/es\\\/#organization\"},\"potentialAction\":[{\"@type\":\"SearchAction\",\"target\":{\"@type\":\"EntryPoint\",\"urlTemplate\":\"https:\\\/\\\/bemonocromo.com\\\/es\\\/?s={search_term_string}\"},\"query-input\":{\"@type\":\"PropertyValueSpecification\",\"valueRequired\":true,\"valueName\":\"search_term_string\"}}],\"inLanguage\":\"es\"},{\"@type\":\"Organization\",\"@id\":\"https:\\\/\\\/bemonocromo.com\\\/es\\\/#organization\",\"name\":\"Bemonocromo\",\"url\":\"https:\\\/\\\/bemonocromo.com\\\/es\\\/\",\"logo\":{\"@type\":\"ImageObject\",\"inLanguage\":\"es\",\"@id\":\"https:\\\/\\\/bemonocromo.com\\\/es\\\/#\\\/schema\\\/logo\\\/image\\\/\",\"url\":\"https:\\\/\\\/bemonocromo.com\\\/wp-content\\\/uploads\\\/2023\\\/04\\\/path43.png\",\"contentUrl\":\"https:\\\/\\\/bemonocromo.com\\\/wp-content\\\/uploads\\\/2023\\\/04\\\/path43.png\",\"width\":341,\"height\":48,\"caption\":\"Bemonocromo\"},\"image\":{\"@id\":\"https:\\\/\\\/bemonocromo.com\\\/es\\\/#\\\/schema\\\/logo\\\/image\\\/\"}}]}<\/script>\n<!-- \/ Yoast SEO plugin. -->","yoast_head_json":{"title":"Metamorphosis Shirt - Bemonocromo","robots":{"index":"index","follow":"follow","max-snippet":"max-snippet:-1","max-image-preview":"max-image-preview:large","max-video-preview":"max-video-preview:-1"},"canonical":"https:\/\/bemonocromo.com\/es\/product\/vector-shirt-copy\/","og_locale":"es_ES","og_type":"article","og_title":"Metamorphosis Shirt - Bemonocromo","og_description":"Camisa de cuello alto con bordado de mariposa geom\u00e9trico - Honrando nuestros procesos.  Una pieza atemporal reimaginada, nuestra camisa de cuello alto refleja nuestra est\u00e9tica elegante, c\u00f3moda y vanguardista. Esta camisa larga lleva una mariposa geom\u00e9trica bordada en la espalda,s\u00edmbolo de transformaci\u00f3n y equilibrio sagrado.   Confeccionada en Colombia con tejidos reciclados certificados (63% algod\u00f3n, 37% poli\u00e9ster), ofrece un tacto suave y duradero a la vez que cumple nuestro compromiso con la sostenibilidad. El cl\u00e1sico cierre de botones delantero aumenta su versatilidad, perfecto tanto para looks elegantes como informales.  M\u00e1s que una camisa, es una declaraci\u00f3n de dise\u00f1o consciente, artesan\u00eda \u00e9tica y estilo atemporal.  \u00bfCu\u00e1l es mi talla?","og_url":"https:\/\/bemonocromo.com\/es\/product\/vector-shirt-copy\/","og_site_name":"Bemonocromo","article_modified_time":"2025-06-10T13:47:27+00:00","og_image":[{"width":683,"height":1024,"url":"https:\/\/bemonocromo.com\/wp-content\/uploads\/2025\/06\/REBORN41936_a-683x1024.jpg","type":"image\/jpeg"}],"twitter_card":"summary_large_image","twitter_misc":{"Tiempo de lectura":"1 minuto"},"schema":{"@context":"https:\/\/schema.org","@graph":[{"@type":"WebPage","@id":"https:\/\/bemonocromo.com\/es\/product\/vector-shirt-copy\/","url":"https:\/\/bemonocromo.com\/es\/product\/vector-shirt-copy\/","name":"Metamorphosis Shirt - Bemonocromo","isPartOf":{"@id":"https:\/\/bemonocromo.com\/es\/#website"},"primaryImageOfPage":{"@id":"https:\/\/bemonocromo.com\/es\/product\/vector-shirt-copy\/#primaryimage"},"image":{"@id":"https:\/\/bemonocromo.com\/es\/product\/vector-shirt-copy\/#primaryimage"},"thumbnailUrl":"https:\/\/bemonocromo.com\/wp-content\/uploads\/2025\/06\/REBORN41893_a.jpg","datePublished":"2025-06-10T13:27:57+00:00","dateModified":"2025-06-10T13:47:27+00:00","breadcrumb":{"@id":"https:\/\/bemonocromo.com\/es\/product\/vector-shirt-copy\/#breadcrumb"},"inLanguage":"es","potentialAction":[{"@type":"ReadAction","target":["https:\/\/bemonocromo.com\/es\/product\/vector-shirt-copy\/"]}]},{"@type":"ImageObject","inLanguage":"es","@id":"https:\/\/bemonocromo.com\/es\/product\/vector-shirt-copy\/#primaryimage","url":"https:\/\/bemonocromo.com\/wp-content\/uploads\/2025\/06\/REBORN41893_a.jpg","contentUrl":"https:\/\/bemonocromo.com\/wp-content\/uploads\/2025\/06\/REBORN41893_a.jpg","width":1575,"height":2362,"caption":"Evoto"},{"@type":"BreadcrumbList","@id":"https:\/\/bemonocromo.com\/es\/product\/vector-shirt-copy\/#breadcrumb","itemListElement":[{"@type":"ListItem","position":1,"name":"Home","item":"https:\/\/bemonocromo.com\/es\/"},{"@type":"ListItem","position":2,"name":"Tienda","item":"https:\/\/bemonocromo.com\/es\/tienda\/"},{"@type":"ListItem","position":3,"name":"Metamorphosis Shirt"}]},{"@type":"WebSite","@id":"https:\/\/bemonocromo.com\/es\/#website","url":"https:\/\/bemonocromo.com\/es\/","name":"Bemonocromo","description":"The Power of Color","publisher":{"@id":"https:\/\/bemonocromo.com\/es\/#organization"},"potentialAction":[{"@type":"SearchAction","target":{"@type":"EntryPoint","urlTemplate":"https:\/\/bemonocromo.com\/es\/?s={search_term_string}"},"query-input":{"@type":"PropertyValueSpecification","valueRequired":true,"valueName":"search_term_string"}}],"inLanguage":"es"},{"@type":"Organization","@id":"https:\/\/bemonocromo.com\/es\/#organization","name":"Bemonocromo","url":"https:\/\/bemonocromo.com\/es\/","logo":{"@type":"ImageObject","inLanguage":"es","@id":"https:\/\/bemonocromo.com\/es\/#\/schema\/logo\/image\/","url":"https:\/\/bemonocromo.com\/wp-content\/uploads\/2023\/04\/path43.png","contentUrl":"https:\/\/bemonocromo.com\/wp-content\/uploads\/2023\/04\/path43.png","width":341,"height":48,"caption":"Bemonocromo"},"image":{"@id":"https:\/\/bemonocromo.com\/es\/#\/schema\/logo\/image\/"}}]}},"_links":{"self":[{"href":"https:\/\/bemonocromo.com\/es\/wp-json\/wp\/v2\/product\/12593","targetHints":{"allow":["GET"]}}],"collection":[{"href":"https:\/\/bemonocromo.com\/es\/wp-json\/wp\/v2\/product"}],"about":[{"href":"https:\/\/bemonocromo.com\/es\/wp-json\/wp\/v2\/types\/product"}],"replies":[{"embeddable":true,"href":"https:\/\/bemonocromo.com\/es\/wp-json\/wp\/v2\/comments?post=12593"}],"version-history":[{"count":2,"href":"https:\/\/bemonocromo.com\/es\/wp-json\/wp\/v2\/product\/12593\/revisions"}],"predecessor-version":[{"id":12616,"href":"https:\/\/bemonocromo.com\/es\/wp-json\/wp\/v2\/product\/12593\/revisions\/12616"}],"wp:featuredmedia":[{"embeddable":true,"href":"https:\/\/bemonocromo.com\/es\/wp-json\/wp\/v2\/media\/12607"}],"wp:attachment":[{"href":"https:\/\/bemonocromo.com\/es\/wp-json\/wp\/v2\/media?parent=12593"}],"wp:term":[{"taxonomy":"product_brand","embeddable":true,"href":"https:\/\/bemonocromo.com\/es\/wp-json\/wp\/v2\/product_brand?post=12593"},{"taxonomy":"product_cat","embeddable":true,"href":"https:\/\/bemonocromo.com\/es\/wp-json\/wp\/v2\/product_cat?post=12593"},{"taxonomy":"product_tag","embeddable":true,"href":"https:\/\/bemonocromo.com\/es\/wp-json\/wp\/v2\/product_tag?post=12593"}],"curies":[{"name":"wp","href":"https:\/\/api.w.org\/{rel}","templated":true}]}}