{"id":12617,"date":"2025-06-10T13:51:45","date_gmt":"2025-06-10T13:51:45","guid":{"rendered":"https:\/\/bemonocromo.com\/?post_type=product&#038;p=12617"},"modified":"2025-06-10T14:19:09","modified_gmt":"2025-06-10T14:19:09","slug":"wings-pants","status":"publish","type":"product","link":"https:\/\/bemonocromo.com\/es\/product\/wings-pants\/","title":{"rendered":"Wings Pants"},"content":{"rendered":"<p>Telas Org\u00e1nicas certificadas.<\/p>\n<p>La modelo lleva la talla S.<\/p>\n","protected":false},"excerpt":{"rendered":"<article class=\"text-token-text-primary w-full\" dir=\"auto\" data-testid=\"conversation-turn-174\" data-scroll-anchor=\"false\">\n<div class=\"text-base my-auto mx-auto py-5 [--thread-content-margin:--spacing(4)] @[37rem]:[--thread-content-margin:--spacing(6)] @[72rem]:[--thread-content-margin:--spacing(16)] px-(--thread-content-margin)\">\n<div class=\"[--thread-content-max-width:32rem] @[34rem]:[--thread-content-max-width:40rem] @[64rem]:[--thread-content-max-width:48rem] mx-auto flex max-w-(--thread-content-max-width) flex-1 text-base gap-4 md:gap-5 lg:gap-6 group\/turn-messages focus-visible:outline-hidden\" tabindex=\"-1\">\n<div class=\"group\/conversation-turn relative flex w-full min-w-0 flex-col agent-turn\">\n<div class=\"relative flex-col gap-1 md:gap-3\">\n<div class=\"flex max-w-full flex-col grow\">\n<div class=\"min-h-8 text-message relative flex w-full flex-col items-end gap-2 text-start break-words whitespace-normal [.text-message+&amp;]:mt-5\" dir=\"auto\" data-message-author-role=\"assistant\" data-message-id=\"2376ddac-270a-430e-b49f-cff3e64934a9\" data-message-model-slug=\"gpt-4o\">\n<div class=\"flex w-full flex-col gap-1 empty:hidden first:pt-[3px]\">\n<div class=\"markdown prose dark:prose-invert w-full break-words light\">\n<p data-start=\"0\" data-end=\"135\" data-is-last-node=\"\" data-is-only-node=\"\"><strong>Descubre nuestros pantalones amarillos de tiro medio, dise\u00f1ados para favorecer todo tipo de cuerpo con un ajuste estilizado y vers\u00e1til.<\/strong><\/p>\n<p>Con llamativos <strong>estampados de tri\u00e1ngulos rosas en la parte frontal<\/strong>, estos acentos geom\u00e9tricos crean un contraste impactante que da una alta frecuencia de color.<\/p>\n<\/div>\n<\/div>\n<\/div>\n<\/div>\n<\/div>\n<\/div>\n<\/div>\n<\/div>\n<\/article>\n<ul>\n<li>Como creamos piezas dise\u00f1adas para elevar tu energ\u00eda, <strong>nuestros pantalones est\u00e1n hechos en su mayoria de EcoVERO (viscosa) na partir de fibras biodegradables de alta calidad, lo que los convierte en una elecci\u00f3n consciente.<\/strong><\/li>\n<li>Est\u00e1 orgullosamente fabricado en Colombia, cuidadosamente confeccionado con atenci\u00f3n al detalle, lo <strong>que garantiza una calidad excepcional y una prenda que resistir\u00e1 el paso del tiempo.<\/strong><\/li>\n<\/ul>\n<p>\u00bfCu\u00e1l es mi talla?<\/p>\n<p><img decoding=\"async\" class=\"alignnone wp-image-12647 size-full\" src=\"https:\/\/bemonocromo.com\/wp-content\/uploads\/2025\/06\/Screen-Shot-2025-06-10-at-08.57.57-1.png\" alt=\"\" width=\"692\" height=\"113\" srcset=\"https:\/\/bemonocromo.com\/wp-content\/uploads\/2025\/06\/Screen-Shot-2025-06-10-at-08.57.57-1.png 692w, https:\/\/bemonocromo.com\/wp-content\/uploads\/2025\/06\/Screen-Shot-2025-06-10-at-08.57.57-1-300x49.png 300w, https:\/\/bemonocromo.com\/wp-content\/uploads\/2025\/06\/Screen-Shot-2025-06-10-at-08.57.57-1-400x65.png 400w, https:\/\/bemonocromo.com\/wp-content\/uploads\/2025\/06\/Screen-Shot-2025-06-10-at-08.57.57-1-600x98.png 600w\" sizes=\"(max-width: 692px) 100vw, 692px\" \/><\/p>\n<p>En cms*<\/p>\n<p>&nbsp;<\/p>\n","protected":false},"featured_media":12633,"comment_status":"open","ping_status":"closed","template":"","meta":[],"product_brand":[],"product_cat":[227,152],"product_tag":[],"class_list":{"0":"post-12617","1":"product","2":"type-product","3":"status-publish","4":"has-post-thumbnail","6":"product_cat-coleccion-reborn-nuevo","7":"product_cat-pantalones-monos","9":"first","10":"outofstock","11":"shipping-taxable","12":"purchasable","13":"product-type-variable","14":"has-default-attributes"},"yoast_head":"<!-- This site is optimized with the Yoast SEO plugin v27.3 - https:\/\/yoast.com\/product\/yoast-seo-wordpress\/ -->\n<title>Wings Pants - Bemonocromo<\/title>\n<meta name=\"description\" content=\"Descubre nuestro blazer atemporal, confeccionado por expertos para vibrar m\u00e1s alto. Combinando la elegancia cl\u00e1sica con la sofisticaci\u00f3n moderna y el dise\u00f1o sostenible.\" \/>\n<meta name=\"robots\" content=\"index, follow, max-snippet:-1, max-image-preview:large, max-video-preview:-1\" \/>\n<link rel=\"canonical\" href=\"https:\/\/bemonocromo.com\/es\/product\/wings-pants\/\" \/>\n<meta property=\"og:locale\" content=\"es_ES\" \/>\n<meta property=\"og:type\" content=\"article\" \/>\n<meta property=\"og:title\" content=\"Wings Pants - Bemonocromo\" \/>\n<meta property=\"og:description\" content=\"Descubre nuestro blazer atemporal, confeccionado por expertos para vibrar m\u00e1s alto. Combinando la elegancia cl\u00e1sica con la sofisticaci\u00f3n moderna y el dise\u00f1o sostenible.\" \/>\n<meta property=\"og:url\" content=\"https:\/\/bemonocromo.com\/es\/product\/wings-pants\/\" \/>\n<meta property=\"og:site_name\" content=\"Bemonocromo\" \/>\n<meta property=\"article:modified_time\" content=\"2025-06-10T14:19:09+00:00\" \/>\n<meta property=\"og:image\" content=\"https:\/\/bemonocromo.com\/wp-content\/uploads\/2025\/06\/REBORN42391.jpg\" \/>\n\t<meta property=\"og:image:width\" content=\"1575\" \/>\n\t<meta property=\"og:image:height\" content=\"2362\" \/>\n\t<meta property=\"og:image:type\" content=\"image\/jpeg\" \/>\n<meta name=\"twitter:card\" content=\"summary_large_image\" \/>\n<meta name=\"twitter:label1\" content=\"Tiempo de lectura\" \/>\n\t<meta name=\"twitter:data1\" content=\"1 minuto\" \/>\n<script type=\"application\/ld+json\" class=\"yoast-schema-graph\">{\"@context\":\"https:\\\/\\\/schema.org\",\"@graph\":[{\"@type\":\"WebPage\",\"@id\":\"https:\\\/\\\/bemonocromo.com\\\/es\\\/product\\\/wings-pants\\\/\",\"url\":\"https:\\\/\\\/bemonocromo.com\\\/es\\\/product\\\/wings-pants\\\/\",\"name\":\"Wings Pants - Bemonocromo\",\"isPartOf\":{\"@id\":\"https:\\\/\\\/bemonocromo.com\\\/es\\\/#website\"},\"primaryImageOfPage\":{\"@id\":\"https:\\\/\\\/bemonocromo.com\\\/es\\\/product\\\/wings-pants\\\/#primaryimage\"},\"image\":{\"@id\":\"https:\\\/\\\/bemonocromo.com\\\/es\\\/product\\\/wings-pants\\\/#primaryimage\"},\"thumbnailUrl\":\"https:\\\/\\\/bemonocromo.com\\\/wp-content\\\/uploads\\\/2025\\\/06\\\/REBORN42391.jpg\",\"datePublished\":\"2025-06-10T13:51:45+00:00\",\"dateModified\":\"2025-06-10T14:19:09+00:00\",\"description\":\"Descubre nuestro blazer atemporal, confeccionado por expertos para vibrar m\u00e1s alto. Combinando la elegancia cl\u00e1sica con la sofisticaci\u00f3n moderna y el dise\u00f1o sostenible.\",\"breadcrumb\":{\"@id\":\"https:\\\/\\\/bemonocromo.com\\\/es\\\/product\\\/wings-pants\\\/#breadcrumb\"},\"inLanguage\":\"es\",\"potentialAction\":[{\"@type\":\"ReadAction\",\"target\":[\"https:\\\/\\\/bemonocromo.com\\\/es\\\/product\\\/wings-pants\\\/\"]}]},{\"@type\":\"ImageObject\",\"inLanguage\":\"es\",\"@id\":\"https:\\\/\\\/bemonocromo.com\\\/es\\\/product\\\/wings-pants\\\/#primaryimage\",\"url\":\"https:\\\/\\\/bemonocromo.com\\\/wp-content\\\/uploads\\\/2025\\\/06\\\/REBORN42391.jpg\",\"contentUrl\":\"https:\\\/\\\/bemonocromo.com\\\/wp-content\\\/uploads\\\/2025\\\/06\\\/REBORN42391.jpg\",\"width\":1575,\"height\":2362,\"caption\":\"Evoto\"},{\"@type\":\"BreadcrumbList\",\"@id\":\"https:\\\/\\\/bemonocromo.com\\\/es\\\/product\\\/wings-pants\\\/#breadcrumb\",\"itemListElement\":[{\"@type\":\"ListItem\",\"position\":1,\"name\":\"Home\",\"item\":\"https:\\\/\\\/bemonocromo.com\\\/es\\\/\"},{\"@type\":\"ListItem\",\"position\":2,\"name\":\"Tienda\",\"item\":\"https:\\\/\\\/bemonocromo.com\\\/es\\\/tienda\\\/\"},{\"@type\":\"ListItem\",\"position\":3,\"name\":\"Wings Pants\"}]},{\"@type\":\"WebSite\",\"@id\":\"https:\\\/\\\/bemonocromo.com\\\/es\\\/#website\",\"url\":\"https:\\\/\\\/bemonocromo.com\\\/es\\\/\",\"name\":\"Bemonocromo\",\"description\":\"The Power of Color\",\"publisher\":{\"@id\":\"https:\\\/\\\/bemonocromo.com\\\/es\\\/#organization\"},\"potentialAction\":[{\"@type\":\"SearchAction\",\"target\":{\"@type\":\"EntryPoint\",\"urlTemplate\":\"https:\\\/\\\/bemonocromo.com\\\/es\\\/?s={search_term_string}\"},\"query-input\":{\"@type\":\"PropertyValueSpecification\",\"valueRequired\":true,\"valueName\":\"search_term_string\"}}],\"inLanguage\":\"es\"},{\"@type\":\"Organization\",\"@id\":\"https:\\\/\\\/bemonocromo.com\\\/es\\\/#organization\",\"name\":\"Bemonocromo\",\"url\":\"https:\\\/\\\/bemonocromo.com\\\/es\\\/\",\"logo\":{\"@type\":\"ImageObject\",\"inLanguage\":\"es\",\"@id\":\"https:\\\/\\\/bemonocromo.com\\\/es\\\/#\\\/schema\\\/logo\\\/image\\\/\",\"url\":\"https:\\\/\\\/bemonocromo.com\\\/wp-content\\\/uploads\\\/2023\\\/04\\\/path43.png\",\"contentUrl\":\"https:\\\/\\\/bemonocromo.com\\\/wp-content\\\/uploads\\\/2023\\\/04\\\/path43.png\",\"width\":341,\"height\":48,\"caption\":\"Bemonocromo\"},\"image\":{\"@id\":\"https:\\\/\\\/bemonocromo.com\\\/es\\\/#\\\/schema\\\/logo\\\/image\\\/\"}}]}<\/script>\n<!-- \/ Yoast SEO plugin. -->","yoast_head_json":{"title":"Wings Pants - Bemonocromo","description":"Descubre nuestro blazer atemporal, confeccionado por expertos para vibrar m\u00e1s alto. Combinando la elegancia cl\u00e1sica con la sofisticaci\u00f3n moderna y el dise\u00f1o sostenible.","robots":{"index":"index","follow":"follow","max-snippet":"max-snippet:-1","max-image-preview":"max-image-preview:large","max-video-preview":"max-video-preview:-1"},"canonical":"https:\/\/bemonocromo.com\/es\/product\/wings-pants\/","og_locale":"es_ES","og_type":"article","og_title":"Wings Pants - Bemonocromo","og_description":"Descubre nuestro blazer atemporal, confeccionado por expertos para vibrar m\u00e1s alto. Combinando la elegancia cl\u00e1sica con la sofisticaci\u00f3n moderna y el dise\u00f1o sostenible.","og_url":"https:\/\/bemonocromo.com\/es\/product\/wings-pants\/","og_site_name":"Bemonocromo","article_modified_time":"2025-06-10T14:19:09+00:00","og_image":[{"width":1575,"height":2362,"url":"https:\/\/bemonocromo.com\/wp-content\/uploads\/2025\/06\/REBORN42391.jpg","type":"image\/jpeg"}],"twitter_card":"summary_large_image","twitter_misc":{"Tiempo de lectura":"1 minuto"},"schema":{"@context":"https:\/\/schema.org","@graph":[{"@type":"WebPage","@id":"https:\/\/bemonocromo.com\/es\/product\/wings-pants\/","url":"https:\/\/bemonocromo.com\/es\/product\/wings-pants\/","name":"Wings Pants - Bemonocromo","isPartOf":{"@id":"https:\/\/bemonocromo.com\/es\/#website"},"primaryImageOfPage":{"@id":"https:\/\/bemonocromo.com\/es\/product\/wings-pants\/#primaryimage"},"image":{"@id":"https:\/\/bemonocromo.com\/es\/product\/wings-pants\/#primaryimage"},"thumbnailUrl":"https:\/\/bemonocromo.com\/wp-content\/uploads\/2025\/06\/REBORN42391.jpg","datePublished":"2025-06-10T13:51:45+00:00","dateModified":"2025-06-10T14:19:09+00:00","description":"Descubre nuestro blazer atemporal, confeccionado por expertos para vibrar m\u00e1s alto. Combinando la elegancia cl\u00e1sica con la sofisticaci\u00f3n moderna y el dise\u00f1o sostenible.","breadcrumb":{"@id":"https:\/\/bemonocromo.com\/es\/product\/wings-pants\/#breadcrumb"},"inLanguage":"es","potentialAction":[{"@type":"ReadAction","target":["https:\/\/bemonocromo.com\/es\/product\/wings-pants\/"]}]},{"@type":"ImageObject","inLanguage":"es","@id":"https:\/\/bemonocromo.com\/es\/product\/wings-pants\/#primaryimage","url":"https:\/\/bemonocromo.com\/wp-content\/uploads\/2025\/06\/REBORN42391.jpg","contentUrl":"https:\/\/bemonocromo.com\/wp-content\/uploads\/2025\/06\/REBORN42391.jpg","width":1575,"height":2362,"caption":"Evoto"},{"@type":"BreadcrumbList","@id":"https:\/\/bemonocromo.com\/es\/product\/wings-pants\/#breadcrumb","itemListElement":[{"@type":"ListItem","position":1,"name":"Home","item":"https:\/\/bemonocromo.com\/es\/"},{"@type":"ListItem","position":2,"name":"Tienda","item":"https:\/\/bemonocromo.com\/es\/tienda\/"},{"@type":"ListItem","position":3,"name":"Wings Pants"}]},{"@type":"WebSite","@id":"https:\/\/bemonocromo.com\/es\/#website","url":"https:\/\/bemonocromo.com\/es\/","name":"Bemonocromo","description":"The Power of Color","publisher":{"@id":"https:\/\/bemonocromo.com\/es\/#organization"},"potentialAction":[{"@type":"SearchAction","target":{"@type":"EntryPoint","urlTemplate":"https:\/\/bemonocromo.com\/es\/?s={search_term_string}"},"query-input":{"@type":"PropertyValueSpecification","valueRequired":true,"valueName":"search_term_string"}}],"inLanguage":"es"},{"@type":"Organization","@id":"https:\/\/bemonocromo.com\/es\/#organization","name":"Bemonocromo","url":"https:\/\/bemonocromo.com\/es\/","logo":{"@type":"ImageObject","inLanguage":"es","@id":"https:\/\/bemonocromo.com\/es\/#\/schema\/logo\/image\/","url":"https:\/\/bemonocromo.com\/wp-content\/uploads\/2023\/04\/path43.png","contentUrl":"https:\/\/bemonocromo.com\/wp-content\/uploads\/2023\/04\/path43.png","width":341,"height":48,"caption":"Bemonocromo"},"image":{"@id":"https:\/\/bemonocromo.com\/es\/#\/schema\/logo\/image\/"}}]}},"_links":{"self":[{"href":"https:\/\/bemonocromo.com\/es\/wp-json\/wp\/v2\/product\/12617","targetHints":{"allow":["GET"]}}],"collection":[{"href":"https:\/\/bemonocromo.com\/es\/wp-json\/wp\/v2\/product"}],"about":[{"href":"https:\/\/bemonocromo.com\/es\/wp-json\/wp\/v2\/types\/product"}],"replies":[{"embeddable":true,"href":"https:\/\/bemonocromo.com\/es\/wp-json\/wp\/v2\/comments?post=12617"}],"version-history":[{"count":1,"href":"https:\/\/bemonocromo.com\/es\/wp-json\/wp\/v2\/product\/12617\/revisions"}],"predecessor-version":[{"id":12649,"href":"https:\/\/bemonocromo.com\/es\/wp-json\/wp\/v2\/product\/12617\/revisions\/12649"}],"wp:featuredmedia":[{"embeddable":true,"href":"https:\/\/bemonocromo.com\/es\/wp-json\/wp\/v2\/media\/12633"}],"wp:attachment":[{"href":"https:\/\/bemonocromo.com\/es\/wp-json\/wp\/v2\/media?parent=12617"}],"wp:term":[{"taxonomy":"product_brand","embeddable":true,"href":"https:\/\/bemonocromo.com\/es\/wp-json\/wp\/v2\/product_brand?post=12617"},{"taxonomy":"product_cat","embeddable":true,"href":"https:\/\/bemonocromo.com\/es\/wp-json\/wp\/v2\/product_cat?post=12617"},{"taxonomy":"product_tag","embeddable":true,"href":"https:\/\/bemonocromo.com\/es\/wp-json\/wp\/v2\/product_tag?post=12617"}],"curies":[{"name":"wp","href":"https:\/\/api.w.org\/{rel}","templated":true}]}}