{"id":13592,"date":"2026-04-28T17:19:35","date_gmt":"2026-04-28T17:19:35","guid":{"rendered":"https:\/\/bemonocromo.com\/?post_type=product&#038;p=13592"},"modified":"2026-04-28T22:11:37","modified_gmt":"2026-04-28T22:11:37","slug":"moon-pants-copy-2","status":"publish","type":"product","link":"https:\/\/bemonocromo.com\/es\/product\/moon-pants-copy-2\/","title":{"rendered":"Botanical Pants"},"content":{"rendered":"<p>Telas Org\u00e1nicas certificadas.<\/p>\n<p>La modelo lleva la talla S.<\/p>\n","protected":false},"excerpt":{"rendered":"<p><strong>Nuestros pantalones botanical est\u00e1n inspirados en los \u00e1rboles de eucalipto. Son de tiro alto y pierna recta, dise\u00f1ados para alargar la silueta mientras aportan una sofisticaci\u00f3n sin esfuerzo. Bolsillos laterales invisibles y una cremallera discreta aportan estructura limpia y funcionalidad.<br \/>\n<\/strong><\/p>\n<ul>\n<li>Hecho en 100% Rayon con telas de alta calidad.<\/li>\n<li>Est\u00e1 orgullosamente hecho en Colombia, cuidadosamente elaborado con atenci\u00f3n al detalle.<\/li>\n<\/ul>\n","protected":false},"featured_media":13601,"comment_status":"open","ping_status":"closed","template":"","meta":[],"product_brand":[],"product_cat":[234,152],"product_tag":[],"class_list":{"0":"post-13592","1":"product","2":"type-product","3":"status-publish","4":"has-post-thumbnail","6":"product_cat-botanical-frequency-collection-new","7":"product_cat-pantalones-monos","9":"first","10":"instock","11":"featured","12":"shipping-taxable","13":"purchasable","14":"product-type-variable","15":"has-default-attributes"},"yoast_head":"<!-- This site is optimized with the Yoast SEO plugin v27.3 - https:\/\/yoast.com\/product\/yoast-seo-wordpress\/ -->\n<title>Botanical Pants - Bemonocromo<\/title>\n<meta name=\"description\" content=\"Descubre nuestro blazer atemporal, confeccionado por expertos para vibrar m\u00e1s alto. Combinando la elegancia cl\u00e1sica con la sofisticaci\u00f3n moderna y el dise\u00f1o sostenible.\" \/>\n<meta name=\"robots\" content=\"index, follow, max-snippet:-1, max-image-preview:large, max-video-preview:-1\" \/>\n<link rel=\"canonical\" href=\"https:\/\/bemonocromo.com\/es\/product\/moon-pants-copy-2\/\" \/>\n<meta property=\"og:locale\" content=\"es_ES\" \/>\n<meta property=\"og:type\" content=\"article\" \/>\n<meta property=\"og:title\" content=\"Botanical Pants - Bemonocromo\" \/>\n<meta property=\"og:description\" content=\"Descubre nuestro blazer atemporal, confeccionado por expertos para vibrar m\u00e1s alto. Combinando la elegancia cl\u00e1sica con la sofisticaci\u00f3n moderna y el dise\u00f1o sostenible.\" \/>\n<meta property=\"og:url\" content=\"https:\/\/bemonocromo.com\/es\/product\/moon-pants-copy-2\/\" \/>\n<meta property=\"og:site_name\" content=\"Bemonocromo\" \/>\n<meta property=\"article:modified_time\" content=\"2026-04-28T22:11:37+00:00\" \/>\n<meta property=\"og:image\" content=\"https:\/\/bemonocromo.com\/wp-content\/uploads\/2026\/04\/BeMonocromo50307-1.jpg\" \/>\n\t<meta property=\"og:image:width\" content=\"1181\" \/>\n\t<meta property=\"og:image:height\" content=\"1772\" \/>\n\t<meta property=\"og:image:type\" content=\"image\/jpeg\" \/>\n<meta name=\"twitter:card\" content=\"summary_large_image\" \/>\n<meta name=\"twitter:label1\" content=\"Tiempo de lectura\" \/>\n\t<meta name=\"twitter:data1\" content=\"1 minuto\" \/>\n<script type=\"application\/ld+json\" class=\"yoast-schema-graph\">{\"@context\":\"https:\\\/\\\/schema.org\",\"@graph\":[{\"@type\":\"WebPage\",\"@id\":\"https:\\\/\\\/bemonocromo.com\\\/es\\\/product\\\/moon-pants-copy-2\\\/\",\"url\":\"https:\\\/\\\/bemonocromo.com\\\/es\\\/product\\\/moon-pants-copy-2\\\/\",\"name\":\"Botanical Pants - Bemonocromo\",\"isPartOf\":{\"@id\":\"https:\\\/\\\/bemonocromo.com\\\/es\\\/#website\"},\"primaryImageOfPage\":{\"@id\":\"https:\\\/\\\/bemonocromo.com\\\/es\\\/product\\\/moon-pants-copy-2\\\/#primaryimage\"},\"image\":{\"@id\":\"https:\\\/\\\/bemonocromo.com\\\/es\\\/product\\\/moon-pants-copy-2\\\/#primaryimage\"},\"thumbnailUrl\":\"https:\\\/\\\/bemonocromo.com\\\/wp-content\\\/uploads\\\/2026\\\/04\\\/BeMonocromo50307-1.jpg\",\"datePublished\":\"2026-04-28T17:19:35+00:00\",\"dateModified\":\"2026-04-28T22:11:37+00:00\",\"description\":\"Descubre nuestro blazer atemporal, confeccionado por expertos para vibrar m\u00e1s alto. Combinando la elegancia cl\u00e1sica con la sofisticaci\u00f3n moderna y el dise\u00f1o sostenible.\",\"breadcrumb\":{\"@id\":\"https:\\\/\\\/bemonocromo.com\\\/es\\\/product\\\/moon-pants-copy-2\\\/#breadcrumb\"},\"inLanguage\":\"es\",\"potentialAction\":[{\"@type\":\"ReadAction\",\"target\":[\"https:\\\/\\\/bemonocromo.com\\\/es\\\/product\\\/moon-pants-copy-2\\\/\"]}]},{\"@type\":\"ImageObject\",\"inLanguage\":\"es\",\"@id\":\"https:\\\/\\\/bemonocromo.com\\\/es\\\/product\\\/moon-pants-copy-2\\\/#primaryimage\",\"url\":\"https:\\\/\\\/bemonocromo.com\\\/wp-content\\\/uploads\\\/2026\\\/04\\\/BeMonocromo50307-1.jpg\",\"contentUrl\":\"https:\\\/\\\/bemonocromo.com\\\/wp-content\\\/uploads\\\/2026\\\/04\\\/BeMonocromo50307-1.jpg\",\"width\":1181,\"height\":1772},{\"@type\":\"BreadcrumbList\",\"@id\":\"https:\\\/\\\/bemonocromo.com\\\/es\\\/product\\\/moon-pants-copy-2\\\/#breadcrumb\",\"itemListElement\":[{\"@type\":\"ListItem\",\"position\":1,\"name\":\"Home\",\"item\":\"https:\\\/\\\/bemonocromo.com\\\/es\\\/\"},{\"@type\":\"ListItem\",\"position\":2,\"name\":\"Tienda\",\"item\":\"https:\\\/\\\/bemonocromo.com\\\/es\\\/tienda\\\/\"},{\"@type\":\"ListItem\",\"position\":3,\"name\":\"Botanical Pants\"}]},{\"@type\":\"WebSite\",\"@id\":\"https:\\\/\\\/bemonocromo.com\\\/es\\\/#website\",\"url\":\"https:\\\/\\\/bemonocromo.com\\\/es\\\/\",\"name\":\"Bemonocromo\",\"description\":\"The Power of Color\",\"publisher\":{\"@id\":\"https:\\\/\\\/bemonocromo.com\\\/es\\\/#organization\"},\"potentialAction\":[{\"@type\":\"SearchAction\",\"target\":{\"@type\":\"EntryPoint\",\"urlTemplate\":\"https:\\\/\\\/bemonocromo.com\\\/es\\\/?s={search_term_string}\"},\"query-input\":{\"@type\":\"PropertyValueSpecification\",\"valueRequired\":true,\"valueName\":\"search_term_string\"}}],\"inLanguage\":\"es\"},{\"@type\":\"Organization\",\"@id\":\"https:\\\/\\\/bemonocromo.com\\\/es\\\/#organization\",\"name\":\"Bemonocromo\",\"url\":\"https:\\\/\\\/bemonocromo.com\\\/es\\\/\",\"logo\":{\"@type\":\"ImageObject\",\"inLanguage\":\"es\",\"@id\":\"https:\\\/\\\/bemonocromo.com\\\/es\\\/#\\\/schema\\\/logo\\\/image\\\/\",\"url\":\"https:\\\/\\\/bemonocromo.com\\\/wp-content\\\/uploads\\\/2023\\\/04\\\/path43.png\",\"contentUrl\":\"https:\\\/\\\/bemonocromo.com\\\/wp-content\\\/uploads\\\/2023\\\/04\\\/path43.png\",\"width\":341,\"height\":48,\"caption\":\"Bemonocromo\"},\"image\":{\"@id\":\"https:\\\/\\\/bemonocromo.com\\\/es\\\/#\\\/schema\\\/logo\\\/image\\\/\"}}]}<\/script>\n<!-- \/ Yoast SEO plugin. -->","yoast_head_json":{"title":"Botanical Pants - Bemonocromo","description":"Descubre nuestro blazer atemporal, confeccionado por expertos para vibrar m\u00e1s alto. Combinando la elegancia cl\u00e1sica con la sofisticaci\u00f3n moderna y el dise\u00f1o sostenible.","robots":{"index":"index","follow":"follow","max-snippet":"max-snippet:-1","max-image-preview":"max-image-preview:large","max-video-preview":"max-video-preview:-1"},"canonical":"https:\/\/bemonocromo.com\/es\/product\/moon-pants-copy-2\/","og_locale":"es_ES","og_type":"article","og_title":"Botanical Pants - Bemonocromo","og_description":"Descubre nuestro blazer atemporal, confeccionado por expertos para vibrar m\u00e1s alto. Combinando la elegancia cl\u00e1sica con la sofisticaci\u00f3n moderna y el dise\u00f1o sostenible.","og_url":"https:\/\/bemonocromo.com\/es\/product\/moon-pants-copy-2\/","og_site_name":"Bemonocromo","article_modified_time":"2026-04-28T22:11:37+00:00","og_image":[{"width":1181,"height":1772,"url":"https:\/\/bemonocromo.com\/wp-content\/uploads\/2026\/04\/BeMonocromo50307-1.jpg","type":"image\/jpeg"}],"twitter_card":"summary_large_image","twitter_misc":{"Tiempo de lectura":"1 minuto"},"schema":{"@context":"https:\/\/schema.org","@graph":[{"@type":"WebPage","@id":"https:\/\/bemonocromo.com\/es\/product\/moon-pants-copy-2\/","url":"https:\/\/bemonocromo.com\/es\/product\/moon-pants-copy-2\/","name":"Botanical Pants - Bemonocromo","isPartOf":{"@id":"https:\/\/bemonocromo.com\/es\/#website"},"primaryImageOfPage":{"@id":"https:\/\/bemonocromo.com\/es\/product\/moon-pants-copy-2\/#primaryimage"},"image":{"@id":"https:\/\/bemonocromo.com\/es\/product\/moon-pants-copy-2\/#primaryimage"},"thumbnailUrl":"https:\/\/bemonocromo.com\/wp-content\/uploads\/2026\/04\/BeMonocromo50307-1.jpg","datePublished":"2026-04-28T17:19:35+00:00","dateModified":"2026-04-28T22:11:37+00:00","description":"Descubre nuestro blazer atemporal, confeccionado por expertos para vibrar m\u00e1s alto. Combinando la elegancia cl\u00e1sica con la sofisticaci\u00f3n moderna y el dise\u00f1o sostenible.","breadcrumb":{"@id":"https:\/\/bemonocromo.com\/es\/product\/moon-pants-copy-2\/#breadcrumb"},"inLanguage":"es","potentialAction":[{"@type":"ReadAction","target":["https:\/\/bemonocromo.com\/es\/product\/moon-pants-copy-2\/"]}]},{"@type":"ImageObject","inLanguage":"es","@id":"https:\/\/bemonocromo.com\/es\/product\/moon-pants-copy-2\/#primaryimage","url":"https:\/\/bemonocromo.com\/wp-content\/uploads\/2026\/04\/BeMonocromo50307-1.jpg","contentUrl":"https:\/\/bemonocromo.com\/wp-content\/uploads\/2026\/04\/BeMonocromo50307-1.jpg","width":1181,"height":1772},{"@type":"BreadcrumbList","@id":"https:\/\/bemonocromo.com\/es\/product\/moon-pants-copy-2\/#breadcrumb","itemListElement":[{"@type":"ListItem","position":1,"name":"Home","item":"https:\/\/bemonocromo.com\/es\/"},{"@type":"ListItem","position":2,"name":"Tienda","item":"https:\/\/bemonocromo.com\/es\/tienda\/"},{"@type":"ListItem","position":3,"name":"Botanical Pants"}]},{"@type":"WebSite","@id":"https:\/\/bemonocromo.com\/es\/#website","url":"https:\/\/bemonocromo.com\/es\/","name":"Bemonocromo","description":"The Power of Color","publisher":{"@id":"https:\/\/bemonocromo.com\/es\/#organization"},"potentialAction":[{"@type":"SearchAction","target":{"@type":"EntryPoint","urlTemplate":"https:\/\/bemonocromo.com\/es\/?s={search_term_string}"},"query-input":{"@type":"PropertyValueSpecification","valueRequired":true,"valueName":"search_term_string"}}],"inLanguage":"es"},{"@type":"Organization","@id":"https:\/\/bemonocromo.com\/es\/#organization","name":"Bemonocromo","url":"https:\/\/bemonocromo.com\/es\/","logo":{"@type":"ImageObject","inLanguage":"es","@id":"https:\/\/bemonocromo.com\/es\/#\/schema\/logo\/image\/","url":"https:\/\/bemonocromo.com\/wp-content\/uploads\/2023\/04\/path43.png","contentUrl":"https:\/\/bemonocromo.com\/wp-content\/uploads\/2023\/04\/path43.png","width":341,"height":48,"caption":"Bemonocromo"},"image":{"@id":"https:\/\/bemonocromo.com\/es\/#\/schema\/logo\/image\/"}}]}},"_links":{"self":[{"href":"https:\/\/bemonocromo.com\/es\/wp-json\/wp\/v2\/product\/13592","targetHints":{"allow":["GET"]}}],"collection":[{"href":"https:\/\/bemonocromo.com\/es\/wp-json\/wp\/v2\/product"}],"about":[{"href":"https:\/\/bemonocromo.com\/es\/wp-json\/wp\/v2\/types\/product"}],"replies":[{"embeddable":true,"href":"https:\/\/bemonocromo.com\/es\/wp-json\/wp\/v2\/comments?post=13592"}],"version-history":[{"count":3,"href":"https:\/\/bemonocromo.com\/es\/wp-json\/wp\/v2\/product\/13592\/revisions"}],"predecessor-version":[{"id":13694,"href":"https:\/\/bemonocromo.com\/es\/wp-json\/wp\/v2\/product\/13592\/revisions\/13694"}],"wp:featuredmedia":[{"embeddable":true,"href":"https:\/\/bemonocromo.com\/es\/wp-json\/wp\/v2\/media\/13601"}],"wp:attachment":[{"href":"https:\/\/bemonocromo.com\/es\/wp-json\/wp\/v2\/media?parent=13592"}],"wp:term":[{"taxonomy":"product_brand","embeddable":true,"href":"https:\/\/bemonocromo.com\/es\/wp-json\/wp\/v2\/product_brand?post=13592"},{"taxonomy":"product_cat","embeddable":true,"href":"https:\/\/bemonocromo.com\/es\/wp-json\/wp\/v2\/product_cat?post=13592"},{"taxonomy":"product_tag","embeddable":true,"href":"https:\/\/bemonocromo.com\/es\/wp-json\/wp\/v2\/product_tag?post=13592"}],"curies":[{"name":"wp","href":"https:\/\/api.w.org\/{rel}","templated":true}]}}