{"id":7986,"date":"2023-05-10T19:12:53","date_gmt":"2023-05-10T19:12:53","guid":{"rendered":"https:\/\/bemonocromo.com\/int\/index.php\/product\/black-glow-dress\/"},"modified":"2023-10-25T15:44:33","modified_gmt":"2023-10-25T15:44:33","slug":"black-glow-dress","status":"publish","type":"product","link":"https:\/\/bemonocromo.com\/es\/product\/black-glow-dress\/","title":{"rendered":"Black Glow Dress"},"content":{"rendered":"","protected":false},"excerpt":{"rendered":"<p>Presentamos nuestro mini vestido negro con ca\u00edda en A, una combinaci\u00f3n perfecta entre estilo cl\u00e1sico y sostenibilidad. Esta pieza presenta un elegante frente redondo y una llamativa espalda hecha con el mayor detalle para lograr una forma perfecta rectangular. El detalle de bordado en la espalda expresa a trav\u00e9s de la geometr\u00eda sagrada, el poder del equilibrio y la vibraci\u00f3n del morado y el negro.<\/p>\n<p>Este vestido es tambi\u00e9n una declaraci\u00f3n de nuestro compromiso con el medio ambiente. Est\u00e1 hecho de fibras recicladas y org\u00e1nicas certificadas, asegurando que cada paso del proceso de fabricaci\u00f3n impacte positivamente. El vestido est\u00e1 compuesto por un 74% de Lyocell, y un 43% de Viscosa (con certificaci\u00f3n EcoVero).<\/p>\n<p>Al elegir este vestido, est\u00e1s tomando una decisi\u00f3n consciente de apoyar la moda sostenible. El uso de telas recicladas y org\u00e1nicas certificadas reduce el impacto ambiental de la industria de la moda, haciendo una contribuci\u00f3n positiva al futuro de nuestro planeta.<\/p>\n<p>Nuestro vestido se fabrica con orgullo en Colombia, un pa\u00eds reconocido por sus h\u00e1biles artesanos y su compromiso con pr\u00e1cticas de fabricaci\u00f3n \u00e9ticas. Cada vestido se elabora con atenci\u00f3n al detalle y pasi\u00f3n, asegurando una prenda de alta calidad que podr\u00e1s apreciar durante a\u00f1os.<\/p>\n<p>Eleva tu estilo y haz una declaraci\u00f3n con nuestro mini vestido. Abraza la moda con conciencia y permite que tu atuendo refleje tu compromiso con el planeta.<\/p>\n<p><img decoding=\"async\" class=\"alignnone size-full wp-image-9683\" src=\"https:\/\/bemonocromo.com\/\/wp-content\/uploads\/2023\/06\/glowdress.jpg\" alt=\"\" width=\"1179\" height=\"197\" srcset=\"https:\/\/bemonocromo.com\/wp-content\/uploads\/2023\/06\/glowdress.jpg 1179w, https:\/\/bemonocromo.com\/wp-content\/uploads\/2023\/06\/glowdress-300x50.jpg 300w, https:\/\/bemonocromo.com\/wp-content\/uploads\/2023\/06\/glowdress-1024x171.jpg 1024w, https:\/\/bemonocromo.com\/wp-content\/uploads\/2023\/06\/glowdress-768x128.jpg 768w, https:\/\/bemonocromo.com\/wp-content\/uploads\/2023\/06\/glowdress-600x100.jpg 600w\" sizes=\"(max-width: 1179px) 100vw, 1179px\" \/><\/p>\n","protected":false},"featured_media":10121,"comment_status":"closed","ping_status":"closed","template":"","meta":[],"product_brand":[],"product_cat":[149,150],"product_tag":[],"class_list":{"0":"post-7986","1":"product","2":"type-product","3":"status-publish","4":"has-post-thumbnail","6":"product_cat-nueva-coleccion","7":"product_cat-vestidos","9":"first","10":"instock","11":"featured","12":"shipping-taxable","13":"purchasable","14":"product-type-variable"},"yoast_head":"<!-- This site is optimized with the Yoast SEO plugin v27.3 - https:\/\/yoast.com\/product\/yoast-seo-wordpress\/ -->\n<title>Black Glow Dress - Bemonocromo<\/title>\n<meta name=\"robots\" content=\"index, follow, max-snippet:-1, max-image-preview:large, max-video-preview:-1\" \/>\n<link rel=\"canonical\" href=\"https:\/\/bemonocromo.com\/es\/product\/black-glow-dress\/\" \/>\n<meta property=\"og:locale\" content=\"es_ES\" \/>\n<meta property=\"og:type\" content=\"article\" \/>\n<meta property=\"og:title\" content=\"Black Glow Dress - Bemonocromo\" \/>\n<meta property=\"og:description\" content=\"Presentamos nuestro mini vestido negro con ca\u00edda en A, una combinaci\u00f3n perfecta entre estilo cl\u00e1sico y sostenibilidad. Esta pieza presenta un elegante frente redondo y una llamativa espalda hecha con el mayor detalle para lograr una forma perfecta rectangular. El detalle de bordado en la espalda expresa a trav\u00e9s de la geometr\u00eda sagrada, el poder del equilibrio y la vibraci\u00f3n del morado y el negro.  Este vestido es tambi\u00e9n una declaraci\u00f3n de nuestro compromiso con el medio ambiente. Est\u00e1 hecho de fibras recicladas y org\u00e1nicas certificadas, asegurando que cada paso del proceso de fabricaci\u00f3n impacte positivamente. El vestido est\u00e1 compuesto por un 74% de Lyocell, y un 43% de Viscosa (con certificaci\u00f3n EcoVero).  Al elegir este vestido, est\u00e1s tomando una decisi\u00f3n consciente de apoyar la moda sostenible. El uso de telas recicladas y org\u00e1nicas certificadas reduce el impacto ambiental de la industria de la moda, haciendo una contribuci\u00f3n positiva al futuro de nuestro planeta.  Nuestro vestido se fabrica con orgullo en Colombia, un pa\u00eds reconocido por sus h\u00e1biles artesanos y su compromiso con pr\u00e1cticas de fabricaci\u00f3n \u00e9ticas. Cada vestido se elabora con atenci\u00f3n al detalle y pasi\u00f3n, asegurando una prenda de alta calidad que podr\u00e1s apreciar durante a\u00f1os.  Eleva tu estilo y haz una declaraci\u00f3n con nuestro mini vestido. Abraza la moda con conciencia y permite que tu atuendo refleje tu compromiso con el planeta.\" \/>\n<meta property=\"og:url\" content=\"https:\/\/bemonocromo.com\/es\/product\/black-glow-dress\/\" \/>\n<meta property=\"og:site_name\" content=\"Bemonocromo\" \/>\n<meta property=\"article:modified_time\" content=\"2023-10-25T15:44:33+00:00\" \/>\n<meta property=\"og:image\" content=\"https:\/\/bemonocromo.com\/wp-content\/uploads\/2023\/05\/BEMONOCROMO14288-1-scaled.jpg\" \/>\n\t<meta property=\"og:image:width\" content=\"1707\" \/>\n\t<meta property=\"og:image:height\" content=\"2560\" \/>\n\t<meta property=\"og:image:type\" content=\"image\/jpeg\" \/>\n<meta name=\"twitter:card\" content=\"summary_large_image\" \/>\n<script type=\"application\/ld+json\" class=\"yoast-schema-graph\">{\"@context\":\"https:\\\/\\\/schema.org\",\"@graph\":[{\"@type\":\"WebPage\",\"@id\":\"https:\\\/\\\/bemonocromo.com\\\/es\\\/product\\\/black-glow-dress\\\/\",\"url\":\"https:\\\/\\\/bemonocromo.com\\\/es\\\/product\\\/black-glow-dress\\\/\",\"name\":\"Black Glow Dress - Bemonocromo\",\"isPartOf\":{\"@id\":\"https:\\\/\\\/bemonocromo.com\\\/es\\\/#website\"},\"primaryImageOfPage\":{\"@id\":\"https:\\\/\\\/bemonocromo.com\\\/es\\\/product\\\/black-glow-dress\\\/#primaryimage\"},\"image\":{\"@id\":\"https:\\\/\\\/bemonocromo.com\\\/es\\\/product\\\/black-glow-dress\\\/#primaryimage\"},\"thumbnailUrl\":\"https:\\\/\\\/bemonocromo.com\\\/wp-content\\\/uploads\\\/2023\\\/05\\\/BEMONOCROMO14288-1-scaled.jpg\",\"datePublished\":\"2023-05-10T19:12:53+00:00\",\"dateModified\":\"2023-10-25T15:44:33+00:00\",\"breadcrumb\":{\"@id\":\"https:\\\/\\\/bemonocromo.com\\\/es\\\/product\\\/black-glow-dress\\\/#breadcrumb\"},\"inLanguage\":\"es\",\"potentialAction\":[{\"@type\":\"ReadAction\",\"target\":[\"https:\\\/\\\/bemonocromo.com\\\/es\\\/product\\\/black-glow-dress\\\/\"]}]},{\"@type\":\"ImageObject\",\"inLanguage\":\"es\",\"@id\":\"https:\\\/\\\/bemonocromo.com\\\/es\\\/product\\\/black-glow-dress\\\/#primaryimage\",\"url\":\"https:\\\/\\\/bemonocromo.com\\\/wp-content\\\/uploads\\\/2023\\\/05\\\/BEMONOCROMO14288-1-scaled.jpg\",\"contentUrl\":\"https:\\\/\\\/bemonocromo.com\\\/wp-content\\\/uploads\\\/2023\\\/05\\\/BEMONOCROMO14288-1-scaled.jpg\",\"width\":1707,\"height\":2560},{\"@type\":\"BreadcrumbList\",\"@id\":\"https:\\\/\\\/bemonocromo.com\\\/es\\\/product\\\/black-glow-dress\\\/#breadcrumb\",\"itemListElement\":[{\"@type\":\"ListItem\",\"position\":1,\"name\":\"Home\",\"item\":\"https:\\\/\\\/bemonocromo.com\\\/es\\\/\"},{\"@type\":\"ListItem\",\"position\":2,\"name\":\"Tienda\",\"item\":\"https:\\\/\\\/bemonocromo.com\\\/es\\\/tienda\\\/\"},{\"@type\":\"ListItem\",\"position\":3,\"name\":\"Black Glow Dress\"}]},{\"@type\":\"WebSite\",\"@id\":\"https:\\\/\\\/bemonocromo.com\\\/es\\\/#website\",\"url\":\"https:\\\/\\\/bemonocromo.com\\\/es\\\/\",\"name\":\"Bemonocromo\",\"description\":\"The Power of Color\",\"publisher\":{\"@id\":\"https:\\\/\\\/bemonocromo.com\\\/es\\\/#organization\"},\"potentialAction\":[{\"@type\":\"SearchAction\",\"target\":{\"@type\":\"EntryPoint\",\"urlTemplate\":\"https:\\\/\\\/bemonocromo.com\\\/es\\\/?s={search_term_string}\"},\"query-input\":{\"@type\":\"PropertyValueSpecification\",\"valueRequired\":true,\"valueName\":\"search_term_string\"}}],\"inLanguage\":\"es\"},{\"@type\":\"Organization\",\"@id\":\"https:\\\/\\\/bemonocromo.com\\\/es\\\/#organization\",\"name\":\"Bemonocromo\",\"url\":\"https:\\\/\\\/bemonocromo.com\\\/es\\\/\",\"logo\":{\"@type\":\"ImageObject\",\"inLanguage\":\"es\",\"@id\":\"https:\\\/\\\/bemonocromo.com\\\/es\\\/#\\\/schema\\\/logo\\\/image\\\/\",\"url\":\"https:\\\/\\\/bemonocromo.com\\\/wp-content\\\/uploads\\\/2023\\\/04\\\/path43.png\",\"contentUrl\":\"https:\\\/\\\/bemonocromo.com\\\/wp-content\\\/uploads\\\/2023\\\/04\\\/path43.png\",\"width\":341,\"height\":48,\"caption\":\"Bemonocromo\"},\"image\":{\"@id\":\"https:\\\/\\\/bemonocromo.com\\\/es\\\/#\\\/schema\\\/logo\\\/image\\\/\"}}]}<\/script>\n<!-- \/ Yoast SEO plugin. -->","yoast_head_json":{"title":"Black Glow Dress - Bemonocromo","robots":{"index":"index","follow":"follow","max-snippet":"max-snippet:-1","max-image-preview":"max-image-preview:large","max-video-preview":"max-video-preview:-1"},"canonical":"https:\/\/bemonocromo.com\/es\/product\/black-glow-dress\/","og_locale":"es_ES","og_type":"article","og_title":"Black Glow Dress - Bemonocromo","og_description":"Presentamos nuestro mini vestido negro con ca\u00edda en A, una combinaci\u00f3n perfecta entre estilo cl\u00e1sico y sostenibilidad. Esta pieza presenta un elegante frente redondo y una llamativa espalda hecha con el mayor detalle para lograr una forma perfecta rectangular. El detalle de bordado en la espalda expresa a trav\u00e9s de la geometr\u00eda sagrada, el poder del equilibrio y la vibraci\u00f3n del morado y el negro.  Este vestido es tambi\u00e9n una declaraci\u00f3n de nuestro compromiso con el medio ambiente. Est\u00e1 hecho de fibras recicladas y org\u00e1nicas certificadas, asegurando que cada paso del proceso de fabricaci\u00f3n impacte positivamente. El vestido est\u00e1 compuesto por un 74% de Lyocell, y un 43% de Viscosa (con certificaci\u00f3n EcoVero).  Al elegir este vestido, est\u00e1s tomando una decisi\u00f3n consciente de apoyar la moda sostenible. El uso de telas recicladas y org\u00e1nicas certificadas reduce el impacto ambiental de la industria de la moda, haciendo una contribuci\u00f3n positiva al futuro de nuestro planeta.  Nuestro vestido se fabrica con orgullo en Colombia, un pa\u00eds reconocido por sus h\u00e1biles artesanos y su compromiso con pr\u00e1cticas de fabricaci\u00f3n \u00e9ticas. Cada vestido se elabora con atenci\u00f3n al detalle y pasi\u00f3n, asegurando una prenda de alta calidad que podr\u00e1s apreciar durante a\u00f1os.  Eleva tu estilo y haz una declaraci\u00f3n con nuestro mini vestido. Abraza la moda con conciencia y permite que tu atuendo refleje tu compromiso con el planeta.","og_url":"https:\/\/bemonocromo.com\/es\/product\/black-glow-dress\/","og_site_name":"Bemonocromo","article_modified_time":"2023-10-25T15:44:33+00:00","og_image":[{"width":1707,"height":2560,"url":"https:\/\/bemonocromo.com\/wp-content\/uploads\/2023\/05\/BEMONOCROMO14288-1-scaled.jpg","type":"image\/jpeg"}],"twitter_card":"summary_large_image","schema":{"@context":"https:\/\/schema.org","@graph":[{"@type":"WebPage","@id":"https:\/\/bemonocromo.com\/es\/product\/black-glow-dress\/","url":"https:\/\/bemonocromo.com\/es\/product\/black-glow-dress\/","name":"Black Glow Dress - Bemonocromo","isPartOf":{"@id":"https:\/\/bemonocromo.com\/es\/#website"},"primaryImageOfPage":{"@id":"https:\/\/bemonocromo.com\/es\/product\/black-glow-dress\/#primaryimage"},"image":{"@id":"https:\/\/bemonocromo.com\/es\/product\/black-glow-dress\/#primaryimage"},"thumbnailUrl":"https:\/\/bemonocromo.com\/wp-content\/uploads\/2023\/05\/BEMONOCROMO14288-1-scaled.jpg","datePublished":"2023-05-10T19:12:53+00:00","dateModified":"2023-10-25T15:44:33+00:00","breadcrumb":{"@id":"https:\/\/bemonocromo.com\/es\/product\/black-glow-dress\/#breadcrumb"},"inLanguage":"es","potentialAction":[{"@type":"ReadAction","target":["https:\/\/bemonocromo.com\/es\/product\/black-glow-dress\/"]}]},{"@type":"ImageObject","inLanguage":"es","@id":"https:\/\/bemonocromo.com\/es\/product\/black-glow-dress\/#primaryimage","url":"https:\/\/bemonocromo.com\/wp-content\/uploads\/2023\/05\/BEMONOCROMO14288-1-scaled.jpg","contentUrl":"https:\/\/bemonocromo.com\/wp-content\/uploads\/2023\/05\/BEMONOCROMO14288-1-scaled.jpg","width":1707,"height":2560},{"@type":"BreadcrumbList","@id":"https:\/\/bemonocromo.com\/es\/product\/black-glow-dress\/#breadcrumb","itemListElement":[{"@type":"ListItem","position":1,"name":"Home","item":"https:\/\/bemonocromo.com\/es\/"},{"@type":"ListItem","position":2,"name":"Tienda","item":"https:\/\/bemonocromo.com\/es\/tienda\/"},{"@type":"ListItem","position":3,"name":"Black Glow Dress"}]},{"@type":"WebSite","@id":"https:\/\/bemonocromo.com\/es\/#website","url":"https:\/\/bemonocromo.com\/es\/","name":"Bemonocromo","description":"The Power of Color","publisher":{"@id":"https:\/\/bemonocromo.com\/es\/#organization"},"potentialAction":[{"@type":"SearchAction","target":{"@type":"EntryPoint","urlTemplate":"https:\/\/bemonocromo.com\/es\/?s={search_term_string}"},"query-input":{"@type":"PropertyValueSpecification","valueRequired":true,"valueName":"search_term_string"}}],"inLanguage":"es"},{"@type":"Organization","@id":"https:\/\/bemonocromo.com\/es\/#organization","name":"Bemonocromo","url":"https:\/\/bemonocromo.com\/es\/","logo":{"@type":"ImageObject","inLanguage":"es","@id":"https:\/\/bemonocromo.com\/es\/#\/schema\/logo\/image\/","url":"https:\/\/bemonocromo.com\/wp-content\/uploads\/2023\/04\/path43.png","contentUrl":"https:\/\/bemonocromo.com\/wp-content\/uploads\/2023\/04\/path43.png","width":341,"height":48,"caption":"Bemonocromo"},"image":{"@id":"https:\/\/bemonocromo.com\/es\/#\/schema\/logo\/image\/"}}]}},"_links":{"self":[{"href":"https:\/\/bemonocromo.com\/es\/wp-json\/wp\/v2\/product\/7986","targetHints":{"allow":["GET"]}}],"collection":[{"href":"https:\/\/bemonocromo.com\/es\/wp-json\/wp\/v2\/product"}],"about":[{"href":"https:\/\/bemonocromo.com\/es\/wp-json\/wp\/v2\/types\/product"}],"replies":[{"embeddable":true,"href":"https:\/\/bemonocromo.com\/es\/wp-json\/wp\/v2\/comments?post=7986"}],"version-history":[{"count":0,"href":"https:\/\/bemonocromo.com\/es\/wp-json\/wp\/v2\/product\/7986\/revisions"}],"wp:featuredmedia":[{"embeddable":true,"href":"https:\/\/bemonocromo.com\/es\/wp-json\/wp\/v2\/media\/10121"}],"wp:attachment":[{"href":"https:\/\/bemonocromo.com\/es\/wp-json\/wp\/v2\/media?parent=7986"}],"wp:term":[{"taxonomy":"product_brand","embeddable":true,"href":"https:\/\/bemonocromo.com\/es\/wp-json\/wp\/v2\/product_brand?post=7986"},{"taxonomy":"product_cat","embeddable":true,"href":"https:\/\/bemonocromo.com\/es\/wp-json\/wp\/v2\/product_cat?post=7986"},{"taxonomy":"product_tag","embeddable":true,"href":"https:\/\/bemonocromo.com\/es\/wp-json\/wp\/v2\/product_tag?post=7986"}],"curies":[{"name":"wp","href":"https:\/\/api.w.org\/{rel}","templated":true}]}}