{"id":7991,"date":"2023-05-10T19:12:52","date_gmt":"2023-05-10T19:12:52","guid":{"rendered":"https:\/\/bemonocromo.com\/int\/index.php\/product\/glow-dress\/"},"modified":"2024-11-27T00:21:55","modified_gmt":"2024-11-27T00:21:55","slug":"glow-dress","status":"publish","type":"product","link":"https:\/\/bemonocromo.com\/es\/product\/glow-dress\/","title":{"rendered":"Glow Dress"},"content":{"rendered":"<p>Telas org\u00e1nicas certificadas.<\/p>\n","protected":false},"excerpt":{"rendered":"<p><strong>Presentamos nuestro mini vestido blanco con ca\u00edda en A, una combinaci\u00f3n perfecta entre estilo cl\u00e1sico y sostenibilidad<\/strong>. Esta pieza presenta un elegante frente redondo y una llamativa espalda hecha con el mayor detalle para lograr una forma perfecta rectangular. El detalle de bordado en la espalda expresa a trav\u00e9s de la geometr\u00eda sagrada el poder del contraste del morado en un canva con todo el poder del blanco.<\/p>\n<p>Este vestido es tambi\u00e9n un compromiso con el medio ambiente. <strong>Est\u00e1 hecho de fibras recicladas y org\u00e1nicas certificadas<\/strong>. El vestido est\u00e1 compuesto por un 74% de Lyocell, conocido por su suavidad y transpirabilidad y un 43% de Viscosa.<\/p>\n<p>Nuestro vestido se fabrica con orgullo en Colombia, con atenci\u00f3n al detalle y pasi\u00f3n, asegurando una prenda de alta calidad.<\/p>\n<p>Eleva tu vibraci\u00f3n y haz una declaraci\u00f3n con nuestro mini vestido blanco, Glow Dress. Abraza la moda con conciencia.<\/p>\n<p><img decoding=\"async\" class=\"alignnone size-full wp-image-9683\" src=\"https:\/\/bemonocromo.com\/\/wp-content\/uploads\/2023\/06\/glowdress.jpg\" alt=\"\" width=\"1179\" height=\"197\" srcset=\"https:\/\/bemonocromo.com\/wp-content\/uploads\/2023\/06\/glowdress.jpg 1179w, https:\/\/bemonocromo.com\/wp-content\/uploads\/2023\/06\/glowdress-300x50.jpg 300w, https:\/\/bemonocromo.com\/wp-content\/uploads\/2023\/06\/glowdress-1024x171.jpg 1024w, https:\/\/bemonocromo.com\/wp-content\/uploads\/2023\/06\/glowdress-768x128.jpg 768w, https:\/\/bemonocromo.com\/wp-content\/uploads\/2023\/06\/glowdress-600x100.jpg 600w\" sizes=\"(max-width: 1179px) 100vw, 1179px\" \/><\/p>\n","protected":false},"featured_media":7942,"comment_status":"open","ping_status":"closed","template":"","meta":[],"product_brand":[],"product_cat":[149,150],"product_tag":[],"class_list":{"0":"post-7991","1":"product","2":"type-product","3":"status-publish","4":"has-post-thumbnail","6":"product_cat-nueva-coleccion","7":"product_cat-vestidos","9":"first","10":"instock","11":"shipping-taxable","12":"purchasable","13":"product-type-variable"},"yoast_head":"<!-- This site is optimized with the Yoast SEO plugin v27.3 - https:\/\/yoast.com\/product\/yoast-seo-wordpress\/ -->\n<title>Glow Dress - Bemonocromo<\/title>\n<meta name=\"robots\" content=\"index, follow, max-snippet:-1, max-image-preview:large, max-video-preview:-1\" \/>\n<link rel=\"canonical\" href=\"https:\/\/bemonocromo.com\/es\/product\/glow-dress\/\" \/>\n<meta property=\"og:locale\" content=\"es_ES\" \/>\n<meta property=\"og:type\" content=\"article\" \/>\n<meta property=\"og:title\" content=\"Glow Dress - Bemonocromo\" \/>\n<meta property=\"og:description\" content=\"Presentamos nuestro mini vestido blanco con ca\u00edda en A, una combinaci\u00f3n perfecta entre estilo cl\u00e1sico y sostenibilidad. Esta pieza presenta un elegante frente redondo y una llamativa espalda hecha con el mayor detalle para lograr una forma perfecta rectangular. El detalle de bordado en la espalda expresa a trav\u00e9s de la geometr\u00eda sagrada el poder del contraste del morado en un canva con todo el poder del blanco.  Este vestido es tambi\u00e9n un compromiso con el medio ambiente. Est\u00e1 hecho de fibras recicladas y org\u00e1nicas certificadas. El vestido est\u00e1 compuesto por un 74% de Lyocell, conocido por su suavidad y transpirabilidad y un 43% de Viscosa.  Nuestro vestido se fabrica con orgullo en Colombia, con atenci\u00f3n al detalle y pasi\u00f3n, asegurando una prenda de alta calidad.  Eleva tu vibraci\u00f3n y haz una declaraci\u00f3n con nuestro mini vestido blanco, Glow Dress. Abraza la moda con conciencia.\" \/>\n<meta property=\"og:url\" content=\"https:\/\/bemonocromo.com\/es\/product\/glow-dress\/\" \/>\n<meta property=\"og:site_name\" content=\"Bemonocromo\" \/>\n<meta property=\"article:modified_time\" content=\"2024-11-27T00:21:55+00:00\" \/>\n<meta property=\"og:image\" content=\"https:\/\/bemonocromo.com\/wp-content\/uploads\/2023\/05\/BEMONOCROMO14123.jpg\" \/>\n\t<meta property=\"og:image:width\" content=\"1200\" \/>\n\t<meta property=\"og:image:height\" content=\"1800\" \/>\n\t<meta property=\"og:image:type\" content=\"image\/jpeg\" \/>\n<meta name=\"twitter:card\" content=\"summary_large_image\" \/>\n<script type=\"application\/ld+json\" class=\"yoast-schema-graph\">{\"@context\":\"https:\\\/\\\/schema.org\",\"@graph\":[{\"@type\":\"WebPage\",\"@id\":\"https:\\\/\\\/bemonocromo.com\\\/es\\\/product\\\/glow-dress\\\/\",\"url\":\"https:\\\/\\\/bemonocromo.com\\\/es\\\/product\\\/glow-dress\\\/\",\"name\":\"Glow Dress - Bemonocromo\",\"isPartOf\":{\"@id\":\"https:\\\/\\\/bemonocromo.com\\\/es\\\/#website\"},\"primaryImageOfPage\":{\"@id\":\"https:\\\/\\\/bemonocromo.com\\\/es\\\/product\\\/glow-dress\\\/#primaryimage\"},\"image\":{\"@id\":\"https:\\\/\\\/bemonocromo.com\\\/es\\\/product\\\/glow-dress\\\/#primaryimage\"},\"thumbnailUrl\":\"https:\\\/\\\/bemonocromo.com\\\/wp-content\\\/uploads\\\/2023\\\/05\\\/BEMONOCROMO14123.jpg\",\"datePublished\":\"2023-05-10T19:12:52+00:00\",\"dateModified\":\"2024-11-27T00:21:55+00:00\",\"breadcrumb\":{\"@id\":\"https:\\\/\\\/bemonocromo.com\\\/es\\\/product\\\/glow-dress\\\/#breadcrumb\"},\"inLanguage\":\"es\",\"potentialAction\":[{\"@type\":\"ReadAction\",\"target\":[\"https:\\\/\\\/bemonocromo.com\\\/es\\\/product\\\/glow-dress\\\/\"]}]},{\"@type\":\"ImageObject\",\"inLanguage\":\"es\",\"@id\":\"https:\\\/\\\/bemonocromo.com\\\/es\\\/product\\\/glow-dress\\\/#primaryimage\",\"url\":\"https:\\\/\\\/bemonocromo.com\\\/wp-content\\\/uploads\\\/2023\\\/05\\\/BEMONOCROMO14123.jpg\",\"contentUrl\":\"https:\\\/\\\/bemonocromo.com\\\/wp-content\\\/uploads\\\/2023\\\/05\\\/BEMONOCROMO14123.jpg\",\"width\":1200,\"height\":1800},{\"@type\":\"BreadcrumbList\",\"@id\":\"https:\\\/\\\/bemonocromo.com\\\/es\\\/product\\\/glow-dress\\\/#breadcrumb\",\"itemListElement\":[{\"@type\":\"ListItem\",\"position\":1,\"name\":\"Home\",\"item\":\"https:\\\/\\\/bemonocromo.com\\\/es\\\/\"},{\"@type\":\"ListItem\",\"position\":2,\"name\":\"Tienda\",\"item\":\"https:\\\/\\\/bemonocromo.com\\\/es\\\/tienda\\\/\"},{\"@type\":\"ListItem\",\"position\":3,\"name\":\"Glow Dress\"}]},{\"@type\":\"WebSite\",\"@id\":\"https:\\\/\\\/bemonocromo.com\\\/es\\\/#website\",\"url\":\"https:\\\/\\\/bemonocromo.com\\\/es\\\/\",\"name\":\"Bemonocromo\",\"description\":\"The Power of Color\",\"publisher\":{\"@id\":\"https:\\\/\\\/bemonocromo.com\\\/es\\\/#organization\"},\"potentialAction\":[{\"@type\":\"SearchAction\",\"target\":{\"@type\":\"EntryPoint\",\"urlTemplate\":\"https:\\\/\\\/bemonocromo.com\\\/es\\\/?s={search_term_string}\"},\"query-input\":{\"@type\":\"PropertyValueSpecification\",\"valueRequired\":true,\"valueName\":\"search_term_string\"}}],\"inLanguage\":\"es\"},{\"@type\":\"Organization\",\"@id\":\"https:\\\/\\\/bemonocromo.com\\\/es\\\/#organization\",\"name\":\"Bemonocromo\",\"url\":\"https:\\\/\\\/bemonocromo.com\\\/es\\\/\",\"logo\":{\"@type\":\"ImageObject\",\"inLanguage\":\"es\",\"@id\":\"https:\\\/\\\/bemonocromo.com\\\/es\\\/#\\\/schema\\\/logo\\\/image\\\/\",\"url\":\"https:\\\/\\\/bemonocromo.com\\\/wp-content\\\/uploads\\\/2023\\\/04\\\/path43.png\",\"contentUrl\":\"https:\\\/\\\/bemonocromo.com\\\/wp-content\\\/uploads\\\/2023\\\/04\\\/path43.png\",\"width\":341,\"height\":48,\"caption\":\"Bemonocromo\"},\"image\":{\"@id\":\"https:\\\/\\\/bemonocromo.com\\\/es\\\/#\\\/schema\\\/logo\\\/image\\\/\"}}]}<\/script>\n<!-- \/ Yoast SEO plugin. -->","yoast_head_json":{"title":"Glow Dress - Bemonocromo","robots":{"index":"index","follow":"follow","max-snippet":"max-snippet:-1","max-image-preview":"max-image-preview:large","max-video-preview":"max-video-preview:-1"},"canonical":"https:\/\/bemonocromo.com\/es\/product\/glow-dress\/","og_locale":"es_ES","og_type":"article","og_title":"Glow Dress - Bemonocromo","og_description":"Presentamos nuestro mini vestido blanco con ca\u00edda en A, una combinaci\u00f3n perfecta entre estilo cl\u00e1sico y sostenibilidad. Esta pieza presenta un elegante frente redondo y una llamativa espalda hecha con el mayor detalle para lograr una forma perfecta rectangular. El detalle de bordado en la espalda expresa a trav\u00e9s de la geometr\u00eda sagrada el poder del contraste del morado en un canva con todo el poder del blanco.  Este vestido es tambi\u00e9n un compromiso con el medio ambiente. Est\u00e1 hecho de fibras recicladas y org\u00e1nicas certificadas. El vestido est\u00e1 compuesto por un 74% de Lyocell, conocido por su suavidad y transpirabilidad y un 43% de Viscosa.  Nuestro vestido se fabrica con orgullo en Colombia, con atenci\u00f3n al detalle y pasi\u00f3n, asegurando una prenda de alta calidad.  Eleva tu vibraci\u00f3n y haz una declaraci\u00f3n con nuestro mini vestido blanco, Glow Dress. Abraza la moda con conciencia.","og_url":"https:\/\/bemonocromo.com\/es\/product\/glow-dress\/","og_site_name":"Bemonocromo","article_modified_time":"2024-11-27T00:21:55+00:00","og_image":[{"width":1200,"height":1800,"url":"https:\/\/bemonocromo.com\/wp-content\/uploads\/2023\/05\/BEMONOCROMO14123.jpg","type":"image\/jpeg"}],"twitter_card":"summary_large_image","schema":{"@context":"https:\/\/schema.org","@graph":[{"@type":"WebPage","@id":"https:\/\/bemonocromo.com\/es\/product\/glow-dress\/","url":"https:\/\/bemonocromo.com\/es\/product\/glow-dress\/","name":"Glow Dress - Bemonocromo","isPartOf":{"@id":"https:\/\/bemonocromo.com\/es\/#website"},"primaryImageOfPage":{"@id":"https:\/\/bemonocromo.com\/es\/product\/glow-dress\/#primaryimage"},"image":{"@id":"https:\/\/bemonocromo.com\/es\/product\/glow-dress\/#primaryimage"},"thumbnailUrl":"https:\/\/bemonocromo.com\/wp-content\/uploads\/2023\/05\/BEMONOCROMO14123.jpg","datePublished":"2023-05-10T19:12:52+00:00","dateModified":"2024-11-27T00:21:55+00:00","breadcrumb":{"@id":"https:\/\/bemonocromo.com\/es\/product\/glow-dress\/#breadcrumb"},"inLanguage":"es","potentialAction":[{"@type":"ReadAction","target":["https:\/\/bemonocromo.com\/es\/product\/glow-dress\/"]}]},{"@type":"ImageObject","inLanguage":"es","@id":"https:\/\/bemonocromo.com\/es\/product\/glow-dress\/#primaryimage","url":"https:\/\/bemonocromo.com\/wp-content\/uploads\/2023\/05\/BEMONOCROMO14123.jpg","contentUrl":"https:\/\/bemonocromo.com\/wp-content\/uploads\/2023\/05\/BEMONOCROMO14123.jpg","width":1200,"height":1800},{"@type":"BreadcrumbList","@id":"https:\/\/bemonocromo.com\/es\/product\/glow-dress\/#breadcrumb","itemListElement":[{"@type":"ListItem","position":1,"name":"Home","item":"https:\/\/bemonocromo.com\/es\/"},{"@type":"ListItem","position":2,"name":"Tienda","item":"https:\/\/bemonocromo.com\/es\/tienda\/"},{"@type":"ListItem","position":3,"name":"Glow Dress"}]},{"@type":"WebSite","@id":"https:\/\/bemonocromo.com\/es\/#website","url":"https:\/\/bemonocromo.com\/es\/","name":"Bemonocromo","description":"The Power of Color","publisher":{"@id":"https:\/\/bemonocromo.com\/es\/#organization"},"potentialAction":[{"@type":"SearchAction","target":{"@type":"EntryPoint","urlTemplate":"https:\/\/bemonocromo.com\/es\/?s={search_term_string}"},"query-input":{"@type":"PropertyValueSpecification","valueRequired":true,"valueName":"search_term_string"}}],"inLanguage":"es"},{"@type":"Organization","@id":"https:\/\/bemonocromo.com\/es\/#organization","name":"Bemonocromo","url":"https:\/\/bemonocromo.com\/es\/","logo":{"@type":"ImageObject","inLanguage":"es","@id":"https:\/\/bemonocromo.com\/es\/#\/schema\/logo\/image\/","url":"https:\/\/bemonocromo.com\/wp-content\/uploads\/2023\/04\/path43.png","contentUrl":"https:\/\/bemonocromo.com\/wp-content\/uploads\/2023\/04\/path43.png","width":341,"height":48,"caption":"Bemonocromo"},"image":{"@id":"https:\/\/bemonocromo.com\/es\/#\/schema\/logo\/image\/"}}]}},"_links":{"self":[{"href":"https:\/\/bemonocromo.com\/es\/wp-json\/wp\/v2\/product\/7991","targetHints":{"allow":["GET"]}}],"collection":[{"href":"https:\/\/bemonocromo.com\/es\/wp-json\/wp\/v2\/product"}],"about":[{"href":"https:\/\/bemonocromo.com\/es\/wp-json\/wp\/v2\/types\/product"}],"replies":[{"embeddable":true,"href":"https:\/\/bemonocromo.com\/es\/wp-json\/wp\/v2\/comments?post=7991"}],"version-history":[{"count":0,"href":"https:\/\/bemonocromo.com\/es\/wp-json\/wp\/v2\/product\/7991\/revisions"}],"wp:featuredmedia":[{"embeddable":true,"href":"https:\/\/bemonocromo.com\/es\/wp-json\/wp\/v2\/media\/7942"}],"wp:attachment":[{"href":"https:\/\/bemonocromo.com\/es\/wp-json\/wp\/v2\/media?parent=7991"}],"wp:term":[{"taxonomy":"product_brand","embeddable":true,"href":"https:\/\/bemonocromo.com\/es\/wp-json\/wp\/v2\/product_brand?post=7991"},{"taxonomy":"product_cat","embeddable":true,"href":"https:\/\/bemonocromo.com\/es\/wp-json\/wp\/v2\/product_cat?post=7991"},{"taxonomy":"product_tag","embeddable":true,"href":"https:\/\/bemonocromo.com\/es\/wp-json\/wp\/v2\/product_tag?post=7991"}],"curies":[{"name":"wp","href":"https:\/\/api.w.org\/{rel}","templated":true}]}}