{"id":7996,"date":"2023-05-10T19:12:52","date_gmt":"2023-05-10T19:12:52","guid":{"rendered":"https:\/\/bemonocromo.com\/int\/index.php\/product\/natural-feeling-pants\/"},"modified":"2024-12-05T13:42:01","modified_gmt":"2024-12-05T13:42:01","slug":"natural-feeling-pants","status":"publish","type":"product","link":"https:\/\/bemonocromo.com\/es\/product\/natural-feeling-pants\/","title":{"rendered":"Natural Feeling Pants"},"content":{"rendered":"<p>Hecho con telas org\u00e1nicas.<\/p>\n<p>La Modelo usa talla S.<\/p>\n","protected":false},"excerpt":{"rendered":"<p><strong>Presentamos nuestros Pantalones Natural, confeccionados con lujoso ray\u00f3n, ofreciendo una sensaci\u00f3n ligera y c\u00f3moda mientras garantizan elegancia y fluidez.<\/strong><\/p>\n<ul>\n<li><strong>Dise\u00f1ados con tiro alto estos pantalones tienen un ajuste favorecedor que alarga tu silueta.<\/strong> La adici\u00f3n de pr\u00e1cticos bolsillos laterales agrega un toque de funcionalidad sin comprometer su dise\u00f1o.<\/li>\n<li>Confeccionados con la sostenibilidad en mente, estos pantalones est\u00e1n <strong>hechos con materiales de alta calidad y conscientes del medio ambiente<\/strong>.<\/li>\n<\/ul>\n<p>Eleva tu guardarropa con estas piezas vers\u00e1tiles y atemporales que te har\u00e1n sentir tanto confianza como responsabilidad medioambiental.<\/p>\n<p>\u00bfCu\u00e1l es mi talla?<\/p>\n<p><img decoding=\"async\" class=\"alignnone size-full wp-image-9687\" src=\"https:\/\/bemonocromo.com\/\/wp-content\/uploads\/2023\/06\/pants-1.jpg\" alt=\"\" width=\"1178\" height=\"199\" srcset=\"https:\/\/bemonocromo.com\/wp-content\/uploads\/2023\/06\/pants-1.jpg 1178w, https:\/\/bemonocromo.com\/wp-content\/uploads\/2023\/06\/pants-1-300x51.jpg 300w, https:\/\/bemonocromo.com\/wp-content\/uploads\/2023\/06\/pants-1-1024x173.jpg 1024w, https:\/\/bemonocromo.com\/wp-content\/uploads\/2023\/06\/pants-1-768x130.jpg 768w, https:\/\/bemonocromo.com\/wp-content\/uploads\/2023\/06\/pants-1-600x101.jpg 600w\" sizes=\"(max-width: 1178px) 100vw, 1178px\" \/><\/p>\n","protected":false},"featured_media":7920,"comment_status":"open","ping_status":"closed","template":"","meta":[],"product_brand":[],"product_cat":[149,152],"product_tag":[],"class_list":{"0":"post-7996","1":"product","2":"type-product","3":"status-publish","4":"has-post-thumbnail","6":"product_cat-nueva-coleccion","7":"product_cat-pantalones-monos","9":"first","10":"instock","11":"shipping-taxable","12":"purchasable","13":"product-type-variable"},"yoast_head":"<!-- This site is optimized with the Yoast SEO plugin v27.3 - https:\/\/yoast.com\/product\/yoast-seo-wordpress\/ -->\n<title>Natural Feeling Pants - Bemonocromo<\/title>\n<meta name=\"robots\" content=\"index, follow, max-snippet:-1, max-image-preview:large, max-video-preview:-1\" \/>\n<link rel=\"canonical\" href=\"https:\/\/bemonocromo.com\/es\/product\/natural-feeling-pants\/\" \/>\n<meta property=\"og:locale\" content=\"es_ES\" \/>\n<meta property=\"og:type\" content=\"article\" \/>\n<meta property=\"og:title\" content=\"Natural Feeling Pants - Bemonocromo\" \/>\n<meta property=\"og:description\" content=\"Presentamos nuestros Pantalones Natural, confeccionados con lujoso ray\u00f3n, ofreciendo una sensaci\u00f3n ligera y c\u00f3moda mientras garantizan elegancia y fluidez.   Dise\u00f1ados con tiro alto estos pantalones tienen un ajuste favorecedor que alarga tu silueta. La adici\u00f3n de pr\u00e1cticos bolsillos laterales agrega un toque de funcionalidad sin comprometer su dise\u00f1o.  Confeccionados con la sostenibilidad en mente, estos pantalones est\u00e1n hechos con materiales de alta calidad y conscientes del medio ambiente.  Eleva tu guardarropa con estas piezas vers\u00e1tiles y atemporales que te har\u00e1n sentir tanto confianza como responsabilidad medioambiental.  \u00bfCu\u00e1l es mi talla?\" \/>\n<meta property=\"og:url\" content=\"https:\/\/bemonocromo.com\/es\/product\/natural-feeling-pants\/\" \/>\n<meta property=\"og:site_name\" content=\"Bemonocromo\" \/>\n<meta property=\"article:modified_time\" content=\"2024-12-05T13:42:01+00:00\" \/>\n<meta property=\"og:image\" content=\"https:\/\/bemonocromo.com\/wp-content\/uploads\/2023\/05\/BEMONOCROMO13157.jpg\" \/>\n\t<meta property=\"og:image:width\" content=\"1200\" \/>\n\t<meta property=\"og:image:height\" content=\"1800\" \/>\n\t<meta property=\"og:image:type\" content=\"image\/jpeg\" \/>\n<meta name=\"twitter:card\" content=\"summary_large_image\" \/>\n<script type=\"application\/ld+json\" class=\"yoast-schema-graph\">{\"@context\":\"https:\\\/\\\/schema.org\",\"@graph\":[{\"@type\":\"WebPage\",\"@id\":\"https:\\\/\\\/bemonocromo.com\\\/es\\\/product\\\/natural-feeling-pants\\\/\",\"url\":\"https:\\\/\\\/bemonocromo.com\\\/es\\\/product\\\/natural-feeling-pants\\\/\",\"name\":\"Natural Feeling Pants - Bemonocromo\",\"isPartOf\":{\"@id\":\"https:\\\/\\\/bemonocromo.com\\\/es\\\/#website\"},\"primaryImageOfPage\":{\"@id\":\"https:\\\/\\\/bemonocromo.com\\\/es\\\/product\\\/natural-feeling-pants\\\/#primaryimage\"},\"image\":{\"@id\":\"https:\\\/\\\/bemonocromo.com\\\/es\\\/product\\\/natural-feeling-pants\\\/#primaryimage\"},\"thumbnailUrl\":\"https:\\\/\\\/bemonocromo.com\\\/wp-content\\\/uploads\\\/2023\\\/05\\\/BEMONOCROMO13157.jpg\",\"datePublished\":\"2023-05-10T19:12:52+00:00\",\"dateModified\":\"2024-12-05T13:42:01+00:00\",\"breadcrumb\":{\"@id\":\"https:\\\/\\\/bemonocromo.com\\\/es\\\/product\\\/natural-feeling-pants\\\/#breadcrumb\"},\"inLanguage\":\"es\",\"potentialAction\":[{\"@type\":\"ReadAction\",\"target\":[\"https:\\\/\\\/bemonocromo.com\\\/es\\\/product\\\/natural-feeling-pants\\\/\"]}]},{\"@type\":\"ImageObject\",\"inLanguage\":\"es\",\"@id\":\"https:\\\/\\\/bemonocromo.com\\\/es\\\/product\\\/natural-feeling-pants\\\/#primaryimage\",\"url\":\"https:\\\/\\\/bemonocromo.com\\\/wp-content\\\/uploads\\\/2023\\\/05\\\/BEMONOCROMO13157.jpg\",\"contentUrl\":\"https:\\\/\\\/bemonocromo.com\\\/wp-content\\\/uploads\\\/2023\\\/05\\\/BEMONOCROMO13157.jpg\",\"width\":1200,\"height\":1800},{\"@type\":\"BreadcrumbList\",\"@id\":\"https:\\\/\\\/bemonocromo.com\\\/es\\\/product\\\/natural-feeling-pants\\\/#breadcrumb\",\"itemListElement\":[{\"@type\":\"ListItem\",\"position\":1,\"name\":\"Home\",\"item\":\"https:\\\/\\\/bemonocromo.com\\\/es\\\/\"},{\"@type\":\"ListItem\",\"position\":2,\"name\":\"Tienda\",\"item\":\"https:\\\/\\\/bemonocromo.com\\\/es\\\/tienda\\\/\"},{\"@type\":\"ListItem\",\"position\":3,\"name\":\"Natural Feeling Pants\"}]},{\"@type\":\"WebSite\",\"@id\":\"https:\\\/\\\/bemonocromo.com\\\/es\\\/#website\",\"url\":\"https:\\\/\\\/bemonocromo.com\\\/es\\\/\",\"name\":\"Bemonocromo\",\"description\":\"The Power of Color\",\"publisher\":{\"@id\":\"https:\\\/\\\/bemonocromo.com\\\/es\\\/#organization\"},\"potentialAction\":[{\"@type\":\"SearchAction\",\"target\":{\"@type\":\"EntryPoint\",\"urlTemplate\":\"https:\\\/\\\/bemonocromo.com\\\/es\\\/?s={search_term_string}\"},\"query-input\":{\"@type\":\"PropertyValueSpecification\",\"valueRequired\":true,\"valueName\":\"search_term_string\"}}],\"inLanguage\":\"es\"},{\"@type\":\"Organization\",\"@id\":\"https:\\\/\\\/bemonocromo.com\\\/es\\\/#organization\",\"name\":\"Bemonocromo\",\"url\":\"https:\\\/\\\/bemonocromo.com\\\/es\\\/\",\"logo\":{\"@type\":\"ImageObject\",\"inLanguage\":\"es\",\"@id\":\"https:\\\/\\\/bemonocromo.com\\\/es\\\/#\\\/schema\\\/logo\\\/image\\\/\",\"url\":\"https:\\\/\\\/bemonocromo.com\\\/wp-content\\\/uploads\\\/2023\\\/04\\\/path43.png\",\"contentUrl\":\"https:\\\/\\\/bemonocromo.com\\\/wp-content\\\/uploads\\\/2023\\\/04\\\/path43.png\",\"width\":341,\"height\":48,\"caption\":\"Bemonocromo\"},\"image\":{\"@id\":\"https:\\\/\\\/bemonocromo.com\\\/es\\\/#\\\/schema\\\/logo\\\/image\\\/\"}}]}<\/script>\n<!-- \/ Yoast SEO plugin. -->","yoast_head_json":{"title":"Natural Feeling Pants - Bemonocromo","robots":{"index":"index","follow":"follow","max-snippet":"max-snippet:-1","max-image-preview":"max-image-preview:large","max-video-preview":"max-video-preview:-1"},"canonical":"https:\/\/bemonocromo.com\/es\/product\/natural-feeling-pants\/","og_locale":"es_ES","og_type":"article","og_title":"Natural Feeling Pants - Bemonocromo","og_description":"Presentamos nuestros Pantalones Natural, confeccionados con lujoso ray\u00f3n, ofreciendo una sensaci\u00f3n ligera y c\u00f3moda mientras garantizan elegancia y fluidez.   Dise\u00f1ados con tiro alto estos pantalones tienen un ajuste favorecedor que alarga tu silueta. La adici\u00f3n de pr\u00e1cticos bolsillos laterales agrega un toque de funcionalidad sin comprometer su dise\u00f1o.  Confeccionados con la sostenibilidad en mente, estos pantalones est\u00e1n hechos con materiales de alta calidad y conscientes del medio ambiente.  Eleva tu guardarropa con estas piezas vers\u00e1tiles y atemporales que te har\u00e1n sentir tanto confianza como responsabilidad medioambiental.  \u00bfCu\u00e1l es mi talla?","og_url":"https:\/\/bemonocromo.com\/es\/product\/natural-feeling-pants\/","og_site_name":"Bemonocromo","article_modified_time":"2024-12-05T13:42:01+00:00","og_image":[{"width":1200,"height":1800,"url":"https:\/\/bemonocromo.com\/wp-content\/uploads\/2023\/05\/BEMONOCROMO13157.jpg","type":"image\/jpeg"}],"twitter_card":"summary_large_image","schema":{"@context":"https:\/\/schema.org","@graph":[{"@type":"WebPage","@id":"https:\/\/bemonocromo.com\/es\/product\/natural-feeling-pants\/","url":"https:\/\/bemonocromo.com\/es\/product\/natural-feeling-pants\/","name":"Natural Feeling Pants - Bemonocromo","isPartOf":{"@id":"https:\/\/bemonocromo.com\/es\/#website"},"primaryImageOfPage":{"@id":"https:\/\/bemonocromo.com\/es\/product\/natural-feeling-pants\/#primaryimage"},"image":{"@id":"https:\/\/bemonocromo.com\/es\/product\/natural-feeling-pants\/#primaryimage"},"thumbnailUrl":"https:\/\/bemonocromo.com\/wp-content\/uploads\/2023\/05\/BEMONOCROMO13157.jpg","datePublished":"2023-05-10T19:12:52+00:00","dateModified":"2024-12-05T13:42:01+00:00","breadcrumb":{"@id":"https:\/\/bemonocromo.com\/es\/product\/natural-feeling-pants\/#breadcrumb"},"inLanguage":"es","potentialAction":[{"@type":"ReadAction","target":["https:\/\/bemonocromo.com\/es\/product\/natural-feeling-pants\/"]}]},{"@type":"ImageObject","inLanguage":"es","@id":"https:\/\/bemonocromo.com\/es\/product\/natural-feeling-pants\/#primaryimage","url":"https:\/\/bemonocromo.com\/wp-content\/uploads\/2023\/05\/BEMONOCROMO13157.jpg","contentUrl":"https:\/\/bemonocromo.com\/wp-content\/uploads\/2023\/05\/BEMONOCROMO13157.jpg","width":1200,"height":1800},{"@type":"BreadcrumbList","@id":"https:\/\/bemonocromo.com\/es\/product\/natural-feeling-pants\/#breadcrumb","itemListElement":[{"@type":"ListItem","position":1,"name":"Home","item":"https:\/\/bemonocromo.com\/es\/"},{"@type":"ListItem","position":2,"name":"Tienda","item":"https:\/\/bemonocromo.com\/es\/tienda\/"},{"@type":"ListItem","position":3,"name":"Natural Feeling Pants"}]},{"@type":"WebSite","@id":"https:\/\/bemonocromo.com\/es\/#website","url":"https:\/\/bemonocromo.com\/es\/","name":"Bemonocromo","description":"The Power of Color","publisher":{"@id":"https:\/\/bemonocromo.com\/es\/#organization"},"potentialAction":[{"@type":"SearchAction","target":{"@type":"EntryPoint","urlTemplate":"https:\/\/bemonocromo.com\/es\/?s={search_term_string}"},"query-input":{"@type":"PropertyValueSpecification","valueRequired":true,"valueName":"search_term_string"}}],"inLanguage":"es"},{"@type":"Organization","@id":"https:\/\/bemonocromo.com\/es\/#organization","name":"Bemonocromo","url":"https:\/\/bemonocromo.com\/es\/","logo":{"@type":"ImageObject","inLanguage":"es","@id":"https:\/\/bemonocromo.com\/es\/#\/schema\/logo\/image\/","url":"https:\/\/bemonocromo.com\/wp-content\/uploads\/2023\/04\/path43.png","contentUrl":"https:\/\/bemonocromo.com\/wp-content\/uploads\/2023\/04\/path43.png","width":341,"height":48,"caption":"Bemonocromo"},"image":{"@id":"https:\/\/bemonocromo.com\/es\/#\/schema\/logo\/image\/"}}]}},"_links":{"self":[{"href":"https:\/\/bemonocromo.com\/es\/wp-json\/wp\/v2\/product\/7996","targetHints":{"allow":["GET"]}}],"collection":[{"href":"https:\/\/bemonocromo.com\/es\/wp-json\/wp\/v2\/product"}],"about":[{"href":"https:\/\/bemonocromo.com\/es\/wp-json\/wp\/v2\/types\/product"}],"replies":[{"embeddable":true,"href":"https:\/\/bemonocromo.com\/es\/wp-json\/wp\/v2\/comments?post=7996"}],"version-history":[{"count":0,"href":"https:\/\/bemonocromo.com\/es\/wp-json\/wp\/v2\/product\/7996\/revisions"}],"wp:featuredmedia":[{"embeddable":true,"href":"https:\/\/bemonocromo.com\/es\/wp-json\/wp\/v2\/media\/7920"}],"wp:attachment":[{"href":"https:\/\/bemonocromo.com\/es\/wp-json\/wp\/v2\/media?parent=7996"}],"wp:term":[{"taxonomy":"product_brand","embeddable":true,"href":"https:\/\/bemonocromo.com\/es\/wp-json\/wp\/v2\/product_brand?post=7996"},{"taxonomy":"product_cat","embeddable":true,"href":"https:\/\/bemonocromo.com\/es\/wp-json\/wp\/v2\/product_cat?post=7996"},{"taxonomy":"product_tag","embeddable":true,"href":"https:\/\/bemonocromo.com\/es\/wp-json\/wp\/v2\/product_tag?post=7996"}],"curies":[{"name":"wp","href":"https:\/\/api.w.org\/{rel}","templated":true}]}}