{"id":8001,"date":"2023-05-13T21:16:02","date_gmt":"2023-05-13T21:16:02","guid":{"rendered":"https:\/\/bemonocromo.com\/int\/index.php\/product\/enhacenment-blazer\/"},"modified":"2024-12-05T13:27:58","modified_gmt":"2024-12-05T13:27:58","slug":"enhacenment-blazer","status":"publish","type":"product","link":"https:\/\/bemonocromo.com\/es\/product\/enhacenment-blazer\/","title":{"rendered":"Enhacenment Blazer"},"content":{"rendered":"","protected":false},"excerpt":{"rendered":"<p><strong>Presentamos nuestro blazer con pinceladas de color y fit semioversize, una de nuestras piezas ic\u00f3nicas!<\/strong><\/p>\n<ul>\n<li>C\u00f3mo creamos piezas para vibrar m\u00e1s alto, nuestro blazer es fabricado <strong>con tejido de fibras biodegradables de alta calidad<\/strong>, lo que lo convierte en una elecci\u00f3n consciente con el planeta para cualquier amante de la moda con sentido.<\/li>\n<li><strong>Se produce de manera responsable en Colombia,<\/strong> asegurando pr\u00e1cticas laborales justas y est\u00e1ndares \u00e9ticos de producci\u00f3n.<\/li>\n<\/ul>\n<p>\u00bfCu\u00e1l es mi talla?<\/p>\n<p><img decoding=\"async\" class=\"alignnone size-full wp-image-9690\" src=\"https:\/\/bemonocromo.com\/\/wp-content\/uploads\/2023\/06\/blazer-es.jpg\" alt=\"\" width=\"1181\" height=\"195\" srcset=\"https:\/\/bemonocromo.com\/wp-content\/uploads\/2023\/06\/blazer-es.jpg 1181w, https:\/\/bemonocromo.com\/wp-content\/uploads\/2023\/06\/blazer-es-300x50.jpg 300w, https:\/\/bemonocromo.com\/wp-content\/uploads\/2023\/06\/blazer-es-1024x169.jpg 1024w, https:\/\/bemonocromo.com\/wp-content\/uploads\/2023\/06\/blazer-es-768x127.jpg 768w, https:\/\/bemonocromo.com\/wp-content\/uploads\/2023\/06\/blazer-es-600x99.jpg 600w\" sizes=\"(max-width: 1181px) 100vw, 1181px\" \/><\/p>\n","protected":false},"featured_media":7853,"comment_status":"open","ping_status":"closed","template":"","meta":[],"product_brand":[],"product_cat":[151,149],"product_tag":[],"class_list":{"0":"post-8001","1":"product","2":"type-product","3":"status-publish","4":"has-post-thumbnail","6":"product_cat-chaquetas-abrigos-chalecos","7":"product_cat-nueva-coleccion","9":"first","10":"instock","11":"shipping-taxable","12":"purchasable","13":"product-type-variable"},"yoast_head":"<!-- This site is optimized with the Yoast SEO plugin v27.3 - https:\/\/yoast.com\/product\/yoast-seo-wordpress\/ -->\n<title>Enhacenment Blazer - Bemonocromo<\/title>\n<meta name=\"robots\" content=\"index, follow, max-snippet:-1, max-image-preview:large, max-video-preview:-1\" \/>\n<link rel=\"canonical\" href=\"https:\/\/bemonocromo.com\/es\/product\/enhacenment-blazer\/\" \/>\n<meta property=\"og:locale\" content=\"es_ES\" \/>\n<meta property=\"og:type\" content=\"article\" \/>\n<meta property=\"og:title\" content=\"Enhacenment Blazer - Bemonocromo\" \/>\n<meta property=\"og:description\" content=\"Presentamos nuestro blazer con pinceladas de color y fit semioversize, una de nuestras piezas ic\u00f3nicas!   C\u00f3mo creamos piezas para vibrar m\u00e1s alto, nuestro blazer es fabricado con tejido de fibras biodegradables de alta calidad, lo que lo convierte en una elecci\u00f3n consciente con el planeta para cualquier amante de la moda con sentido.  Se produce de manera responsable en Colombia, asegurando pr\u00e1cticas laborales justas y est\u00e1ndares \u00e9ticos de producci\u00f3n.  \u00bfCu\u00e1l es mi talla?\" \/>\n<meta property=\"og:url\" content=\"https:\/\/bemonocromo.com\/es\/product\/enhacenment-blazer\/\" \/>\n<meta property=\"og:site_name\" content=\"Bemonocromo\" \/>\n<meta property=\"article:modified_time\" content=\"2024-12-05T13:27:58+00:00\" \/>\n<meta property=\"og:image\" content=\"https:\/\/bemonocromo.com\/wp-content\/uploads\/2023\/05\/BEMONOCROMO13170.jpg\" \/>\n\t<meta property=\"og:image:width\" content=\"1200\" \/>\n\t<meta property=\"og:image:height\" content=\"1800\" \/>\n\t<meta property=\"og:image:type\" content=\"image\/jpeg\" \/>\n<meta name=\"twitter:card\" content=\"summary_large_image\" \/>\n<script type=\"application\/ld+json\" class=\"yoast-schema-graph\">{\"@context\":\"https:\\\/\\\/schema.org\",\"@graph\":[{\"@type\":\"WebPage\",\"@id\":\"https:\\\/\\\/bemonocromo.com\\\/es\\\/product\\\/enhacenment-blazer\\\/\",\"url\":\"https:\\\/\\\/bemonocromo.com\\\/es\\\/product\\\/enhacenment-blazer\\\/\",\"name\":\"Enhacenment Blazer - Bemonocromo\",\"isPartOf\":{\"@id\":\"https:\\\/\\\/bemonocromo.com\\\/es\\\/#website\"},\"primaryImageOfPage\":{\"@id\":\"https:\\\/\\\/bemonocromo.com\\\/es\\\/product\\\/enhacenment-blazer\\\/#primaryimage\"},\"image\":{\"@id\":\"https:\\\/\\\/bemonocromo.com\\\/es\\\/product\\\/enhacenment-blazer\\\/#primaryimage\"},\"thumbnailUrl\":\"https:\\\/\\\/bemonocromo.com\\\/wp-content\\\/uploads\\\/2023\\\/05\\\/BEMONOCROMO13170.jpg\",\"datePublished\":\"2023-05-13T21:16:02+00:00\",\"dateModified\":\"2024-12-05T13:27:58+00:00\",\"breadcrumb\":{\"@id\":\"https:\\\/\\\/bemonocromo.com\\\/es\\\/product\\\/enhacenment-blazer\\\/#breadcrumb\"},\"inLanguage\":\"es\",\"potentialAction\":[{\"@type\":\"ReadAction\",\"target\":[\"https:\\\/\\\/bemonocromo.com\\\/es\\\/product\\\/enhacenment-blazer\\\/\"]}]},{\"@type\":\"ImageObject\",\"inLanguage\":\"es\",\"@id\":\"https:\\\/\\\/bemonocromo.com\\\/es\\\/product\\\/enhacenment-blazer\\\/#primaryimage\",\"url\":\"https:\\\/\\\/bemonocromo.com\\\/wp-content\\\/uploads\\\/2023\\\/05\\\/BEMONOCROMO13170.jpg\",\"contentUrl\":\"https:\\\/\\\/bemonocromo.com\\\/wp-content\\\/uploads\\\/2023\\\/05\\\/BEMONOCROMO13170.jpg\",\"width\":1200,\"height\":1800},{\"@type\":\"BreadcrumbList\",\"@id\":\"https:\\\/\\\/bemonocromo.com\\\/es\\\/product\\\/enhacenment-blazer\\\/#breadcrumb\",\"itemListElement\":[{\"@type\":\"ListItem\",\"position\":1,\"name\":\"Home\",\"item\":\"https:\\\/\\\/bemonocromo.com\\\/es\\\/\"},{\"@type\":\"ListItem\",\"position\":2,\"name\":\"Tienda\",\"item\":\"https:\\\/\\\/bemonocromo.com\\\/es\\\/tienda\\\/\"},{\"@type\":\"ListItem\",\"position\":3,\"name\":\"Enhacenment Blazer\"}]},{\"@type\":\"WebSite\",\"@id\":\"https:\\\/\\\/bemonocromo.com\\\/es\\\/#website\",\"url\":\"https:\\\/\\\/bemonocromo.com\\\/es\\\/\",\"name\":\"Bemonocromo\",\"description\":\"The Power of Color\",\"publisher\":{\"@id\":\"https:\\\/\\\/bemonocromo.com\\\/es\\\/#organization\"},\"potentialAction\":[{\"@type\":\"SearchAction\",\"target\":{\"@type\":\"EntryPoint\",\"urlTemplate\":\"https:\\\/\\\/bemonocromo.com\\\/es\\\/?s={search_term_string}\"},\"query-input\":{\"@type\":\"PropertyValueSpecification\",\"valueRequired\":true,\"valueName\":\"search_term_string\"}}],\"inLanguage\":\"es\"},{\"@type\":\"Organization\",\"@id\":\"https:\\\/\\\/bemonocromo.com\\\/es\\\/#organization\",\"name\":\"Bemonocromo\",\"url\":\"https:\\\/\\\/bemonocromo.com\\\/es\\\/\",\"logo\":{\"@type\":\"ImageObject\",\"inLanguage\":\"es\",\"@id\":\"https:\\\/\\\/bemonocromo.com\\\/es\\\/#\\\/schema\\\/logo\\\/image\\\/\",\"url\":\"https:\\\/\\\/bemonocromo.com\\\/wp-content\\\/uploads\\\/2023\\\/04\\\/path43.png\",\"contentUrl\":\"https:\\\/\\\/bemonocromo.com\\\/wp-content\\\/uploads\\\/2023\\\/04\\\/path43.png\",\"width\":341,\"height\":48,\"caption\":\"Bemonocromo\"},\"image\":{\"@id\":\"https:\\\/\\\/bemonocromo.com\\\/es\\\/#\\\/schema\\\/logo\\\/image\\\/\"}}]}<\/script>\n<!-- \/ Yoast SEO plugin. -->","yoast_head_json":{"title":"Enhacenment Blazer - Bemonocromo","robots":{"index":"index","follow":"follow","max-snippet":"max-snippet:-1","max-image-preview":"max-image-preview:large","max-video-preview":"max-video-preview:-1"},"canonical":"https:\/\/bemonocromo.com\/es\/product\/enhacenment-blazer\/","og_locale":"es_ES","og_type":"article","og_title":"Enhacenment Blazer - Bemonocromo","og_description":"Presentamos nuestro blazer con pinceladas de color y fit semioversize, una de nuestras piezas ic\u00f3nicas!   C\u00f3mo creamos piezas para vibrar m\u00e1s alto, nuestro blazer es fabricado con tejido de fibras biodegradables de alta calidad, lo que lo convierte en una elecci\u00f3n consciente con el planeta para cualquier amante de la moda con sentido.  Se produce de manera responsable en Colombia, asegurando pr\u00e1cticas laborales justas y est\u00e1ndares \u00e9ticos de producci\u00f3n.  \u00bfCu\u00e1l es mi talla?","og_url":"https:\/\/bemonocromo.com\/es\/product\/enhacenment-blazer\/","og_site_name":"Bemonocromo","article_modified_time":"2024-12-05T13:27:58+00:00","og_image":[{"width":1200,"height":1800,"url":"https:\/\/bemonocromo.com\/wp-content\/uploads\/2023\/05\/BEMONOCROMO13170.jpg","type":"image\/jpeg"}],"twitter_card":"summary_large_image","schema":{"@context":"https:\/\/schema.org","@graph":[{"@type":"WebPage","@id":"https:\/\/bemonocromo.com\/es\/product\/enhacenment-blazer\/","url":"https:\/\/bemonocromo.com\/es\/product\/enhacenment-blazer\/","name":"Enhacenment Blazer - Bemonocromo","isPartOf":{"@id":"https:\/\/bemonocromo.com\/es\/#website"},"primaryImageOfPage":{"@id":"https:\/\/bemonocromo.com\/es\/product\/enhacenment-blazer\/#primaryimage"},"image":{"@id":"https:\/\/bemonocromo.com\/es\/product\/enhacenment-blazer\/#primaryimage"},"thumbnailUrl":"https:\/\/bemonocromo.com\/wp-content\/uploads\/2023\/05\/BEMONOCROMO13170.jpg","datePublished":"2023-05-13T21:16:02+00:00","dateModified":"2024-12-05T13:27:58+00:00","breadcrumb":{"@id":"https:\/\/bemonocromo.com\/es\/product\/enhacenment-blazer\/#breadcrumb"},"inLanguage":"es","potentialAction":[{"@type":"ReadAction","target":["https:\/\/bemonocromo.com\/es\/product\/enhacenment-blazer\/"]}]},{"@type":"ImageObject","inLanguage":"es","@id":"https:\/\/bemonocromo.com\/es\/product\/enhacenment-blazer\/#primaryimage","url":"https:\/\/bemonocromo.com\/wp-content\/uploads\/2023\/05\/BEMONOCROMO13170.jpg","contentUrl":"https:\/\/bemonocromo.com\/wp-content\/uploads\/2023\/05\/BEMONOCROMO13170.jpg","width":1200,"height":1800},{"@type":"BreadcrumbList","@id":"https:\/\/bemonocromo.com\/es\/product\/enhacenment-blazer\/#breadcrumb","itemListElement":[{"@type":"ListItem","position":1,"name":"Home","item":"https:\/\/bemonocromo.com\/es\/"},{"@type":"ListItem","position":2,"name":"Tienda","item":"https:\/\/bemonocromo.com\/es\/tienda\/"},{"@type":"ListItem","position":3,"name":"Enhacenment Blazer"}]},{"@type":"WebSite","@id":"https:\/\/bemonocromo.com\/es\/#website","url":"https:\/\/bemonocromo.com\/es\/","name":"Bemonocromo","description":"The Power of Color","publisher":{"@id":"https:\/\/bemonocromo.com\/es\/#organization"},"potentialAction":[{"@type":"SearchAction","target":{"@type":"EntryPoint","urlTemplate":"https:\/\/bemonocromo.com\/es\/?s={search_term_string}"},"query-input":{"@type":"PropertyValueSpecification","valueRequired":true,"valueName":"search_term_string"}}],"inLanguage":"es"},{"@type":"Organization","@id":"https:\/\/bemonocromo.com\/es\/#organization","name":"Bemonocromo","url":"https:\/\/bemonocromo.com\/es\/","logo":{"@type":"ImageObject","inLanguage":"es","@id":"https:\/\/bemonocromo.com\/es\/#\/schema\/logo\/image\/","url":"https:\/\/bemonocromo.com\/wp-content\/uploads\/2023\/04\/path43.png","contentUrl":"https:\/\/bemonocromo.com\/wp-content\/uploads\/2023\/04\/path43.png","width":341,"height":48,"caption":"Bemonocromo"},"image":{"@id":"https:\/\/bemonocromo.com\/es\/#\/schema\/logo\/image\/"}}]}},"_links":{"self":[{"href":"https:\/\/bemonocromo.com\/es\/wp-json\/wp\/v2\/product\/8001","targetHints":{"allow":["GET"]}}],"collection":[{"href":"https:\/\/bemonocromo.com\/es\/wp-json\/wp\/v2\/product"}],"about":[{"href":"https:\/\/bemonocromo.com\/es\/wp-json\/wp\/v2\/types\/product"}],"replies":[{"embeddable":true,"href":"https:\/\/bemonocromo.com\/es\/wp-json\/wp\/v2\/comments?post=8001"}],"version-history":[{"count":0,"href":"https:\/\/bemonocromo.com\/es\/wp-json\/wp\/v2\/product\/8001\/revisions"}],"wp:featuredmedia":[{"embeddable":true,"href":"https:\/\/bemonocromo.com\/es\/wp-json\/wp\/v2\/media\/7853"}],"wp:attachment":[{"href":"https:\/\/bemonocromo.com\/es\/wp-json\/wp\/v2\/media?parent=8001"}],"wp:term":[{"taxonomy":"product_brand","embeddable":true,"href":"https:\/\/bemonocromo.com\/es\/wp-json\/wp\/v2\/product_brand?post=8001"},{"taxonomy":"product_cat","embeddable":true,"href":"https:\/\/bemonocromo.com\/es\/wp-json\/wp\/v2\/product_cat?post=8001"},{"taxonomy":"product_tag","embeddable":true,"href":"https:\/\/bemonocromo.com\/es\/wp-json\/wp\/v2\/product_tag?post=8001"}],"curies":[{"name":"wp","href":"https:\/\/api.w.org\/{rel}","templated":true}]}}