{"id":9088,"date":"2023-05-20T13:25:25","date_gmt":"2023-05-20T13:25:25","guid":{"rendered":"https:\/\/bemonocromo.com\/int\/shop\/bright-blouse\/"},"modified":"2023-11-20T15:40:39","modified_gmt":"2023-11-20T15:40:39","slug":"bright-blouse","status":"publish","type":"product","link":"https:\/\/bemonocromo.com\/es\/product\/bright-blouse\/","title":{"rendered":"Bright Blouse"},"content":{"rendered":"","protected":false},"excerpt":{"rendered":"<p>Presentamos nuestra blusa en escote V y manga corta, ofreciendo una pieza vers\u00e1til y chic. Con sus texturas amarillas y lima claro, esta blusa refleja nuestro amor por lo geom\u00e9trico y el arte contempor\u00e1neo.<\/p>\n<p>Al incorporar materiales reciclados y fibras org\u00e1nicas certificadas, nos esforzamos por reducir el desperdicio y promover una industria de moda m\u00e1s transparente. La composici\u00f3n de la parte clara consiste en un 74% de viscosa (EcoVero), un 24% de lyocell y un 2% de elastano, mientras que la composici\u00f3n de la parte amarilla, incluye un 68% de lyocell, un 29% de viscosa (EcoVero) y un 6% de poliamida, creando telas \u00fanicas de alta calidad.<\/p>\n<p>Nuestra blusa est\u00e1 orgullosamente fabricada en Colombia, conocida por su incre\u00edble confecci\u00f3n y su compromiso con pr\u00e1cticas de fabricaci\u00f3n \u00e9ticas. Cada blusa es cuidadosamente elaborada con atenci\u00f3n al detalle, asegurando una calidad excepcional y una prenda que podr\u00e1s apreciar durante a\u00f1os.<\/p>\n<p>Al elegir nuestra blusa, tomas una decisi\u00f3n consciente. Eleva tu vibraci\u00f3n con nuestra pieza!<\/p>\n<p><img decoding=\"async\" class=\"alignnone size-full wp-image-9665\" src=\"https:\/\/bemonocromo.com\/\/wp-content\/uploads\/2023\/06\/brigtht-top.jpg\" alt=\"\" width=\"1181\" height=\"197\" srcset=\"https:\/\/bemonocromo.com\/wp-content\/uploads\/2023\/06\/brigtht-top.jpg 1181w, https:\/\/bemonocromo.com\/wp-content\/uploads\/2023\/06\/brigtht-top-300x50.jpg 300w, https:\/\/bemonocromo.com\/wp-content\/uploads\/2023\/06\/brigtht-top-1024x171.jpg 1024w, https:\/\/bemonocromo.com\/wp-content\/uploads\/2023\/06\/brigtht-top-768x128.jpg 768w, https:\/\/bemonocromo.com\/wp-content\/uploads\/2023\/06\/brigtht-top-600x100.jpg 600w\" sizes=\"(max-width: 1181px) 100vw, 1181px\" \/><\/p>\n","protected":false},"featured_media":10103,"comment_status":"open","ping_status":"closed","template":"","meta":[],"product_brand":[],"product_cat":[170,149],"product_tag":[],"class_list":{"0":"post-9088","1":"product","2":"type-product","3":"status-publish","4":"has-post-thumbnail","6":"product_cat-blusas-es","7":"product_cat-nueva-coleccion","9":"first","10":"outofstock","11":"shipping-taxable","12":"purchasable","13":"product-type-variable"},"yoast_head":"<!-- This site is optimized with the Yoast SEO plugin v27.3 - https:\/\/yoast.com\/product\/yoast-seo-wordpress\/ -->\n<title>Bright Blouse - Bemonocromo<\/title>\n<meta name=\"robots\" content=\"index, follow, max-snippet:-1, max-image-preview:large, max-video-preview:-1\" \/>\n<link rel=\"canonical\" href=\"https:\/\/bemonocromo.com\/es\/product\/bright-blouse\/\" \/>\n<meta property=\"og:locale\" content=\"es_ES\" \/>\n<meta property=\"og:type\" content=\"article\" \/>\n<meta property=\"og:title\" content=\"Bright Blouse - Bemonocromo\" \/>\n<meta property=\"og:description\" content=\"Presentamos nuestra blusa en escote V y manga corta, ofreciendo una pieza vers\u00e1til y chic. Con sus texturas amarillas y lima claro, esta blusa refleja nuestro amor por lo geom\u00e9trico y el arte contempor\u00e1neo.  Al incorporar materiales reciclados y fibras org\u00e1nicas certificadas, nos esforzamos por reducir el desperdicio y promover una industria de moda m\u00e1s transparente. La composici\u00f3n de la parte clara consiste en un 74% de viscosa (EcoVero), un 24% de lyocell y un 2% de elastano, mientras que la composici\u00f3n de la parte amarilla, incluye un 68% de lyocell, un 29% de viscosa (EcoVero) y un 6% de poliamida, creando telas \u00fanicas de alta calidad.  Nuestra blusa est\u00e1 orgullosamente fabricada en Colombia, conocida por su incre\u00edble confecci\u00f3n y su compromiso con pr\u00e1cticas de fabricaci\u00f3n \u00e9ticas. Cada blusa es cuidadosamente elaborada con atenci\u00f3n al detalle, asegurando una calidad excepcional y una prenda que podr\u00e1s apreciar durante a\u00f1os.  Al elegir nuestra blusa, tomas una decisi\u00f3n consciente. Eleva tu vibraci\u00f3n con nuestra pieza!\" \/>\n<meta property=\"og:url\" content=\"https:\/\/bemonocromo.com\/es\/product\/bright-blouse\/\" \/>\n<meta property=\"og:site_name\" content=\"Bemonocromo\" \/>\n<meta property=\"article:modified_time\" content=\"2023-11-20T15:40:39+00:00\" \/>\n<meta property=\"og:image\" content=\"https:\/\/bemonocromo.com\/wp-content\/uploads\/2023\/05\/BEMONOCROMO14869-1-scaled.jpg\" \/>\n\t<meta property=\"og:image:width\" content=\"1707\" \/>\n\t<meta property=\"og:image:height\" content=\"2560\" \/>\n\t<meta property=\"og:image:type\" content=\"image\/jpeg\" \/>\n<meta name=\"twitter:card\" content=\"summary_large_image\" \/>\n<script type=\"application\/ld+json\" class=\"yoast-schema-graph\">{\"@context\":\"https:\\\/\\\/schema.org\",\"@graph\":[{\"@type\":\"WebPage\",\"@id\":\"https:\\\/\\\/bemonocromo.com\\\/es\\\/product\\\/bright-blouse\\\/\",\"url\":\"https:\\\/\\\/bemonocromo.com\\\/es\\\/product\\\/bright-blouse\\\/\",\"name\":\"Bright Blouse - Bemonocromo\",\"isPartOf\":{\"@id\":\"https:\\\/\\\/bemonocromo.com\\\/es\\\/#website\"},\"primaryImageOfPage\":{\"@id\":\"https:\\\/\\\/bemonocromo.com\\\/es\\\/product\\\/bright-blouse\\\/#primaryimage\"},\"image\":{\"@id\":\"https:\\\/\\\/bemonocromo.com\\\/es\\\/product\\\/bright-blouse\\\/#primaryimage\"},\"thumbnailUrl\":\"https:\\\/\\\/bemonocromo.com\\\/wp-content\\\/uploads\\\/2023\\\/05\\\/BEMONOCROMO14869-1-scaled.jpg\",\"datePublished\":\"2023-05-20T13:25:25+00:00\",\"dateModified\":\"2023-11-20T15:40:39+00:00\",\"breadcrumb\":{\"@id\":\"https:\\\/\\\/bemonocromo.com\\\/es\\\/product\\\/bright-blouse\\\/#breadcrumb\"},\"inLanguage\":\"es\",\"potentialAction\":[{\"@type\":\"ReadAction\",\"target\":[\"https:\\\/\\\/bemonocromo.com\\\/es\\\/product\\\/bright-blouse\\\/\"]}]},{\"@type\":\"ImageObject\",\"inLanguage\":\"es\",\"@id\":\"https:\\\/\\\/bemonocromo.com\\\/es\\\/product\\\/bright-blouse\\\/#primaryimage\",\"url\":\"https:\\\/\\\/bemonocromo.com\\\/wp-content\\\/uploads\\\/2023\\\/05\\\/BEMONOCROMO14869-1-scaled.jpg\",\"contentUrl\":\"https:\\\/\\\/bemonocromo.com\\\/wp-content\\\/uploads\\\/2023\\\/05\\\/BEMONOCROMO14869-1-scaled.jpg\",\"width\":1707,\"height\":2560},{\"@type\":\"BreadcrumbList\",\"@id\":\"https:\\\/\\\/bemonocromo.com\\\/es\\\/product\\\/bright-blouse\\\/#breadcrumb\",\"itemListElement\":[{\"@type\":\"ListItem\",\"position\":1,\"name\":\"Home\",\"item\":\"https:\\\/\\\/bemonocromo.com\\\/es\\\/\"},{\"@type\":\"ListItem\",\"position\":2,\"name\":\"Tienda\",\"item\":\"https:\\\/\\\/bemonocromo.com\\\/es\\\/tienda\\\/\"},{\"@type\":\"ListItem\",\"position\":3,\"name\":\"Bright Blouse\"}]},{\"@type\":\"WebSite\",\"@id\":\"https:\\\/\\\/bemonocromo.com\\\/es\\\/#website\",\"url\":\"https:\\\/\\\/bemonocromo.com\\\/es\\\/\",\"name\":\"Bemonocromo\",\"description\":\"The Power of Color\",\"publisher\":{\"@id\":\"https:\\\/\\\/bemonocromo.com\\\/es\\\/#organization\"},\"potentialAction\":[{\"@type\":\"SearchAction\",\"target\":{\"@type\":\"EntryPoint\",\"urlTemplate\":\"https:\\\/\\\/bemonocromo.com\\\/es\\\/?s={search_term_string}\"},\"query-input\":{\"@type\":\"PropertyValueSpecification\",\"valueRequired\":true,\"valueName\":\"search_term_string\"}}],\"inLanguage\":\"es\"},{\"@type\":\"Organization\",\"@id\":\"https:\\\/\\\/bemonocromo.com\\\/es\\\/#organization\",\"name\":\"Bemonocromo\",\"url\":\"https:\\\/\\\/bemonocromo.com\\\/es\\\/\",\"logo\":{\"@type\":\"ImageObject\",\"inLanguage\":\"es\",\"@id\":\"https:\\\/\\\/bemonocromo.com\\\/es\\\/#\\\/schema\\\/logo\\\/image\\\/\",\"url\":\"https:\\\/\\\/bemonocromo.com\\\/wp-content\\\/uploads\\\/2023\\\/04\\\/path43.png\",\"contentUrl\":\"https:\\\/\\\/bemonocromo.com\\\/wp-content\\\/uploads\\\/2023\\\/04\\\/path43.png\",\"width\":341,\"height\":48,\"caption\":\"Bemonocromo\"},\"image\":{\"@id\":\"https:\\\/\\\/bemonocromo.com\\\/es\\\/#\\\/schema\\\/logo\\\/image\\\/\"}}]}<\/script>\n<!-- \/ Yoast SEO plugin. -->","yoast_head_json":{"title":"Bright Blouse - Bemonocromo","robots":{"index":"index","follow":"follow","max-snippet":"max-snippet:-1","max-image-preview":"max-image-preview:large","max-video-preview":"max-video-preview:-1"},"canonical":"https:\/\/bemonocromo.com\/es\/product\/bright-blouse\/","og_locale":"es_ES","og_type":"article","og_title":"Bright Blouse - Bemonocromo","og_description":"Presentamos nuestra blusa en escote V y manga corta, ofreciendo una pieza vers\u00e1til y chic. Con sus texturas amarillas y lima claro, esta blusa refleja nuestro amor por lo geom\u00e9trico y el arte contempor\u00e1neo.  Al incorporar materiales reciclados y fibras org\u00e1nicas certificadas, nos esforzamos por reducir el desperdicio y promover una industria de moda m\u00e1s transparente. La composici\u00f3n de la parte clara consiste en un 74% de viscosa (EcoVero), un 24% de lyocell y un 2% de elastano, mientras que la composici\u00f3n de la parte amarilla, incluye un 68% de lyocell, un 29% de viscosa (EcoVero) y un 6% de poliamida, creando telas \u00fanicas de alta calidad.  Nuestra blusa est\u00e1 orgullosamente fabricada en Colombia, conocida por su incre\u00edble confecci\u00f3n y su compromiso con pr\u00e1cticas de fabricaci\u00f3n \u00e9ticas. Cada blusa es cuidadosamente elaborada con atenci\u00f3n al detalle, asegurando una calidad excepcional y una prenda que podr\u00e1s apreciar durante a\u00f1os.  Al elegir nuestra blusa, tomas una decisi\u00f3n consciente. Eleva tu vibraci\u00f3n con nuestra pieza!","og_url":"https:\/\/bemonocromo.com\/es\/product\/bright-blouse\/","og_site_name":"Bemonocromo","article_modified_time":"2023-11-20T15:40:39+00:00","og_image":[{"width":1707,"height":2560,"url":"https:\/\/bemonocromo.com\/wp-content\/uploads\/2023\/05\/BEMONOCROMO14869-1-scaled.jpg","type":"image\/jpeg"}],"twitter_card":"summary_large_image","schema":{"@context":"https:\/\/schema.org","@graph":[{"@type":"WebPage","@id":"https:\/\/bemonocromo.com\/es\/product\/bright-blouse\/","url":"https:\/\/bemonocromo.com\/es\/product\/bright-blouse\/","name":"Bright Blouse - Bemonocromo","isPartOf":{"@id":"https:\/\/bemonocromo.com\/es\/#website"},"primaryImageOfPage":{"@id":"https:\/\/bemonocromo.com\/es\/product\/bright-blouse\/#primaryimage"},"image":{"@id":"https:\/\/bemonocromo.com\/es\/product\/bright-blouse\/#primaryimage"},"thumbnailUrl":"https:\/\/bemonocromo.com\/wp-content\/uploads\/2023\/05\/BEMONOCROMO14869-1-scaled.jpg","datePublished":"2023-05-20T13:25:25+00:00","dateModified":"2023-11-20T15:40:39+00:00","breadcrumb":{"@id":"https:\/\/bemonocromo.com\/es\/product\/bright-blouse\/#breadcrumb"},"inLanguage":"es","potentialAction":[{"@type":"ReadAction","target":["https:\/\/bemonocromo.com\/es\/product\/bright-blouse\/"]}]},{"@type":"ImageObject","inLanguage":"es","@id":"https:\/\/bemonocromo.com\/es\/product\/bright-blouse\/#primaryimage","url":"https:\/\/bemonocromo.com\/wp-content\/uploads\/2023\/05\/BEMONOCROMO14869-1-scaled.jpg","contentUrl":"https:\/\/bemonocromo.com\/wp-content\/uploads\/2023\/05\/BEMONOCROMO14869-1-scaled.jpg","width":1707,"height":2560},{"@type":"BreadcrumbList","@id":"https:\/\/bemonocromo.com\/es\/product\/bright-blouse\/#breadcrumb","itemListElement":[{"@type":"ListItem","position":1,"name":"Home","item":"https:\/\/bemonocromo.com\/es\/"},{"@type":"ListItem","position":2,"name":"Tienda","item":"https:\/\/bemonocromo.com\/es\/tienda\/"},{"@type":"ListItem","position":3,"name":"Bright Blouse"}]},{"@type":"WebSite","@id":"https:\/\/bemonocromo.com\/es\/#website","url":"https:\/\/bemonocromo.com\/es\/","name":"Bemonocromo","description":"The Power of Color","publisher":{"@id":"https:\/\/bemonocromo.com\/es\/#organization"},"potentialAction":[{"@type":"SearchAction","target":{"@type":"EntryPoint","urlTemplate":"https:\/\/bemonocromo.com\/es\/?s={search_term_string}"},"query-input":{"@type":"PropertyValueSpecification","valueRequired":true,"valueName":"search_term_string"}}],"inLanguage":"es"},{"@type":"Organization","@id":"https:\/\/bemonocromo.com\/es\/#organization","name":"Bemonocromo","url":"https:\/\/bemonocromo.com\/es\/","logo":{"@type":"ImageObject","inLanguage":"es","@id":"https:\/\/bemonocromo.com\/es\/#\/schema\/logo\/image\/","url":"https:\/\/bemonocromo.com\/wp-content\/uploads\/2023\/04\/path43.png","contentUrl":"https:\/\/bemonocromo.com\/wp-content\/uploads\/2023\/04\/path43.png","width":341,"height":48,"caption":"Bemonocromo"},"image":{"@id":"https:\/\/bemonocromo.com\/es\/#\/schema\/logo\/image\/"}}]}},"_links":{"self":[{"href":"https:\/\/bemonocromo.com\/es\/wp-json\/wp\/v2\/product\/9088","targetHints":{"allow":["GET"]}}],"collection":[{"href":"https:\/\/bemonocromo.com\/es\/wp-json\/wp\/v2\/product"}],"about":[{"href":"https:\/\/bemonocromo.com\/es\/wp-json\/wp\/v2\/types\/product"}],"replies":[{"embeddable":true,"href":"https:\/\/bemonocromo.com\/es\/wp-json\/wp\/v2\/comments?post=9088"}],"version-history":[{"count":0,"href":"https:\/\/bemonocromo.com\/es\/wp-json\/wp\/v2\/product\/9088\/revisions"}],"wp:featuredmedia":[{"embeddable":true,"href":"https:\/\/bemonocromo.com\/es\/wp-json\/wp\/v2\/media\/10103"}],"wp:attachment":[{"href":"https:\/\/bemonocromo.com\/es\/wp-json\/wp\/v2\/media?parent=9088"}],"wp:term":[{"taxonomy":"product_brand","embeddable":true,"href":"https:\/\/bemonocromo.com\/es\/wp-json\/wp\/v2\/product_brand?post=9088"},{"taxonomy":"product_cat","embeddable":true,"href":"https:\/\/bemonocromo.com\/es\/wp-json\/wp\/v2\/product_cat?post=9088"},{"taxonomy":"product_tag","embeddable":true,"href":"https:\/\/bemonocromo.com\/es\/wp-json\/wp\/v2\/product_tag?post=9088"}],"curies":[{"name":"wp","href":"https:\/\/api.w.org\/{rel}","templated":true}]}}