{"id":9120,"date":"2023-05-20T13:24:56","date_gmt":"2023-05-20T13:24:56","guid":{"rendered":"https:\/\/bemonocromo.com\/int\/shop\/electric-shirt\/"},"modified":"2023-11-01T14:30:54","modified_gmt":"2023-11-01T14:30:54","slug":"electric-shirt","status":"publish","type":"product","link":"https:\/\/bemonocromo.com\/es\/product\/electric-shirt\/","title":{"rendered":"Electric Shirt"},"content":{"rendered":"","protected":false},"excerpt":{"rendered":"<p>Presentamos nuestra camisa Electric Shirt, una prenda vers\u00e1til y elegante que combina elementos cl\u00e1sicos con detalles \u00fanicos. Esta camisa cuenta con un escote en V y cuello italiano, a\u00f1adiendo un toque de sofisticaci\u00f3n y equilibrio. Las mangas largas con detalles de colores fueron inspiradas para conectar con estos colores y crear una vibraci\u00f3n de apertura con el morado y con el blanco creador.<br \/>\nElaborada con nuestro compromiso de usar materiales sostenibles, esta camisa est\u00e1 hecha con telas certificadas y org\u00e1nicas recicladas. Al incorporar este tipo de materiales en el proceso de producci\u00f3n, buscamos reducir el desperdicio y promover una econom\u00eda de moda circular. La camisa est\u00e1 compuesta por un 63% de algod\u00f3n y un 37% de poli\u00e9ster, asegurando una prenda c\u00f3moda y duradera.<\/p>\n<p>Nuestra camisa es orgullosamente fabricada en Colombia, un pa\u00eds reconocido por su incre\u00edble confecci\u00f3n y compromiso con pr\u00e1cticas \u00e9ticas de fabricaci\u00f3n. Cada camisa se confecciona con meticulosa atenci\u00f3n al detalle, asegurando una prenda de alta calidad que puedes usar con confianza.<\/p>\n<p>Eleva tu estilo y haz una declaraci\u00f3n con nuestra camisa Electric. Acepta la moda con conciencia al elegir una camisa que no solo complementa tu individualidad, sino que tambi\u00e9n se alinee con tu compromiso con la sostenibilidad.<\/p>\n<p><img decoding=\"async\" class=\"alignnone size-full wp-image-9680\" src=\"https:\/\/bemonocromo.com\/\/wp-content\/uploads\/2023\/06\/electric.jpg\" alt=\"\" width=\"1182\" height=\"198\" srcset=\"https:\/\/bemonocromo.com\/wp-content\/uploads\/2023\/06\/electric.jpg 1182w, https:\/\/bemonocromo.com\/wp-content\/uploads\/2023\/06\/electric-300x50.jpg 300w, https:\/\/bemonocromo.com\/wp-content\/uploads\/2023\/06\/electric-1024x172.jpg 1024w, https:\/\/bemonocromo.com\/wp-content\/uploads\/2023\/06\/electric-768x129.jpg 768w, https:\/\/bemonocromo.com\/wp-content\/uploads\/2023\/06\/electric-600x101.jpg 600w\" sizes=\"(max-width: 1182px) 100vw, 1182px\" \/><\/p>\n","protected":false},"featured_media":8259,"comment_status":"open","ping_status":"closed","template":"","meta":[],"product_brand":[],"product_cat":[169,149],"product_tag":[],"class_list":{"0":"post-9120","1":"product","2":"type-product","3":"status-publish","4":"has-post-thumbnail","6":"product_cat-camisas","7":"product_cat-nueva-coleccion","9":"first","10":"outofstock","11":"shipping-taxable","12":"purchasable","13":"product-type-variable"},"yoast_head":"<!-- This site is optimized with the Yoast SEO plugin v27.3 - https:\/\/yoast.com\/product\/yoast-seo-wordpress\/ -->\n<title>Electric Shirt - Bemonocromo<\/title>\n<meta name=\"robots\" content=\"index, follow, max-snippet:-1, max-image-preview:large, max-video-preview:-1\" \/>\n<link rel=\"canonical\" href=\"https:\/\/bemonocromo.com\/es\/product\/electric-shirt\/\" \/>\n<meta property=\"og:locale\" content=\"es_ES\" \/>\n<meta property=\"og:type\" content=\"article\" \/>\n<meta property=\"og:title\" content=\"Electric Shirt - Bemonocromo\" \/>\n<meta property=\"og:description\" content=\"Presentamos nuestra camisa Electric Shirt, una prenda vers\u00e1til y elegante que combina elementos cl\u00e1sicos con detalles \u00fanicos. Esta camisa cuenta con un escote en V y cuello italiano, a\u00f1adiendo un toque de sofisticaci\u00f3n y equilibrio. Las mangas largas con detalles de colores fueron inspiradas para conectar con estos colores y crear una vibraci\u00f3n de apertura con el morado y con el blanco creador. Elaborada con nuestro compromiso de usar materiales sostenibles, esta camisa est\u00e1 hecha con telas certificadas y org\u00e1nicas recicladas. Al incorporar este tipo de materiales en el proceso de producci\u00f3n, buscamos reducir el desperdicio y promover una econom\u00eda de moda circular. La camisa est\u00e1 compuesta por un 63% de algod\u00f3n y un 37% de poli\u00e9ster, asegurando una prenda c\u00f3moda y duradera.  Nuestra camisa es orgullosamente fabricada en Colombia, un pa\u00eds reconocido por su incre\u00edble confecci\u00f3n y compromiso con pr\u00e1cticas \u00e9ticas de fabricaci\u00f3n. Cada camisa se confecciona con meticulosa atenci\u00f3n al detalle, asegurando una prenda de alta calidad que puedes usar con confianza.  Eleva tu estilo y haz una declaraci\u00f3n con nuestra camisa Electric. Acepta la moda con conciencia al elegir una camisa que no solo complementa tu individualidad, sino que tambi\u00e9n se alinee con tu compromiso con la sostenibilidad.\" \/>\n<meta property=\"og:url\" content=\"https:\/\/bemonocromo.com\/es\/product\/electric-shirt\/\" \/>\n<meta property=\"og:site_name\" content=\"Bemonocromo\" \/>\n<meta property=\"article:modified_time\" content=\"2023-11-01T14:30:54+00:00\" \/>\n<meta property=\"og:image\" content=\"https:\/\/bemonocromo.com\/wp-content\/uploads\/2023\/05\/BEMONOCROMO13993.jpg\" \/>\n\t<meta property=\"og:image:width\" content=\"1200\" \/>\n\t<meta property=\"og:image:height\" content=\"1800\" \/>\n\t<meta property=\"og:image:type\" content=\"image\/jpeg\" \/>\n<meta name=\"twitter:card\" content=\"summary_large_image\" \/>\n<script type=\"application\/ld+json\" class=\"yoast-schema-graph\">{\"@context\":\"https:\\\/\\\/schema.org\",\"@graph\":[{\"@type\":\"WebPage\",\"@id\":\"https:\\\/\\\/bemonocromo.com\\\/es\\\/product\\\/electric-shirt\\\/\",\"url\":\"https:\\\/\\\/bemonocromo.com\\\/es\\\/product\\\/electric-shirt\\\/\",\"name\":\"Electric Shirt - Bemonocromo\",\"isPartOf\":{\"@id\":\"https:\\\/\\\/bemonocromo.com\\\/es\\\/#website\"},\"primaryImageOfPage\":{\"@id\":\"https:\\\/\\\/bemonocromo.com\\\/es\\\/product\\\/electric-shirt\\\/#primaryimage\"},\"image\":{\"@id\":\"https:\\\/\\\/bemonocromo.com\\\/es\\\/product\\\/electric-shirt\\\/#primaryimage\"},\"thumbnailUrl\":\"https:\\\/\\\/bemonocromo.com\\\/wp-content\\\/uploads\\\/2023\\\/05\\\/BEMONOCROMO13993.jpg\",\"datePublished\":\"2023-05-20T13:24:56+00:00\",\"dateModified\":\"2023-11-01T14:30:54+00:00\",\"breadcrumb\":{\"@id\":\"https:\\\/\\\/bemonocromo.com\\\/es\\\/product\\\/electric-shirt\\\/#breadcrumb\"},\"inLanguage\":\"es\",\"potentialAction\":[{\"@type\":\"ReadAction\",\"target\":[\"https:\\\/\\\/bemonocromo.com\\\/es\\\/product\\\/electric-shirt\\\/\"]}]},{\"@type\":\"ImageObject\",\"inLanguage\":\"es\",\"@id\":\"https:\\\/\\\/bemonocromo.com\\\/es\\\/product\\\/electric-shirt\\\/#primaryimage\",\"url\":\"https:\\\/\\\/bemonocromo.com\\\/wp-content\\\/uploads\\\/2023\\\/05\\\/BEMONOCROMO13993.jpg\",\"contentUrl\":\"https:\\\/\\\/bemonocromo.com\\\/wp-content\\\/uploads\\\/2023\\\/05\\\/BEMONOCROMO13993.jpg\",\"width\":1200,\"height\":1800},{\"@type\":\"BreadcrumbList\",\"@id\":\"https:\\\/\\\/bemonocromo.com\\\/es\\\/product\\\/electric-shirt\\\/#breadcrumb\",\"itemListElement\":[{\"@type\":\"ListItem\",\"position\":1,\"name\":\"Home\",\"item\":\"https:\\\/\\\/bemonocromo.com\\\/es\\\/\"},{\"@type\":\"ListItem\",\"position\":2,\"name\":\"Tienda\",\"item\":\"https:\\\/\\\/bemonocromo.com\\\/es\\\/tienda\\\/\"},{\"@type\":\"ListItem\",\"position\":3,\"name\":\"Electric Shirt\"}]},{\"@type\":\"WebSite\",\"@id\":\"https:\\\/\\\/bemonocromo.com\\\/es\\\/#website\",\"url\":\"https:\\\/\\\/bemonocromo.com\\\/es\\\/\",\"name\":\"Bemonocromo\",\"description\":\"The Power of Color\",\"publisher\":{\"@id\":\"https:\\\/\\\/bemonocromo.com\\\/es\\\/#organization\"},\"potentialAction\":[{\"@type\":\"SearchAction\",\"target\":{\"@type\":\"EntryPoint\",\"urlTemplate\":\"https:\\\/\\\/bemonocromo.com\\\/es\\\/?s={search_term_string}\"},\"query-input\":{\"@type\":\"PropertyValueSpecification\",\"valueRequired\":true,\"valueName\":\"search_term_string\"}}],\"inLanguage\":\"es\"},{\"@type\":\"Organization\",\"@id\":\"https:\\\/\\\/bemonocromo.com\\\/es\\\/#organization\",\"name\":\"Bemonocromo\",\"url\":\"https:\\\/\\\/bemonocromo.com\\\/es\\\/\",\"logo\":{\"@type\":\"ImageObject\",\"inLanguage\":\"es\",\"@id\":\"https:\\\/\\\/bemonocromo.com\\\/es\\\/#\\\/schema\\\/logo\\\/image\\\/\",\"url\":\"https:\\\/\\\/bemonocromo.com\\\/wp-content\\\/uploads\\\/2023\\\/04\\\/path43.png\",\"contentUrl\":\"https:\\\/\\\/bemonocromo.com\\\/wp-content\\\/uploads\\\/2023\\\/04\\\/path43.png\",\"width\":341,\"height\":48,\"caption\":\"Bemonocromo\"},\"image\":{\"@id\":\"https:\\\/\\\/bemonocromo.com\\\/es\\\/#\\\/schema\\\/logo\\\/image\\\/\"}}]}<\/script>\n<!-- \/ Yoast SEO plugin. -->","yoast_head_json":{"title":"Electric Shirt - Bemonocromo","robots":{"index":"index","follow":"follow","max-snippet":"max-snippet:-1","max-image-preview":"max-image-preview:large","max-video-preview":"max-video-preview:-1"},"canonical":"https:\/\/bemonocromo.com\/es\/product\/electric-shirt\/","og_locale":"es_ES","og_type":"article","og_title":"Electric Shirt - Bemonocromo","og_description":"Presentamos nuestra camisa Electric Shirt, una prenda vers\u00e1til y elegante que combina elementos cl\u00e1sicos con detalles \u00fanicos. Esta camisa cuenta con un escote en V y cuello italiano, a\u00f1adiendo un toque de sofisticaci\u00f3n y equilibrio. Las mangas largas con detalles de colores fueron inspiradas para conectar con estos colores y crear una vibraci\u00f3n de apertura con el morado y con el blanco creador. Elaborada con nuestro compromiso de usar materiales sostenibles, esta camisa est\u00e1 hecha con telas certificadas y org\u00e1nicas recicladas. Al incorporar este tipo de materiales en el proceso de producci\u00f3n, buscamos reducir el desperdicio y promover una econom\u00eda de moda circular. La camisa est\u00e1 compuesta por un 63% de algod\u00f3n y un 37% de poli\u00e9ster, asegurando una prenda c\u00f3moda y duradera.  Nuestra camisa es orgullosamente fabricada en Colombia, un pa\u00eds reconocido por su incre\u00edble confecci\u00f3n y compromiso con pr\u00e1cticas \u00e9ticas de fabricaci\u00f3n. Cada camisa se confecciona con meticulosa atenci\u00f3n al detalle, asegurando una prenda de alta calidad que puedes usar con confianza.  Eleva tu estilo y haz una declaraci\u00f3n con nuestra camisa Electric. Acepta la moda con conciencia al elegir una camisa que no solo complementa tu individualidad, sino que tambi\u00e9n se alinee con tu compromiso con la sostenibilidad.","og_url":"https:\/\/bemonocromo.com\/es\/product\/electric-shirt\/","og_site_name":"Bemonocromo","article_modified_time":"2023-11-01T14:30:54+00:00","og_image":[{"width":1200,"height":1800,"url":"https:\/\/bemonocromo.com\/wp-content\/uploads\/2023\/05\/BEMONOCROMO13993.jpg","type":"image\/jpeg"}],"twitter_card":"summary_large_image","schema":{"@context":"https:\/\/schema.org","@graph":[{"@type":"WebPage","@id":"https:\/\/bemonocromo.com\/es\/product\/electric-shirt\/","url":"https:\/\/bemonocromo.com\/es\/product\/electric-shirt\/","name":"Electric Shirt - Bemonocromo","isPartOf":{"@id":"https:\/\/bemonocromo.com\/es\/#website"},"primaryImageOfPage":{"@id":"https:\/\/bemonocromo.com\/es\/product\/electric-shirt\/#primaryimage"},"image":{"@id":"https:\/\/bemonocromo.com\/es\/product\/electric-shirt\/#primaryimage"},"thumbnailUrl":"https:\/\/bemonocromo.com\/wp-content\/uploads\/2023\/05\/BEMONOCROMO13993.jpg","datePublished":"2023-05-20T13:24:56+00:00","dateModified":"2023-11-01T14:30:54+00:00","breadcrumb":{"@id":"https:\/\/bemonocromo.com\/es\/product\/electric-shirt\/#breadcrumb"},"inLanguage":"es","potentialAction":[{"@type":"ReadAction","target":["https:\/\/bemonocromo.com\/es\/product\/electric-shirt\/"]}]},{"@type":"ImageObject","inLanguage":"es","@id":"https:\/\/bemonocromo.com\/es\/product\/electric-shirt\/#primaryimage","url":"https:\/\/bemonocromo.com\/wp-content\/uploads\/2023\/05\/BEMONOCROMO13993.jpg","contentUrl":"https:\/\/bemonocromo.com\/wp-content\/uploads\/2023\/05\/BEMONOCROMO13993.jpg","width":1200,"height":1800},{"@type":"BreadcrumbList","@id":"https:\/\/bemonocromo.com\/es\/product\/electric-shirt\/#breadcrumb","itemListElement":[{"@type":"ListItem","position":1,"name":"Home","item":"https:\/\/bemonocromo.com\/es\/"},{"@type":"ListItem","position":2,"name":"Tienda","item":"https:\/\/bemonocromo.com\/es\/tienda\/"},{"@type":"ListItem","position":3,"name":"Electric Shirt"}]},{"@type":"WebSite","@id":"https:\/\/bemonocromo.com\/es\/#website","url":"https:\/\/bemonocromo.com\/es\/","name":"Bemonocromo","description":"The Power of Color","publisher":{"@id":"https:\/\/bemonocromo.com\/es\/#organization"},"potentialAction":[{"@type":"SearchAction","target":{"@type":"EntryPoint","urlTemplate":"https:\/\/bemonocromo.com\/es\/?s={search_term_string}"},"query-input":{"@type":"PropertyValueSpecification","valueRequired":true,"valueName":"search_term_string"}}],"inLanguage":"es"},{"@type":"Organization","@id":"https:\/\/bemonocromo.com\/es\/#organization","name":"Bemonocromo","url":"https:\/\/bemonocromo.com\/es\/","logo":{"@type":"ImageObject","inLanguage":"es","@id":"https:\/\/bemonocromo.com\/es\/#\/schema\/logo\/image\/","url":"https:\/\/bemonocromo.com\/wp-content\/uploads\/2023\/04\/path43.png","contentUrl":"https:\/\/bemonocromo.com\/wp-content\/uploads\/2023\/04\/path43.png","width":341,"height":48,"caption":"Bemonocromo"},"image":{"@id":"https:\/\/bemonocromo.com\/es\/#\/schema\/logo\/image\/"}}]}},"_links":{"self":[{"href":"https:\/\/bemonocromo.com\/es\/wp-json\/wp\/v2\/product\/9120","targetHints":{"allow":["GET"]}}],"collection":[{"href":"https:\/\/bemonocromo.com\/es\/wp-json\/wp\/v2\/product"}],"about":[{"href":"https:\/\/bemonocromo.com\/es\/wp-json\/wp\/v2\/types\/product"}],"replies":[{"embeddable":true,"href":"https:\/\/bemonocromo.com\/es\/wp-json\/wp\/v2\/comments?post=9120"}],"version-history":[{"count":0,"href":"https:\/\/bemonocromo.com\/es\/wp-json\/wp\/v2\/product\/9120\/revisions"}],"wp:featuredmedia":[{"embeddable":true,"href":"https:\/\/bemonocromo.com\/es\/wp-json\/wp\/v2\/media\/8259"}],"wp:attachment":[{"href":"https:\/\/bemonocromo.com\/es\/wp-json\/wp\/v2\/media?parent=9120"}],"wp:term":[{"taxonomy":"product_brand","embeddable":true,"href":"https:\/\/bemonocromo.com\/es\/wp-json\/wp\/v2\/product_brand?post=9120"},{"taxonomy":"product_cat","embeddable":true,"href":"https:\/\/bemonocromo.com\/es\/wp-json\/wp\/v2\/product_cat?post=9120"},{"taxonomy":"product_tag","embeddable":true,"href":"https:\/\/bemonocromo.com\/es\/wp-json\/wp\/v2\/product_tag?post=9120"}],"curies":[{"name":"wp","href":"https:\/\/api.w.org\/{rel}","templated":true}]}}