{"id":9149,"date":"2023-05-23T19:12:20","date_gmt":"2023-05-23T19:12:20","guid":{"rendered":"https:\/\/bemonocromo.com\/int\/shop\/flow-vest\/"},"modified":"2024-06-28T06:36:00","modified_gmt":"2024-06-28T06:36:00","slug":"flow-vest","status":"publish","type":"product","link":"https:\/\/bemonocromo.com\/es\/product\/flow-vest\/","title":{"rendered":"Flow Vest"},"content":{"rendered":"<p><br data-mce-bogus=\"1\"><\/p>\n","protected":false},"excerpt":{"rendered":"<p>Presentamos nuestro elegante chaleco de cuello redondo, una prenda vers\u00e1til para usar sobre otras piezas, que combina moda y sostenibilidad. Este chaleco cuenta con un cl\u00e1sico cuello redondo y est\u00e1 dise\u00f1ado con bolsillos dobles con ribete en la parte delantera, a\u00f1adiendo funcionalidad y un toque de sofisticaci\u00f3n a tu conjunto.<\/p>\n<p>Confeccionado con un compromiso con la sostenibilidad, este chaleco est\u00e1 hecho con telas recicladas certificadas. Al incorporar materiales reciclados en el proceso de producci\u00f3n, nos comprometemos a reducir el desperdicio y promover una industria de la moda m\u00e1s consciente con el medio ambiente. El chaleco est\u00e1 compuesto por un 68% de poli\u00e9ster, un 29% de viscosa y un 3% de elastano, ofreciendo un ajuste c\u00f3modo y flexible.<\/p>\n<p>Lo que distingue a nuestro chaleco de cuello redondo es el forro de color, que a\u00f1ade un toque de inter\u00e9s visual y personalidad al dise\u00f1o. Mejora la est\u00e9tica general, convirtiendo al chaleco en una pieza destacada en tu guardarropa.<\/p>\n<p>Nuestro chaleco se fabrica con orgullo en Colombia, conocido por su alta confecci\u00f3n y su compromiso con pr\u00e1cticas de fabricaci\u00f3n \u00e9ticas. Cada pieza se elabora cuidadosamente con atenci\u00f3n al detalle, asegurando una calidad superior y una prenda en la que puedes confiar.<br \/>Al elegir nuestro Flow Vest, no solo elevas tu vibraci\u00f3n, sino que tambi\u00e9n apoyas pr\u00e1cticas de moda sostenible. Es una elecci\u00f3n consciente que refleja tus valores y compromiso a contribuir a trav\u00e9s de la moda.<\/p>\n<p>Mejora tu guardarropa con nuestro Chaleco de Cuello Redondo y experimenta la combinaci\u00f3n perfecta de versatilidad, estilo y sostenibilidad. \u00dasalo sobre tus tops o vestidos favoritos para a\u00f1adir un toque de moda a tus conjuntos, al mismo tiempo que generas un impacto positivo en el planeta.<\/p>\n<p><img decoding=\"async\" class=\"alignnone size-full wp-image-9655\" src=\"https:\/\/bemonocromo.com\/\/wp-content\/uploads\/2023\/06\/flow-vest.jpg\" alt=\"\" width=\"1181\" height=\"199\" data-mce-src=\"https:\/\/bemonocromo.com\/\/wp-content\/uploads\/2023\/06\/flow-vest.jpg\" srcset=\"https:\/\/bemonocromo.com\/wp-content\/uploads\/2023\/06\/flow-vest.jpg 1181w, https:\/\/bemonocromo.com\/wp-content\/uploads\/2023\/06\/flow-vest-300x51.jpg 300w, https:\/\/bemonocromo.com\/wp-content\/uploads\/2023\/06\/flow-vest-1024x173.jpg 1024w, https:\/\/bemonocromo.com\/wp-content\/uploads\/2023\/06\/flow-vest-768x129.jpg 768w, https:\/\/bemonocromo.com\/wp-content\/uploads\/2023\/06\/flow-vest-600x101.jpg 600w\" sizes=\"(max-width: 1181px) 100vw, 1181px\" \/><\/p>\n","protected":false},"featured_media":8735,"comment_status":"open","ping_status":"closed","template":"","meta":[],"product_brand":[],"product_cat":[151],"product_tag":[],"class_list":{"0":"post-9149","1":"product","2":"type-product","3":"status-publish","4":"has-post-thumbnail","6":"product_cat-chaquetas-abrigos-chalecos","8":"first","9":"outofstock","10":"featured","11":"shipping-taxable","12":"purchasable","13":"product-type-variable"},"yoast_head":"<!-- This site is optimized with the Yoast SEO plugin v27.3 - https:\/\/yoast.com\/product\/yoast-seo-wordpress\/ -->\n<title>Flow Vest - Bemonocromo<\/title>\n<meta name=\"robots\" content=\"index, follow, max-snippet:-1, max-image-preview:large, max-video-preview:-1\" \/>\n<link rel=\"canonical\" href=\"https:\/\/bemonocromo.com\/es\/product\/flow-vest\/\" \/>\n<meta property=\"og:locale\" content=\"es_ES\" \/>\n<meta property=\"og:type\" content=\"article\" \/>\n<meta property=\"og:title\" content=\"Flow Vest - Bemonocromo\" \/>\n<meta property=\"og:description\" content=\"Presentamos nuestro elegante chaleco de cuello redondo, una prenda vers\u00e1til para usar sobre otras piezas, que combina moda y sostenibilidad. Este chaleco cuenta con un cl\u00e1sico cuello redondo y est\u00e1 dise\u00f1ado con bolsillos dobles con ribete en la parte delantera, a\u00f1adiendo funcionalidad y un toque de sofisticaci\u00f3n a tu conjunto.Confeccionado con un compromiso con la sostenibilidad, este chaleco est\u00e1 hecho con telas recicladas certificadas. Al incorporar materiales reciclados en el proceso de producci\u00f3n, nos comprometemos a reducir el desperdicio y promover una industria de la moda m\u00e1s consciente con el medio ambiente. El chaleco est\u00e1 compuesto por un 68% de poli\u00e9ster, un 29% de viscosa y un 3% de elastano, ofreciendo un ajuste c\u00f3modo y flexible.Lo que distingue a nuestro chaleco de cuello redondo es el forro de color, que a\u00f1ade un toque de inter\u00e9s visual y personalidad al dise\u00f1o. Mejora la est\u00e9tica general, convirtiendo al chaleco en una pieza destacada en tu guardarropa.Nuestro chaleco se fabrica con orgullo en Colombia, conocido por su alta confecci\u00f3n y su compromiso con pr\u00e1cticas de fabricaci\u00f3n \u00e9ticas. Cada pieza se elabora cuidadosamente con atenci\u00f3n al detalle, asegurando una calidad superior y una prenda en la que puedes confiar.Al elegir nuestro Flow Vest, no solo elevas tu vibraci\u00f3n, sino que tambi\u00e9n apoyas pr\u00e1cticas de moda sostenible. Es una elecci\u00f3n consciente que refleja tus valores y compromiso a contribuir a trav\u00e9s de la moda.Mejora tu guardarropa con nuestro Chaleco de Cuello Redondo y experimenta la combinaci\u00f3n perfecta de versatilidad, estilo y sostenibilidad. \u00dasalo sobre tus tops o vestidos favoritos para a\u00f1adir un toque de moda a tus conjuntos, al mismo tiempo que generas un impacto positivo en el planeta.\" \/>\n<meta property=\"og:url\" content=\"https:\/\/bemonocromo.com\/es\/product\/flow-vest\/\" \/>\n<meta property=\"og:site_name\" content=\"Bemonocromo\" \/>\n<meta property=\"article:modified_time\" content=\"2024-06-28T06:36:00+00:00\" \/>\n<meta property=\"og:image\" content=\"https:\/\/bemonocromo.com\/wp-content\/uploads\/2023\/05\/866A9549.jpg\" \/>\n\t<meta property=\"og:image:width\" content=\"1200\" \/>\n\t<meta property=\"og:image:height\" content=\"1800\" \/>\n\t<meta property=\"og:image:type\" content=\"image\/jpeg\" \/>\n<meta name=\"twitter:card\" content=\"summary_large_image\" \/>\n<script type=\"application\/ld+json\" class=\"yoast-schema-graph\">{\"@context\":\"https:\\\/\\\/schema.org\",\"@graph\":[{\"@type\":\"WebPage\",\"@id\":\"https:\\\/\\\/bemonocromo.com\\\/es\\\/product\\\/flow-vest\\\/\",\"url\":\"https:\\\/\\\/bemonocromo.com\\\/es\\\/product\\\/flow-vest\\\/\",\"name\":\"Flow Vest - Bemonocromo\",\"isPartOf\":{\"@id\":\"https:\\\/\\\/bemonocromo.com\\\/es\\\/#website\"},\"primaryImageOfPage\":{\"@id\":\"https:\\\/\\\/bemonocromo.com\\\/es\\\/product\\\/flow-vest\\\/#primaryimage\"},\"image\":{\"@id\":\"https:\\\/\\\/bemonocromo.com\\\/es\\\/product\\\/flow-vest\\\/#primaryimage\"},\"thumbnailUrl\":\"https:\\\/\\\/bemonocromo.com\\\/wp-content\\\/uploads\\\/2023\\\/05\\\/866A9549.jpg\",\"datePublished\":\"2023-05-23T19:12:20+00:00\",\"dateModified\":\"2024-06-28T06:36:00+00:00\",\"breadcrumb\":{\"@id\":\"https:\\\/\\\/bemonocromo.com\\\/es\\\/product\\\/flow-vest\\\/#breadcrumb\"},\"inLanguage\":\"es\",\"potentialAction\":[{\"@type\":\"ReadAction\",\"target\":[\"https:\\\/\\\/bemonocromo.com\\\/es\\\/product\\\/flow-vest\\\/\"]}]},{\"@type\":\"ImageObject\",\"inLanguage\":\"es\",\"@id\":\"https:\\\/\\\/bemonocromo.com\\\/es\\\/product\\\/flow-vest\\\/#primaryimage\",\"url\":\"https:\\\/\\\/bemonocromo.com\\\/wp-content\\\/uploads\\\/2023\\\/05\\\/866A9549.jpg\",\"contentUrl\":\"https:\\\/\\\/bemonocromo.com\\\/wp-content\\\/uploads\\\/2023\\\/05\\\/866A9549.jpg\",\"width\":1200,\"height\":1800},{\"@type\":\"BreadcrumbList\",\"@id\":\"https:\\\/\\\/bemonocromo.com\\\/es\\\/product\\\/flow-vest\\\/#breadcrumb\",\"itemListElement\":[{\"@type\":\"ListItem\",\"position\":1,\"name\":\"Home\",\"item\":\"https:\\\/\\\/bemonocromo.com\\\/es\\\/\"},{\"@type\":\"ListItem\",\"position\":2,\"name\":\"Tienda\",\"item\":\"https:\\\/\\\/bemonocromo.com\\\/es\\\/tienda\\\/\"},{\"@type\":\"ListItem\",\"position\":3,\"name\":\"Flow Vest\"}]},{\"@type\":\"WebSite\",\"@id\":\"https:\\\/\\\/bemonocromo.com\\\/es\\\/#website\",\"url\":\"https:\\\/\\\/bemonocromo.com\\\/es\\\/\",\"name\":\"Bemonocromo\",\"description\":\"The Power of Color\",\"publisher\":{\"@id\":\"https:\\\/\\\/bemonocromo.com\\\/es\\\/#organization\"},\"potentialAction\":[{\"@type\":\"SearchAction\",\"target\":{\"@type\":\"EntryPoint\",\"urlTemplate\":\"https:\\\/\\\/bemonocromo.com\\\/es\\\/?s={search_term_string}\"},\"query-input\":{\"@type\":\"PropertyValueSpecification\",\"valueRequired\":true,\"valueName\":\"search_term_string\"}}],\"inLanguage\":\"es\"},{\"@type\":\"Organization\",\"@id\":\"https:\\\/\\\/bemonocromo.com\\\/es\\\/#organization\",\"name\":\"Bemonocromo\",\"url\":\"https:\\\/\\\/bemonocromo.com\\\/es\\\/\",\"logo\":{\"@type\":\"ImageObject\",\"inLanguage\":\"es\",\"@id\":\"https:\\\/\\\/bemonocromo.com\\\/es\\\/#\\\/schema\\\/logo\\\/image\\\/\",\"url\":\"https:\\\/\\\/bemonocromo.com\\\/wp-content\\\/uploads\\\/2023\\\/04\\\/path43.png\",\"contentUrl\":\"https:\\\/\\\/bemonocromo.com\\\/wp-content\\\/uploads\\\/2023\\\/04\\\/path43.png\",\"width\":341,\"height\":48,\"caption\":\"Bemonocromo\"},\"image\":{\"@id\":\"https:\\\/\\\/bemonocromo.com\\\/es\\\/#\\\/schema\\\/logo\\\/image\\\/\"}}]}<\/script>\n<!-- \/ Yoast SEO plugin. -->","yoast_head_json":{"title":"Flow Vest - Bemonocromo","robots":{"index":"index","follow":"follow","max-snippet":"max-snippet:-1","max-image-preview":"max-image-preview:large","max-video-preview":"max-video-preview:-1"},"canonical":"https:\/\/bemonocromo.com\/es\/product\/flow-vest\/","og_locale":"es_ES","og_type":"article","og_title":"Flow Vest - Bemonocromo","og_description":"Presentamos nuestro elegante chaleco de cuello redondo, una prenda vers\u00e1til para usar sobre otras piezas, que combina moda y sostenibilidad. Este chaleco cuenta con un cl\u00e1sico cuello redondo y est\u00e1 dise\u00f1ado con bolsillos dobles con ribete en la parte delantera, a\u00f1adiendo funcionalidad y un toque de sofisticaci\u00f3n a tu conjunto.Confeccionado con un compromiso con la sostenibilidad, este chaleco est\u00e1 hecho con telas recicladas certificadas. Al incorporar materiales reciclados en el proceso de producci\u00f3n, nos comprometemos a reducir el desperdicio y promover una industria de la moda m\u00e1s consciente con el medio ambiente. El chaleco est\u00e1 compuesto por un 68% de poli\u00e9ster, un 29% de viscosa y un 3% de elastano, ofreciendo un ajuste c\u00f3modo y flexible.Lo que distingue a nuestro chaleco de cuello redondo es el forro de color, que a\u00f1ade un toque de inter\u00e9s visual y personalidad al dise\u00f1o. Mejora la est\u00e9tica general, convirtiendo al chaleco en una pieza destacada en tu guardarropa.Nuestro chaleco se fabrica con orgullo en Colombia, conocido por su alta confecci\u00f3n y su compromiso con pr\u00e1cticas de fabricaci\u00f3n \u00e9ticas. Cada pieza se elabora cuidadosamente con atenci\u00f3n al detalle, asegurando una calidad superior y una prenda en la que puedes confiar.Al elegir nuestro Flow Vest, no solo elevas tu vibraci\u00f3n, sino que tambi\u00e9n apoyas pr\u00e1cticas de moda sostenible. Es una elecci\u00f3n consciente que refleja tus valores y compromiso a contribuir a trav\u00e9s de la moda.Mejora tu guardarropa con nuestro Chaleco de Cuello Redondo y experimenta la combinaci\u00f3n perfecta de versatilidad, estilo y sostenibilidad. \u00dasalo sobre tus tops o vestidos favoritos para a\u00f1adir un toque de moda a tus conjuntos, al mismo tiempo que generas un impacto positivo en el planeta.","og_url":"https:\/\/bemonocromo.com\/es\/product\/flow-vest\/","og_site_name":"Bemonocromo","article_modified_time":"2024-06-28T06:36:00+00:00","og_image":[{"width":1200,"height":1800,"url":"https:\/\/bemonocromo.com\/wp-content\/uploads\/2023\/05\/866A9549.jpg","type":"image\/jpeg"}],"twitter_card":"summary_large_image","schema":{"@context":"https:\/\/schema.org","@graph":[{"@type":"WebPage","@id":"https:\/\/bemonocromo.com\/es\/product\/flow-vest\/","url":"https:\/\/bemonocromo.com\/es\/product\/flow-vest\/","name":"Flow Vest - Bemonocromo","isPartOf":{"@id":"https:\/\/bemonocromo.com\/es\/#website"},"primaryImageOfPage":{"@id":"https:\/\/bemonocromo.com\/es\/product\/flow-vest\/#primaryimage"},"image":{"@id":"https:\/\/bemonocromo.com\/es\/product\/flow-vest\/#primaryimage"},"thumbnailUrl":"https:\/\/bemonocromo.com\/wp-content\/uploads\/2023\/05\/866A9549.jpg","datePublished":"2023-05-23T19:12:20+00:00","dateModified":"2024-06-28T06:36:00+00:00","breadcrumb":{"@id":"https:\/\/bemonocromo.com\/es\/product\/flow-vest\/#breadcrumb"},"inLanguage":"es","potentialAction":[{"@type":"ReadAction","target":["https:\/\/bemonocromo.com\/es\/product\/flow-vest\/"]}]},{"@type":"ImageObject","inLanguage":"es","@id":"https:\/\/bemonocromo.com\/es\/product\/flow-vest\/#primaryimage","url":"https:\/\/bemonocromo.com\/wp-content\/uploads\/2023\/05\/866A9549.jpg","contentUrl":"https:\/\/bemonocromo.com\/wp-content\/uploads\/2023\/05\/866A9549.jpg","width":1200,"height":1800},{"@type":"BreadcrumbList","@id":"https:\/\/bemonocromo.com\/es\/product\/flow-vest\/#breadcrumb","itemListElement":[{"@type":"ListItem","position":1,"name":"Home","item":"https:\/\/bemonocromo.com\/es\/"},{"@type":"ListItem","position":2,"name":"Tienda","item":"https:\/\/bemonocromo.com\/es\/tienda\/"},{"@type":"ListItem","position":3,"name":"Flow Vest"}]},{"@type":"WebSite","@id":"https:\/\/bemonocromo.com\/es\/#website","url":"https:\/\/bemonocromo.com\/es\/","name":"Bemonocromo","description":"The Power of Color","publisher":{"@id":"https:\/\/bemonocromo.com\/es\/#organization"},"potentialAction":[{"@type":"SearchAction","target":{"@type":"EntryPoint","urlTemplate":"https:\/\/bemonocromo.com\/es\/?s={search_term_string}"},"query-input":{"@type":"PropertyValueSpecification","valueRequired":true,"valueName":"search_term_string"}}],"inLanguage":"es"},{"@type":"Organization","@id":"https:\/\/bemonocromo.com\/es\/#organization","name":"Bemonocromo","url":"https:\/\/bemonocromo.com\/es\/","logo":{"@type":"ImageObject","inLanguage":"es","@id":"https:\/\/bemonocromo.com\/es\/#\/schema\/logo\/image\/","url":"https:\/\/bemonocromo.com\/wp-content\/uploads\/2023\/04\/path43.png","contentUrl":"https:\/\/bemonocromo.com\/wp-content\/uploads\/2023\/04\/path43.png","width":341,"height":48,"caption":"Bemonocromo"},"image":{"@id":"https:\/\/bemonocromo.com\/es\/#\/schema\/logo\/image\/"}}]}},"_links":{"self":[{"href":"https:\/\/bemonocromo.com\/es\/wp-json\/wp\/v2\/product\/9149","targetHints":{"allow":["GET"]}}],"collection":[{"href":"https:\/\/bemonocromo.com\/es\/wp-json\/wp\/v2\/product"}],"about":[{"href":"https:\/\/bemonocromo.com\/es\/wp-json\/wp\/v2\/types\/product"}],"replies":[{"embeddable":true,"href":"https:\/\/bemonocromo.com\/es\/wp-json\/wp\/v2\/comments?post=9149"}],"version-history":[{"count":0,"href":"https:\/\/bemonocromo.com\/es\/wp-json\/wp\/v2\/product\/9149\/revisions"}],"wp:featuredmedia":[{"embeddable":true,"href":"https:\/\/bemonocromo.com\/es\/wp-json\/wp\/v2\/media\/8735"}],"wp:attachment":[{"href":"https:\/\/bemonocromo.com\/es\/wp-json\/wp\/v2\/media?parent=9149"}],"wp:term":[{"taxonomy":"product_brand","embeddable":true,"href":"https:\/\/bemonocromo.com\/es\/wp-json\/wp\/v2\/product_brand?post=9149"},{"taxonomy":"product_cat","embeddable":true,"href":"https:\/\/bemonocromo.com\/es\/wp-json\/wp\/v2\/product_cat?post=9149"},{"taxonomy":"product_tag","embeddable":true,"href":"https:\/\/bemonocromo.com\/es\/wp-json\/wp\/v2\/product_tag?post=9149"}],"curies":[{"name":"wp","href":"https:\/\/api.w.org\/{rel}","templated":true}]}}