{"id":9961,"date":"2023-09-08T13:15:15","date_gmt":"2023-09-08T13:15:15","guid":{"rendered":"https:\/\/bemonocromo.com\/?post_type=product&#038;p=9961"},"modified":"2025-11-27T21:49:53","modified_gmt":"2025-11-27T21:49:53","slug":"present-t-shirt","status":"publish","type":"product","link":"https:\/\/bemonocromo.com\/es\/product\/present-t-shirt\/","title":{"rendered":"Present Blouse"},"content":{"rendered":"<p>Hecho con telas recicladas certificadas.<\/p>\n<p>La modelo est\u00e1 usando talla S.<\/p>\n","protected":false},"excerpt":{"rendered":"<p><strong>Nuestra blusa con escote redondo y un intrincado bordado geom\u00e9trico en la parte delantera, muestra el incomparable amor de la marca por el arte abstracto y la geometr\u00eda sagrada<\/strong>.<\/p>\n<ul>\n<li>Meticulosamente confeccionada con materiales reciclados certificados, <strong>esta prenda tiene el color beige que evoca el poder de la transformaci\u00f3n, mientras que el tono negro representa el inicio de todas las cosas.<\/strong><\/li>\n<li>Elaborada en <strong>Colombia<\/strong>, esta blusa est\u00e1 hecha con <strong>tejidos reciclados certificados<\/strong>. Est\u00e1 compuesta por un 68% de poli\u00e9ster, un 29% de viscosa y un 3% de elastano, ofreciendo una tela de calidad que <strong>perdura en el tiempo<\/strong>.<\/li>\n<\/ul>\n<p>\u00bfCu\u00e1l es mi talla?<\/p>\n<p><img decoding=\"async\" class=\"alignnone size-full wp-image-9668\" src=\"https:\/\/bemonocromo.com\/\/wp-content\/uploads\/2023\/06\/heart.jpg\" alt=\"\" width=\"1180\" height=\"199\" srcset=\"https:\/\/bemonocromo.com\/wp-content\/uploads\/2023\/06\/heart.jpg 1180w, https:\/\/bemonocromo.com\/wp-content\/uploads\/2023\/06\/heart-300x51.jpg 300w, https:\/\/bemonocromo.com\/wp-content\/uploads\/2023\/06\/heart-1024x173.jpg 1024w, https:\/\/bemonocromo.com\/wp-content\/uploads\/2023\/06\/heart-768x130.jpg 768w, https:\/\/bemonocromo.com\/wp-content\/uploads\/2023\/06\/heart-600x101.jpg 600w\" sizes=\"(max-width: 1180px) 100vw, 1180px\" \/><\/p>\n","protected":false},"featured_media":9978,"comment_status":"open","ping_status":"closed","template":"","meta":[],"product_brand":[],"product_cat":[170,231],"product_tag":[],"class_list":{"0":"post-9961","1":"product","2":"type-product","3":"status-publish","4":"has-post-thumbnail","6":"product_cat-blusas-es","7":"product_cat-sale","9":"first","10":"instock","11":"sale","12":"shipping-taxable","13":"purchasable","14":"product-type-variable"},"yoast_head":"<!-- This site is optimized with the Yoast SEO plugin v27.3 - https:\/\/yoast.com\/product\/yoast-seo-wordpress\/ -->\n<title>Present Blouse - Bemonocromo<\/title>\n<meta name=\"robots\" content=\"index, follow, max-snippet:-1, max-image-preview:large, max-video-preview:-1\" \/>\n<link rel=\"canonical\" href=\"https:\/\/bemonocromo.com\/es\/product\/present-t-shirt\/\" \/>\n<meta property=\"og:locale\" content=\"es_ES\" \/>\n<meta property=\"og:type\" content=\"article\" \/>\n<meta property=\"og:title\" content=\"Present Blouse - Bemonocromo\" \/>\n<meta property=\"og:description\" content=\"Nuestra blusa con escote redondo y un intrincado bordado geom\u00e9trico en la parte delantera, muestra el incomparable amor de la marca por el arte abstracto y la geometr\u00eda sagrada.   Meticulosamente confeccionada con materiales reciclados certificados, esta prenda tiene el color beige que evoca el poder de la transformaci\u00f3n, mientras que el tono negro representa el inicio de todas las cosas.  Elaborada en Colombia, esta blusa est\u00e1 hecha con tejidos reciclados certificados. Est\u00e1 compuesta por un 68% de poli\u00e9ster, un 29% de viscosa y un 3% de elastano, ofreciendo una tela de calidad que perdura en el tiempo.  \u00bfCu\u00e1l es mi talla?\" \/>\n<meta property=\"og:url\" content=\"https:\/\/bemonocromo.com\/es\/product\/present-t-shirt\/\" \/>\n<meta property=\"og:site_name\" content=\"Bemonocromo\" \/>\n<meta property=\"article:modified_time\" content=\"2025-11-27T21:49:53+00:00\" \/>\n<meta property=\"og:image\" content=\"https:\/\/bemonocromo.com\/wp-content\/uploads\/2023\/09\/866A9253-1-scaled.jpg\" \/>\n\t<meta property=\"og:image:width\" content=\"1707\" \/>\n\t<meta property=\"og:image:height\" content=\"2560\" \/>\n\t<meta property=\"og:image:type\" content=\"image\/jpeg\" \/>\n<meta name=\"twitter:card\" content=\"summary_large_image\" \/>\n<script type=\"application\/ld+json\" class=\"yoast-schema-graph\">{\"@context\":\"https:\\\/\\\/schema.org\",\"@graph\":[{\"@type\":\"WebPage\",\"@id\":\"https:\\\/\\\/bemonocromo.com\\\/es\\\/product\\\/present-t-shirt\\\/\",\"url\":\"https:\\\/\\\/bemonocromo.com\\\/es\\\/product\\\/present-t-shirt\\\/\",\"name\":\"Present Blouse - Bemonocromo\",\"isPartOf\":{\"@id\":\"https:\\\/\\\/bemonocromo.com\\\/es\\\/#website\"},\"primaryImageOfPage\":{\"@id\":\"https:\\\/\\\/bemonocromo.com\\\/es\\\/product\\\/present-t-shirt\\\/#primaryimage\"},\"image\":{\"@id\":\"https:\\\/\\\/bemonocromo.com\\\/es\\\/product\\\/present-t-shirt\\\/#primaryimage\"},\"thumbnailUrl\":\"https:\\\/\\\/bemonocromo.com\\\/wp-content\\\/uploads\\\/2023\\\/09\\\/866A9253-1-scaled.jpg\",\"datePublished\":\"2023-09-08T13:15:15+00:00\",\"dateModified\":\"2025-11-27T21:49:53+00:00\",\"breadcrumb\":{\"@id\":\"https:\\\/\\\/bemonocromo.com\\\/es\\\/product\\\/present-t-shirt\\\/#breadcrumb\"},\"inLanguage\":\"es\",\"potentialAction\":[{\"@type\":\"ReadAction\",\"target\":[\"https:\\\/\\\/bemonocromo.com\\\/es\\\/product\\\/present-t-shirt\\\/\"]}]},{\"@type\":\"ImageObject\",\"inLanguage\":\"es\",\"@id\":\"https:\\\/\\\/bemonocromo.com\\\/es\\\/product\\\/present-t-shirt\\\/#primaryimage\",\"url\":\"https:\\\/\\\/bemonocromo.com\\\/wp-content\\\/uploads\\\/2023\\\/09\\\/866A9253-1-scaled.jpg\",\"contentUrl\":\"https:\\\/\\\/bemonocromo.com\\\/wp-content\\\/uploads\\\/2023\\\/09\\\/866A9253-1-scaled.jpg\",\"width\":1707,\"height\":2560},{\"@type\":\"BreadcrumbList\",\"@id\":\"https:\\\/\\\/bemonocromo.com\\\/es\\\/product\\\/present-t-shirt\\\/#breadcrumb\",\"itemListElement\":[{\"@type\":\"ListItem\",\"position\":1,\"name\":\"Home\",\"item\":\"https:\\\/\\\/bemonocromo.com\\\/es\\\/\"},{\"@type\":\"ListItem\",\"position\":2,\"name\":\"Tienda\",\"item\":\"https:\\\/\\\/bemonocromo.com\\\/es\\\/tienda\\\/\"},{\"@type\":\"ListItem\",\"position\":3,\"name\":\"Present Blouse\"}]},{\"@type\":\"WebSite\",\"@id\":\"https:\\\/\\\/bemonocromo.com\\\/es\\\/#website\",\"url\":\"https:\\\/\\\/bemonocromo.com\\\/es\\\/\",\"name\":\"Bemonocromo\",\"description\":\"The Power of Color\",\"publisher\":{\"@id\":\"https:\\\/\\\/bemonocromo.com\\\/es\\\/#organization\"},\"potentialAction\":[{\"@type\":\"SearchAction\",\"target\":{\"@type\":\"EntryPoint\",\"urlTemplate\":\"https:\\\/\\\/bemonocromo.com\\\/es\\\/?s={search_term_string}\"},\"query-input\":{\"@type\":\"PropertyValueSpecification\",\"valueRequired\":true,\"valueName\":\"search_term_string\"}}],\"inLanguage\":\"es\"},{\"@type\":\"Organization\",\"@id\":\"https:\\\/\\\/bemonocromo.com\\\/es\\\/#organization\",\"name\":\"Bemonocromo\",\"url\":\"https:\\\/\\\/bemonocromo.com\\\/es\\\/\",\"logo\":{\"@type\":\"ImageObject\",\"inLanguage\":\"es\",\"@id\":\"https:\\\/\\\/bemonocromo.com\\\/es\\\/#\\\/schema\\\/logo\\\/image\\\/\",\"url\":\"https:\\\/\\\/bemonocromo.com\\\/wp-content\\\/uploads\\\/2023\\\/04\\\/path43.png\",\"contentUrl\":\"https:\\\/\\\/bemonocromo.com\\\/wp-content\\\/uploads\\\/2023\\\/04\\\/path43.png\",\"width\":341,\"height\":48,\"caption\":\"Bemonocromo\"},\"image\":{\"@id\":\"https:\\\/\\\/bemonocromo.com\\\/es\\\/#\\\/schema\\\/logo\\\/image\\\/\"}}]}<\/script>\n<!-- \/ Yoast SEO plugin. -->","yoast_head_json":{"title":"Present Blouse - Bemonocromo","robots":{"index":"index","follow":"follow","max-snippet":"max-snippet:-1","max-image-preview":"max-image-preview:large","max-video-preview":"max-video-preview:-1"},"canonical":"https:\/\/bemonocromo.com\/es\/product\/present-t-shirt\/","og_locale":"es_ES","og_type":"article","og_title":"Present Blouse - Bemonocromo","og_description":"Nuestra blusa con escote redondo y un intrincado bordado geom\u00e9trico en la parte delantera, muestra el incomparable amor de la marca por el arte abstracto y la geometr\u00eda sagrada.   Meticulosamente confeccionada con materiales reciclados certificados, esta prenda tiene el color beige que evoca el poder de la transformaci\u00f3n, mientras que el tono negro representa el inicio de todas las cosas.  Elaborada en Colombia, esta blusa est\u00e1 hecha con tejidos reciclados certificados. Est\u00e1 compuesta por un 68% de poli\u00e9ster, un 29% de viscosa y un 3% de elastano, ofreciendo una tela de calidad que perdura en el tiempo.  \u00bfCu\u00e1l es mi talla?","og_url":"https:\/\/bemonocromo.com\/es\/product\/present-t-shirt\/","og_site_name":"Bemonocromo","article_modified_time":"2025-11-27T21:49:53+00:00","og_image":[{"width":1707,"height":2560,"url":"https:\/\/bemonocromo.com\/wp-content\/uploads\/2023\/09\/866A9253-1-scaled.jpg","type":"image\/jpeg"}],"twitter_card":"summary_large_image","schema":{"@context":"https:\/\/schema.org","@graph":[{"@type":"WebPage","@id":"https:\/\/bemonocromo.com\/es\/product\/present-t-shirt\/","url":"https:\/\/bemonocromo.com\/es\/product\/present-t-shirt\/","name":"Present Blouse - Bemonocromo","isPartOf":{"@id":"https:\/\/bemonocromo.com\/es\/#website"},"primaryImageOfPage":{"@id":"https:\/\/bemonocromo.com\/es\/product\/present-t-shirt\/#primaryimage"},"image":{"@id":"https:\/\/bemonocromo.com\/es\/product\/present-t-shirt\/#primaryimage"},"thumbnailUrl":"https:\/\/bemonocromo.com\/wp-content\/uploads\/2023\/09\/866A9253-1-scaled.jpg","datePublished":"2023-09-08T13:15:15+00:00","dateModified":"2025-11-27T21:49:53+00:00","breadcrumb":{"@id":"https:\/\/bemonocromo.com\/es\/product\/present-t-shirt\/#breadcrumb"},"inLanguage":"es","potentialAction":[{"@type":"ReadAction","target":["https:\/\/bemonocromo.com\/es\/product\/present-t-shirt\/"]}]},{"@type":"ImageObject","inLanguage":"es","@id":"https:\/\/bemonocromo.com\/es\/product\/present-t-shirt\/#primaryimage","url":"https:\/\/bemonocromo.com\/wp-content\/uploads\/2023\/09\/866A9253-1-scaled.jpg","contentUrl":"https:\/\/bemonocromo.com\/wp-content\/uploads\/2023\/09\/866A9253-1-scaled.jpg","width":1707,"height":2560},{"@type":"BreadcrumbList","@id":"https:\/\/bemonocromo.com\/es\/product\/present-t-shirt\/#breadcrumb","itemListElement":[{"@type":"ListItem","position":1,"name":"Home","item":"https:\/\/bemonocromo.com\/es\/"},{"@type":"ListItem","position":2,"name":"Tienda","item":"https:\/\/bemonocromo.com\/es\/tienda\/"},{"@type":"ListItem","position":3,"name":"Present Blouse"}]},{"@type":"WebSite","@id":"https:\/\/bemonocromo.com\/es\/#website","url":"https:\/\/bemonocromo.com\/es\/","name":"Bemonocromo","description":"The Power of Color","publisher":{"@id":"https:\/\/bemonocromo.com\/es\/#organization"},"potentialAction":[{"@type":"SearchAction","target":{"@type":"EntryPoint","urlTemplate":"https:\/\/bemonocromo.com\/es\/?s={search_term_string}"},"query-input":{"@type":"PropertyValueSpecification","valueRequired":true,"valueName":"search_term_string"}}],"inLanguage":"es"},{"@type":"Organization","@id":"https:\/\/bemonocromo.com\/es\/#organization","name":"Bemonocromo","url":"https:\/\/bemonocromo.com\/es\/","logo":{"@type":"ImageObject","inLanguage":"es","@id":"https:\/\/bemonocromo.com\/es\/#\/schema\/logo\/image\/","url":"https:\/\/bemonocromo.com\/wp-content\/uploads\/2023\/04\/path43.png","contentUrl":"https:\/\/bemonocromo.com\/wp-content\/uploads\/2023\/04\/path43.png","width":341,"height":48,"caption":"Bemonocromo"},"image":{"@id":"https:\/\/bemonocromo.com\/es\/#\/schema\/logo\/image\/"}}]}},"_links":{"self":[{"href":"https:\/\/bemonocromo.com\/es\/wp-json\/wp\/v2\/product\/9961","targetHints":{"allow":["GET"]}}],"collection":[{"href":"https:\/\/bemonocromo.com\/es\/wp-json\/wp\/v2\/product"}],"about":[{"href":"https:\/\/bemonocromo.com\/es\/wp-json\/wp\/v2\/types\/product"}],"replies":[{"embeddable":true,"href":"https:\/\/bemonocromo.com\/es\/wp-json\/wp\/v2\/comments?post=9961"}],"version-history":[{"count":1,"href":"https:\/\/bemonocromo.com\/es\/wp-json\/wp\/v2\/product\/9961\/revisions"}],"predecessor-version":[{"id":13095,"href":"https:\/\/bemonocromo.com\/es\/wp-json\/wp\/v2\/product\/9961\/revisions\/13095"}],"wp:featuredmedia":[{"embeddable":true,"href":"https:\/\/bemonocromo.com\/es\/wp-json\/wp\/v2\/media\/9978"}],"wp:attachment":[{"href":"https:\/\/bemonocromo.com\/es\/wp-json\/wp\/v2\/media?parent=9961"}],"wp:term":[{"taxonomy":"product_brand","embeddable":true,"href":"https:\/\/bemonocromo.com\/es\/wp-json\/wp\/v2\/product_brand?post=9961"},{"taxonomy":"product_cat","embeddable":true,"href":"https:\/\/bemonocromo.com\/es\/wp-json\/wp\/v2\/product_cat?post=9961"},{"taxonomy":"product_tag","embeddable":true,"href":"https:\/\/bemonocromo.com\/es\/wp-json\/wp\/v2\/product_tag?post=9961"}],"curies":[{"name":"wp","href":"https:\/\/api.w.org\/{rel}","templated":true}]}}