{"id":9998,"date":"2023-09-08T20:48:42","date_gmt":"2023-09-08T20:48:42","guid":{"rendered":"https:\/\/bemonocromo.com\/?post_type=product&#038;p=9998"},"modified":"2024-12-05T14:50:48","modified_gmt":"2024-12-05T14:50:48","slug":"unlimited-top","status":"publish","type":"product","link":"https:\/\/bemonocromo.com\/es\/product\/unlimited-top\/","title":{"rendered":"Unlimited Top"},"content":{"rendered":"<p>Talla \u00fanica que va de la XS a la L.<\/p>\n<p>Telas recicladas certificadas.<\/p>\n","protected":false},"excerpt":{"rendered":"<p><strong>Te presentamos nuestro Unlimited Top, una pieza dise\u00f1ada con un toque de inspiraci\u00f3n asi\u00e1tica para un look elegante y sofisticado. Nuestra pieza atemporal ofrece la creaci\u00f3n de un vestuario funcional que promueve elecciones de compra inteligentes.<\/strong><\/p>\n<ul>\n<li>El tejido reciclado de alta calidad es respetuoso con el medio ambiente <strong>reduciendo remanentes textiles,<\/strong> mientras que nuestras pr\u00e1cticas \u00e9ticas de fabricaci\u00f3n en Colombia apoyan la formalizaci\u00f3n laboral cada vez que hacemos una de nuestras piezas.<\/li>\n<li><strong>Eleva tu vibraci\u00f3n<\/strong> con esta prenda que lleva lo mejor del estilo minimalista y la funcionalidad.<\/li>\n<\/ul>\n<p>\u00bfCu\u00e1l es mi talla?<\/p>\n<p><img decoding=\"async\" class=\"alignnone wp-image-10344 size-full\" src=\"https:\/\/bemonocromo.com\/wp-content\/uploads\/2023\/09\/Screenshot_30.png\" alt=\"\" width=\"1177\" height=\"195\" srcset=\"https:\/\/bemonocromo.com\/wp-content\/uploads\/2023\/09\/Screenshot_30.png 1177w, https:\/\/bemonocromo.com\/wp-content\/uploads\/2023\/09\/Screenshot_30-300x50.png 300w, https:\/\/bemonocromo.com\/wp-content\/uploads\/2023\/09\/Screenshot_30-1024x170.png 1024w, https:\/\/bemonocromo.com\/wp-content\/uploads\/2023\/09\/Screenshot_30-768x127.png 768w, https:\/\/bemonocromo.com\/wp-content\/uploads\/2023\/09\/Screenshot_30-400x66.png 400w, https:\/\/bemonocromo.com\/wp-content\/uploads\/2023\/09\/Screenshot_30-600x99.png 600w\" sizes=\"(max-width: 1177px) 100vw, 1177px\" \/><\/p>\n","protected":false},"featured_media":10023,"comment_status":"open","ping_status":"closed","template":"","meta":[],"product_brand":[],"product_cat":[170],"product_tag":[],"class_list":{"0":"post-9998","1":"product","2":"type-product","3":"status-publish","4":"has-post-thumbnail","6":"product_cat-blusas-es","8":"first","9":"outofstock","10":"featured","11":"shipping-taxable","12":"purchasable","13":"product-type-variable","14":"has-default-attributes"},"yoast_head":"<!-- This site is optimized with the Yoast SEO plugin v27.3 - https:\/\/yoast.com\/product\/yoast-seo-wordpress\/ -->\n<title>Unlimited Top - Bemonocromo<\/title>\n<meta name=\"robots\" content=\"index, follow, max-snippet:-1, max-image-preview:large, max-video-preview:-1\" \/>\n<link rel=\"canonical\" href=\"https:\/\/bemonocromo.com\/es\/product\/unlimited-top\/\" \/>\n<meta property=\"og:locale\" content=\"es_ES\" \/>\n<meta property=\"og:type\" content=\"article\" \/>\n<meta property=\"og:title\" content=\"Unlimited Top - Bemonocromo\" \/>\n<meta property=\"og:description\" content=\"Te presentamos nuestro Unlimited Top, una pieza dise\u00f1ada con un toque de inspiraci\u00f3n asi\u00e1tica para un look elegante y sofisticado. Nuestra pieza atemporal ofrece la creaci\u00f3n de un vestuario funcional que promueve elecciones de compra inteligentes.   El tejido reciclado de alta calidad es respetuoso con el medio ambiente reduciendo remanentes textiles, mientras que nuestras pr\u00e1cticas \u00e9ticas de fabricaci\u00f3n en Colombia apoyan la formalizaci\u00f3n laboral cada vez que hacemos una de nuestras piezas.  Eleva tu vibraci\u00f3n con esta prenda que lleva lo mejor del estilo minimalista y la funcionalidad.  \u00bfCu\u00e1l es mi talla?\" \/>\n<meta property=\"og:url\" content=\"https:\/\/bemonocromo.com\/es\/product\/unlimited-top\/\" \/>\n<meta property=\"og:site_name\" content=\"Bemonocromo\" \/>\n<meta property=\"article:modified_time\" content=\"2024-12-05T14:50:48+00:00\" \/>\n<meta property=\"og:image\" content=\"https:\/\/bemonocromo.com\/wp-content\/uploads\/2023\/09\/BeMonocromo9378-scaled.jpg\" \/>\n\t<meta property=\"og:image:width\" content=\"1707\" \/>\n\t<meta property=\"og:image:height\" content=\"2560\" \/>\n\t<meta property=\"og:image:type\" content=\"image\/jpeg\" \/>\n<meta name=\"twitter:card\" content=\"summary_large_image\" \/>\n<meta name=\"twitter:label1\" content=\"Tiempo de lectura\" \/>\n\t<meta name=\"twitter:data1\" content=\"1 minuto\" \/>\n<script type=\"application\/ld+json\" class=\"yoast-schema-graph\">{\"@context\":\"https:\\\/\\\/schema.org\",\"@graph\":[{\"@type\":\"WebPage\",\"@id\":\"https:\\\/\\\/bemonocromo.com\\\/es\\\/product\\\/unlimited-top\\\/\",\"url\":\"https:\\\/\\\/bemonocromo.com\\\/es\\\/product\\\/unlimited-top\\\/\",\"name\":\"Unlimited Top - Bemonocromo\",\"isPartOf\":{\"@id\":\"https:\\\/\\\/bemonocromo.com\\\/es\\\/#website\"},\"primaryImageOfPage\":{\"@id\":\"https:\\\/\\\/bemonocromo.com\\\/es\\\/product\\\/unlimited-top\\\/#primaryimage\"},\"image\":{\"@id\":\"https:\\\/\\\/bemonocromo.com\\\/es\\\/product\\\/unlimited-top\\\/#primaryimage\"},\"thumbnailUrl\":\"https:\\\/\\\/bemonocromo.com\\\/wp-content\\\/uploads\\\/2023\\\/09\\\/BeMonocromo9378-scaled.jpg\",\"datePublished\":\"2023-09-08T20:48:42+00:00\",\"dateModified\":\"2024-12-05T14:50:48+00:00\",\"breadcrumb\":{\"@id\":\"https:\\\/\\\/bemonocromo.com\\\/es\\\/product\\\/unlimited-top\\\/#breadcrumb\"},\"inLanguage\":\"es\",\"potentialAction\":[{\"@type\":\"ReadAction\",\"target\":[\"https:\\\/\\\/bemonocromo.com\\\/es\\\/product\\\/unlimited-top\\\/\"]}]},{\"@type\":\"ImageObject\",\"inLanguage\":\"es\",\"@id\":\"https:\\\/\\\/bemonocromo.com\\\/es\\\/product\\\/unlimited-top\\\/#primaryimage\",\"url\":\"https:\\\/\\\/bemonocromo.com\\\/wp-content\\\/uploads\\\/2023\\\/09\\\/BeMonocromo9378-scaled.jpg\",\"contentUrl\":\"https:\\\/\\\/bemonocromo.com\\\/wp-content\\\/uploads\\\/2023\\\/09\\\/BeMonocromo9378-scaled.jpg\",\"width\":1707,\"height\":2560},{\"@type\":\"BreadcrumbList\",\"@id\":\"https:\\\/\\\/bemonocromo.com\\\/es\\\/product\\\/unlimited-top\\\/#breadcrumb\",\"itemListElement\":[{\"@type\":\"ListItem\",\"position\":1,\"name\":\"Home\",\"item\":\"https:\\\/\\\/bemonocromo.com\\\/es\\\/\"},{\"@type\":\"ListItem\",\"position\":2,\"name\":\"Tienda\",\"item\":\"https:\\\/\\\/bemonocromo.com\\\/es\\\/tienda\\\/\"},{\"@type\":\"ListItem\",\"position\":3,\"name\":\"Unlimited Top\"}]},{\"@type\":\"WebSite\",\"@id\":\"https:\\\/\\\/bemonocromo.com\\\/es\\\/#website\",\"url\":\"https:\\\/\\\/bemonocromo.com\\\/es\\\/\",\"name\":\"Bemonocromo\",\"description\":\"The Power of Color\",\"publisher\":{\"@id\":\"https:\\\/\\\/bemonocromo.com\\\/es\\\/#organization\"},\"potentialAction\":[{\"@type\":\"SearchAction\",\"target\":{\"@type\":\"EntryPoint\",\"urlTemplate\":\"https:\\\/\\\/bemonocromo.com\\\/es\\\/?s={search_term_string}\"},\"query-input\":{\"@type\":\"PropertyValueSpecification\",\"valueRequired\":true,\"valueName\":\"search_term_string\"}}],\"inLanguage\":\"es\"},{\"@type\":\"Organization\",\"@id\":\"https:\\\/\\\/bemonocromo.com\\\/es\\\/#organization\",\"name\":\"Bemonocromo\",\"url\":\"https:\\\/\\\/bemonocromo.com\\\/es\\\/\",\"logo\":{\"@type\":\"ImageObject\",\"inLanguage\":\"es\",\"@id\":\"https:\\\/\\\/bemonocromo.com\\\/es\\\/#\\\/schema\\\/logo\\\/image\\\/\",\"url\":\"https:\\\/\\\/bemonocromo.com\\\/wp-content\\\/uploads\\\/2023\\\/04\\\/path43.png\",\"contentUrl\":\"https:\\\/\\\/bemonocromo.com\\\/wp-content\\\/uploads\\\/2023\\\/04\\\/path43.png\",\"width\":341,\"height\":48,\"caption\":\"Bemonocromo\"},\"image\":{\"@id\":\"https:\\\/\\\/bemonocromo.com\\\/es\\\/#\\\/schema\\\/logo\\\/image\\\/\"}}]}<\/script>\n<!-- \/ Yoast SEO plugin. -->","yoast_head_json":{"title":"Unlimited Top - Bemonocromo","robots":{"index":"index","follow":"follow","max-snippet":"max-snippet:-1","max-image-preview":"max-image-preview:large","max-video-preview":"max-video-preview:-1"},"canonical":"https:\/\/bemonocromo.com\/es\/product\/unlimited-top\/","og_locale":"es_ES","og_type":"article","og_title":"Unlimited Top - Bemonocromo","og_description":"Te presentamos nuestro Unlimited Top, una pieza dise\u00f1ada con un toque de inspiraci\u00f3n asi\u00e1tica para un look elegante y sofisticado. Nuestra pieza atemporal ofrece la creaci\u00f3n de un vestuario funcional que promueve elecciones de compra inteligentes.   El tejido reciclado de alta calidad es respetuoso con el medio ambiente reduciendo remanentes textiles, mientras que nuestras pr\u00e1cticas \u00e9ticas de fabricaci\u00f3n en Colombia apoyan la formalizaci\u00f3n laboral cada vez que hacemos una de nuestras piezas.  Eleva tu vibraci\u00f3n con esta prenda que lleva lo mejor del estilo minimalista y la funcionalidad.  \u00bfCu\u00e1l es mi talla?","og_url":"https:\/\/bemonocromo.com\/es\/product\/unlimited-top\/","og_site_name":"Bemonocromo","article_modified_time":"2024-12-05T14:50:48+00:00","og_image":[{"width":1707,"height":2560,"url":"https:\/\/bemonocromo.com\/wp-content\/uploads\/2023\/09\/BeMonocromo9378-scaled.jpg","type":"image\/jpeg"}],"twitter_card":"summary_large_image","twitter_misc":{"Tiempo de lectura":"1 minuto"},"schema":{"@context":"https:\/\/schema.org","@graph":[{"@type":"WebPage","@id":"https:\/\/bemonocromo.com\/es\/product\/unlimited-top\/","url":"https:\/\/bemonocromo.com\/es\/product\/unlimited-top\/","name":"Unlimited Top - Bemonocromo","isPartOf":{"@id":"https:\/\/bemonocromo.com\/es\/#website"},"primaryImageOfPage":{"@id":"https:\/\/bemonocromo.com\/es\/product\/unlimited-top\/#primaryimage"},"image":{"@id":"https:\/\/bemonocromo.com\/es\/product\/unlimited-top\/#primaryimage"},"thumbnailUrl":"https:\/\/bemonocromo.com\/wp-content\/uploads\/2023\/09\/BeMonocromo9378-scaled.jpg","datePublished":"2023-09-08T20:48:42+00:00","dateModified":"2024-12-05T14:50:48+00:00","breadcrumb":{"@id":"https:\/\/bemonocromo.com\/es\/product\/unlimited-top\/#breadcrumb"},"inLanguage":"es","potentialAction":[{"@type":"ReadAction","target":["https:\/\/bemonocromo.com\/es\/product\/unlimited-top\/"]}]},{"@type":"ImageObject","inLanguage":"es","@id":"https:\/\/bemonocromo.com\/es\/product\/unlimited-top\/#primaryimage","url":"https:\/\/bemonocromo.com\/wp-content\/uploads\/2023\/09\/BeMonocromo9378-scaled.jpg","contentUrl":"https:\/\/bemonocromo.com\/wp-content\/uploads\/2023\/09\/BeMonocromo9378-scaled.jpg","width":1707,"height":2560},{"@type":"BreadcrumbList","@id":"https:\/\/bemonocromo.com\/es\/product\/unlimited-top\/#breadcrumb","itemListElement":[{"@type":"ListItem","position":1,"name":"Home","item":"https:\/\/bemonocromo.com\/es\/"},{"@type":"ListItem","position":2,"name":"Tienda","item":"https:\/\/bemonocromo.com\/es\/tienda\/"},{"@type":"ListItem","position":3,"name":"Unlimited Top"}]},{"@type":"WebSite","@id":"https:\/\/bemonocromo.com\/es\/#website","url":"https:\/\/bemonocromo.com\/es\/","name":"Bemonocromo","description":"The Power of Color","publisher":{"@id":"https:\/\/bemonocromo.com\/es\/#organization"},"potentialAction":[{"@type":"SearchAction","target":{"@type":"EntryPoint","urlTemplate":"https:\/\/bemonocromo.com\/es\/?s={search_term_string}"},"query-input":{"@type":"PropertyValueSpecification","valueRequired":true,"valueName":"search_term_string"}}],"inLanguage":"es"},{"@type":"Organization","@id":"https:\/\/bemonocromo.com\/es\/#organization","name":"Bemonocromo","url":"https:\/\/bemonocromo.com\/es\/","logo":{"@type":"ImageObject","inLanguage":"es","@id":"https:\/\/bemonocromo.com\/es\/#\/schema\/logo\/image\/","url":"https:\/\/bemonocromo.com\/wp-content\/uploads\/2023\/04\/path43.png","contentUrl":"https:\/\/bemonocromo.com\/wp-content\/uploads\/2023\/04\/path43.png","width":341,"height":48,"caption":"Bemonocromo"},"image":{"@id":"https:\/\/bemonocromo.com\/es\/#\/schema\/logo\/image\/"}}]}},"_links":{"self":[{"href":"https:\/\/bemonocromo.com\/es\/wp-json\/wp\/v2\/product\/9998","targetHints":{"allow":["GET"]}}],"collection":[{"href":"https:\/\/bemonocromo.com\/es\/wp-json\/wp\/v2\/product"}],"about":[{"href":"https:\/\/bemonocromo.com\/es\/wp-json\/wp\/v2\/types\/product"}],"replies":[{"embeddable":true,"href":"https:\/\/bemonocromo.com\/es\/wp-json\/wp\/v2\/comments?post=9998"}],"version-history":[{"count":0,"href":"https:\/\/bemonocromo.com\/es\/wp-json\/wp\/v2\/product\/9998\/revisions"}],"wp:featuredmedia":[{"embeddable":true,"href":"https:\/\/bemonocromo.com\/es\/wp-json\/wp\/v2\/media\/10023"}],"wp:attachment":[{"href":"https:\/\/bemonocromo.com\/es\/wp-json\/wp\/v2\/media?parent=9998"}],"wp:term":[{"taxonomy":"product_brand","embeddable":true,"href":"https:\/\/bemonocromo.com\/es\/wp-json\/wp\/v2\/product_brand?post=9998"},{"taxonomy":"product_cat","embeddable":true,"href":"https:\/\/bemonocromo.com\/es\/wp-json\/wp\/v2\/product_cat?post=9998"},{"taxonomy":"product_tag","embeddable":true,"href":"https:\/\/bemonocromo.com\/es\/wp-json\/wp\/v2\/product_tag?post=9998"}],"curies":[{"name":"wp","href":"https:\/\/api.w.org\/{rel}","templated":true}]}}